{"id":9290,"date":"2023-06-09T13:53:16","date_gmt":"2023-06-09T12:53:16","guid":{"rendered":"https:\/\/www.cesni.eu\/?page_id=9290"},"modified":"2023-09-29T10:44:37","modified_gmt":"2023-09-29T09:44:37","slug":"suk-bijeenkomst-2023","status":"publish","type":"page","link":"https:\/\/www.cesni.eu\/nl\/suk-bijeenkomst-2023\/","title":{"rendered":"SUK bijeenkomst (2023)"},"content":{"rendered":"<p><img loading=\"lazy\" decoding=\"async\" class=\"alignnone wp-image-1182\" src=\"https:\/\/www.cesni.eu\/wp-content\/uploads\/2023\/06\/Bandeau_site-web.jpg\" alt=\"\" width=\"546\" height=\"189\"><br \/>\n<!--\n\n\n<h2><strong>GEMEENSCHAPPELIJKE BIJEENKOMST VAN DE COMMISSIES VAN DESKUNDIGEN<\/strong><\/h2>\n\n\n--><\/p>\n<p>&nbsp;<br \/>\nVan <strong>26 tot en met 28 september 2023<\/strong> heeft in Zagreb de vierde <strong>gemeenschappelijke bijeenkomst plaatsgevonden van de commissies<\/strong> die verantwoordelijk zijn voor het onderzoek van binnenvaartschepen. Deze bijeenkomst is georganiseerd onder auspici\u00ebn van het Europees Comit\u00e9 voor de opstelling van standaarden voor de binnenvaart (CESNI); eerdere bijeenkomsten vonden plaats in Boedapest (2008), Wroclaw (2012) en Wenen (2018).<br \/>\n&nbsp;<br \/>\nEr waren meer dan <strong>tachtig deelnemers<\/strong> en deskundigen uit dertien lidstaten van CESNI en een waarnemersstaat aanwezig, samen met een vertegenwoordigster van de Europese Commissie en vertegenwoordigers van de classificatiebureaus, binnenvaartorganisaties en riviercommissies; zij hebben gezamenlijk talrijke vragen besproken die verband houden met de <strong>toepassing in de praktijk van de technische voorschriften<\/strong> voor binnenvaartschepen in Europa.<br \/>\n&nbsp;<br \/>\n<a href=\"https:\/\/www.cesni.eu\/nl\/actualites\/internationale-samenwerking-op-het-gebied-van-de-certificering-van-binnenvaartschepen\/\" target=\"_blank\" class=\"contentdoc download tooltip\" data-title=\"downloaden\"><svg width=\"20\" height=\"17\"><use xlink:href=\"#download\"><\/use><\/svg><span>Persbericht <\/span><\/a><br \/>\n&nbsp;<\/p>\n<h4>Programma<\/h4>\n<p><a href=\"https:\/\/www.cesni.eu\/wp-content\/uploads\/2023\/09\/Programme-SUK_EN_final.pdf\" target=\"_blank\" class=\"contentdoc download tooltip\" data-title=\"downloaden\"><svg width=\"20\" height=\"17\"><use xlink:href=\"#download\"><\/use><\/svg><span>EN <\/span><\/a> <a href=\"https:\/\/www.cesni.eu\/wp-content\/uploads\/2023\/09\/Programme-SUK_FR_final.pdf\" target=\"_blank\" class=\"contentdoc download tooltip\" data-title=\"downloaden\"><svg width=\"20\" height=\"17\"><use xlink:href=\"#download\"><\/use><\/svg><span>FR <\/span><\/a> <a href=\"https:\/\/www.cesni.eu\/wp-content\/uploads\/2023\/09\/Programme-SUK_DE_final.pdf\" target=\"_blank\" class=\"contentdoc download tooltip\" data-title=\"downloaden\"><svg width=\"20\" height=\"17\"><use xlink:href=\"#download\"><\/use><\/svg><span>DE <\/span><\/a> <a href=\"https:\/\/www.cesni.eu\/wp-content\/uploads\/2023\/09\/Programme-SUK_NL_final.pdf\" target=\"_blank\" class=\"contentdoc download tooltip\" data-title=\"downloaden\"><svg width=\"20\" height=\"17\"><use xlink:href=\"#download\"><\/use><\/svg><span>NL <\/span><\/a><br \/>\n&nbsp;<\/p>\n<h4>Welkomstspeeches, dinsdag 26 september<\/h4>\n<ul>\n<li>Du\u0161ka Kun\u0161tek, Ministerie van zee, vervoer en infrastructuur van de Republiek Kroati\u00eb <a href=\"https:\/\/www.cesni.eu\/wp-content\/uploads\/2023\/09\/1_Croatian-Ministry-of-the-Sea-Transport-and-Infrastucture.pdf\" target=\"_blank\" class=\"contentdoc download tooltip\" data-title=\"downloaden\"><svg width=\"20\" height=\"17\"><use xlink:href=\"#download\"><\/use><\/svg><span>EN <\/span><\/a><\/li>\n<li>Ivan Bili\u0107-Prci\u0107, Kroatisch scheepvaartregister (CRS) <a href=\"https:\/\/www.cesni.eu\/wp-content\/uploads\/2023\/09\/2_Croatian-Register-of-Shipping.pdf\" target=\"_blank\" class=\"contentdoc download tooltip\" data-title=\"downloaden\"><svg width=\"20\" height=\"17\"><use xlink:href=\"#download\"><\/use><\/svg><span>EN <\/span><\/a><\/li>\n<li>Marta Wolska, Europese Commissie <a href=\"https:\/\/www.cesni.eu\/wp-content\/uploads\/2023\/09\/3_European-Commission.pdf\" target=\"_blank\" class=\"contentdoc download tooltip\" data-title=\"downloaden\"><svg width=\"20\" height=\"17\"><use xlink:href=\"#download\"><\/use><\/svg><span>EN <\/span><\/a><\/li>\n<li>Rapha\u00ebl Wisselmann, Centrale Commissie voor de Rijnvaart (CCR) <a href=\"https:\/\/www.cesni.eu\/wp-content\/uploads\/2023\/09\/4_Central-Commission-for-the-Navigation-of-the-Rhine.pdf\" target=\"_blank\" class=\"contentdoc download tooltip\" data-title=\"downloaden\"><svg width=\"20\" height=\"17\"><use xlink:href=\"#download\"><\/use><\/svg><span>EN <\/span><\/a><\/li>\n<\/ul>\n<p>&nbsp;<\/p>\n<h4>Presentaties, woensdag 27 september<\/h4>\n<ul>\n<li>Navigatie op de Sava, Dragan Zeljko, Internationale Commissie voor het stroomgebied van de Sava <a href=\"https:\/\/www.cesni.eu\/wp-content\/uploads\/2023\/09\/5_International-Sava-River-Basin-Commission.pdf\" target=\"_blank\" class=\"contentdoc download tooltip\" data-title=\"downloaden\"><svg width=\"20\" height=\"17\"><use xlink:href=\"#download\"><\/use><\/svg><span>EN <\/span><\/a><\/li>\n<li>Overzicht van de wijzigingen in ES-TRIN 2023, Benjamin Boyer, CESNI-secretariaat <a href=\"https:\/\/www.cesni.eu\/wp-content\/uploads\/2023\/09\/6_Secretariat-du-CESNI.pdf\" target=\"_blank\" class=\"contentdoc download tooltip\" data-title=\"downloaden\"><svg width=\"20\" height=\"17\"><use xlink:href=\"#download\"><\/use><\/svg><span>EN <\/span><\/a><\/li>\n<\/ul>\n<p>&nbsp;<\/p>\n<h4>Uitwisseling van de verkregen resultaten in de kleine groepen en algemene discussie, donderdag 28 september<\/h4>\n<a href=\"https:\/\/www.cesni.eu\/wp-content\/uploads\/2023\/09\/7_Summary.pdf\" target=\"_blank\" class=\"contentdoc download tooltip\" data-title=\"downloaden\"><svg width=\"20\" height=\"17\"><use xlink:href=\"#download\"><\/use><\/svg><span>EN <\/span><\/a>\n","protected":false},"excerpt":{"rendered":"<p>&nbsp; Van 26 tot en met 28 september 2023 heeft in Zagreb de vierde gemeenschappelijke bijeenkomst plaatsgevonden van de commissies die verantwoordelijk zijn voor het onderzoek van binnenvaartschepen. Deze bijeenkomst is georganiseerd onder auspici\u00ebn van het Europees Comit\u00e9 voor de opstelling van standaarden voor de binnenvaart (CESNI); eerdere bijeenkomsten vonden plaats in Boedapest (2008), Wroclaw [&hellip;]<\/p>\n","protected":false},"author":8,"featured_media":0,"parent":0,"menu_order":0,"comment_status":"closed","ping_status":"closed","template":"","meta":{"_acf_changed":false,"footnotes":""},"class_list":["post-9290","page","type-page","status-publish","hentry"],"acf":[],"yoast_head":"<!-- This site is optimized with the Yoast SEO plugin v27.0 - https:\/\/yoast.com\/product\/yoast-seo-wordpress\/ -->\n<title>SUK bijeenkomst (2023) - CESNI - Comit\u00e9 Europ\u00e9en pour l\u2019\u00c9laboration de Standards dans le domaine de la Navigation Int\u00e9rieure<\/title>\n<meta name=\"robots\" content=\"index, follow, max-snippet:-1, max-image-preview:large, max-video-preview:-1\" \/>\n<link rel=\"canonical\" href=\"https:\/\/www.cesni.eu\/nl\/suk-bijeenkomst-2023\/\" \/>\n<meta property=\"og:locale\" content=\"nl_NL\" \/>\n<meta property=\"og:type\" content=\"article\" \/>\n<meta property=\"og:title\" content=\"SUK bijeenkomst (2023) - CESNI - Comit\u00e9 Europ\u00e9en pour l\u2019\u00c9laboration de Standards dans le domaine de la Navigation Int\u00e9rieure\" \/>\n<meta property=\"og:description\" content=\"&nbsp; Van 26 tot en met 28 september 2023 heeft in Zagreb de vierde gemeenschappelijke bijeenkomst plaatsgevonden van de commissies die verantwoordelijk zijn voor het onderzoek van binnenvaartschepen. Deze bijeenkomst is georganiseerd onder auspici\u00ebn van het Europees Comit\u00e9 voor de opstelling van standaarden voor de binnenvaart (CESNI); eerdere bijeenkomsten vonden plaats in Boedapest (2008), Wroclaw [&hellip;]\" \/>\n<meta property=\"og:url\" content=\"https:\/\/www.cesni.eu\/nl\/suk-bijeenkomst-2023\/\" \/>\n<meta property=\"og:site_name\" content=\"CESNI - Comit\u00e9 Europ\u00e9en pour l\u2019\u00c9laboration de Standards dans le domaine de la Navigation Int\u00e9rieure\" \/>\n<meta property=\"article:modified_time\" content=\"2023-09-29T09:44:37+00:00\" \/>\n<meta property=\"og:image\" content=\"https:\/\/www.cesni.eu\/wp-content\/uploads\/2023\/06\/Bandeau_site-web.jpg\" \/>\n<meta name=\"twitter:card\" content=\"summary_large_image\" \/>\n<meta name=\"twitter:label1\" content=\"Est. reading time\" \/>\n\t<meta name=\"twitter:data1\" content=\"2 minutes\" \/>\n<script type=\"application\/ld+json\" class=\"yoast-schema-graph\">{\"@context\":\"https:\/\/schema.org\",\"@graph\":[{\"@type\":\"WebPage\",\"@id\":\"https:\/\/www.cesni.eu\/nl\/suk-bijeenkomst-2023\/\",\"url\":\"https:\/\/www.cesni.eu\/nl\/suk-bijeenkomst-2023\/\",\"name\":\"SUK bijeenkomst (2023) - CESNI - Comit\u00e9 Europ\u00e9en pour l\u2019\u00c9laboration de Standards dans le domaine de la Navigation Int\u00e9rieure\",\"isPartOf\":{\"@id\":\"https:\/\/www.cesni.eu\/nl\/#website\"},\"primaryImageOfPage\":{\"@id\":\"https:\/\/www.cesni.eu\/nl\/suk-bijeenkomst-2023\/#primaryimage\"},\"image\":{\"@id\":\"https:\/\/www.cesni.eu\/nl\/suk-bijeenkomst-2023\/#primaryimage\"},\"thumbnailUrl\":\"https:\/\/www.cesni.eu\/wp-content\/uploads\/2023\/06\/Bandeau_site-web.jpg\",\"datePublished\":\"2023-06-09T12:53:16+00:00\",\"dateModified\":\"2023-09-29T09:44:37+00:00\",\"breadcrumb\":{\"@id\":\"https:\/\/www.cesni.eu\/nl\/suk-bijeenkomst-2023\/#breadcrumb\"},\"inLanguage\":\"nl-NL\",\"potentialAction\":[{\"@type\":\"ReadAction\",\"target\":[\"https:\/\/www.cesni.eu\/nl\/suk-bijeenkomst-2023\/\"]}]},{\"@type\":\"ImageObject\",\"inLanguage\":\"nl-NL\",\"@id\":\"https:\/\/www.cesni.eu\/nl\/suk-bijeenkomst-2023\/#primaryimage\",\"url\":\"https:\/\/www.cesni.eu\/wp-content\/uploads\/2023\/06\/Bandeau_site-web.jpg\",\"contentUrl\":\"https:\/\/www.cesni.eu\/wp-content\/uploads\/2023\/06\/Bandeau_site-web.jpg\"},{\"@type\":\"BreadcrumbList\",\"@id\":\"https:\/\/www.cesni.eu\/nl\/suk-bijeenkomst-2023\/#breadcrumb\",\"itemListElement\":[{\"@type\":\"ListItem\",\"position\":1,\"name\":\"Accueil\",\"item\":\"https:\/\/www.cesni.eu\/nl\/\"},{\"@type\":\"ListItem\",\"position\":2,\"name\":\"SUK bijeenkomst (2023)\"}]},{\"@type\":\"WebSite\",\"@id\":\"https:\/\/www.cesni.eu\/nl\/#website\",\"url\":\"https:\/\/www.cesni.eu\/nl\/\",\"name\":\"CESNI - Comit\u00e9 Europ\u00e9en pour l\u2019\u00c9laboration de Standards dans le domaine de la Navigation Int\u00e9rieure\",\"description\":\"\",\"potentialAction\":[{\"@type\":\"SearchAction\",\"target\":{\"@type\":\"EntryPoint\",\"urlTemplate\":\"https:\/\/www.cesni.eu\/nl\/?s={search_term_string}\"},\"query-input\":{\"@type\":\"PropertyValueSpecification\",\"valueRequired\":true,\"valueName\":\"search_term_string\"}}],\"inLanguage\":\"nl-NL\"}]}<\/script>\n<!-- \/ Yoast SEO plugin. -->","yoast_head_json":{"title":"SUK bijeenkomst (2023) - CESNI - Comit\u00e9 Europ\u00e9en pour l\u2019\u00c9laboration de Standards dans le domaine de la Navigation Int\u00e9rieure","robots":{"index":"index","follow":"follow","max-snippet":"max-snippet:-1","max-image-preview":"max-image-preview:large","max-video-preview":"max-video-preview:-1"},"canonical":"https:\/\/www.cesni.eu\/nl\/suk-bijeenkomst-2023\/","og_locale":"nl_NL","og_type":"article","og_title":"SUK bijeenkomst (2023) - CESNI - Comit\u00e9 Europ\u00e9en pour l\u2019\u00c9laboration de Standards dans le domaine de la Navigation Int\u00e9rieure","og_description":"&nbsp; Van 26 tot en met 28 september 2023 heeft in Zagreb de vierde gemeenschappelijke bijeenkomst plaatsgevonden van de commissies die verantwoordelijk zijn voor het onderzoek van binnenvaartschepen. Deze bijeenkomst is georganiseerd onder auspici\u00ebn van het Europees Comit\u00e9 voor de opstelling van standaarden voor de binnenvaart (CESNI); eerdere bijeenkomsten vonden plaats in Boedapest (2008), Wroclaw [&hellip;]","og_url":"https:\/\/www.cesni.eu\/nl\/suk-bijeenkomst-2023\/","og_site_name":"CESNI - Comit\u00e9 Europ\u00e9en pour l\u2019\u00c9laboration de Standards dans le domaine de la Navigation Int\u00e9rieure","article_modified_time":"2023-09-29T09:44:37+00:00","og_image":[{"url":"https:\/\/www.cesni.eu\/wp-content\/uploads\/2023\/06\/Bandeau_site-web.jpg","type":"","width":"","height":""}],"twitter_card":"summary_large_image","twitter_misc":{"Est. reading time":"2 minutes"},"schema":{"@context":"https:\/\/schema.org","@graph":[{"@type":"WebPage","@id":"https:\/\/www.cesni.eu\/nl\/suk-bijeenkomst-2023\/","url":"https:\/\/www.cesni.eu\/nl\/suk-bijeenkomst-2023\/","name":"SUK bijeenkomst (2023) - CESNI - Comit\u00e9 Europ\u00e9en pour l\u2019\u00c9laboration de Standards dans le domaine de la Navigation Int\u00e9rieure","isPartOf":{"@id":"https:\/\/www.cesni.eu\/nl\/#website"},"primaryImageOfPage":{"@id":"https:\/\/www.cesni.eu\/nl\/suk-bijeenkomst-2023\/#primaryimage"},"image":{"@id":"https:\/\/www.cesni.eu\/nl\/suk-bijeenkomst-2023\/#primaryimage"},"thumbnailUrl":"https:\/\/www.cesni.eu\/wp-content\/uploads\/2023\/06\/Bandeau_site-web.jpg","datePublished":"2023-06-09T12:53:16+00:00","dateModified":"2023-09-29T09:44:37+00:00","breadcrumb":{"@id":"https:\/\/www.cesni.eu\/nl\/suk-bijeenkomst-2023\/#breadcrumb"},"inLanguage":"nl-NL","potentialAction":[{"@type":"ReadAction","target":["https:\/\/www.cesni.eu\/nl\/suk-bijeenkomst-2023\/"]}]},{"@type":"ImageObject","inLanguage":"nl-NL","@id":"https:\/\/www.cesni.eu\/nl\/suk-bijeenkomst-2023\/#primaryimage","url":"https:\/\/www.cesni.eu\/wp-content\/uploads\/2023\/06\/Bandeau_site-web.jpg","contentUrl":"https:\/\/www.cesni.eu\/wp-content\/uploads\/2023\/06\/Bandeau_site-web.jpg"},{"@type":"BreadcrumbList","@id":"https:\/\/www.cesni.eu\/nl\/suk-bijeenkomst-2023\/#breadcrumb","itemListElement":[{"@type":"ListItem","position":1,"name":"Accueil","item":"https:\/\/www.cesni.eu\/nl\/"},{"@type":"ListItem","position":2,"name":"SUK bijeenkomst (2023)"}]},{"@type":"WebSite","@id":"https:\/\/www.cesni.eu\/nl\/#website","url":"https:\/\/www.cesni.eu\/nl\/","name":"CESNI - Comit\u00e9 Europ\u00e9en pour l\u2019\u00c9laboration de Standards dans le domaine de la Navigation Int\u00e9rieure","description":"","potentialAction":[{"@type":"SearchAction","target":{"@type":"EntryPoint","urlTemplate":"https:\/\/www.cesni.eu\/nl\/?s={search_term_string}"},"query-input":{"@type":"PropertyValueSpecification","valueRequired":true,"valueName":"search_term_string"}}],"inLanguage":"nl-NL"}]}},"post_mailing_queue_ids":[],"_links":{"self":[{"href":"https:\/\/www.cesni.eu\/nl\/wp-json\/wp\/v2\/pages\/9290","targetHints":{"allow":["GET"]}}],"collection":[{"href":"https:\/\/www.cesni.eu\/nl\/wp-json\/wp\/v2\/pages"}],"about":[{"href":"https:\/\/www.cesni.eu\/nl\/wp-json\/wp\/v2\/types\/page"}],"author":[{"embeddable":true,"href":"https:\/\/www.cesni.eu\/nl\/wp-json\/wp\/v2\/users\/8"}],"replies":[{"embeddable":true,"href":"https:\/\/www.cesni.eu\/nl\/wp-json\/wp\/v2\/comments?post=9290"}],"version-history":[{"count":10,"href":"https:\/\/www.cesni.eu\/nl\/wp-json\/wp\/v2\/pages\/9290\/revisions"}],"predecessor-version":[{"id":9675,"href":"https:\/\/www.cesni.eu\/nl\/wp-json\/wp\/v2\/pages\/9290\/revisions\/9675"}],"wp:attachment":[{"href":"https:\/\/www.cesni.eu\/nl\/wp-json\/wp\/v2\/media?parent=9290"}],"curies":[{"name":"wp","href":"https:\/\/api.w.org\/{rel}","templated":true}]}}