{"id":6061,"date":"2021-05-20T10:30:05","date_gmt":"2021-05-20T09:30:05","guid":{"rendered":"https:\/\/www.cesni.eu\/?page_id=6061"},"modified":"2021-06-14T09:56:39","modified_gmt":"2021-06-14T08:56:39","slug":"presentatie-van-de-documenten","status":"publish","type":"page","link":"https:\/\/www.cesni.eu\/nl\/presentatie-van-de-documenten\/","title":{"rendered":"Presentatie van de documenten"},"content":{"rendered":"<p>&nbsp;<br \/>\nCESNI publiceert de volgende documenten op zijn website:<br \/>\n&nbsp;<br \/>\n<a href=\"https:\/\/www.cesni.eu\/nl\/overzicht-van-de-documenten\/werkprogramma\/\">Werkprogramma<\/a><br \/>\nHet werkprogramma van CESNI, dat is gebaseerd op de strategische richtsnoeren van de Europese Commissie (DG MOVE) en het secretariaat van de Centrale Commissie voor de Rijnvaart (CCR), houdt rekening met de inbreng van alle deelnemers die de binnenvaart vertegenwoordigen. Het werkprogramma voorziet de geplande activiteiten voor de komende jaren en geeft zo inzicht in de standaarden en andere documenten die in het verschiet liggen.<br \/>\n&nbsp;<br \/>\n<a href=\"https:\/\/www.cesni.eu\/nl\/besluiten\/\">Besluiten<\/a><br \/>\nDe bundels met de besluiten die zijn aangenomen tijdens de vergaderingen van het comit\u00e9 zijn beschikbaar op de website van CESNI.<br \/>\n&nbsp;<br \/>\n<a href=\"https:\/\/www.cesni.eu\/nl\/standaarden-en-toelichtingen\/\">Standaarden en toelichtingen<\/a><br \/>\nCESNI neemt technische standaarden op verschillende gebieden aan, die vooral betrekking hebben op de technische voorschriften voor schepen, de beroepskwalificaties en de informatietechnologie\u00ebn.<br \/>\nDeze standaarden zijn niet rechtstreeks bindend. De CCR, de Europese Unie (EU), andere internationale organisaties evenals de lidstaten van de CCR of de EU kunnen in hun respectieve wettelijke kaders naar de desbetreffende standaarden verwijzen om deze toepassing te laten vinden.<br \/>\nHet comit\u00e9 publiceert daarnaast toelichtingen bij deze standaarden. Naast de offici\u00eble talen van CESNI (Duits, Engels, Frans en Nederlands), zijn voor enkele van deze standaarden niet-offici\u00eble vertalingen in andere talen beschikbaar.<br \/>\n&nbsp;<br \/>\n<a href=\"https:\/\/www.cesni.eu\/nl\/gidsen\/\">Gidsen<\/a><br \/>\nCESNI publiceert ook gidsen met aanwijzingen om de toepassing van de standaarden te vergemakkelijken.<br \/>\n&nbsp;<br \/>\n<a href=\"https:\/\/www.cesni.eu\/nl\/faq\/\">Veelgestelde vragen (FAQ\u2019s)<\/a><br \/>\nDe aangenomen standaarden worden door CESNI verduidelijkt aan de hand van antwoorden op veelgestelde vragen (FAQ&#8217;s).<br \/>\n&nbsp;<br \/>\n<a href=\"https:\/\/www.cesni.eu\/nl\/studies\/\">Studies<\/a><br \/>\nCESNI denkt verder na over mogelijke toekomstige standaarden op basis van verschillende studies.<br \/>\n&nbsp;<br \/>\n<a href=\"https:\/\/www.cesni.eu\/nl\/verwante-websites\/\">Aanverwante websites<\/a><br \/>\nOnder deze link worden enkele aanverwante websites gegeven, die de werkzaamheden van CESNI aanvullen.<br \/>\n&nbsp;<br \/>\n<a href=\"https:\/\/www.cesni.eu\/nl\/overzicht-van-de-documenten\/huishoudelijk-reglement-en-interne-regels\/\">Huishoudelijk reglement en interne regels<\/a><br \/>\nCESNI beschikt over een eigen huishoudelijk reglement en interne regels die de onafhankelijkheid en een transparante organisatie van de activiteiten van het comit\u00e9 waarborgen.<\/p>\n","protected":false},"excerpt":{"rendered":"<p>&nbsp; CESNI publiceert de volgende documenten op zijn website: &nbsp; Werkprogramma Het werkprogramma van CESNI, dat is gebaseerd op de strategische richtsnoeren van de Europese Commissie (DG MOVE) en het secretariaat van de Centrale Commissie voor de Rijnvaart (CCR), houdt rekening met de inbreng van alle deelnemers die de binnenvaart vertegenwoordigen. Het werkprogramma voorziet de [&hellip;]<\/p>\n","protected":false},"author":8,"featured_media":0,"parent":0,"menu_order":0,"comment_status":"closed","ping_status":"closed","template":"","meta":{"_acf_changed":false,"footnotes":""},"class_list":["post-6061","page","type-page","status-publish","hentry"],"acf":[],"yoast_head":"<!-- This site is optimized with the Yoast SEO plugin v27.3 - https:\/\/yoast.com\/product\/yoast-seo-wordpress\/ -->\n<title>Presentatie van de documenten - CESNI - Comit\u00e9 Europ\u00e9en pour l\u2019\u00c9laboration de Standards dans le domaine de la Navigation Int\u00e9rieure<\/title>\n<meta name=\"robots\" content=\"index, follow, max-snippet:-1, max-image-preview:large, max-video-preview:-1\" \/>\n<link rel=\"canonical\" href=\"https:\/\/www.cesni.eu\/nl\/presentatie-van-de-documenten\/\" \/>\n<meta property=\"og:locale\" content=\"nl_NL\" \/>\n<meta property=\"og:type\" content=\"article\" \/>\n<meta property=\"og:title\" content=\"Presentatie van de documenten - CESNI - Comit\u00e9 Europ\u00e9en pour l\u2019\u00c9laboration de Standards dans le domaine de la Navigation Int\u00e9rieure\" \/>\n<meta property=\"og:description\" content=\"&nbsp; CESNI publiceert de volgende documenten op zijn website: &nbsp; Werkprogramma Het werkprogramma van CESNI, dat is gebaseerd op de strategische richtsnoeren van de Europese Commissie (DG MOVE) en het secretariaat van de Centrale Commissie voor de Rijnvaart (CCR), houdt rekening met de inbreng van alle deelnemers die de binnenvaart vertegenwoordigen. Het werkprogramma voorziet de [&hellip;]\" \/>\n<meta property=\"og:url\" content=\"https:\/\/www.cesni.eu\/nl\/presentatie-van-de-documenten\/\" \/>\n<meta property=\"og:site_name\" content=\"CESNI - Comit\u00e9 Europ\u00e9en pour l\u2019\u00c9laboration de Standards dans le domaine de la Navigation Int\u00e9rieure\" \/>\n<meta property=\"article:modified_time\" content=\"2021-06-14T08:56:39+00:00\" \/>\n<meta name=\"twitter:card\" content=\"summary_large_image\" \/>\n<meta name=\"twitter:label1\" content=\"Est. reading time\" \/>\n\t<meta name=\"twitter:data1\" content=\"2 minutes\" \/>\n<script type=\"application\/ld+json\" class=\"yoast-schema-graph\">{\"@context\":\"https:\\\/\\\/schema.org\",\"@graph\":[{\"@type\":\"WebPage\",\"@id\":\"https:\\\/\\\/www.cesni.eu\\\/nl\\\/presentatie-van-de-documenten\\\/\",\"url\":\"https:\\\/\\\/www.cesni.eu\\\/nl\\\/presentatie-van-de-documenten\\\/\",\"name\":\"Presentatie van de documenten - CESNI - Comit\u00e9 Europ\u00e9en pour l\u2019\u00c9laboration de Standards dans le domaine de la Navigation Int\u00e9rieure\",\"isPartOf\":{\"@id\":\"https:\\\/\\\/www.cesni.eu\\\/nl\\\/#website\"},\"datePublished\":\"2021-05-20T09:30:05+00:00\",\"dateModified\":\"2021-06-14T08:56:39+00:00\",\"breadcrumb\":{\"@id\":\"https:\\\/\\\/www.cesni.eu\\\/nl\\\/presentatie-van-de-documenten\\\/#breadcrumb\"},\"inLanguage\":\"nl-NL\",\"potentialAction\":[{\"@type\":\"ReadAction\",\"target\":[\"https:\\\/\\\/www.cesni.eu\\\/nl\\\/presentatie-van-de-documenten\\\/\"]}]},{\"@type\":\"BreadcrumbList\",\"@id\":\"https:\\\/\\\/www.cesni.eu\\\/nl\\\/presentatie-van-de-documenten\\\/#breadcrumb\",\"itemListElement\":[{\"@type\":\"ListItem\",\"position\":1,\"name\":\"Accueil\",\"item\":\"https:\\\/\\\/www.cesni.eu\\\/nl\\\/\"},{\"@type\":\"ListItem\",\"position\":2,\"name\":\"Presentatie van de documenten\"}]},{\"@type\":\"WebSite\",\"@id\":\"https:\\\/\\\/www.cesni.eu\\\/nl\\\/#website\",\"url\":\"https:\\\/\\\/www.cesni.eu\\\/nl\\\/\",\"name\":\"CESNI - Comit\u00e9 Europ\u00e9en pour l\u2019\u00c9laboration de Standards dans le domaine de la Navigation Int\u00e9rieure\",\"description\":\"\",\"potentialAction\":[{\"@type\":\"SearchAction\",\"target\":{\"@type\":\"EntryPoint\",\"urlTemplate\":\"https:\\\/\\\/www.cesni.eu\\\/nl\\\/?s={search_term_string}\"},\"query-input\":{\"@type\":\"PropertyValueSpecification\",\"valueRequired\":true,\"valueName\":\"search_term_string\"}}],\"inLanguage\":\"nl-NL\"}]}<\/script>\n<!-- \/ Yoast SEO plugin. -->","yoast_head_json":{"title":"Presentatie van de documenten - CESNI - Comit\u00e9 Europ\u00e9en pour l\u2019\u00c9laboration de Standards dans le domaine de la Navigation Int\u00e9rieure","robots":{"index":"index","follow":"follow","max-snippet":"max-snippet:-1","max-image-preview":"max-image-preview:large","max-video-preview":"max-video-preview:-1"},"canonical":"https:\/\/www.cesni.eu\/nl\/presentatie-van-de-documenten\/","og_locale":"nl_NL","og_type":"article","og_title":"Presentatie van de documenten - CESNI - Comit\u00e9 Europ\u00e9en pour l\u2019\u00c9laboration de Standards dans le domaine de la Navigation Int\u00e9rieure","og_description":"&nbsp; CESNI publiceert de volgende documenten op zijn website: &nbsp; Werkprogramma Het werkprogramma van CESNI, dat is gebaseerd op de strategische richtsnoeren van de Europese Commissie (DG MOVE) en het secretariaat van de Centrale Commissie voor de Rijnvaart (CCR), houdt rekening met de inbreng van alle deelnemers die de binnenvaart vertegenwoordigen. Het werkprogramma voorziet de [&hellip;]","og_url":"https:\/\/www.cesni.eu\/nl\/presentatie-van-de-documenten\/","og_site_name":"CESNI - Comit\u00e9 Europ\u00e9en pour l\u2019\u00c9laboration de Standards dans le domaine de la Navigation Int\u00e9rieure","article_modified_time":"2021-06-14T08:56:39+00:00","twitter_card":"summary_large_image","twitter_misc":{"Est. reading time":"2 minutes"},"schema":{"@context":"https:\/\/schema.org","@graph":[{"@type":"WebPage","@id":"https:\/\/www.cesni.eu\/nl\/presentatie-van-de-documenten\/","url":"https:\/\/www.cesni.eu\/nl\/presentatie-van-de-documenten\/","name":"Presentatie van de documenten - CESNI - Comit\u00e9 Europ\u00e9en pour l\u2019\u00c9laboration de Standards dans le domaine de la Navigation Int\u00e9rieure","isPartOf":{"@id":"https:\/\/www.cesni.eu\/nl\/#website"},"datePublished":"2021-05-20T09:30:05+00:00","dateModified":"2021-06-14T08:56:39+00:00","breadcrumb":{"@id":"https:\/\/www.cesni.eu\/nl\/presentatie-van-de-documenten\/#breadcrumb"},"inLanguage":"nl-NL","potentialAction":[{"@type":"ReadAction","target":["https:\/\/www.cesni.eu\/nl\/presentatie-van-de-documenten\/"]}]},{"@type":"BreadcrumbList","@id":"https:\/\/www.cesni.eu\/nl\/presentatie-van-de-documenten\/#breadcrumb","itemListElement":[{"@type":"ListItem","position":1,"name":"Accueil","item":"https:\/\/www.cesni.eu\/nl\/"},{"@type":"ListItem","position":2,"name":"Presentatie van de documenten"}]},{"@type":"WebSite","@id":"https:\/\/www.cesni.eu\/nl\/#website","url":"https:\/\/www.cesni.eu\/nl\/","name":"CESNI - Comit\u00e9 Europ\u00e9en pour l\u2019\u00c9laboration de Standards dans le domaine de la Navigation Int\u00e9rieure","description":"","potentialAction":[{"@type":"SearchAction","target":{"@type":"EntryPoint","urlTemplate":"https:\/\/www.cesni.eu\/nl\/?s={search_term_string}"},"query-input":{"@type":"PropertyValueSpecification","valueRequired":true,"valueName":"search_term_string"}}],"inLanguage":"nl-NL"}]}},"post_mailing_queue_ids":[],"_links":{"self":[{"href":"https:\/\/www.cesni.eu\/nl\/wp-json\/wp\/v2\/pages\/6061","targetHints":{"allow":["GET"]}}],"collection":[{"href":"https:\/\/www.cesni.eu\/nl\/wp-json\/wp\/v2\/pages"}],"about":[{"href":"https:\/\/www.cesni.eu\/nl\/wp-json\/wp\/v2\/types\/page"}],"author":[{"embeddable":true,"href":"https:\/\/www.cesni.eu\/nl\/wp-json\/wp\/v2\/users\/8"}],"replies":[{"embeddable":true,"href":"https:\/\/www.cesni.eu\/nl\/wp-json\/wp\/v2\/comments?post=6061"}],"version-history":[{"count":3,"href":"https:\/\/www.cesni.eu\/nl\/wp-json\/wp\/v2\/pages\/6061\/revisions"}],"predecessor-version":[{"id":6663,"href":"https:\/\/www.cesni.eu\/nl\/wp-json\/wp\/v2\/pages\/6061\/revisions\/6663"}],"wp:attachment":[{"href":"https:\/\/www.cesni.eu\/nl\/wp-json\/wp\/v2\/media?parent=6061"}],"curies":[{"name":"wp","href":"https:\/\/api.w.org\/{rel}","templated":true}]}}