{"id":5989,"date":"2021-05-20T10:26:01","date_gmt":"2021-05-20T09:26:01","guid":{"rendered":"https:\/\/www.cesni.eu\/?page_id=5989"},"modified":"2025-05-07T11:17:09","modified_gmt":"2025-05-07T10:17:09","slug":"informatietechnologieen","status":"publish","type":"page","link":"https:\/\/www.cesni.eu\/nl\/informatietechnologieen\/","title":{"rendered":"Informatietechnologie\u00ebn (TI)"},"content":{"rendered":"<ul style=\"background-color: #f9f9f9; padding: 5px 5px 5px 15px;\">\n<li><a href=\"#01\">Activiteiten van CESNI op het gebied van de informatietechnologie\u00ebn<\/a><\/li>\n<li><a href=\"#02\"> Toelichting bij de werkzaamheden inzake de River Information Services (RIS)<\/a><\/li>\n<li><a href=\"#03\">ES-RIS, de standaard met alle technische voorschriften voor RIS<\/a><\/li>\n<li><a href=\"#04\"> Andere activiteiten op het gebied van de informatietechnologie\u00ebn<\/a><\/li>\n<li><a href=\"#05\"> Documenten<\/a><\/li>\n<\/ul>\n<p>&nbsp;<\/p>\n<p><a name=\"01\"><\/a><\/p>\n<h2>Activiteiten van CESNI op het gebied van de informatietechnologie\u00ebn<\/h2>\n<p>Op het gebied van de informatietechnologie\u00ebn (IT) heeft CESNI de volgende hoofdtaken:<\/p>\n<ul>\n<li>\n<p style=\"text-align: justify;\">het uitwerken van voorstellen voor het opstellen en herzien van technische standaarden op het gebied van de informatietechnologie\u00ebn, met name voor de River Information Services (RIS), met inbegrip van voorstellen voor de herziening van de standaarden die op grond van de EU-voorschriften bindend voorgeschreven zijn;<\/p>\n<\/li>\n<li>\n<p style=\"text-align: justify;\">bijdragen aan een correcte implementatie van de standaarden op het gebied van de RIS en andere gebieden die samenhangen met de informatietechnologie\u00ebn;<\/p>\n<\/li>\n<li>\n<p style=\"text-align: justify;\">advisering en analyse met betrekking tot de informatietechnologie-standaarden (met inbegrip van RIS), met name ter ondersteuning van politieke initiatieven voor het tot stand brengen van digitale instrumenten in de binnenvaart en de geleidelijke invoering van elektronische documenten.<\/p>\n<\/li>\n<\/ul>\n<p>&nbsp;<br \/>\nWerkprogramma waarin de verschillende taken worden aangegeven: <a href=\" https:\/\/www.cesni.eu\/nl\/over-cesni\/werkprogramma\/\"> https:\/\/www.cesni.eu\/nl\/over-cesni\/werkprogramma\/<\/a><br \/>\n&nbsp;<\/p>\n<p style=\"text-align: justify;\">De activiteiten op het gebied van de informatietechnologie\u00ebn worden verricht door de werkgroep CESNI\/TI. Deze werkgroep is ingesteld bij Besluit CESNI 2018-II-16 van 5 december 2018. De groep is in werking gesteld op 1 januari 2019. Na de instelling van de werkgroepen CESNI\/PT en CESNI\/QP in 2015, is dit de 3e permanente werkgroep van CESNI. Deze groep heeft 4 tijdelijke werkgroepen (zie punt \u201cES-RIS, de standaard met alle technische voorschriften voor RIS\u201d hieronder).<\/p>\n<p><a name=\"02\"><\/a><\/p>\n<h2><a name=\"02\"><\/a>Toelichting bij de werkzaamheden inzake de River Information Services (RIS)<\/h2>\n<p>&nbsp;<br \/>\n<strong>Historisch overzicht<\/strong><br \/>\n&nbsp;<\/p>\n<p style=\"text-align: justify;\">Het concept van de River Information Services (RIS) dateert van v\u00f3\u00f3r de instelling van de werkgroep CESNI\/TI. Het concept zoals we het nu kennen, is eind jaren negentig ontstaan vanuit de gedachte dat de binnenvaartinformatie ten dienste staat van het management van het vervoer en het verkeer in de binnenvaart, maar dat deze informatie moet worden gestandaardiseerd om interoperabiliteit mogelijk te maken. Op die manier dragen de RIS bij tot de verbetering van de veiligheid en de effici\u00ebntie van de scheepvaart, maar ook tot het milieuvriendelijker maken van deze vervoersmodaliteit.<\/p>\n<p>&nbsp;<br \/>\n<strong>RIS-doelstellingen<\/strong><br \/>\n&nbsp;<\/p>\n<p style=\"text-align: justify;\">RIS-hoofddoelstellingen:<\/p>\n<p>&nbsp;<\/p>\n<p style=\"text-align: justify;\"><strong>1) vervoer moet veilig zijn:<\/strong><\/p>\n<ul>\n<li>\n<p style=\"text-align: justify;\">gewonden tot een minimum beperken,<\/p>\n<\/li>\n<li>\n<p style=\"text-align: justify;\">dodelijke ongevallen tot een minimum beperken,<\/p>\n<\/li>\n<li>\n<p style=\"text-align: justify;\">incidenten tijdens de reis tot een minimum beperken;<\/p>\n<\/li>\n<\/ul>\n<p>&nbsp;<\/p>\n<p style=\"text-align: justify;\"><strong>2) vervoer moet effici\u00ebnt zijn:<\/strong><\/p>\n<ul>\n<li>\n<p style=\"text-align: justify;\">maximaal gebruik maken van de effectieve capaciteit van vaarwegen,<\/p>\n<\/li>\n<li>\n<p style=\"text-align: justify;\">de vervoerscapaciteit van schepen maximaliseren (lengte, breedte, diepgang en hoogte),<\/p>\n<\/li>\n<li>\n<p style=\"text-align: justify;\">de reistijd verkorten,<\/p>\n<\/li>\n<li>\n<p style=\"text-align: justify;\">de werklast van de RIS-gebruikers verminderen,<\/p>\n<\/li>\n<li>\n<p style=\"text-align: justify;\">de vervoerskosten verlagen,<\/p>\n<\/li>\n<li>\n<p style=\"text-align: justify;\">het brandstofverbruik beperken,<\/p>\n<\/li>\n<li>\n<p style=\"text-align: justify;\">een effici\u00ebnte en voordelige schakel vormen tussen vervoerswijzen,<\/p>\n<\/li>\n<li>\n<p style=\"text-align: justify;\">zorgen voor effici\u00ebnte havens en terminals;<\/p>\n<\/li>\n<\/ul>\n<p>&nbsp;<\/p>\n<p style=\"text-align: justify;\"><strong>3) vervoer moet milieuvriendelijk zijn:<\/strong><\/p>\n<ul>\n<li>\n<p style=\"text-align: justify;\">milieurisico&#8217;s verminderen,<\/p>\n<\/li>\n<li>\n<p style=\"text-align: justify;\">vervuilende emissies en morsingen door ongelukken, illegale handelingen of normale activiteiten verminderen.<\/p>\n<\/li>\n<\/ul>\n<p>&nbsp;<br \/>\n<strong>Technische aspecten van de RIS<\/strong><br \/>\n&nbsp;<\/p>\n<p style=\"text-align: justify;\">Om de voornoemde diensten mogelijk te maken, zijn vier technologie\u00ebn ge\u00efdentificeerd:<\/p>\n<ul>\n<li>\n<p style=\"text-align: justify;\">Een systeem voor de elektronische weergave van binnenvaartkaarten en -informatie (Inland ECDIS &#8211; Electronic Chart Display and Information System);<\/p>\n<\/li>\n<li>\n<p style=\"text-align: justify;\">Een systeem voor berichten aan de scheepvaart (NtS &#8211; Notices to Skipper);<\/p>\n<\/li>\n<li>\n<p style=\"text-align: justify;\">Een systeem voor het elektronisch melden van schepen in de binnenvaart (ERI &#8211; Electronic Reporting International);<\/p>\n<\/li>\n<li>\n<p style=\"text-align: justify;\">Een systeem voor tracking en tracing van schepen (VTT &#8211; Vessel Tracking and Tracing).<\/p>\n<\/li>\n<\/ul>\n<p>&nbsp;<\/p>\n<p style=\"text-align: justify;\">De AIS-technologie (Automatic Identification System), waarmee de positie, de snelheid en andere belangrijke informatie worden verzonden per radio, wordt behandeld in het kader van de VTT-technologie.<\/p>\n<p><a name=\"03\"><\/a><\/p>\n<h2><a name=\"03\"><\/a>ES-RIS, de standaard met alle technische voorschriften voor RIS<\/h2>\n<p style=\"text-align: justify;\">De technische voorschriften voor deze vier technologie\u00ebn zijn vastgelegd in de ES-RIS (European Standard River Information Services &#8211; Europese standaard voor RIS).<\/p>\n<p style=\"text-align: justify;\">De ES-RIS bevat ook voorschriften met betrekking tot de operationele eisen, prestatie-eisen, testprocedures en vereiste resultaten, zodat op geharmoniseerde wijze kan worden nagegaan of een apparaat aan deze voorschriften voldoet.<\/p>\n<p style=\"text-align: justify;\">De eerste editie van de ES-RIS bevat de Inland AIS-teststandaard. Het is de bedoeling dat er ook andere teststandaarden aan worden toegevoegd.<\/p>\n<p style=\"text-align: justify;\">De eerste editie van de ES-RIS, ES-RIS 2021\/1, is in april 2021 aangenomen door CESNI.<\/p>\n<p style=\"text-align: justify;\">De technische ontwikkelingen op het gebied van de informatietechnologie\u00ebn vorderen zeer snel. Daarnaast worden de technische voorschriften die moeten worden opgenomen in een nieuwe editie van de ES-RIS, uitgewerkt en besproken in specifieke werkgroepen.<\/p>\n<p>&nbsp;<\/p>\n<p style=\"text-align: justify;\">Daartoe heeft CESNI in 2019 vier tijdelijke werkgroepen ingesteld die onder de verantwoordelijkheid van de werkgroep CESNI\/TI vallen en die belast zijn met de vier voornoemde technologie\u00ebn:<\/p>\n<ul>\n<li>\n<p style=\"text-align: justify;\">De tijdelijke werkgroep voor een systeem voor de elektronische weergave van binnenvaartkaarten en -informatie (CESNI\/TI\/Inland ECDIS)<\/p>\n<\/li>\n<li>\n<p style=\"text-align: justify;\">De tijdelijke werkgroep voor een systeem voor het elektronisch melden van schepen in de binnenvaart (CESNI\/TI\/ERI)<\/p>\n<\/li>\n<li>\n<p style=\"text-align: justify;\">De tijdelijke werkgroep voor een systeem voor tracking en tracing van schepen in de binnenvaart (CESNI\/TI\/VTT)<\/p>\n<\/li>\n<li>\n<p style=\"text-align: justify;\">De tijdelijke werkgroep voor een systeem voor berichten aan de scheepvaart (CESNI\/TI\/NtS)<\/p>\n<\/li>\n<\/ul>\n<p>&nbsp;<\/p>\n<p style=\"text-align: justify;\">Meer informatie over de uitdagingen en huidige werkzaamheden van de vier tijdelijke werkgroepen is terug te vinden op de specifieke website <a href=\"https:\/\/ris.cesni.eu\/\">https:\/\/ris.cesni.eu\/<\/a>.<\/p>\n<p><a name=\"04\"><\/a><\/p>\n<h2><a name=\"04\"><\/a>Andere activiteiten op het gebied van de informatietechnologie\u00ebn<\/h2>\n<p style=\"text-align: justify;\">Naast de werkzaamheden in samenhang met de RIS, lopen er diverse activiteiten op het gebied van de informatietechnologie\u00ebn:<\/p>\n<ul>\n<li>\n<p style=\"text-align: justify;\">Op het vlak van de cyberveiligheid, bijvoorbeeld, om de digitalisering van de binnenvaart in goede omstandigheden te laten verlopen. Hierbij worden de verschillende belanghebbenden door middel van gidsen of gerichte acties bewust gemaakt van goede praktijken.<\/p>\n<\/li>\n<li>\n<p style=\"text-align: justify;\">Op het gebied van de dematerialisering van documenten, om de goede praktijken te verspreiden.<\/p>\n<\/li>\n<li>\n<p style=\"text-align: justify;\">Op het vlak van de vaststelling van de noodzakelijke specificaties van de interface schip\/wal in de informatietechnologie\u00ebn, om de integratie van de binnenvaart in de logistieke keten te versterken.<\/p>\n<\/li>\n<li>\n<p style=\"text-align: justify;\">Op het gebied van de bewustmaking van de bescherming van persoonsgegevens bij de geautomatiseerde gegevensuitwisseling op internationaal niveau.<\/p>\n<\/li>\n<li>\n<p style=\"text-align: justify;\">Op het vlak van de ontwikkeling van richtsnoeren over het geharmoniseerd gebruik en onderhoud van de gegevens van de RIS-index en andere referentiegegevens vereist door de RIS-standaarden zoals ERDMS.<\/p>\n<\/li>\n<\/ul>\n<p><a name=\"05\"><\/a><\/p>\n<h2><a name=\"05\"><\/a>Documenten<\/h2>\n<ul>\n<li><a href=\"https:\/\/www.cesni.eu\/nl\/standaarden-en-toelichtingen\/\">Standaarden en toelichtingen<\/a><\/li>\n<li><a href=\"Gidsen\">Gidsen en richtsnoeren<\/a><\/li>\n<li><a href=\"https:\/\/www.cesni.eu\/nl\/andere-websites\/\">Andere websites<\/a><\/li>\n<\/ul>\n","protected":false},"excerpt":{"rendered":"<p>Activiteiten van CESNI op het gebied van de informatietechnologie\u00ebn Toelichting bij de werkzaamheden inzake de River Information Services (RIS) ES-RIS, de standaard met alle technische voorschriften voor RIS Andere activiteiten op het gebied van de informatietechnologie\u00ebn Documenten &nbsp; Activiteiten van CESNI op het gebied van de informatietechnologie\u00ebn Op het gebied van de informatietechnologie\u00ebn (IT) heeft [&hellip;]<\/p>\n","protected":false},"author":8,"featured_media":0,"parent":0,"menu_order":0,"comment_status":"closed","ping_status":"closed","template":"","meta":{"_acf_changed":false,"footnotes":""},"class_list":["post-5989","page","type-page","status-publish","hentry"],"acf":[],"yoast_head":"<!-- This site is optimized with the Yoast SEO plugin v27.0 - https:\/\/yoast.com\/product\/yoast-seo-wordpress\/ -->\n<title>Informatietechnologie\u00ebn (TI) - CESNI - Comit\u00e9 Europ\u00e9en pour l\u2019\u00c9laboration de Standards dans le domaine de la Navigation Int\u00e9rieure<\/title>\n<meta name=\"robots\" content=\"index, follow, max-snippet:-1, max-image-preview:large, max-video-preview:-1\" \/>\n<link rel=\"canonical\" href=\"https:\/\/www.cesni.eu\/nl\/informatietechnologieen\/\" \/>\n<meta property=\"og:locale\" content=\"nl_NL\" \/>\n<meta property=\"og:type\" content=\"article\" \/>\n<meta property=\"og:title\" content=\"Informatietechnologie\u00ebn (TI) - CESNI - Comit\u00e9 Europ\u00e9en pour l\u2019\u00c9laboration de Standards dans le domaine de la Navigation Int\u00e9rieure\" \/>\n<meta property=\"og:description\" content=\"Activiteiten van CESNI op het gebied van de informatietechnologie\u00ebn Toelichting bij de werkzaamheden inzake de River Information Services (RIS) ES-RIS, de standaard met alle technische voorschriften voor RIS Andere activiteiten op het gebied van de informatietechnologie\u00ebn Documenten &nbsp; Activiteiten van CESNI op het gebied van de informatietechnologie\u00ebn Op het gebied van de informatietechnologie\u00ebn (IT) heeft [&hellip;]\" \/>\n<meta property=\"og:url\" content=\"https:\/\/www.cesni.eu\/nl\/informatietechnologieen\/\" \/>\n<meta property=\"og:site_name\" content=\"CESNI - Comit\u00e9 Europ\u00e9en pour l\u2019\u00c9laboration de Standards dans le domaine de la Navigation Int\u00e9rieure\" \/>\n<meta property=\"article:modified_time\" content=\"2025-05-07T10:17:09+00:00\" \/>\n<meta name=\"twitter:card\" content=\"summary_large_image\" \/>\n<meta name=\"twitter:label1\" content=\"Est. reading time\" \/>\n\t<meta name=\"twitter:data1\" content=\"5 minutes\" \/>\n<script type=\"application\/ld+json\" class=\"yoast-schema-graph\">{\"@context\":\"https:\/\/schema.org\",\"@graph\":[{\"@type\":\"WebPage\",\"@id\":\"https:\/\/www.cesni.eu\/nl\/informatietechnologieen\/\",\"url\":\"https:\/\/www.cesni.eu\/nl\/informatietechnologieen\/\",\"name\":\"Informatietechnologie\u00ebn (TI) - CESNI - Comit\u00e9 Europ\u00e9en pour l\u2019\u00c9laboration de Standards dans le domaine de la Navigation Int\u00e9rieure\",\"isPartOf\":{\"@id\":\"https:\/\/www.cesni.eu\/nl\/#website\"},\"datePublished\":\"2021-05-20T09:26:01+00:00\",\"dateModified\":\"2025-05-07T10:17:09+00:00\",\"breadcrumb\":{\"@id\":\"https:\/\/www.cesni.eu\/nl\/informatietechnologieen\/#breadcrumb\"},\"inLanguage\":\"nl-NL\",\"potentialAction\":[{\"@type\":\"ReadAction\",\"target\":[\"https:\/\/www.cesni.eu\/nl\/informatietechnologieen\/\"]}]},{\"@type\":\"BreadcrumbList\",\"@id\":\"https:\/\/www.cesni.eu\/nl\/informatietechnologieen\/#breadcrumb\",\"itemListElement\":[{\"@type\":\"ListItem\",\"position\":1,\"name\":\"Accueil\",\"item\":\"https:\/\/www.cesni.eu\/nl\/\"},{\"@type\":\"ListItem\",\"position\":2,\"name\":\"Informatietechnologie\u00ebn (TI)\"}]},{\"@type\":\"WebSite\",\"@id\":\"https:\/\/www.cesni.eu\/nl\/#website\",\"url\":\"https:\/\/www.cesni.eu\/nl\/\",\"name\":\"CESNI - Comit\u00e9 Europ\u00e9en pour l\u2019\u00c9laboration de Standards dans le domaine de la Navigation Int\u00e9rieure\",\"description\":\"\",\"potentialAction\":[{\"@type\":\"SearchAction\",\"target\":{\"@type\":\"EntryPoint\",\"urlTemplate\":\"https:\/\/www.cesni.eu\/nl\/?s={search_term_string}\"},\"query-input\":{\"@type\":\"PropertyValueSpecification\",\"valueRequired\":true,\"valueName\":\"search_term_string\"}}],\"inLanguage\":\"nl-NL\"}]}<\/script>\n<!-- \/ Yoast SEO plugin. -->","yoast_head_json":{"title":"Informatietechnologie\u00ebn (TI) - CESNI - Comit\u00e9 Europ\u00e9en pour l\u2019\u00c9laboration de Standards dans le domaine de la Navigation Int\u00e9rieure","robots":{"index":"index","follow":"follow","max-snippet":"max-snippet:-1","max-image-preview":"max-image-preview:large","max-video-preview":"max-video-preview:-1"},"canonical":"https:\/\/www.cesni.eu\/nl\/informatietechnologieen\/","og_locale":"nl_NL","og_type":"article","og_title":"Informatietechnologie\u00ebn (TI) - CESNI - Comit\u00e9 Europ\u00e9en pour l\u2019\u00c9laboration de Standards dans le domaine de la Navigation Int\u00e9rieure","og_description":"Activiteiten van CESNI op het gebied van de informatietechnologie\u00ebn Toelichting bij de werkzaamheden inzake de River Information Services (RIS) ES-RIS, de standaard met alle technische voorschriften voor RIS Andere activiteiten op het gebied van de informatietechnologie\u00ebn Documenten &nbsp; Activiteiten van CESNI op het gebied van de informatietechnologie\u00ebn Op het gebied van de informatietechnologie\u00ebn (IT) heeft [&hellip;]","og_url":"https:\/\/www.cesni.eu\/nl\/informatietechnologieen\/","og_site_name":"CESNI - Comit\u00e9 Europ\u00e9en pour l\u2019\u00c9laboration de Standards dans le domaine de la Navigation Int\u00e9rieure","article_modified_time":"2025-05-07T10:17:09+00:00","twitter_card":"summary_large_image","twitter_misc":{"Est. reading time":"5 minutes"},"schema":{"@context":"https:\/\/schema.org","@graph":[{"@type":"WebPage","@id":"https:\/\/www.cesni.eu\/nl\/informatietechnologieen\/","url":"https:\/\/www.cesni.eu\/nl\/informatietechnologieen\/","name":"Informatietechnologie\u00ebn (TI) - CESNI - Comit\u00e9 Europ\u00e9en pour l\u2019\u00c9laboration de Standards dans le domaine de la Navigation Int\u00e9rieure","isPartOf":{"@id":"https:\/\/www.cesni.eu\/nl\/#website"},"datePublished":"2021-05-20T09:26:01+00:00","dateModified":"2025-05-07T10:17:09+00:00","breadcrumb":{"@id":"https:\/\/www.cesni.eu\/nl\/informatietechnologieen\/#breadcrumb"},"inLanguage":"nl-NL","potentialAction":[{"@type":"ReadAction","target":["https:\/\/www.cesni.eu\/nl\/informatietechnologieen\/"]}]},{"@type":"BreadcrumbList","@id":"https:\/\/www.cesni.eu\/nl\/informatietechnologieen\/#breadcrumb","itemListElement":[{"@type":"ListItem","position":1,"name":"Accueil","item":"https:\/\/www.cesni.eu\/nl\/"},{"@type":"ListItem","position":2,"name":"Informatietechnologie\u00ebn (TI)"}]},{"@type":"WebSite","@id":"https:\/\/www.cesni.eu\/nl\/#website","url":"https:\/\/www.cesni.eu\/nl\/","name":"CESNI - Comit\u00e9 Europ\u00e9en pour l\u2019\u00c9laboration de Standards dans le domaine de la Navigation Int\u00e9rieure","description":"","potentialAction":[{"@type":"SearchAction","target":{"@type":"EntryPoint","urlTemplate":"https:\/\/www.cesni.eu\/nl\/?s={search_term_string}"},"query-input":{"@type":"PropertyValueSpecification","valueRequired":true,"valueName":"search_term_string"}}],"inLanguage":"nl-NL"}]}},"post_mailing_queue_ids":[],"_links":{"self":[{"href":"https:\/\/www.cesni.eu\/nl\/wp-json\/wp\/v2\/pages\/5989","targetHints":{"allow":["GET"]}}],"collection":[{"href":"https:\/\/www.cesni.eu\/nl\/wp-json\/wp\/v2\/pages"}],"about":[{"href":"https:\/\/www.cesni.eu\/nl\/wp-json\/wp\/v2\/types\/page"}],"author":[{"embeddable":true,"href":"https:\/\/www.cesni.eu\/nl\/wp-json\/wp\/v2\/users\/8"}],"replies":[{"embeddable":true,"href":"https:\/\/www.cesni.eu\/nl\/wp-json\/wp\/v2\/comments?post=5989"}],"version-history":[{"count":12,"href":"https:\/\/www.cesni.eu\/nl\/wp-json\/wp\/v2\/pages\/5989\/revisions"}],"predecessor-version":[{"id":11581,"href":"https:\/\/www.cesni.eu\/nl\/wp-json\/wp\/v2\/pages\/5989\/revisions\/11581"}],"wp:attachment":[{"href":"https:\/\/www.cesni.eu\/nl\/wp-json\/wp\/v2\/media?parent=5989"}],"curies":[{"name":"wp","href":"https:\/\/api.w.org\/{rel}","templated":true}]}}