{"id":5854,"date":"2021-06-01T09:17:57","date_gmt":"2021-06-01T08:17:57","guid":{"rendered":"https:\/\/www.cesni.eu\/?page_id=5854"},"modified":"2024-04-10T14:28:47","modified_gmt":"2024-04-10T13:28:47","slug":"niet-officiele-vertalingen","status":"publish","type":"page","link":"https:\/\/www.cesni.eu\/nl\/niet-officiele-vertalingen\/","title":{"rendered":"Niet-offici\u00eble vertalingen"},"content":{"rendered":"<ul style=\"background-color: #f9f9f9; padding: 5px 5px 5px 15px; margin: 10px 0px 20px 0px;\">\n<li><a href=\"#01\">Niet-offici\u00eble vertalingen van ES-TRIN<\/a><\/li>\n<li><a href=\"#02\">Niet-offici\u00eble vertalingen van ES-QIN<\/a><\/li>\n<\/ul>\n<p>&nbsp;<\/p>\n<h2><a name=\"01\"><\/a>Niet-offici\u00eble vertalingen van ES-TRIN<\/h2>\n<p style=\"text-align: justify;\">De werktalen van het Europees Comit\u00e9 voor de opstelling van standaarden voor de binnenvaart (CESNI) zijn het Duits, Engels, Frans en Nederlands. De authentieke tekst van de Europese standaard tot vaststelling van de technische voorschriften voor binnenschepen (ES-TRIN) wordt in deze talen gepubliceerd op de website van CESNI.<\/p>\n<p style=\"text-align: justify;\">De onderstaande tekst is afkomstig van de vertaaldiensten van de Europese Commissie, maar vormt geen authentieke tekst van ES-TRIN. CESNI, en daarmee de Centrale Commissie voor de Rijnvaart (CCR), is niet aansprakelijk voor enig nadeel of enige schade, direct dan wel indirect, als gevolg van mogelijke onjuistheden, vergissingen of fouten in deze niet-offici\u00eble vertalingen.<\/p>\n<p>&nbsp;<br \/>\n<strong><span style=\"margin-left: 10px; color: #01a9db;\">ES-TRIN 2017\/1<\/span><\/strong><\/p>\n<p><a href=\"https:\/\/www.cesni.eu\/wp-content\/uploads\/2019\/05\/2017_01_BG_unoff_v.pdf\" target=\"_blank\" class=\"contentdoc download tooltip\" data-title=\"downloaden\"><svg width=\"20\" height=\"17\"><use xlink:href=\"#download\"><\/use><\/svg><span>BG <\/span><\/a><a href=\"https:\/\/www.cesni.eu\/wp-content\/uploads\/2019\/05\/2017_01_CS_unoff_v.pdf\" target=\"_blank\" class=\"contentdoc download tooltip\" data-title=\"downloaden\"><svg width=\"20\" height=\"17\"><use xlink:href=\"#download\"><\/use><\/svg><span>CZ <\/span><\/a><a href=\"https:\/\/www.cesni.eu\/wp-content\/uploads\/2019\/05\/2017_01_HR_unoff_v.pdf\" target=\"_blank\" class=\"contentdoc download tooltip\" data-title=\"downloaden\"><svg width=\"20\" height=\"17\"><use xlink:href=\"#download\"><\/use><\/svg><span>HR <\/span><\/a><a href=\"https:\/\/www.cesni.eu\/wp-content\/uploads\/2019\/05\/2017_01_HU_unoff_v.pdf\" target=\"_blank\" class=\"contentdoc download tooltip\" data-title=\"downloaden\"><svg width=\"20\" height=\"17\"><use xlink:href=\"#download\"><\/use><\/svg><span>HU <\/span><\/a><a href=\"https:\/\/www.cesni.eu\/wp-content\/uploads\/2019\/05\/2017_01_IT_unoff_v.pdf\" target=\"_blank\" class=\"contentdoc download tooltip\" data-title=\"downloaden\"><svg width=\"20\" height=\"17\"><use xlink:href=\"#download\"><\/use><\/svg><span>IT <\/span><\/a><a href=\"https:\/\/www.cesni.eu\/wp-content\/uploads\/2019\/05\/2017_01_LT_unoff_v.pdf\" target=\"_blank\" class=\"contentdoc download tooltip\" data-title=\"downloaden\"><svg width=\"20\" height=\"17\"><use xlink:href=\"#download\"><\/use><\/svg><span>LT <\/span><\/a><a href=\"https:\/\/www.cesni.eu\/wp-content\/uploads\/2019\/05\/2017_01_PL_unoff_v.pdf\" target=\"_blank\" class=\"contentdoc download tooltip\" data-title=\"downloaden\"><svg width=\"20\" height=\"17\"><use xlink:href=\"#download\"><\/use><\/svg><span>PL <\/span><\/a><a href=\"https:\/\/www.cesni.eu\/wp-content\/uploads\/2019\/05\/2017_01_RO_unoff_v.pdf\" target=\"_blank\" class=\"contentdoc download tooltip\" data-title=\"downloaden\"><svg width=\"20\" height=\"17\"><use xlink:href=\"#download\"><\/use><\/svg><span>RO <\/span><\/a><a href=\"https:\/\/www.cesni.eu\/wp-content\/uploads\/2019\/05\/2017_01_SK_unoff_v.pdf\" target=\"_blank\" class=\"contentdoc download tooltip\" data-title=\"downloaden\"><svg width=\"20\" height=\"17\"><use xlink:href=\"#download\"><\/use><\/svg><span>SK <\/span><\/a><\/p>\n<p style=\"text-align: justify;\">De niet-offici\u00eble vertaling van ES-TRIN in het Russisch is beschikbaar op de website van de Economische Commissie voor Europa van de Verenigde Naties (VN\/ECE). Noch CESNI, noch de CCR, noch de VN\/ECE zijn aansprakelijk voor enig nadeel of enige schade, direct dan wel indirect, als gevolg van mogelijke onjuistheden, vergissingen of fouten in deze niet-offici\u00eble vertaling.<\/p>\n<p>&nbsp;<br \/>\n<strong><span style=\"margin-left: 10px; color: #01a9db;\">ES-TRIN 2017\/1<\/span><\/strong><br \/>\n<a href=\"https:\/\/www.unece.org\/trans\/main\/sc3\/standards_regional_agreements.html\" target=\"_blank\" class=\"contentdoc download tooltip\" data-title=\"downloaden\"><svg width=\"20\" height=\"17\"><use xlink:href=\"#download\"><\/use><\/svg><span>RU <\/span><\/a><\/p>\n<p><strong><span style=\"margin-left: 10px; color: #01a9db;\">ES-TRIN 2019\/1<\/span><\/strong><br \/>\n<a href=\"http:\/\/www.unece.org\/fileadmin\/DAM\/trans\/main\/sc3\/publications\/ES-TRIN_2019_ru.pdf\" target=\"_blank\" class=\"contentdoc download tooltip\" data-title=\"downloaden\"><svg width=\"20\" height=\"17\"><use xlink:href=\"#download\"><\/use><\/svg><span>RU <\/span><\/a><\/p>\n<p style=\"text-align: justify;\">Oekra\u00efne heeft de niet-offici\u00eble Oekra\u00efense vertaling van ES-TRIN verstrekt met de steun van de EU in het kader van het project voor technische bijstand \u201cPromotion of transport development of the Dnipro River\u201d. Noch CESNI noch de CCR zijn aansprakelijk voor enig nadeel of enige schade, direct dan wel indirect, als gevolg van mogelijke onjuistheden, vergissingen of fouten in deze niet-offici\u00eble vertaling.<\/p>\n<p>&nbsp;<br \/>\n<strong><span style=\"margin-left: 10px; color: #01a9db;\">ES-TRIN 2019\/1<\/span><\/strong><br \/>\n<a href=\"https:\/\/www.cesni.eu\/wp-content\/uploads\/2021\/05\/ES-TRIN_2019_ua.pdf\" target=\"_blank\" class=\"contentdoc download tooltip\" data-title=\"downloaden\"><svg width=\"20\" height=\"17\"><use xlink:href=\"#download\"><\/use><\/svg><span>UA <\/span><\/a><br \/>\n<strong><span style=\"margin-left: 10px; color: #01a9db;\">ES-TRIN 2023\/1<\/span><\/strong><br \/>\n<a href=\"https:\/\/www.cesni.eu\/wp-content\/uploads\/2024\/04\/ES-TRIN-2023-UA-23-11-2023_UKR-FINAL-CLEAN_signed.pdf\" target=\"_blank\" class=\"contentdoc download tooltip\" data-title=\"downloaden\"><svg width=\"20\" height=\"17\"><use xlink:href=\"#download\"><\/use><\/svg><span>UA <\/span><\/a><\/p>\n<h2><a name=\"02\"><\/a>Niet-offici\u00eble vertalingen van ES-QIN<\/h2>\n<p style=\"text-align: justify;\">De werktalen van het Europees Comit\u00e9 voor de opstelling van standaarden voor de binnenvaart (CESNI) zijn het Duits, Engels, Frans en Nederlands. De authentieke tekst van de Europese standaard voor kwalificaties in de binnenvaart (ES-QIN) wordt in deze talen gepubliceerd op de website van CESNI.<\/p>\n<p style=\"text-align: justify;\">De niet-offici\u00eble vertaling van ES-QIN in het Russisch is beschikbaar op de website van de Economische Commissie voor Europa van de Verenigde Naties (VN\/ECE). Noch CESNI, noch de CCR, noch de VN\/ECE zijn aansprakelijk voor enig nadeel of enige schade, direct dan wel indirect, als gevolg van mogelijke onjuistheden, vergissingen of fouten in deze niet-offici\u00eble vertaling.<\/p>\n<p>&nbsp;<br \/>\n<strong><span style=\"margin-left: 10px; color: #01a9db;\">ES-QIN 2019\/1<\/span><\/strong><br \/>\n<a href=\" https:\/\/unece.org\/sites\/default\/files\/2021-04\/ECE-TRANS-SC3-2020-inf_05r.pdf \" target=\"_blank\" class=\"contentdoc download tooltip\" data-title=\"downloaden\"><svg width=\"20\" height=\"17\"><use xlink:href=\"#download\"><\/use><\/svg><span>RU <\/span><\/a><\/p>\n<p style=\"text-align: justify;\">Oekra\u00efne heeft de niet-offici\u00eble Oekra\u00efense vertaling van ES-QIN verstrekt met de steun van de EU in het kader van het project voor technische bijstand \u201cPromotion of transport development of the Dnipro River\u201d. Noch CESNI noch de CCR zijn aansprakelijk voor enig nadeel of enige schade, direct dan wel indirect, als gevolg van mogelijke onjuistheden, vergissingen of fouten in deze niet-offici\u00eble vertaling.<\/p>\n<p>&nbsp;<br \/>\n<strong><span style=\"margin-left: 10px; color: #01a9db;\">ES-QIN 2018<\/span><\/strong><br \/>\n<a href=\"https:\/\/www.cesni.eu\/wp-content\/uploads\/2021\/05\/ES-QIN-2018-UA.pdf\" target=\"_blank\" class=\"contentdoc download tooltip\" data-title=\"downloaden\"><svg width=\"20\" height=\"17\"><use xlink:href=\"#download\"><\/use><\/svg><span>UA <\/span><\/a><\/p>\n","protected":false},"excerpt":{"rendered":"<p>Niet-offici\u00eble vertalingen van ES-TRIN Niet-offici\u00eble vertalingen van ES-QIN &nbsp; Niet-offici\u00eble vertalingen van ES-TRIN De werktalen van het Europees Comit\u00e9 voor de opstelling van standaarden voor de binnenvaart (CESNI) zijn het Duits, Engels, Frans en Nederlands. De authentieke tekst van de Europese standaard tot vaststelling van de technische voorschriften voor binnenschepen (ES-TRIN) wordt in deze talen [&hellip;]<\/p>\n","protected":false},"author":3,"featured_media":0,"parent":0,"menu_order":0,"comment_status":"closed","ping_status":"closed","template":"","meta":{"_acf_changed":false,"footnotes":""},"class_list":["post-5854","page","type-page","status-publish","hentry"],"acf":[],"yoast_head":"<!-- This site is optimized with the Yoast SEO plugin v27.3 - https:\/\/yoast.com\/product\/yoast-seo-wordpress\/ -->\n<title>Niet-offici\u00eble vertalingen - CESNI - Comit\u00e9 Europ\u00e9en pour l\u2019\u00c9laboration de Standards dans le domaine de la Navigation Int\u00e9rieure<\/title>\n<meta name=\"robots\" content=\"index, follow, max-snippet:-1, max-image-preview:large, max-video-preview:-1\" \/>\n<link rel=\"canonical\" href=\"https:\/\/www.cesni.eu\/nl\/niet-officiele-vertalingen\/\" \/>\n<meta property=\"og:locale\" content=\"nl_NL\" \/>\n<meta property=\"og:type\" content=\"article\" \/>\n<meta property=\"og:title\" content=\"Niet-offici\u00eble vertalingen - CESNI - Comit\u00e9 Europ\u00e9en pour l\u2019\u00c9laboration de Standards dans le domaine de la Navigation Int\u00e9rieure\" \/>\n<meta property=\"og:description\" content=\"Niet-offici\u00eble vertalingen van ES-TRIN Niet-offici\u00eble vertalingen van ES-QIN &nbsp; Niet-offici\u00eble vertalingen van ES-TRIN De werktalen van het Europees Comit\u00e9 voor de opstelling van standaarden voor de binnenvaart (CESNI) zijn het Duits, Engels, Frans en Nederlands. De authentieke tekst van de Europese standaard tot vaststelling van de technische voorschriften voor binnenschepen (ES-TRIN) wordt in deze talen [&hellip;]\" \/>\n<meta property=\"og:url\" content=\"https:\/\/www.cesni.eu\/nl\/niet-officiele-vertalingen\/\" \/>\n<meta property=\"og:site_name\" content=\"CESNI - Comit\u00e9 Europ\u00e9en pour l\u2019\u00c9laboration de Standards dans le domaine de la Navigation Int\u00e9rieure\" \/>\n<meta property=\"article:modified_time\" content=\"2024-04-10T13:28:47+00:00\" \/>\n<meta name=\"twitter:card\" content=\"summary_large_image\" \/>\n<meta name=\"twitter:label1\" content=\"Est. reading time\" \/>\n\t<meta name=\"twitter:data1\" content=\"3 minutes\" \/>\n<script type=\"application\/ld+json\" class=\"yoast-schema-graph\">{\"@context\":\"https:\\\/\\\/schema.org\",\"@graph\":[{\"@type\":\"WebPage\",\"@id\":\"https:\\\/\\\/www.cesni.eu\\\/nl\\\/niet-officiele-vertalingen\\\/\",\"url\":\"https:\\\/\\\/www.cesni.eu\\\/nl\\\/niet-officiele-vertalingen\\\/\",\"name\":\"Niet-offici\u00eble vertalingen - CESNI - Comit\u00e9 Europ\u00e9en pour l\u2019\u00c9laboration de Standards dans le domaine de la Navigation Int\u00e9rieure\",\"isPartOf\":{\"@id\":\"https:\\\/\\\/www.cesni.eu\\\/nl\\\/#website\"},\"datePublished\":\"2021-06-01T08:17:57+00:00\",\"dateModified\":\"2024-04-10T13:28:47+00:00\",\"breadcrumb\":{\"@id\":\"https:\\\/\\\/www.cesni.eu\\\/nl\\\/niet-officiele-vertalingen\\\/#breadcrumb\"},\"inLanguage\":\"nl-NL\",\"potentialAction\":[{\"@type\":\"ReadAction\",\"target\":[\"https:\\\/\\\/www.cesni.eu\\\/nl\\\/niet-officiele-vertalingen\\\/\"]}]},{\"@type\":\"BreadcrumbList\",\"@id\":\"https:\\\/\\\/www.cesni.eu\\\/nl\\\/niet-officiele-vertalingen\\\/#breadcrumb\",\"itemListElement\":[{\"@type\":\"ListItem\",\"position\":1,\"name\":\"Accueil\",\"item\":\"https:\\\/\\\/www.cesni.eu\\\/nl\\\/\"},{\"@type\":\"ListItem\",\"position\":2,\"name\":\"Niet-offici\u00eble vertalingen\"}]},{\"@type\":\"WebSite\",\"@id\":\"https:\\\/\\\/www.cesni.eu\\\/nl\\\/#website\",\"url\":\"https:\\\/\\\/www.cesni.eu\\\/nl\\\/\",\"name\":\"CESNI - Comit\u00e9 Europ\u00e9en pour l\u2019\u00c9laboration de Standards dans le domaine de la Navigation Int\u00e9rieure\",\"description\":\"\",\"potentialAction\":[{\"@type\":\"SearchAction\",\"target\":{\"@type\":\"EntryPoint\",\"urlTemplate\":\"https:\\\/\\\/www.cesni.eu\\\/nl\\\/?s={search_term_string}\"},\"query-input\":{\"@type\":\"PropertyValueSpecification\",\"valueRequired\":true,\"valueName\":\"search_term_string\"}}],\"inLanguage\":\"nl-NL\"}]}<\/script>\n<!-- \/ Yoast SEO plugin. -->","yoast_head_json":{"title":"Niet-offici\u00eble vertalingen - CESNI - Comit\u00e9 Europ\u00e9en pour l\u2019\u00c9laboration de Standards dans le domaine de la Navigation Int\u00e9rieure","robots":{"index":"index","follow":"follow","max-snippet":"max-snippet:-1","max-image-preview":"max-image-preview:large","max-video-preview":"max-video-preview:-1"},"canonical":"https:\/\/www.cesni.eu\/nl\/niet-officiele-vertalingen\/","og_locale":"nl_NL","og_type":"article","og_title":"Niet-offici\u00eble vertalingen - CESNI - Comit\u00e9 Europ\u00e9en pour l\u2019\u00c9laboration de Standards dans le domaine de la Navigation Int\u00e9rieure","og_description":"Niet-offici\u00eble vertalingen van ES-TRIN Niet-offici\u00eble vertalingen van ES-QIN &nbsp; Niet-offici\u00eble vertalingen van ES-TRIN De werktalen van het Europees Comit\u00e9 voor de opstelling van standaarden voor de binnenvaart (CESNI) zijn het Duits, Engels, Frans en Nederlands. De authentieke tekst van de Europese standaard tot vaststelling van de technische voorschriften voor binnenschepen (ES-TRIN) wordt in deze talen [&hellip;]","og_url":"https:\/\/www.cesni.eu\/nl\/niet-officiele-vertalingen\/","og_site_name":"CESNI - Comit\u00e9 Europ\u00e9en pour l\u2019\u00c9laboration de Standards dans le domaine de la Navigation Int\u00e9rieure","article_modified_time":"2024-04-10T13:28:47+00:00","twitter_card":"summary_large_image","twitter_misc":{"Est. reading time":"3 minutes"},"schema":{"@context":"https:\/\/schema.org","@graph":[{"@type":"WebPage","@id":"https:\/\/www.cesni.eu\/nl\/niet-officiele-vertalingen\/","url":"https:\/\/www.cesni.eu\/nl\/niet-officiele-vertalingen\/","name":"Niet-offici\u00eble vertalingen - CESNI - Comit\u00e9 Europ\u00e9en pour l\u2019\u00c9laboration de Standards dans le domaine de la Navigation Int\u00e9rieure","isPartOf":{"@id":"https:\/\/www.cesni.eu\/nl\/#website"},"datePublished":"2021-06-01T08:17:57+00:00","dateModified":"2024-04-10T13:28:47+00:00","breadcrumb":{"@id":"https:\/\/www.cesni.eu\/nl\/niet-officiele-vertalingen\/#breadcrumb"},"inLanguage":"nl-NL","potentialAction":[{"@type":"ReadAction","target":["https:\/\/www.cesni.eu\/nl\/niet-officiele-vertalingen\/"]}]},{"@type":"BreadcrumbList","@id":"https:\/\/www.cesni.eu\/nl\/niet-officiele-vertalingen\/#breadcrumb","itemListElement":[{"@type":"ListItem","position":1,"name":"Accueil","item":"https:\/\/www.cesni.eu\/nl\/"},{"@type":"ListItem","position":2,"name":"Niet-offici\u00eble vertalingen"}]},{"@type":"WebSite","@id":"https:\/\/www.cesni.eu\/nl\/#website","url":"https:\/\/www.cesni.eu\/nl\/","name":"CESNI - Comit\u00e9 Europ\u00e9en pour l\u2019\u00c9laboration de Standards dans le domaine de la Navigation Int\u00e9rieure","description":"","potentialAction":[{"@type":"SearchAction","target":{"@type":"EntryPoint","urlTemplate":"https:\/\/www.cesni.eu\/nl\/?s={search_term_string}"},"query-input":{"@type":"PropertyValueSpecification","valueRequired":true,"valueName":"search_term_string"}}],"inLanguage":"nl-NL"}]}},"post_mailing_queue_ids":[],"_links":{"self":[{"href":"https:\/\/www.cesni.eu\/nl\/wp-json\/wp\/v2\/pages\/5854","targetHints":{"allow":["GET"]}}],"collection":[{"href":"https:\/\/www.cesni.eu\/nl\/wp-json\/wp\/v2\/pages"}],"about":[{"href":"https:\/\/www.cesni.eu\/nl\/wp-json\/wp\/v2\/types\/page"}],"author":[{"embeddable":true,"href":"https:\/\/www.cesni.eu\/nl\/wp-json\/wp\/v2\/users\/3"}],"replies":[{"embeddable":true,"href":"https:\/\/www.cesni.eu\/nl\/wp-json\/wp\/v2\/comments?post=5854"}],"version-history":[{"count":7,"href":"https:\/\/www.cesni.eu\/nl\/wp-json\/wp\/v2\/pages\/5854\/revisions"}],"predecessor-version":[{"id":9980,"href":"https:\/\/www.cesni.eu\/nl\/wp-json\/wp\/v2\/pages\/5854\/revisions\/9980"}],"wp:attachment":[{"href":"https:\/\/www.cesni.eu\/nl\/wp-json\/wp\/v2\/media?parent=5854"}],"curies":[{"name":"wp","href":"https:\/\/api.w.org\/{rel}","templated":true}]}}