{"id":5792,"date":"2021-05-10T15:22:25","date_gmt":"2021-05-10T14:22:25","guid":{"rendered":"https:\/\/www.cesni.eu\/?page_id=5792"},"modified":"2025-03-06T16:32:17","modified_gmt":"2025-03-06T15:32:17","slug":"europees-comite-voor-de-opstelling-van-standaarden-voor-de-binnenvaart-cesni","status":"publish","type":"page","link":"https:\/\/www.cesni.eu\/nl\/","title":{"rendered":"Europees Comit\u00e9 voor de opstelling van standaarden voor de binnenvaart (CESNI)"},"content":{"rendered":"\n<p>CESNI is in 2015 ingesteld met het doel technische standaarden aan te nemen op uiteenlopende gebieden, vooral met betrekking tot schepen, bemanningen en informatietechnologie\u00ebn, waarnaar de verschillende regelgevingen op Europees en internationaal niveau \u2013 en met name die van de Europese Unie en de Centrale Commissie voor de Rijnvaart (CCR) \u2013 kunnen verwijzen met het oog op hun toepassing.<\/p>\n","protected":false},"excerpt":{"rendered":"<p>CESNI is in 2015 ingesteld met het doel technische standaarden aan te nemen op uiteenlopende gebieden, vooral met betrekking tot schepen, bemanningen en informatietechnologie\u00ebn, waarnaar de verschillende regelgevingen op Europees en internationaal niveau \u2013 en met name die van de Europese Unie en de Centrale Commissie voor de Rijnvaart (CCR) \u2013 kunnen verwijzen met het [&hellip;]<\/p>\n","protected":false},"author":13,"featured_media":0,"parent":0,"menu_order":0,"comment_status":"closed","ping_status":"closed","template":"","meta":{"_acf_changed":false,"footnotes":""},"class_list":["post-5792","page","type-page","status-publish","hentry"],"acf":[],"yoast_head":"<!-- This site is optimized with the Yoast SEO plugin v27.0 - https:\/\/yoast.com\/product\/yoast-seo-wordpress\/ -->\n<title>Europees Comit\u00e9 voor de opstelling van standaarden voor de binnenvaart (CESNI) - CESNI - Comit\u00e9 Europ\u00e9en pour l\u2019\u00c9laboration de Standards dans le domaine de la Navigation Int\u00e9rieure<\/title>\n<meta name=\"robots\" content=\"index, follow, max-snippet:-1, max-image-preview:large, max-video-preview:-1\" \/>\n<link rel=\"canonical\" href=\"https:\/\/www.cesni.eu\/nl\/\" \/>\n<meta property=\"og:locale\" content=\"nl_NL\" \/>\n<meta property=\"og:type\" content=\"article\" \/>\n<meta property=\"og:title\" content=\"Europees Comit\u00e9 voor de opstelling van standaarden voor de binnenvaart (CESNI) - CESNI - Comit\u00e9 Europ\u00e9en pour l\u2019\u00c9laboration de Standards dans le domaine de la Navigation Int\u00e9rieure\" \/>\n<meta property=\"og:description\" content=\"CESNI is in 2015 ingesteld met het doel technische standaarden aan te nemen op uiteenlopende gebieden, vooral met betrekking tot schepen, bemanningen en informatietechnologie\u00ebn, waarnaar de verschillende regelgevingen op Europees en internationaal niveau \u2013 en met name die van de Europese Unie en de Centrale Commissie voor de Rijnvaart (CCR) \u2013 kunnen verwijzen met het [&hellip;]\" \/>\n<meta property=\"og:url\" content=\"https:\/\/www.cesni.eu\/nl\/\" \/>\n<meta property=\"og:site_name\" content=\"CESNI - Comit\u00e9 Europ\u00e9en pour l\u2019\u00c9laboration de Standards dans le domaine de la Navigation Int\u00e9rieure\" \/>\n<meta property=\"article:modified_time\" content=\"2025-03-06T15:32:17+00:00\" \/>\n<meta name=\"twitter:card\" content=\"summary_large_image\" \/>\n<meta name=\"twitter:label1\" content=\"Est. reading time\" \/>\n\t<meta name=\"twitter:data1\" content=\"1 minute\" \/>\n<script type=\"application\/ld+json\" class=\"yoast-schema-graph\">{\"@context\":\"https:\/\/schema.org\",\"@graph\":[{\"@type\":\"WebPage\",\"@id\":\"https:\/\/www.cesni.eu\/nl\/\",\"url\":\"https:\/\/www.cesni.eu\/nl\/\",\"name\":\"Europees Comit\u00e9 voor de opstelling van standaarden voor de binnenvaart (CESNI) - CESNI - Comit\u00e9 Europ\u00e9en pour l\u2019\u00c9laboration de Standards dans le domaine de la Navigation Int\u00e9rieure\",\"isPartOf\":{\"@id\":\"https:\/\/www.cesni.eu\/nl\/#website\"},\"datePublished\":\"2021-05-10T14:22:25+00:00\",\"dateModified\":\"2025-03-06T15:32:17+00:00\",\"breadcrumb\":{\"@id\":\"https:\/\/www.cesni.eu\/nl\/#breadcrumb\"},\"inLanguage\":\"nl-NL\",\"potentialAction\":[{\"@type\":\"ReadAction\",\"target\":[\"https:\/\/www.cesni.eu\/nl\/\"]}]},{\"@type\":\"BreadcrumbList\",\"@id\":\"https:\/\/www.cesni.eu\/nl\/#breadcrumb\",\"itemListElement\":[{\"@type\":\"ListItem\",\"position\":1,\"name\":\"Accueil\",\"item\":\"https:\/\/www.cesni.eu\/nl\/\"},{\"@type\":\"ListItem\",\"position\":2,\"name\":\"Europees Comit\u00e9 voor de opstelling van standaarden voor de binnenvaart (CESNI)\"}]},{\"@type\":\"WebSite\",\"@id\":\"https:\/\/www.cesni.eu\/nl\/#website\",\"url\":\"https:\/\/www.cesni.eu\/nl\/\",\"name\":\"CESNI - Comit\u00e9 Europ\u00e9en pour l\u2019\u00c9laboration de Standards dans le domaine de la Navigation Int\u00e9rieure\",\"description\":\"\",\"potentialAction\":[{\"@type\":\"SearchAction\",\"target\":{\"@type\":\"EntryPoint\",\"urlTemplate\":\"https:\/\/www.cesni.eu\/nl\/?s={search_term_string}\"},\"query-input\":{\"@type\":\"PropertyValueSpecification\",\"valueRequired\":true,\"valueName\":\"search_term_string\"}}],\"inLanguage\":\"nl-NL\"}]}<\/script>\n<!-- \/ Yoast SEO plugin. -->","yoast_head_json":{"title":"Europees Comit\u00e9 voor de opstelling van standaarden voor de binnenvaart (CESNI) - CESNI - Comit\u00e9 Europ\u00e9en pour l\u2019\u00c9laboration de Standards dans le domaine de la Navigation Int\u00e9rieure","robots":{"index":"index","follow":"follow","max-snippet":"max-snippet:-1","max-image-preview":"max-image-preview:large","max-video-preview":"max-video-preview:-1"},"canonical":"https:\/\/www.cesni.eu\/nl\/","og_locale":"nl_NL","og_type":"article","og_title":"Europees Comit\u00e9 voor de opstelling van standaarden voor de binnenvaart (CESNI) - CESNI - Comit\u00e9 Europ\u00e9en pour l\u2019\u00c9laboration de Standards dans le domaine de la Navigation Int\u00e9rieure","og_description":"CESNI is in 2015 ingesteld met het doel technische standaarden aan te nemen op uiteenlopende gebieden, vooral met betrekking tot schepen, bemanningen en informatietechnologie\u00ebn, waarnaar de verschillende regelgevingen op Europees en internationaal niveau \u2013 en met name die van de Europese Unie en de Centrale Commissie voor de Rijnvaart (CCR) \u2013 kunnen verwijzen met het [&hellip;]","og_url":"https:\/\/www.cesni.eu\/nl\/","og_site_name":"CESNI - Comit\u00e9 Europ\u00e9en pour l\u2019\u00c9laboration de Standards dans le domaine de la Navigation Int\u00e9rieure","article_modified_time":"2025-03-06T15:32:17+00:00","twitter_card":"summary_large_image","twitter_misc":{"Est. reading time":"1 minute"},"schema":{"@context":"https:\/\/schema.org","@graph":[{"@type":"WebPage","@id":"https:\/\/www.cesni.eu\/nl\/","url":"https:\/\/www.cesni.eu\/nl\/","name":"Europees Comit\u00e9 voor de opstelling van standaarden voor de binnenvaart (CESNI) - CESNI - Comit\u00e9 Europ\u00e9en pour l\u2019\u00c9laboration de Standards dans le domaine de la Navigation Int\u00e9rieure","isPartOf":{"@id":"https:\/\/www.cesni.eu\/nl\/#website"},"datePublished":"2021-05-10T14:22:25+00:00","dateModified":"2025-03-06T15:32:17+00:00","breadcrumb":{"@id":"https:\/\/www.cesni.eu\/nl\/#breadcrumb"},"inLanguage":"nl-NL","potentialAction":[{"@type":"ReadAction","target":["https:\/\/www.cesni.eu\/nl\/"]}]},{"@type":"BreadcrumbList","@id":"https:\/\/www.cesni.eu\/nl\/#breadcrumb","itemListElement":[{"@type":"ListItem","position":1,"name":"Accueil","item":"https:\/\/www.cesni.eu\/nl\/"},{"@type":"ListItem","position":2,"name":"Europees Comit\u00e9 voor de opstelling van standaarden voor de binnenvaart (CESNI)"}]},{"@type":"WebSite","@id":"https:\/\/www.cesni.eu\/nl\/#website","url":"https:\/\/www.cesni.eu\/nl\/","name":"CESNI - Comit\u00e9 Europ\u00e9en pour l\u2019\u00c9laboration de Standards dans le domaine de la Navigation Int\u00e9rieure","description":"","potentialAction":[{"@type":"SearchAction","target":{"@type":"EntryPoint","urlTemplate":"https:\/\/www.cesni.eu\/nl\/?s={search_term_string}"},"query-input":{"@type":"PropertyValueSpecification","valueRequired":true,"valueName":"search_term_string"}}],"inLanguage":"nl-NL"}]}},"post_mailing_queue_ids":[],"_links":{"self":[{"href":"https:\/\/www.cesni.eu\/nl\/wp-json\/wp\/v2\/pages\/5792","targetHints":{"allow":["GET"]}}],"collection":[{"href":"https:\/\/www.cesni.eu\/nl\/wp-json\/wp\/v2\/pages"}],"about":[{"href":"https:\/\/www.cesni.eu\/nl\/wp-json\/wp\/v2\/types\/page"}],"author":[{"embeddable":true,"href":"https:\/\/www.cesni.eu\/nl\/wp-json\/wp\/v2\/users\/13"}],"replies":[{"embeddable":true,"href":"https:\/\/www.cesni.eu\/nl\/wp-json\/wp\/v2\/comments?post=5792"}],"version-history":[{"count":11,"href":"https:\/\/www.cesni.eu\/nl\/wp-json\/wp\/v2\/pages\/5792\/revisions"}],"predecessor-version":[{"id":11327,"href":"https:\/\/www.cesni.eu\/nl\/wp-json\/wp\/v2\/pages\/5792\/revisions\/11327"}],"wp:attachment":[{"href":"https:\/\/www.cesni.eu\/nl\/wp-json\/wp\/v2\/media?parent=5792"}],"curies":[{"name":"wp","href":"https:\/\/api.w.org\/{rel}","templated":true}]}}