{"id":5766,"date":"2021-05-20T10:33:25","date_gmt":"2021-05-20T09:33:25","guid":{"rendered":"https:\/\/www.cesni.eu\/?page_id=5766"},"modified":"2021-06-07T14:48:33","modified_gmt":"2021-06-07T13:48:33","slug":"lidstaten","status":"publish","type":"page","link":"https:\/\/www.cesni.eu\/nl\/over-cesni\/lidstaten\/","title":{"rendered":"Lidstaten"},"content":{"rendered":"\n<p>Het Comit\u00e9 is samengesteld uit deskundigen van de lidstaten van de Centrale Commissie voor de Rijnvaart (CCR) en van de Europese Unie (EU):<\/p>\n\n\n\n<figure class=\"wp-block-table\"><table><tbody><tr><td>Belgi\u00eb<\/td><td>Litouwen<\/td><\/tr><tr><td>Bulgarije<\/td><td>Luxemburg<\/td><\/tr><tr><td>Cyprus<\/td><td>Malta<\/td><\/tr><tr><td>Denemarken<\/td><td>Nederland<\/td><\/tr><tr><td>Duitsland<\/td><td>Oostenrijk<\/td><\/tr><tr><td>Estland<\/td><td>Polen<\/td><\/tr><tr><td>Finland<\/td><td>Portugal<\/td><\/tr><tr><td>Frankrijk<\/td><td>Roemeni\u00eb<\/td><\/tr><tr><td>Griekenland<\/td><td>Sloveni\u00eb<\/td><\/tr><tr><td>Hongarije<\/td><td>Slowakije<\/td><\/tr><tr><td>Ierland<\/td><td>Spanje<\/td><\/tr><tr><td>Itali\u00eb<\/td><td>Tsjechi\u00eb<\/td><\/tr><tr><td>Kroati\u00eb<\/td><td>Zweden<\/td><\/tr><tr><td>Letland<\/td><td>Zwitserland<\/td><\/tr><\/tbody><\/table><\/figure>\n","protected":false},"excerpt":{"rendered":"<p>Het Comit\u00e9 is samengesteld uit deskundigen van de lidstaten van de Centrale Commissie voor de Rijnvaart (CCR) en van de Europese Unie (EU): Belgi\u00eb Litouwen Bulgarije Luxemburg Cyprus Malta Denemarken Nederland Duitsland Oostenrijk Estland Polen Finland Portugal Frankrijk Roemeni\u00eb Griekenland Sloveni\u00eb Hongarije Slowakije Ierland Spanje Itali\u00eb Tsjechi\u00eb Kroati\u00eb Zweden Letland Zwitserland<\/p>\n","protected":false},"author":8,"featured_media":0,"parent":144,"menu_order":3,"comment_status":"closed","ping_status":"closed","template":"","meta":{"_acf_changed":false,"footnotes":""},"class_list":["post-5766","page","type-page","status-publish","hentry"],"acf":[],"yoast_head":"<!-- This site is optimized with the Yoast SEO plugin v27.3 - https:\/\/yoast.com\/product\/yoast-seo-wordpress\/ -->\n<title>Lidstaten - CESNI - Comit\u00e9 Europ\u00e9en pour l\u2019\u00c9laboration de Standards dans le domaine de la Navigation Int\u00e9rieure<\/title>\n<meta name=\"robots\" content=\"index, follow, max-snippet:-1, max-image-preview:large, max-video-preview:-1\" \/>\n<link rel=\"canonical\" href=\"https:\/\/www.cesni.eu\/nl\/over-cesni\/lidstaten\/\" \/>\n<meta property=\"og:locale\" content=\"nl_NL\" \/>\n<meta property=\"og:type\" content=\"article\" \/>\n<meta property=\"og:title\" content=\"Lidstaten - CESNI - Comit\u00e9 Europ\u00e9en pour l\u2019\u00c9laboration de Standards dans le domaine de la Navigation Int\u00e9rieure\" \/>\n<meta property=\"og:description\" content=\"Het Comit\u00e9 is samengesteld uit deskundigen van de lidstaten van de Centrale Commissie voor de Rijnvaart (CCR) en van de Europese Unie (EU): Belgi\u00eb Litouwen Bulgarije Luxemburg Cyprus Malta Denemarken Nederland Duitsland Oostenrijk Estland Polen Finland Portugal Frankrijk Roemeni\u00eb Griekenland Sloveni\u00eb Hongarije Slowakije Ierland Spanje Itali\u00eb Tsjechi\u00eb Kroati\u00eb Zweden Letland Zwitserland\" \/>\n<meta property=\"og:url\" content=\"https:\/\/www.cesni.eu\/nl\/over-cesni\/lidstaten\/\" \/>\n<meta property=\"og:site_name\" content=\"CESNI - Comit\u00e9 Europ\u00e9en pour l\u2019\u00c9laboration de Standards dans le domaine de la Navigation Int\u00e9rieure\" \/>\n<meta property=\"article:modified_time\" content=\"2021-06-07T13:48:33+00:00\" \/>\n<meta name=\"twitter:card\" content=\"summary_large_image\" \/>\n<meta name=\"twitter:label1\" content=\"Est. reading time\" \/>\n\t<meta name=\"twitter:data1\" content=\"1 minute\" \/>\n<script type=\"application\/ld+json\" class=\"yoast-schema-graph\">{\"@context\":\"https:\\\/\\\/schema.org\",\"@graph\":[{\"@type\":\"WebPage\",\"@id\":\"https:\\\/\\\/www.cesni.eu\\\/nl\\\/over-cesni\\\/lidstaten\\\/\",\"url\":\"https:\\\/\\\/www.cesni.eu\\\/nl\\\/over-cesni\\\/lidstaten\\\/\",\"name\":\"Lidstaten - CESNI - Comit\u00e9 Europ\u00e9en pour l\u2019\u00c9laboration de Standards dans le domaine de la Navigation Int\u00e9rieure\",\"isPartOf\":{\"@id\":\"https:\\\/\\\/www.cesni.eu\\\/nl\\\/#website\"},\"datePublished\":\"2021-05-20T09:33:25+00:00\",\"dateModified\":\"2021-06-07T13:48:33+00:00\",\"breadcrumb\":{\"@id\":\"https:\\\/\\\/www.cesni.eu\\\/nl\\\/over-cesni\\\/lidstaten\\\/#breadcrumb\"},\"inLanguage\":\"nl-NL\",\"potentialAction\":[{\"@type\":\"ReadAction\",\"target\":[\"https:\\\/\\\/www.cesni.eu\\\/nl\\\/over-cesni\\\/lidstaten\\\/\"]}]},{\"@type\":\"BreadcrumbList\",\"@id\":\"https:\\\/\\\/www.cesni.eu\\\/nl\\\/over-cesni\\\/lidstaten\\\/#breadcrumb\",\"itemListElement\":[{\"@type\":\"ListItem\",\"position\":1,\"name\":\"Accueil\",\"item\":\"https:\\\/\\\/www.cesni.eu\\\/nl\\\/\"},{\"@type\":\"ListItem\",\"position\":2,\"name\":\"Over CESNI\",\"item\":\"https:\\\/\\\/www.cesni.eu\\\/nl\\\/over-cesni\\\/\"},{\"@type\":\"ListItem\",\"position\":3,\"name\":\"Lidstaten\"}]},{\"@type\":\"WebSite\",\"@id\":\"https:\\\/\\\/www.cesni.eu\\\/nl\\\/#website\",\"url\":\"https:\\\/\\\/www.cesni.eu\\\/nl\\\/\",\"name\":\"CESNI - Comit\u00e9 Europ\u00e9en pour l\u2019\u00c9laboration de Standards dans le domaine de la Navigation Int\u00e9rieure\",\"description\":\"\",\"potentialAction\":[{\"@type\":\"SearchAction\",\"target\":{\"@type\":\"EntryPoint\",\"urlTemplate\":\"https:\\\/\\\/www.cesni.eu\\\/nl\\\/?s={search_term_string}\"},\"query-input\":{\"@type\":\"PropertyValueSpecification\",\"valueRequired\":true,\"valueName\":\"search_term_string\"}}],\"inLanguage\":\"nl-NL\"}]}<\/script>\n<!-- \/ Yoast SEO plugin. -->","yoast_head_json":{"title":"Lidstaten - CESNI - Comit\u00e9 Europ\u00e9en pour l\u2019\u00c9laboration de Standards dans le domaine de la Navigation Int\u00e9rieure","robots":{"index":"index","follow":"follow","max-snippet":"max-snippet:-1","max-image-preview":"max-image-preview:large","max-video-preview":"max-video-preview:-1"},"canonical":"https:\/\/www.cesni.eu\/nl\/over-cesni\/lidstaten\/","og_locale":"nl_NL","og_type":"article","og_title":"Lidstaten - CESNI - Comit\u00e9 Europ\u00e9en pour l\u2019\u00c9laboration de Standards dans le domaine de la Navigation Int\u00e9rieure","og_description":"Het Comit\u00e9 is samengesteld uit deskundigen van de lidstaten van de Centrale Commissie voor de Rijnvaart (CCR) en van de Europese Unie (EU): Belgi\u00eb Litouwen Bulgarije Luxemburg Cyprus Malta Denemarken Nederland Duitsland Oostenrijk Estland Polen Finland Portugal Frankrijk Roemeni\u00eb Griekenland Sloveni\u00eb Hongarije Slowakije Ierland Spanje Itali\u00eb Tsjechi\u00eb Kroati\u00eb Zweden Letland Zwitserland","og_url":"https:\/\/www.cesni.eu\/nl\/over-cesni\/lidstaten\/","og_site_name":"CESNI - Comit\u00e9 Europ\u00e9en pour l\u2019\u00c9laboration de Standards dans le domaine de la Navigation Int\u00e9rieure","article_modified_time":"2021-06-07T13:48:33+00:00","twitter_card":"summary_large_image","twitter_misc":{"Est. reading time":"1 minute"},"schema":{"@context":"https:\/\/schema.org","@graph":[{"@type":"WebPage","@id":"https:\/\/www.cesni.eu\/nl\/over-cesni\/lidstaten\/","url":"https:\/\/www.cesni.eu\/nl\/over-cesni\/lidstaten\/","name":"Lidstaten - CESNI - Comit\u00e9 Europ\u00e9en pour l\u2019\u00c9laboration de Standards dans le domaine de la Navigation Int\u00e9rieure","isPartOf":{"@id":"https:\/\/www.cesni.eu\/nl\/#website"},"datePublished":"2021-05-20T09:33:25+00:00","dateModified":"2021-06-07T13:48:33+00:00","breadcrumb":{"@id":"https:\/\/www.cesni.eu\/nl\/over-cesni\/lidstaten\/#breadcrumb"},"inLanguage":"nl-NL","potentialAction":[{"@type":"ReadAction","target":["https:\/\/www.cesni.eu\/nl\/over-cesni\/lidstaten\/"]}]},{"@type":"BreadcrumbList","@id":"https:\/\/www.cesni.eu\/nl\/over-cesni\/lidstaten\/#breadcrumb","itemListElement":[{"@type":"ListItem","position":1,"name":"Accueil","item":"https:\/\/www.cesni.eu\/nl\/"},{"@type":"ListItem","position":2,"name":"Over CESNI","item":"https:\/\/www.cesni.eu\/nl\/over-cesni\/"},{"@type":"ListItem","position":3,"name":"Lidstaten"}]},{"@type":"WebSite","@id":"https:\/\/www.cesni.eu\/nl\/#website","url":"https:\/\/www.cesni.eu\/nl\/","name":"CESNI - Comit\u00e9 Europ\u00e9en pour l\u2019\u00c9laboration de Standards dans le domaine de la Navigation Int\u00e9rieure","description":"","potentialAction":[{"@type":"SearchAction","target":{"@type":"EntryPoint","urlTemplate":"https:\/\/www.cesni.eu\/nl\/?s={search_term_string}"},"query-input":{"@type":"PropertyValueSpecification","valueRequired":true,"valueName":"search_term_string"}}],"inLanguage":"nl-NL"}]}},"post_mailing_queue_ids":[],"_links":{"self":[{"href":"https:\/\/www.cesni.eu\/nl\/wp-json\/wp\/v2\/pages\/5766","targetHints":{"allow":["GET"]}}],"collection":[{"href":"https:\/\/www.cesni.eu\/nl\/wp-json\/wp\/v2\/pages"}],"about":[{"href":"https:\/\/www.cesni.eu\/nl\/wp-json\/wp\/v2\/types\/page"}],"author":[{"embeddable":true,"href":"https:\/\/www.cesni.eu\/nl\/wp-json\/wp\/v2\/users\/8"}],"replies":[{"embeddable":true,"href":"https:\/\/www.cesni.eu\/nl\/wp-json\/wp\/v2\/comments?post=5766"}],"version-history":[{"count":4,"href":"https:\/\/www.cesni.eu\/nl\/wp-json\/wp\/v2\/pages\/5766\/revisions"}],"predecessor-version":[{"id":6308,"href":"https:\/\/www.cesni.eu\/nl\/wp-json\/wp\/v2\/pages\/5766\/revisions\/6308"}],"up":[{"embeddable":true,"href":"https:\/\/www.cesni.eu\/nl\/wp-json\/wp\/v2\/pages\/144"}],"wp:attachment":[{"href":"https:\/\/www.cesni.eu\/nl\/wp-json\/wp\/v2\/media?parent=5766"}],"curies":[{"name":"wp","href":"https:\/\/api.w.org\/{rel}","templated":true}]}}