{"id":2524,"date":"2019-06-18T13:48:56","date_gmt":"2019-06-18T12:48:56","guid":{"rendered":"https:\/\/www.cesni.eu\/nl\/?page_id=2524"},"modified":"2023-05-05T08:33:05","modified_gmt":"2023-05-05T07:33:05","slug":"activiteiten","status":"publish","type":"page","link":"https:\/\/www.cesni.eu\/nl\/activiteiten\/","title":{"rendered":"Activiteiten"},"content":{"rendered":"<p>De activiteiten van het Europees Comit\u00e9 voor de opstelling van normen op het gebied van de binnenvaart (CESNI) voor de komende drie jaar hebben met name <a href=\"https:\/\/www.cesni.eu\/nl\/technische-voorschriften\/\">technische voorschriften voor schepen (CESNI\/PT)<\/a>, <a href=\"https:\/\/www.cesni.eu\/nl\/beroepskwalificaties\/\">beroepskwalificaties voor varend personeel (CESNI\/QP)<\/a> en <a href=\"https:\/\/www.cesni.eu\/nl\/informatietechnologieen\/\">informatietechnologie voor de binnenvaart (CESNI\/TI)<\/a>.<\/p>\n<p>\u00a0<\/p>\n<p style=\"text-align: center;\"><strong>STRUCTUUR VAN CESNI<\/strong><\/p>\n<p><img loading=\"lazy\" decoding=\"async\" class=\"alignnone wp-image-9134 size-medium\" src=\"https:\/\/www.cesni.eu\/wp-content\/uploads\/2023\/05\/structure-CESNI_2023_05_nl-800x600.jpg\" alt=\"\" width=\"800\" height=\"600\" srcset=\"https:\/\/www.cesni.eu\/wp-content\/uploads\/2023\/05\/structure-CESNI_2023_05_nl-800x600.jpg 800w, https:\/\/www.cesni.eu\/wp-content\/uploads\/2023\/05\/structure-CESNI_2023_05_nl.jpg 960w\" sizes=\"auto, (max-width: 800px) 100vw, 800px\" \/><\/p>\n\n\n<p class=\"has-small-font-size\">Tijdelijke werkgroepen PT: brandstofcellen (FC), overgangsbepalingen (DT), nieuwe model binnenschipcertificaat (MOD)<\/p>\n\n\n\n<p class=\"has-small-font-size\">Tijdelijke werkgroepen QP: kwaliteitsmanagement (QM), bemanningsvoorschriften (Crew)<\/p>\n\n\n\n<p class=\"has-small-font-size\">Tijdelijke werkgroepen TI: Electronic Reporting International (ERI), Electronic Chart Display and Information System for Inland Navigation (iECDIS), Notices to Skippers (NtS), Vessel Tracking and Tracing (VTT)<\/p>\n","protected":false},"excerpt":{"rendered":"<p>De activiteiten van het Europees Comit\u00e9 voor de opstelling van normen op het gebied van de binnenvaart (CESNI) voor de komende drie jaar hebben met name technische voorschriften voor schepen (CESNI\/PT), beroepskwalificaties voor varend personeel (CESNI\/QP) en informatietechnologie voor de binnenvaart (CESNI\/TI). \u00a0 STRUCTUUR VAN CESNI Tijdelijke werkgroepen PT: brandstofcellen (FC), overgangsbepalingen (DT), nieuwe model [&hellip;]<\/p>\n","protected":false},"author":8,"featured_media":0,"parent":0,"menu_order":0,"comment_status":"closed","ping_status":"closed","template":"","meta":{"_acf_changed":false,"footnotes":""},"class_list":["post-2524","page","type-page","status-publish","hentry"],"acf":[],"yoast_head":"<!-- This site is optimized with the Yoast SEO plugin v27.3 - https:\/\/yoast.com\/product\/yoast-seo-wordpress\/ -->\n<title>Activiteiten - CESNI - Comit\u00e9 Europ\u00e9en pour l\u2019\u00c9laboration de Standards dans le domaine de la Navigation Int\u00e9rieure<\/title>\n<meta name=\"robots\" content=\"index, follow, max-snippet:-1, max-image-preview:large, max-video-preview:-1\" \/>\n<link rel=\"canonical\" href=\"https:\/\/www.cesni.eu\/nl\/activiteiten\/\" \/>\n<meta property=\"og:locale\" content=\"nl_NL\" \/>\n<meta property=\"og:type\" content=\"article\" \/>\n<meta property=\"og:title\" content=\"Activiteiten - CESNI - Comit\u00e9 Europ\u00e9en pour l\u2019\u00c9laboration de Standards dans le domaine de la Navigation Int\u00e9rieure\" \/>\n<meta property=\"og:description\" content=\"De activiteiten van het Europees Comit\u00e9 voor de opstelling van normen op het gebied van de binnenvaart (CESNI) voor de komende drie jaar hebben met name technische voorschriften voor schepen (CESNI\/PT), beroepskwalificaties voor varend personeel (CESNI\/QP) en informatietechnologie voor de binnenvaart (CESNI\/TI). \u00a0 STRUCTUUR VAN CESNI Tijdelijke werkgroepen PT: brandstofcellen (FC), overgangsbepalingen (DT), nieuwe model [&hellip;]\" \/>\n<meta property=\"og:url\" content=\"https:\/\/www.cesni.eu\/nl\/activiteiten\/\" \/>\n<meta property=\"og:site_name\" content=\"CESNI - Comit\u00e9 Europ\u00e9en pour l\u2019\u00c9laboration de Standards dans le domaine de la Navigation Int\u00e9rieure\" \/>\n<meta property=\"article:modified_time\" content=\"2023-05-05T07:33:05+00:00\" \/>\n<meta property=\"og:image\" content=\"https:\/\/www.cesni.eu\/wp-content\/uploads\/2023\/05\/structure-CESNI_2023_05_nl-800x600.jpg\" \/>\n<meta name=\"twitter:card\" content=\"summary_large_image\" \/>\n<meta name=\"twitter:label1\" content=\"Est. reading time\" \/>\n\t<meta name=\"twitter:data1\" content=\"1 minute\" \/>\n<script type=\"application\/ld+json\" class=\"yoast-schema-graph\">{\"@context\":\"https:\\\/\\\/schema.org\",\"@graph\":[{\"@type\":\"WebPage\",\"@id\":\"https:\\\/\\\/www.cesni.eu\\\/nl\\\/activiteiten\\\/\",\"url\":\"https:\\\/\\\/www.cesni.eu\\\/nl\\\/activiteiten\\\/\",\"name\":\"Activiteiten - CESNI - Comit\u00e9 Europ\u00e9en pour l\u2019\u00c9laboration de Standards dans le domaine de la Navigation Int\u00e9rieure\",\"isPartOf\":{\"@id\":\"https:\\\/\\\/www.cesni.eu\\\/nl\\\/#website\"},\"primaryImageOfPage\":{\"@id\":\"https:\\\/\\\/www.cesni.eu\\\/nl\\\/activiteiten\\\/#primaryimage\"},\"image\":{\"@id\":\"https:\\\/\\\/www.cesni.eu\\\/nl\\\/activiteiten\\\/#primaryimage\"},\"thumbnailUrl\":\"https:\\\/\\\/www.cesni.eu\\\/wp-content\\\/uploads\\\/2023\\\/05\\\/structure-CESNI_2023_05_nl-800x600.jpg\",\"datePublished\":\"2019-06-18T12:48:56+00:00\",\"dateModified\":\"2023-05-05T07:33:05+00:00\",\"breadcrumb\":{\"@id\":\"https:\\\/\\\/www.cesni.eu\\\/nl\\\/activiteiten\\\/#breadcrumb\"},\"inLanguage\":\"nl-NL\",\"potentialAction\":[{\"@type\":\"ReadAction\",\"target\":[\"https:\\\/\\\/www.cesni.eu\\\/nl\\\/activiteiten\\\/\"]}]},{\"@type\":\"ImageObject\",\"inLanguage\":\"nl-NL\",\"@id\":\"https:\\\/\\\/www.cesni.eu\\\/nl\\\/activiteiten\\\/#primaryimage\",\"url\":\"https:\\\/\\\/www.cesni.eu\\\/wp-content\\\/uploads\\\/2023\\\/05\\\/structure-CESNI_2023_05_nl-800x600.jpg\",\"contentUrl\":\"https:\\\/\\\/www.cesni.eu\\\/wp-content\\\/uploads\\\/2023\\\/05\\\/structure-CESNI_2023_05_nl-800x600.jpg\"},{\"@type\":\"BreadcrumbList\",\"@id\":\"https:\\\/\\\/www.cesni.eu\\\/nl\\\/activiteiten\\\/#breadcrumb\",\"itemListElement\":[{\"@type\":\"ListItem\",\"position\":1,\"name\":\"Accueil\",\"item\":\"https:\\\/\\\/www.cesni.eu\\\/nl\\\/\"},{\"@type\":\"ListItem\",\"position\":2,\"name\":\"Activiteiten\"}]},{\"@type\":\"WebSite\",\"@id\":\"https:\\\/\\\/www.cesni.eu\\\/nl\\\/#website\",\"url\":\"https:\\\/\\\/www.cesni.eu\\\/nl\\\/\",\"name\":\"CESNI - Comit\u00e9 Europ\u00e9en pour l\u2019\u00c9laboration de Standards dans le domaine de la Navigation Int\u00e9rieure\",\"description\":\"\",\"potentialAction\":[{\"@type\":\"SearchAction\",\"target\":{\"@type\":\"EntryPoint\",\"urlTemplate\":\"https:\\\/\\\/www.cesni.eu\\\/nl\\\/?s={search_term_string}\"},\"query-input\":{\"@type\":\"PropertyValueSpecification\",\"valueRequired\":true,\"valueName\":\"search_term_string\"}}],\"inLanguage\":\"nl-NL\"}]}<\/script>\n<!-- \/ Yoast SEO plugin. -->","yoast_head_json":{"title":"Activiteiten - CESNI - Comit\u00e9 Europ\u00e9en pour l\u2019\u00c9laboration de Standards dans le domaine de la Navigation Int\u00e9rieure","robots":{"index":"index","follow":"follow","max-snippet":"max-snippet:-1","max-image-preview":"max-image-preview:large","max-video-preview":"max-video-preview:-1"},"canonical":"https:\/\/www.cesni.eu\/nl\/activiteiten\/","og_locale":"nl_NL","og_type":"article","og_title":"Activiteiten - CESNI - Comit\u00e9 Europ\u00e9en pour l\u2019\u00c9laboration de Standards dans le domaine de la Navigation Int\u00e9rieure","og_description":"De activiteiten van het Europees Comit\u00e9 voor de opstelling van normen op het gebied van de binnenvaart (CESNI) voor de komende drie jaar hebben met name technische voorschriften voor schepen (CESNI\/PT), beroepskwalificaties voor varend personeel (CESNI\/QP) en informatietechnologie voor de binnenvaart (CESNI\/TI). \u00a0 STRUCTUUR VAN CESNI Tijdelijke werkgroepen PT: brandstofcellen (FC), overgangsbepalingen (DT), nieuwe model [&hellip;]","og_url":"https:\/\/www.cesni.eu\/nl\/activiteiten\/","og_site_name":"CESNI - Comit\u00e9 Europ\u00e9en pour l\u2019\u00c9laboration de Standards dans le domaine de la Navigation Int\u00e9rieure","article_modified_time":"2023-05-05T07:33:05+00:00","og_image":[{"url":"https:\/\/www.cesni.eu\/wp-content\/uploads\/2023\/05\/structure-CESNI_2023_05_nl-800x600.jpg","type":"","width":"","height":""}],"twitter_card":"summary_large_image","twitter_misc":{"Est. reading time":"1 minute"},"schema":{"@context":"https:\/\/schema.org","@graph":[{"@type":"WebPage","@id":"https:\/\/www.cesni.eu\/nl\/activiteiten\/","url":"https:\/\/www.cesni.eu\/nl\/activiteiten\/","name":"Activiteiten - CESNI - Comit\u00e9 Europ\u00e9en pour l\u2019\u00c9laboration de Standards dans le domaine de la Navigation Int\u00e9rieure","isPartOf":{"@id":"https:\/\/www.cesni.eu\/nl\/#website"},"primaryImageOfPage":{"@id":"https:\/\/www.cesni.eu\/nl\/activiteiten\/#primaryimage"},"image":{"@id":"https:\/\/www.cesni.eu\/nl\/activiteiten\/#primaryimage"},"thumbnailUrl":"https:\/\/www.cesni.eu\/wp-content\/uploads\/2023\/05\/structure-CESNI_2023_05_nl-800x600.jpg","datePublished":"2019-06-18T12:48:56+00:00","dateModified":"2023-05-05T07:33:05+00:00","breadcrumb":{"@id":"https:\/\/www.cesni.eu\/nl\/activiteiten\/#breadcrumb"},"inLanguage":"nl-NL","potentialAction":[{"@type":"ReadAction","target":["https:\/\/www.cesni.eu\/nl\/activiteiten\/"]}]},{"@type":"ImageObject","inLanguage":"nl-NL","@id":"https:\/\/www.cesni.eu\/nl\/activiteiten\/#primaryimage","url":"https:\/\/www.cesni.eu\/wp-content\/uploads\/2023\/05\/structure-CESNI_2023_05_nl-800x600.jpg","contentUrl":"https:\/\/www.cesni.eu\/wp-content\/uploads\/2023\/05\/structure-CESNI_2023_05_nl-800x600.jpg"},{"@type":"BreadcrumbList","@id":"https:\/\/www.cesni.eu\/nl\/activiteiten\/#breadcrumb","itemListElement":[{"@type":"ListItem","position":1,"name":"Accueil","item":"https:\/\/www.cesni.eu\/nl\/"},{"@type":"ListItem","position":2,"name":"Activiteiten"}]},{"@type":"WebSite","@id":"https:\/\/www.cesni.eu\/nl\/#website","url":"https:\/\/www.cesni.eu\/nl\/","name":"CESNI - Comit\u00e9 Europ\u00e9en pour l\u2019\u00c9laboration de Standards dans le domaine de la Navigation Int\u00e9rieure","description":"","potentialAction":[{"@type":"SearchAction","target":{"@type":"EntryPoint","urlTemplate":"https:\/\/www.cesni.eu\/nl\/?s={search_term_string}"},"query-input":{"@type":"PropertyValueSpecification","valueRequired":true,"valueName":"search_term_string"}}],"inLanguage":"nl-NL"}]}},"post_mailing_queue_ids":[],"_links":{"self":[{"href":"https:\/\/www.cesni.eu\/nl\/wp-json\/wp\/v2\/pages\/2524","targetHints":{"allow":["GET"]}}],"collection":[{"href":"https:\/\/www.cesni.eu\/nl\/wp-json\/wp\/v2\/pages"}],"about":[{"href":"https:\/\/www.cesni.eu\/nl\/wp-json\/wp\/v2\/types\/page"}],"author":[{"embeddable":true,"href":"https:\/\/www.cesni.eu\/nl\/wp-json\/wp\/v2\/users\/8"}],"replies":[{"embeddable":true,"href":"https:\/\/www.cesni.eu\/nl\/wp-json\/wp\/v2\/comments?post=2524"}],"version-history":[{"count":8,"href":"https:\/\/www.cesni.eu\/nl\/wp-json\/wp\/v2\/pages\/2524\/revisions"}],"predecessor-version":[{"id":9152,"href":"https:\/\/www.cesni.eu\/nl\/wp-json\/wp\/v2\/pages\/2524\/revisions\/9152"}],"wp:attachment":[{"href":"https:\/\/www.cesni.eu\/nl\/wp-json\/wp\/v2\/media?parent=2524"}],"curies":[{"name":"wp","href":"https:\/\/api.w.org\/{rel}","templated":true}]}}