{"id":1502,"date":"2018-04-26T11:04:49","date_gmt":"2018-04-26T10:04:49","guid":{"rendered":"https:\/\/www.cesni.eu.dev.groupe-com.com\/nl\/?page_id=1502"},"modified":"2023-09-29T10:44:01","modified_gmt":"2023-09-29T09:44:01","slug":"suk-bijeenkomst-2018","status":"publish","type":"page","link":"https:\/\/www.cesni.eu\/nl\/suk-bijeenkomst-2018\/","title":{"rendered":"SUK bijeenkomst (2018)"},"content":{"rendered":"<p><img loading=\"lazy\" decoding=\"async\" class=\"alignnone wp-image-1182\" src=\"https:\/\/www.cesni.eu\/wp-content\/uploads\/2018\/05\/SUK_tagung_banner.jpg\" alt=\"\" width=\"546\" height=\"189\"><br \/>\n<!--\n\n\n<h2><strong>GEMEENSCHAPPELIJKE BIJEENKOMST VAN DE COMMISSIES VAN DESKUNDIGEN<\/strong><\/h2>\n\n\n--><\/p>\n<p>&nbsp;<\/p>\n<p>Van 24 tot en met 26 april 2018 heeft in Wenen de derde gemeenschappelijke bijeenkomst plaatsgevonden van de commissies die met het onderzoek van binnenschepen zijn belast. De bijeenkomst was georganiseerd onder auspici\u00ebn van het Europees Comit\u00e9 voor de opstelling van standaarden voor de binnenvaart (CESNI), na eerdere bijeenkomsten in Boedapest (2008) en in Wroclaw (2012).<\/p>\n<p>Bijna 80 deskundigen uit 12 lidstaten van CESNI en van classificatiebureaus en rivierencommissies hebben talrijke vragen beantwoord met betrekking tot de concrete toepassing van de technische voorschriften voor binnenschepen en deelgenomen aan verrijkende uitwisselingen van meningen en ervaringen in het kader van meerdere discussiegroepen.<\/p>\n<a href=\"https:\/\/www.cesni.eu\/nl\/actualites\/internationale-samenwerking-bij-het-onderzoek-van-binnenschepen\/\" target=\"_blank\" class=\"contentdoc download tooltip\" data-title=\"downloaden\"><svg width=\"20\" height=\"17\"><use xlink:href=\"#download\"><\/use><\/svg><span>Persbericht <\/span><\/a>\n<p>&nbsp;<\/p>\n<h4>Welkomstspeeches, dinsdag 24 april<\/h4>\n<p>&nbsp;<\/p>\n<ul>\n<li>Vera Hofbauer, Oostenrijkse federale ministerie van Vervoer, Innovatie en Technologie [Geen presentatiedocumenten]<\/li>\n<li>Bruno Georges, CCR, secretaris-generaal <a href=\"https:\/\/www.cesni.eu\/wp-content\/uploads\/2018\/05\/1_Georges_CCNR_SUKTagung.pdf\" target=\"_blank\" class=\"contentdoc download tooltip\" data-title=\"downloaden\"><svg width=\"20\" height=\"17\"><use xlink:href=\"#download\"><\/use><\/svg><span>EN <\/span><\/a><\/li>\n<li>Petar Margi\u0107, Donaucommissie, Directeur-generaal <a href=\"https:\/\/www.cesni.eu\/wp-content\/uploads\/2018\/05\/2_Margic_DanubeCommission_SUKTagung.pdf\" target=\"_blank\" class=\"contentdoc download tooltip\" data-title=\"downloaden\"><svg width=\"20\" height=\"17\"><use xlink:href=\"#download\"><\/use><\/svg><span>EN <\/span><\/a><\/li>\n<li>Dragan Zeljko, Savacommissie, Secretaris <a href=\"https:\/\/www.cesni.eu\/wp-content\/uploads\/2018\/05\/3_Zeljko_SavaCommission_SUKTagung.pdf\" target=\"_blank\" class=\"contentdoc download tooltip\" data-title=\"downloaden\"><svg width=\"20\" height=\"17\"><use xlink:href=\"#download\"><\/use><\/svg><span>EN <\/span><\/a><\/li>\n<li>Marta Wolska, Europese Commissie, DG MOVE <a href=\"https:\/\/www.cesni.eu\/wp-content\/uploads\/2018\/05\/4_Wolska_SUKTagung.pdf\" target=\"_blank\" class=\"contentdoc download tooltip\" data-title=\"downloaden\"><svg width=\"20\" height=\"17\"><use xlink:href=\"#download\"><\/use><\/svg><span>EN <\/span><\/a><\/li>\n<\/ul>\n<p>&nbsp;<\/p>\n<h4>Presentaties, woensdag 25 april<\/h4>\n<p>&nbsp;<\/p>\n<ul>\n<li>Nieuwe eisen van de ES-TRIN 2017\/1 en databank voor de interpretaties, Benjamin Boyer, CESNI-secretariaat <a href=\"https:\/\/www.cesni.eu\/wp-content\/uploads\/2018\/05\/5_Boyer_SUKTagung\" target=\"_blank\" class=\"contentdoc download tooltip\" data-title=\"downloaden\"><svg width=\"20\" height=\"17\"><use xlink:href=\"#download\"><\/use><\/svg><span>EN <\/span><\/a>&#8211; <a href=\"http:\/\/estrin-faq.cesni.eu\" target=\"_blank\" class=\"contentdoc download tooltip\" data-title=\"downloaden\"><svg width=\"20\" height=\"17\"><use xlink:href=\"#download\"><\/use><\/svg><span>ES-TRIN-faq <\/span><\/a><\/li>\n<li>Koppelbare pontons, Aren Jumelet, Nederland <a href=\"https:\/\/www.cesni.eu\/wp-content\/uploads\/2018\/05\/6_Jumelet_SUKTagung.pdf\" target=\"_blank\" class=\"contentdoc download tooltip\" data-title=\"downloaden\"><svg width=\"20\" height=\"17\"><use xlink:href=\"#download\"><\/use><\/svg><span>EN <\/span><\/a>&#8211; <a href=\"https:\/\/www.cesni.eu\/wp-content\/uploads\/2018\/05\/6_Jumelet_SUKTagung_2.mp4\" target=\"_blank\" class=\"contentdoc download tooltip\" data-title=\"downloaden\"><svg width=\"20\" height=\"17\"><use xlink:href=\"#download\"><\/use><\/svg><span>Video <\/span><\/a><\/li>\n<li>Instrumenten voor berekeningen krachtens ES-TRIN, Ivan Bili\u0107 Prci\u0107, Kroati\u00eb <a href=\"https:\/\/www.cesni.eu\/wp-content\/uploads\/2018\/05\/7_Bilic_SUKTagung.pdf\" target=\"_blank\" class=\"contentdoc download tooltip\" data-title=\"downloaden\"><svg width=\"20\" height=\"17\"><use xlink:href=\"#download\"><\/use><\/svg><span>EN <\/span><\/a><\/li>\n<\/ul>\n<p>&nbsp;<\/p>\n<h4>Uitwisseling van de verkregen resultaten in de kleine groepen en algemene discussie<\/h4>\n<a href=\"https:\/\/www.cesni.eu\/wp-content\/uploads\/2018\/05\/8_pooling_results_SUKTagung.pdf\" target=\"_blank\" class=\"contentdoc download tooltip\" data-title=\"downloaden\"><svg width=\"20\" height=\"17\"><use xlink:href=\"#download\"><\/use><\/svg><span>EN <\/span><\/a>\n<p>&nbsp;<\/p>\n<h4>Verslag van de vergadering<\/h4>\n<p><a href=\"https:\/\/www.cesni.eu\/wp-content\/uploads\/2018\/08\/cesnipt18_41en_m_final.pdf\" target=\"_blank\" class=\"contentdoc download tooltip\" data-title=\"downloaden\"><svg width=\"20\" height=\"17\"><use xlink:href=\"#download\"><\/use><\/svg><span>EN <\/span><\/a> <a href=\"https:\/\/www.cesni.eu\/wp-content\/uploads\/2018\/08\/cesnipt18_41fr_m_final.pdf\" target=\"_blank\" class=\"contentdoc download tooltip\" data-title=\"downloaden\"><svg width=\"20\" height=\"17\"><use xlink:href=\"#download\"><\/use><\/svg><span>FR <\/span><\/a> <a href=\"https:\/\/www.cesni.eu\/wp-content\/uploads\/2018\/08\/cesnipt18_41de_m_final.pdf\" target=\"_blank\" class=\"contentdoc download tooltip\" data-title=\"downloaden\"><svg width=\"20\" height=\"17\"><use xlink:href=\"#download\"><\/use><\/svg><span>DE <\/span><\/a> <a href=\"https:\/\/www.cesni.eu\/wp-content\/uploads\/2018\/08\/cesnipt18_41nl_m_final.pdf\" target=\"_blank\" class=\"contentdoc download tooltip\" data-title=\"downloaden\"><svg width=\"20\" height=\"17\"><use xlink:href=\"#download\"><\/use><\/svg><span>NL <\/span><\/a><\/p>\n","protected":false},"excerpt":{"rendered":"<p>&nbsp; Van 24 tot en met 26 april 2018 heeft in Wenen de derde gemeenschappelijke bijeenkomst plaatsgevonden van de commissies die met het onderzoek van binnenschepen zijn belast. De bijeenkomst was georganiseerd onder auspici\u00ebn van het Europees Comit\u00e9 voor de opstelling van standaarden voor de binnenvaart (CESNI), na eerdere bijeenkomsten in Boedapest (2008) en in [&hellip;]<\/p>\n","protected":false},"author":3,"featured_media":0,"parent":0,"menu_order":0,"comment_status":"closed","ping_status":"closed","template":"","meta":{"_acf_changed":false,"footnotes":""},"class_list":["post-1502","page","type-page","status-publish","hentry"],"acf":[],"yoast_head":"<!-- This site is optimized with the Yoast SEO plugin v27.3 - https:\/\/yoast.com\/product\/yoast-seo-wordpress\/ -->\n<title>SUK bijeenkomst (2018) - CESNI - Comit\u00e9 Europ\u00e9en pour l\u2019\u00c9laboration de Standards dans le domaine de la Navigation Int\u00e9rieure<\/title>\n<meta name=\"robots\" content=\"index, follow, max-snippet:-1, max-image-preview:large, max-video-preview:-1\" \/>\n<link rel=\"canonical\" href=\"https:\/\/www.cesni.eu\/nl\/suk-bijeenkomst-2018\/\" \/>\n<meta property=\"og:locale\" content=\"nl_NL\" \/>\n<meta property=\"og:type\" content=\"article\" \/>\n<meta property=\"og:title\" content=\"SUK bijeenkomst (2018) - CESNI - Comit\u00e9 Europ\u00e9en pour l\u2019\u00c9laboration de Standards dans le domaine de la Navigation Int\u00e9rieure\" \/>\n<meta property=\"og:description\" content=\"&nbsp; Van 24 tot en met 26 april 2018 heeft in Wenen de derde gemeenschappelijke bijeenkomst plaatsgevonden van de commissies die met het onderzoek van binnenschepen zijn belast. De bijeenkomst was georganiseerd onder auspici\u00ebn van het Europees Comit\u00e9 voor de opstelling van standaarden voor de binnenvaart (CESNI), na eerdere bijeenkomsten in Boedapest (2008) en in [&hellip;]\" \/>\n<meta property=\"og:url\" content=\"https:\/\/www.cesni.eu\/nl\/suk-bijeenkomst-2018\/\" \/>\n<meta property=\"og:site_name\" content=\"CESNI - Comit\u00e9 Europ\u00e9en pour l\u2019\u00c9laboration de Standards dans le domaine de la Navigation Int\u00e9rieure\" \/>\n<meta property=\"article:modified_time\" content=\"2023-09-29T09:44:01+00:00\" \/>\n<meta property=\"og:image\" content=\"https:\/\/www.cesni.eu\/wp-content\/uploads\/2018\/05\/SUK_tagung_banner.jpg\" \/>\n<meta name=\"twitter:card\" content=\"summary_large_image\" \/>\n<meta name=\"twitter:label1\" content=\"Est. reading time\" \/>\n\t<meta name=\"twitter:data1\" content=\"2 minutes\" \/>\n<script type=\"application\/ld+json\" class=\"yoast-schema-graph\">{\"@context\":\"https:\\\/\\\/schema.org\",\"@graph\":[{\"@type\":\"WebPage\",\"@id\":\"https:\\\/\\\/www.cesni.eu\\\/nl\\\/suk-bijeenkomst-2018\\\/\",\"url\":\"https:\\\/\\\/www.cesni.eu\\\/nl\\\/suk-bijeenkomst-2018\\\/\",\"name\":\"SUK bijeenkomst (2018) - CESNI - Comit\u00e9 Europ\u00e9en pour l\u2019\u00c9laboration de Standards dans le domaine de la Navigation Int\u00e9rieure\",\"isPartOf\":{\"@id\":\"https:\\\/\\\/www.cesni.eu\\\/nl\\\/#website\"},\"primaryImageOfPage\":{\"@id\":\"https:\\\/\\\/www.cesni.eu\\\/nl\\\/suk-bijeenkomst-2018\\\/#primaryimage\"},\"image\":{\"@id\":\"https:\\\/\\\/www.cesni.eu\\\/nl\\\/suk-bijeenkomst-2018\\\/#primaryimage\"},\"thumbnailUrl\":\"https:\\\/\\\/www.cesni.eu\\\/wp-content\\\/uploads\\\/2018\\\/05\\\/SUK_tagung_banner.jpg\",\"datePublished\":\"2018-04-26T10:04:49+00:00\",\"dateModified\":\"2023-09-29T09:44:01+00:00\",\"breadcrumb\":{\"@id\":\"https:\\\/\\\/www.cesni.eu\\\/nl\\\/suk-bijeenkomst-2018\\\/#breadcrumb\"},\"inLanguage\":\"nl-NL\",\"potentialAction\":[{\"@type\":\"ReadAction\",\"target\":[\"https:\\\/\\\/www.cesni.eu\\\/nl\\\/suk-bijeenkomst-2018\\\/\"]}]},{\"@type\":\"ImageObject\",\"inLanguage\":\"nl-NL\",\"@id\":\"https:\\\/\\\/www.cesni.eu\\\/nl\\\/suk-bijeenkomst-2018\\\/#primaryimage\",\"url\":\"https:\\\/\\\/www.cesni.eu\\\/wp-content\\\/uploads\\\/2018\\\/05\\\/SUK_tagung_banner.jpg\",\"contentUrl\":\"https:\\\/\\\/www.cesni.eu\\\/wp-content\\\/uploads\\\/2018\\\/05\\\/SUK_tagung_banner.jpg\"},{\"@type\":\"BreadcrumbList\",\"@id\":\"https:\\\/\\\/www.cesni.eu\\\/nl\\\/suk-bijeenkomst-2018\\\/#breadcrumb\",\"itemListElement\":[{\"@type\":\"ListItem\",\"position\":1,\"name\":\"Accueil\",\"item\":\"https:\\\/\\\/www.cesni.eu\\\/nl\\\/\"},{\"@type\":\"ListItem\",\"position\":2,\"name\":\"SUK bijeenkomst (2018)\"}]},{\"@type\":\"WebSite\",\"@id\":\"https:\\\/\\\/www.cesni.eu\\\/nl\\\/#website\",\"url\":\"https:\\\/\\\/www.cesni.eu\\\/nl\\\/\",\"name\":\"CESNI - Comit\u00e9 Europ\u00e9en pour l\u2019\u00c9laboration de Standards dans le domaine de la Navigation Int\u00e9rieure\",\"description\":\"\",\"potentialAction\":[{\"@type\":\"SearchAction\",\"target\":{\"@type\":\"EntryPoint\",\"urlTemplate\":\"https:\\\/\\\/www.cesni.eu\\\/nl\\\/?s={search_term_string}\"},\"query-input\":{\"@type\":\"PropertyValueSpecification\",\"valueRequired\":true,\"valueName\":\"search_term_string\"}}],\"inLanguage\":\"nl-NL\"}]}<\/script>\n<!-- \/ Yoast SEO plugin. -->","yoast_head_json":{"title":"SUK bijeenkomst (2018) - CESNI - Comit\u00e9 Europ\u00e9en pour l\u2019\u00c9laboration de Standards dans le domaine de la Navigation Int\u00e9rieure","robots":{"index":"index","follow":"follow","max-snippet":"max-snippet:-1","max-image-preview":"max-image-preview:large","max-video-preview":"max-video-preview:-1"},"canonical":"https:\/\/www.cesni.eu\/nl\/suk-bijeenkomst-2018\/","og_locale":"nl_NL","og_type":"article","og_title":"SUK bijeenkomst (2018) - CESNI - Comit\u00e9 Europ\u00e9en pour l\u2019\u00c9laboration de Standards dans le domaine de la Navigation Int\u00e9rieure","og_description":"&nbsp; Van 24 tot en met 26 april 2018 heeft in Wenen de derde gemeenschappelijke bijeenkomst plaatsgevonden van de commissies die met het onderzoek van binnenschepen zijn belast. De bijeenkomst was georganiseerd onder auspici\u00ebn van het Europees Comit\u00e9 voor de opstelling van standaarden voor de binnenvaart (CESNI), na eerdere bijeenkomsten in Boedapest (2008) en in [&hellip;]","og_url":"https:\/\/www.cesni.eu\/nl\/suk-bijeenkomst-2018\/","og_site_name":"CESNI - Comit\u00e9 Europ\u00e9en pour l\u2019\u00c9laboration de Standards dans le domaine de la Navigation Int\u00e9rieure","article_modified_time":"2023-09-29T09:44:01+00:00","og_image":[{"url":"https:\/\/www.cesni.eu\/wp-content\/uploads\/2018\/05\/SUK_tagung_banner.jpg","type":"","width":"","height":""}],"twitter_card":"summary_large_image","twitter_misc":{"Est. reading time":"2 minutes"},"schema":{"@context":"https:\/\/schema.org","@graph":[{"@type":"WebPage","@id":"https:\/\/www.cesni.eu\/nl\/suk-bijeenkomst-2018\/","url":"https:\/\/www.cesni.eu\/nl\/suk-bijeenkomst-2018\/","name":"SUK bijeenkomst (2018) - CESNI - Comit\u00e9 Europ\u00e9en pour l\u2019\u00c9laboration de Standards dans le domaine de la Navigation Int\u00e9rieure","isPartOf":{"@id":"https:\/\/www.cesni.eu\/nl\/#website"},"primaryImageOfPage":{"@id":"https:\/\/www.cesni.eu\/nl\/suk-bijeenkomst-2018\/#primaryimage"},"image":{"@id":"https:\/\/www.cesni.eu\/nl\/suk-bijeenkomst-2018\/#primaryimage"},"thumbnailUrl":"https:\/\/www.cesni.eu\/wp-content\/uploads\/2018\/05\/SUK_tagung_banner.jpg","datePublished":"2018-04-26T10:04:49+00:00","dateModified":"2023-09-29T09:44:01+00:00","breadcrumb":{"@id":"https:\/\/www.cesni.eu\/nl\/suk-bijeenkomst-2018\/#breadcrumb"},"inLanguage":"nl-NL","potentialAction":[{"@type":"ReadAction","target":["https:\/\/www.cesni.eu\/nl\/suk-bijeenkomst-2018\/"]}]},{"@type":"ImageObject","inLanguage":"nl-NL","@id":"https:\/\/www.cesni.eu\/nl\/suk-bijeenkomst-2018\/#primaryimage","url":"https:\/\/www.cesni.eu\/wp-content\/uploads\/2018\/05\/SUK_tagung_banner.jpg","contentUrl":"https:\/\/www.cesni.eu\/wp-content\/uploads\/2018\/05\/SUK_tagung_banner.jpg"},{"@type":"BreadcrumbList","@id":"https:\/\/www.cesni.eu\/nl\/suk-bijeenkomst-2018\/#breadcrumb","itemListElement":[{"@type":"ListItem","position":1,"name":"Accueil","item":"https:\/\/www.cesni.eu\/nl\/"},{"@type":"ListItem","position":2,"name":"SUK bijeenkomst (2018)"}]},{"@type":"WebSite","@id":"https:\/\/www.cesni.eu\/nl\/#website","url":"https:\/\/www.cesni.eu\/nl\/","name":"CESNI - Comit\u00e9 Europ\u00e9en pour l\u2019\u00c9laboration de Standards dans le domaine de la Navigation Int\u00e9rieure","description":"","potentialAction":[{"@type":"SearchAction","target":{"@type":"EntryPoint","urlTemplate":"https:\/\/www.cesni.eu\/nl\/?s={search_term_string}"},"query-input":{"@type":"PropertyValueSpecification","valueRequired":true,"valueName":"search_term_string"}}],"inLanguage":"nl-NL"}]}},"post_mailing_queue_ids":[],"_links":{"self":[{"href":"https:\/\/www.cesni.eu\/nl\/wp-json\/wp\/v2\/pages\/1502","targetHints":{"allow":["GET"]}}],"collection":[{"href":"https:\/\/www.cesni.eu\/nl\/wp-json\/wp\/v2\/pages"}],"about":[{"href":"https:\/\/www.cesni.eu\/nl\/wp-json\/wp\/v2\/types\/page"}],"author":[{"embeddable":true,"href":"https:\/\/www.cesni.eu\/nl\/wp-json\/wp\/v2\/users\/3"}],"replies":[{"embeddable":true,"href":"https:\/\/www.cesni.eu\/nl\/wp-json\/wp\/v2\/comments?post=1502"}],"version-history":[{"count":5,"href":"https:\/\/www.cesni.eu\/nl\/wp-json\/wp\/v2\/pages\/1502\/revisions"}],"predecessor-version":[{"id":6116,"href":"https:\/\/www.cesni.eu\/nl\/wp-json\/wp\/v2\/pages\/1502\/revisions\/6116"}],"wp:attachment":[{"href":"https:\/\/www.cesni.eu\/nl\/wp-json\/wp\/v2\/media?parent=1502"}],"curies":[{"name":"wp","href":"https:\/\/api.w.org\/{rel}","templated":true}]}}