{"id":12009,"date":"2025-11-14T17:22:49","date_gmt":"2025-11-14T16:22:49","guid":{"rendered":"https:\/\/www.cesni.eu\/?page_id=12009"},"modified":"2025-11-14T18:15:19","modified_gmt":"2025-11-14T17:15:19","slug":"symposium-tien-jaar-cesni","status":"publish","type":"page","link":"https:\/\/www.cesni.eu\/nl\/symposium-tien-jaar-cesni\/","title":{"rendered":"Symposium: tien jaar CESNI (2025)"},"content":{"rendered":"<p><img decoding=\"async\" class=\"alignnone wp-image-2749 size-full\" src=\"https:\/\/www.cesni.eu\/wp-content\/uploads\/2025\/11\/Banniere-10-ans-CESNI.jpg\" alt=\"\" width=\"\" height=\"\"><\/p>\n<h2>Context<\/h2>\n<p>In de marge van de vergadering van het Europees Comit\u00e9 voor de opstelling van standaarden voor de binnenvaart (CESNI), die op 28 oktober in Den Haag gehouden werd, heeft op 29 oktober in het Wereldmuseum in Rotterdam het symposium \u201cNavigating the future of IWT\u201d plaatsgevonden. Het evenement werd georganiseerd om samen met diverse belangrijke Europese binnenvaartstakeholders het tienjarig bestaan van CESNI te vieren. Voor de sprekers en deelnemers was het een goede gelegenheid om terug te kijken op de afgelegde weg en vooruit te kijken naar de uitdagingen van de toekomst.<\/p>\n<h2>Documenten<\/h2>\n<p><strong><span style=\"margin-left: 10px; color: #01a9db;\">Persbericht<\/span><\/strong> <a href=\"https:\/\/www.cesni.eu\/nl\/actualites\/symposium-tien-jaar-cesni-navigating-the-future-of-iwt\/\" target=\"_blank\" class=\"contentdoc download tooltip\" data-title=\"downloaden\"><svg width=\"20\" height=\"17\"><use xlink:href=\"#download\"><\/use><\/svg><span>NL <\/span><\/a><br \/>\n<strong><span style=\"margin-left: 10px; color: #01a9db;\">Programma<\/span><\/strong> <a href=\"https:\/\/www.cesni.eu\/wp-content\/uploads\/2025\/11\/Programme-and-speakers_Final.pdf\" target=\"_blank\" class=\"contentdoc download tooltip\" data-title=\"downloaden\"><svg width=\"20\" height=\"17\"><use xlink:href=\"#download\"><\/use><\/svg><span>EN <\/span><\/a><\/p>\n<h4>Speeches en presentatie<\/h4>\n<p><strong><span style=\"margin-left: 10px; color: #01a9db;\">Welkomstspeeches<\/span><\/strong><\/p>\n<ul>\n<li>Michiel van Kruiningen, Nederlandse Ministerie van Infrastructuur en Waterstaat <a href=\"https:\/\/www.cesni.eu\/wp-content\/uploads\/2025\/11\/01_Speech_Michiel-van-Kruiningen.pdf\" target=\"_blank\" class=\"contentdoc download tooltip\" data-title=\"downloaden\"><svg width=\"20\" height=\"17\"><use xlink:href=\"#download\"><\/use><\/svg><span>EN <\/span><\/a><\/li>\n<li>Lucia Luijten, Centrale Commissie voor de Rijnvaart (CCR) <a href=\"https:\/\/www.cesni.eu\/wp-content\/uploads\/2025\/11\/02_Speech_Lucia-Luijten2.pdf\" target=\"_blank\" class=\"contentdoc download tooltip\" data-title=\"downloaden\"><svg width=\"20\" height=\"17\"><use xlink:href=\"#download\"><\/use><\/svg><span>EN <\/span><\/a><\/li>\n<\/ul>\n<p><strong><span style=\"margin-left: 10px; color: #01a9db;\">Uitdagingen voor de binnenvaart en het waterbeheer<\/span><\/strong><\/p>\n<ul>\n<li>Future proof waterways, Martin Wijnen, Rijkswaterstaat (RWS) <a href=\"https:\/\/www.cesni.eu\/wp-content\/uploads\/2025\/11\/03_Speech_Martin-Wijnen.pdf\" target=\"_blank\" class=\"contentdoc download tooltip\" data-title=\"downloaden\"><svg width=\"20\" height=\"17\"><use xlink:href=\"#download\"><\/use><\/svg><span>EN <\/span><\/a><\/li>\n<li>The inland shipping fleet of the future, Bart Kuipers, Erasmus Centre for Urban, Port and Transport Economics <a href=\"https:\/\/www.cesni.eu\/wp-content\/uploads\/2025\/11\/04_Presentation_Bart-Kuipers.pdf\" target=\"_blank\" class=\"contentdoc download tooltip\" data-title=\"downloaden\"><svg width=\"20\" height=\"17\"><use xlink:href=\"#download\"><\/use><\/svg><span>EN <\/span><\/a><\/li>\n<\/ul>\n<p><strong><span style=\"margin-left: 10px; color: #01a9db;\">Governance en internationale samenwerking<\/span><\/strong><\/p>\n<ul>\n<li>Beyond the Rhine: IWT in a broader European perspective, Manfred Seitz, Donaucommissie <a href=\"https:\/\/www.cesni.eu\/wp-content\/uploads\/2025\/11\/05_Presentation_Manfred-Seitz.pdf\" target=\"_blank\" class=\"contentdoc download tooltip\" data-title=\"downloaden\"><svg width=\"20\" height=\"17\"><use xlink:href=\"#download\"><\/use><\/svg><span>EN <\/span><\/a><\/li>\n<\/ul>\n<p><strong><span style=\"margin-left: 10px; color: #01a9db;\">Conclusies<\/span><\/strong><\/p>\n<ul>\n<li>Ivan Bili\u0107-Prci\u0107, Voorzitter van CESNI <a href=\"https:\/\/www.cesni.eu\/wp-content\/uploads\/2025\/11\/06_Speech_Ivan-Bilic-Prcic.pdf\" target=\"_blank\" class=\"contentdoc download tooltip\" data-title=\"downloaden\"><svg width=\"20\" height=\"17\"><use xlink:href=\"#download\"><\/use><\/svg><span>EN <\/span><\/a><\/li>\n<\/ul>\n","protected":false},"excerpt":{"rendered":"<p>Context In de marge van de vergadering van het Europees Comit\u00e9 voor de opstelling van standaarden voor de binnenvaart (CESNI), die op 28 oktober in Den Haag gehouden werd, heeft op 29 oktober in het Wereldmuseum in Rotterdam het symposium \u201cNavigating the future of IWT\u201d plaatsgevonden. Het evenement werd georganiseerd om samen met diverse belangrijke [&hellip;]<\/p>\n","protected":false},"author":8,"featured_media":0,"parent":0,"menu_order":0,"comment_status":"closed","ping_status":"closed","template":"","meta":{"_acf_changed":false,"footnotes":""},"class_list":["post-12009","page","type-page","status-publish","hentry"],"acf":[],"yoast_head":"<!-- This site is optimized with the Yoast SEO plugin v27.3 - https:\/\/yoast.com\/product\/yoast-seo-wordpress\/ -->\n<title>Symposium: tien jaar CESNI (2025) - CESNI - Comit\u00e9 Europ\u00e9en pour l\u2019\u00c9laboration de Standards dans le domaine de la Navigation Int\u00e9rieure<\/title>\n<meta name=\"robots\" content=\"index, follow, max-snippet:-1, max-image-preview:large, max-video-preview:-1\" \/>\n<link rel=\"canonical\" href=\"https:\/\/www.cesni.eu\/nl\/symposium-tien-jaar-cesni\/\" \/>\n<meta property=\"og:locale\" content=\"nl_NL\" \/>\n<meta property=\"og:type\" content=\"article\" \/>\n<meta property=\"og:title\" content=\"Symposium: tien jaar CESNI (2025) - CESNI - Comit\u00e9 Europ\u00e9en pour l\u2019\u00c9laboration de Standards dans le domaine de la Navigation Int\u00e9rieure\" \/>\n<meta property=\"og:description\" content=\"Context In de marge van de vergadering van het Europees Comit\u00e9 voor de opstelling van standaarden voor de binnenvaart (CESNI), die op 28 oktober in Den Haag gehouden werd, heeft op 29 oktober in het Wereldmuseum in Rotterdam het symposium \u201cNavigating the future of IWT\u201d plaatsgevonden. Het evenement werd georganiseerd om samen met diverse belangrijke [&hellip;]\" \/>\n<meta property=\"og:url\" content=\"https:\/\/www.cesni.eu\/nl\/symposium-tien-jaar-cesni\/\" \/>\n<meta property=\"og:site_name\" content=\"CESNI - Comit\u00e9 Europ\u00e9en pour l\u2019\u00c9laboration de Standards dans le domaine de la Navigation Int\u00e9rieure\" \/>\n<meta property=\"article:modified_time\" content=\"2025-11-14T17:15:19+00:00\" \/>\n<meta property=\"og:image\" content=\"https:\/\/www.cesni.eu\/wp-content\/uploads\/2019\/09\/AdobeStock_112155054_Duisburg-Haus-Knipp-Eisenbahnbr\u00fccke_Workshop.jpg\" \/>\n\t<meta property=\"og:image:width\" content=\"546\" \/>\n\t<meta property=\"og:image:height\" content=\"199\" \/>\n\t<meta property=\"og:image:type\" content=\"image\/jpeg\" \/>\n<meta name=\"twitter:card\" content=\"summary_large_image\" \/>\n<meta name=\"twitter:label1\" content=\"Est. reading time\" \/>\n\t<meta name=\"twitter:data1\" content=\"2 minutes\" \/>\n<script type=\"application\/ld+json\" class=\"yoast-schema-graph\">{\"@context\":\"https:\\\/\\\/schema.org\",\"@graph\":[{\"@type\":\"WebPage\",\"@id\":\"https:\\\/\\\/www.cesni.eu\\\/nl\\\/symposium-tien-jaar-cesni\\\/\",\"url\":\"https:\\\/\\\/www.cesni.eu\\\/nl\\\/symposium-tien-jaar-cesni\\\/\",\"name\":\"Symposium: tien jaar CESNI (2025) - CESNI - Comit\u00e9 Europ\u00e9en pour l\u2019\u00c9laboration de Standards dans le domaine de la Navigation Int\u00e9rieure\",\"isPartOf\":{\"@id\":\"https:\\\/\\\/www.cesni.eu\\\/nl\\\/#website\"},\"primaryImageOfPage\":{\"@id\":\"https:\\\/\\\/www.cesni.eu\\\/nl\\\/symposium-tien-jaar-cesni\\\/#primaryimage\"},\"image\":{\"@id\":\"https:\\\/\\\/www.cesni.eu\\\/nl\\\/symposium-tien-jaar-cesni\\\/#primaryimage\"},\"thumbnailUrl\":\"https:\\\/\\\/www.cesni.eu\\\/wp-content\\\/uploads\\\/2025\\\/11\\\/Banniere-10-ans-CESNI.jpg\",\"datePublished\":\"2025-11-14T16:22:49+00:00\",\"dateModified\":\"2025-11-14T17:15:19+00:00\",\"breadcrumb\":{\"@id\":\"https:\\\/\\\/www.cesni.eu\\\/nl\\\/symposium-tien-jaar-cesni\\\/#breadcrumb\"},\"inLanguage\":\"nl-NL\",\"potentialAction\":[{\"@type\":\"ReadAction\",\"target\":[\"https:\\\/\\\/www.cesni.eu\\\/nl\\\/symposium-tien-jaar-cesni\\\/\"]}]},{\"@type\":\"ImageObject\",\"inLanguage\":\"nl-NL\",\"@id\":\"https:\\\/\\\/www.cesni.eu\\\/nl\\\/symposium-tien-jaar-cesni\\\/#primaryimage\",\"url\":\"https:\\\/\\\/www.cesni.eu\\\/wp-content\\\/uploads\\\/2025\\\/11\\\/Banniere-10-ans-CESNI.jpg\",\"contentUrl\":\"https:\\\/\\\/www.cesni.eu\\\/wp-content\\\/uploads\\\/2025\\\/11\\\/Banniere-10-ans-CESNI.jpg\"},{\"@type\":\"BreadcrumbList\",\"@id\":\"https:\\\/\\\/www.cesni.eu\\\/nl\\\/symposium-tien-jaar-cesni\\\/#breadcrumb\",\"itemListElement\":[{\"@type\":\"ListItem\",\"position\":1,\"name\":\"Accueil\",\"item\":\"https:\\\/\\\/www.cesni.eu\\\/nl\\\/\"},{\"@type\":\"ListItem\",\"position\":2,\"name\":\"Symposium: tien jaar CESNI (2025)\"}]},{\"@type\":\"WebSite\",\"@id\":\"https:\\\/\\\/www.cesni.eu\\\/nl\\\/#website\",\"url\":\"https:\\\/\\\/www.cesni.eu\\\/nl\\\/\",\"name\":\"CESNI - Comit\u00e9 Europ\u00e9en pour l\u2019\u00c9laboration de Standards dans le domaine de la Navigation Int\u00e9rieure\",\"description\":\"\",\"potentialAction\":[{\"@type\":\"SearchAction\",\"target\":{\"@type\":\"EntryPoint\",\"urlTemplate\":\"https:\\\/\\\/www.cesni.eu\\\/nl\\\/?s={search_term_string}\"},\"query-input\":{\"@type\":\"PropertyValueSpecification\",\"valueRequired\":true,\"valueName\":\"search_term_string\"}}],\"inLanguage\":\"nl-NL\"}]}<\/script>\n<!-- \/ Yoast SEO plugin. -->","yoast_head_json":{"title":"Symposium: tien jaar CESNI (2025) - CESNI - Comit\u00e9 Europ\u00e9en pour l\u2019\u00c9laboration de Standards dans le domaine de la Navigation Int\u00e9rieure","robots":{"index":"index","follow":"follow","max-snippet":"max-snippet:-1","max-image-preview":"max-image-preview:large","max-video-preview":"max-video-preview:-1"},"canonical":"https:\/\/www.cesni.eu\/nl\/symposium-tien-jaar-cesni\/","og_locale":"nl_NL","og_type":"article","og_title":"Symposium: tien jaar CESNI (2025) - CESNI - Comit\u00e9 Europ\u00e9en pour l\u2019\u00c9laboration de Standards dans le domaine de la Navigation Int\u00e9rieure","og_description":"Context In de marge van de vergadering van het Europees Comit\u00e9 voor de opstelling van standaarden voor de binnenvaart (CESNI), die op 28 oktober in Den Haag gehouden werd, heeft op 29 oktober in het Wereldmuseum in Rotterdam het symposium \u201cNavigating the future of IWT\u201d plaatsgevonden. Het evenement werd georganiseerd om samen met diverse belangrijke [&hellip;]","og_url":"https:\/\/www.cesni.eu\/nl\/symposium-tien-jaar-cesni\/","og_site_name":"CESNI - Comit\u00e9 Europ\u00e9en pour l\u2019\u00c9laboration de Standards dans le domaine de la Navigation Int\u00e9rieure","article_modified_time":"2025-11-14T17:15:19+00:00","og_image":[{"width":546,"height":199,"url":"https:\/\/www.cesni.eu\/wp-content\/uploads\/2019\/09\/AdobeStock_112155054_Duisburg-Haus-Knipp-Eisenbahnbr\u00fccke_Workshop.jpg","type":"image\/jpeg"}],"twitter_card":"summary_large_image","twitter_misc":{"Est. reading time":"2 minutes"},"schema":{"@context":"https:\/\/schema.org","@graph":[{"@type":"WebPage","@id":"https:\/\/www.cesni.eu\/nl\/symposium-tien-jaar-cesni\/","url":"https:\/\/www.cesni.eu\/nl\/symposium-tien-jaar-cesni\/","name":"Symposium: tien jaar CESNI (2025) - CESNI - Comit\u00e9 Europ\u00e9en pour l\u2019\u00c9laboration de Standards dans le domaine de la Navigation Int\u00e9rieure","isPartOf":{"@id":"https:\/\/www.cesni.eu\/nl\/#website"},"primaryImageOfPage":{"@id":"https:\/\/www.cesni.eu\/nl\/symposium-tien-jaar-cesni\/#primaryimage"},"image":{"@id":"https:\/\/www.cesni.eu\/nl\/symposium-tien-jaar-cesni\/#primaryimage"},"thumbnailUrl":"https:\/\/www.cesni.eu\/wp-content\/uploads\/2025\/11\/Banniere-10-ans-CESNI.jpg","datePublished":"2025-11-14T16:22:49+00:00","dateModified":"2025-11-14T17:15:19+00:00","breadcrumb":{"@id":"https:\/\/www.cesni.eu\/nl\/symposium-tien-jaar-cesni\/#breadcrumb"},"inLanguage":"nl-NL","potentialAction":[{"@type":"ReadAction","target":["https:\/\/www.cesni.eu\/nl\/symposium-tien-jaar-cesni\/"]}]},{"@type":"ImageObject","inLanguage":"nl-NL","@id":"https:\/\/www.cesni.eu\/nl\/symposium-tien-jaar-cesni\/#primaryimage","url":"https:\/\/www.cesni.eu\/wp-content\/uploads\/2025\/11\/Banniere-10-ans-CESNI.jpg","contentUrl":"https:\/\/www.cesni.eu\/wp-content\/uploads\/2025\/11\/Banniere-10-ans-CESNI.jpg"},{"@type":"BreadcrumbList","@id":"https:\/\/www.cesni.eu\/nl\/symposium-tien-jaar-cesni\/#breadcrumb","itemListElement":[{"@type":"ListItem","position":1,"name":"Accueil","item":"https:\/\/www.cesni.eu\/nl\/"},{"@type":"ListItem","position":2,"name":"Symposium: tien jaar CESNI (2025)"}]},{"@type":"WebSite","@id":"https:\/\/www.cesni.eu\/nl\/#website","url":"https:\/\/www.cesni.eu\/nl\/","name":"CESNI - Comit\u00e9 Europ\u00e9en pour l\u2019\u00c9laboration de Standards dans le domaine de la Navigation Int\u00e9rieure","description":"","potentialAction":[{"@type":"SearchAction","target":{"@type":"EntryPoint","urlTemplate":"https:\/\/www.cesni.eu\/nl\/?s={search_term_string}"},"query-input":{"@type":"PropertyValueSpecification","valueRequired":true,"valueName":"search_term_string"}}],"inLanguage":"nl-NL"}]}},"post_mailing_queue_ids":[],"_links":{"self":[{"href":"https:\/\/www.cesni.eu\/nl\/wp-json\/wp\/v2\/pages\/12009","targetHints":{"allow":["GET"]}}],"collection":[{"href":"https:\/\/www.cesni.eu\/nl\/wp-json\/wp\/v2\/pages"}],"about":[{"href":"https:\/\/www.cesni.eu\/nl\/wp-json\/wp\/v2\/types\/page"}],"author":[{"embeddable":true,"href":"https:\/\/www.cesni.eu\/nl\/wp-json\/wp\/v2\/users\/8"}],"replies":[{"embeddable":true,"href":"https:\/\/www.cesni.eu\/nl\/wp-json\/wp\/v2\/comments?post=12009"}],"version-history":[{"count":2,"href":"https:\/\/www.cesni.eu\/nl\/wp-json\/wp\/v2\/pages\/12009\/revisions"}],"predecessor-version":[{"id":12012,"href":"https:\/\/www.cesni.eu\/nl\/wp-json\/wp\/v2\/pages\/12009\/revisions\/12012"}],"wp:attachment":[{"href":"https:\/\/www.cesni.eu\/nl\/wp-json\/wp\/v2\/media?parent=12009"}],"curies":[{"name":"wp","href":"https:\/\/api.w.org\/{rel}","templated":true}]}}