{"id":9288,"date":"2023-06-09T13:53:16","date_gmt":"2023-06-09T12:53:16","guid":{"rendered":"https:\/\/www.cesni.eu\/?page_id=9288"},"modified":"2023-09-29T10:41:50","modified_gmt":"2023-09-29T09:41:50","slug":"suk-tagung-2023","status":"publish","type":"page","link":"https:\/\/www.cesni.eu\/de\/suk-tagung-2023\/","title":{"rendered":"SUK-Tagung (2023)"},"content":{"rendered":"<p><img loading=\"lazy\" decoding=\"async\" class=\"alignnone wp-image-1182\" src=\"https:\/\/www.cesni.eu\/wp-content\/uploads\/2023\/06\/Bandeau_site-web.jpg\" alt=\"\" width=\"546\" height=\"189\"><br \/>\n<!--\n\n\n<h2><strong>GEMEINSAME TAGUNG DER SCHIFFSUNTERSUCHUNGSKOMMISSIONEN<\/strong><\/h2>\n\n\n--><\/p>\n<p>&nbsp;<br \/>\nVom <strong>26. bis 28. September 2023<\/strong> fand in Zagreb die vierte <strong>gemeinsame Tagung der f\u00fcr die Untersuchung von Binnenschiffen zust\u00e4ndigen Kommissionen<\/strong> statt. Diese Tagung stand unter der Schirmherrschaft des Europ\u00e4ischen Ausschusses zur Ausarbeitung von Standards im Bereich der Binnenschifffahrt (CESNI) und kn\u00fcpfte an die Tagungen in Budapest (2008), Breslau (2012) und Wien (2018) an.<br \/>\n&nbsp;<br \/>\nMehr als <strong>80 Teilnehmende<\/strong>, Sachverst\u00e4ndige aus 13 Mitgliedstaaten des CESNI sowie aus einem Beobachterstaat, eine Vertreterin der Europ\u00e4ischen Kommission, Vertreterinnen und Vertreter der Klassifikationsgesellschaften, von Gewerbeverb\u00e4nden und Flusskommissionen diskutierten eine Vielzahl von Fragen zur <strong>praktischen Anwendung der technischen Vorschriften<\/strong> f\u00fcr Binnenschiffe in Europa.<br \/>\n&nbsp;<br \/>\n<a href=\"https:\/\/www.cesni.eu\/de\/actualites\/internationale-zusammenarbeit-bei-der-untersuchung-von-binnenschiffen-2\/\" target=\"_blank\" class=\"contentdoc download tooltip\" data-title=\"download\"><svg width=\"20\" height=\"17\"><use xlink:href=\"#download\"><\/use><\/svg><span>Pressemitteilung <\/span><\/a><br \/>\n&nbsp;<\/p>\n<h4>Programm<\/h4>\n<p><a href=\"https:\/\/www.cesni.eu\/wp-content\/uploads\/2023\/09\/Programme-SUK_EN_final.pdf\" target=\"_blank\" class=\"contentdoc download tooltip\" data-title=\"download\"><svg width=\"20\" height=\"17\"><use xlink:href=\"#download\"><\/use><\/svg><span>EN <\/span><\/a> <a href=\"https:\/\/www.cesni.eu\/wp-content\/uploads\/2023\/09\/Programme-SUK_FR_final.pdf\" target=\"_blank\" class=\"contentdoc download tooltip\" data-title=\"download\"><svg width=\"20\" height=\"17\"><use xlink:href=\"#download\"><\/use><\/svg><span>FR <\/span><\/a> <a href=\"https:\/\/www.cesni.eu\/wp-content\/uploads\/2023\/09\/Programme-SUK_DE_final.pdf\" target=\"_blank\" class=\"contentdoc download tooltip\" data-title=\"download\"><svg width=\"20\" height=\"17\"><use xlink:href=\"#download\"><\/use><\/svg><span>DE <\/span><\/a> <a href=\"https:\/\/www.cesni.eu\/wp-content\/uploads\/2023\/09\/Programme-SUK_NL_final.pdf\" target=\"_blank\" class=\"contentdoc download tooltip\" data-title=\"download\"><svg width=\"20\" height=\"17\"><use xlink:href=\"#download\"><\/use><\/svg><span>NL <\/span><\/a><br \/>\n&nbsp;<\/p>\n<h4>Er\u00f6ffnungsansprachen, Dienstag 26. September<\/h4>\n<ul>\n<li>Du\u0161ka Kun\u0161tek, Kroatisches Ministerium f\u00fcr Meer, Verkehr und Infrastruktur <a href=\"https:\/\/www.cesni.eu\/wp-content\/uploads\/2023\/09\/1_Croatian-Ministry-of-the-Sea-Transport-and-Infrastucture.pdf\" target=\"_blank\" class=\"contentdoc download tooltip\" data-title=\"download\"><svg width=\"20\" height=\"17\"><use xlink:href=\"#download\"><\/use><\/svg><span>EN <\/span><\/a><\/li>\n<li>Ivan Bili\u0107-Prci\u0107, Kroatisches Schiffsregister (CRS) <a href=\"https:\/\/www.cesni.eu\/wp-content\/uploads\/2023\/09\/2_Croatian-Register-of-Shipping.pdf\" target=\"_blank\" class=\"contentdoc download tooltip\" data-title=\"download\"><svg width=\"20\" height=\"17\"><use xlink:href=\"#download\"><\/use><\/svg><span>EN <\/span><\/a><\/li>\n<li>Marta Wolska, Europ\u00e4ische Kommission <a href=\"https:\/\/www.cesni.eu\/wp-content\/uploads\/2023\/09\/3_European-Commission.pdf\" target=\"_blank\" class=\"contentdoc download tooltip\" data-title=\"download\"><svg width=\"20\" height=\"17\"><use xlink:href=\"#download\"><\/use><\/svg><span>EN <\/span><\/a><\/li>\n<li>Rapha\u00ebl Wisselmann, Zentralkommission f\u00fcr die Rheinschifffahrt (ZKR) <a href=\"https:\/\/www.cesni.eu\/wp-content\/uploads\/2023\/09\/4_Central-Commission-for-the-Navigation-of-the-Rhine.pdf\" target=\"_blank\" class=\"contentdoc download tooltip\" data-title=\"download\"><svg width=\"20\" height=\"17\"><use xlink:href=\"#download\"><\/use><\/svg><span>EN <\/span><\/a><\/li>\n<\/ul>\n<p>&nbsp;<\/p>\n<h4>Pr\u00e4sentationen, Mittwoch 27. September<\/h4>\n<ul>\n<li>Schifffahrt auf der Sava, Dragan Zeljko, International Sava River Basin Commission <a href=\"https:\/\/www.cesni.eu\/wp-content\/uploads\/2023\/09\/5_International-Sava-River-Basin-Commission.pdf\" target=\"_blank\" class=\"contentdoc download tooltip\" data-title=\"download\"><svg width=\"20\" height=\"17\"><use xlink:href=\"#download\"><\/use><\/svg><span>EN <\/span><\/a><\/li>\n<li>\u00dcberblick \u00fcber die mit dem ES-TRIN 2023 eingef\u00fchrten \u00c4nderungen, Benjamin Boyer, Sekretariat des CESNI <a href=\"https:\/\/www.cesni.eu\/wp-content\/uploads\/2023\/09\/6_Secretariat-du-CESNI.pdf\" target=\"_blank\" class=\"contentdoc download tooltip\" data-title=\"download\"><svg width=\"20\" height=\"17\"><use xlink:href=\"#download\"><\/use><\/svg><span>EN <\/span><\/a><\/li>\n<\/ul>\n<p>&nbsp;<\/p>\n<h4>Austausch der Ergebnisse der kleinen Arbeitsgruppen und Diskussion, Donnerstag 28. September<\/h4>\n<a href=\"https:\/\/www.cesni.eu\/wp-content\/uploads\/2023\/09\/7_Summary.pdf\" target=\"_blank\" class=\"contentdoc download tooltip\" data-title=\"download\"><svg width=\"20\" height=\"17\"><use xlink:href=\"#download\"><\/use><\/svg><span>EN <\/span><\/a>\n","protected":false},"excerpt":{"rendered":"<p>&nbsp; Vom 26. bis 28. September 2023 fand in Zagreb die vierte gemeinsame Tagung der f\u00fcr die Untersuchung von Binnenschiffen zust\u00e4ndigen Kommissionen statt. Diese Tagung stand unter der Schirmherrschaft des Europ\u00e4ischen Ausschusses zur Ausarbeitung von Standards im Bereich der Binnenschifffahrt (CESNI) und kn\u00fcpfte an die Tagungen in Budapest (2008), Breslau (2012) und Wien (2018) an. [&hellip;]<\/p>\n","protected":false},"author":8,"featured_media":0,"parent":0,"menu_order":0,"comment_status":"closed","ping_status":"closed","template":"","meta":{"_acf_changed":false,"footnotes":""},"class_list":["post-9288","page","type-page","status-publish","hentry"],"acf":[],"yoast_head":"<!-- This site is optimized with the Yoast SEO plugin v27.3 - https:\/\/yoast.com\/product\/yoast-seo-wordpress\/ -->\n<title>SUK-Tagung (2023) - CESNI - Comit\u00e9 Europ\u00e9en pour l\u2019\u00c9laboration de Standards dans le domaine de la Navigation Int\u00e9rieure<\/title>\n<meta name=\"robots\" content=\"index, follow, max-snippet:-1, max-image-preview:large, max-video-preview:-1\" \/>\n<link rel=\"canonical\" href=\"https:\/\/www.cesni.eu\/de\/suk-tagung-2023\/\" \/>\n<meta property=\"og:locale\" content=\"de_DE\" \/>\n<meta property=\"og:type\" content=\"article\" \/>\n<meta property=\"og:title\" content=\"SUK-Tagung (2023) - CESNI - Comit\u00e9 Europ\u00e9en pour l\u2019\u00c9laboration de Standards dans le domaine de la Navigation Int\u00e9rieure\" \/>\n<meta property=\"og:description\" content=\"&nbsp; Vom 26. bis 28. September 2023 fand in Zagreb die vierte gemeinsame Tagung der f\u00fcr die Untersuchung von Binnenschiffen zust\u00e4ndigen Kommissionen statt. Diese Tagung stand unter der Schirmherrschaft des Europ\u00e4ischen Ausschusses zur Ausarbeitung von Standards im Bereich der Binnenschifffahrt (CESNI) und kn\u00fcpfte an die Tagungen in Budapest (2008), Breslau (2012) und Wien (2018) an. [&hellip;]\" \/>\n<meta property=\"og:url\" content=\"https:\/\/www.cesni.eu\/de\/suk-tagung-2023\/\" \/>\n<meta property=\"og:site_name\" content=\"CESNI - Comit\u00e9 Europ\u00e9en pour l\u2019\u00c9laboration de Standards dans le domaine de la Navigation Int\u00e9rieure\" \/>\n<meta property=\"article:modified_time\" content=\"2023-09-29T09:41:50+00:00\" \/>\n<meta property=\"og:image\" content=\"https:\/\/www.cesni.eu\/wp-content\/uploads\/2023\/06\/Bandeau_site-web.jpg\" \/>\n<meta name=\"twitter:card\" content=\"summary_large_image\" \/>\n<script type=\"application\/ld+json\" class=\"yoast-schema-graph\">{\"@context\":\"https:\\\/\\\/schema.org\",\"@graph\":[{\"@type\":\"WebPage\",\"@id\":\"https:\\\/\\\/www.cesni.eu\\\/de\\\/suk-tagung-2023\\\/\",\"url\":\"https:\\\/\\\/www.cesni.eu\\\/de\\\/suk-tagung-2023\\\/\",\"name\":\"SUK-Tagung (2023) - CESNI - Comit\u00e9 Europ\u00e9en pour l\u2019\u00c9laboration de Standards dans le domaine de la Navigation Int\u00e9rieure\",\"isPartOf\":{\"@id\":\"https:\\\/\\\/www.cesni.eu\\\/nl\\\/#website\"},\"primaryImageOfPage\":{\"@id\":\"https:\\\/\\\/www.cesni.eu\\\/de\\\/suk-tagung-2023\\\/#primaryimage\"},\"image\":{\"@id\":\"https:\\\/\\\/www.cesni.eu\\\/de\\\/suk-tagung-2023\\\/#primaryimage\"},\"thumbnailUrl\":\"https:\\\/\\\/www.cesni.eu\\\/wp-content\\\/uploads\\\/2023\\\/06\\\/Bandeau_site-web.jpg\",\"datePublished\":\"2023-06-09T12:53:16+00:00\",\"dateModified\":\"2023-09-29T09:41:50+00:00\",\"breadcrumb\":{\"@id\":\"https:\\\/\\\/www.cesni.eu\\\/de\\\/suk-tagung-2023\\\/#breadcrumb\"},\"inLanguage\":\"de-DE\",\"potentialAction\":[{\"@type\":\"ReadAction\",\"target\":[\"https:\\\/\\\/www.cesni.eu\\\/de\\\/suk-tagung-2023\\\/\"]}]},{\"@type\":\"ImageObject\",\"inLanguage\":\"de-DE\",\"@id\":\"https:\\\/\\\/www.cesni.eu\\\/de\\\/suk-tagung-2023\\\/#primaryimage\",\"url\":\"https:\\\/\\\/www.cesni.eu\\\/wp-content\\\/uploads\\\/2023\\\/06\\\/Bandeau_site-web.jpg\",\"contentUrl\":\"https:\\\/\\\/www.cesni.eu\\\/wp-content\\\/uploads\\\/2023\\\/06\\\/Bandeau_site-web.jpg\"},{\"@type\":\"BreadcrumbList\",\"@id\":\"https:\\\/\\\/www.cesni.eu\\\/de\\\/suk-tagung-2023\\\/#breadcrumb\",\"itemListElement\":[{\"@type\":\"ListItem\",\"position\":1,\"name\":\"Accueil\",\"item\":\"https:\\\/\\\/www.cesni.eu\\\/de\\\/\"},{\"@type\":\"ListItem\",\"position\":2,\"name\":\"SUK-Tagung (2023)\"}]},{\"@type\":\"WebSite\",\"@id\":\"https:\\\/\\\/www.cesni.eu\\\/nl\\\/#website\",\"url\":\"https:\\\/\\\/www.cesni.eu\\\/nl\\\/\",\"name\":\"CESNI - Comit\u00e9 Europ\u00e9en pour l\u2019\u00c9laboration de Standards dans le domaine de la Navigation Int\u00e9rieure\",\"description\":\"\",\"potentialAction\":[{\"@type\":\"SearchAction\",\"target\":{\"@type\":\"EntryPoint\",\"urlTemplate\":\"https:\\\/\\\/www.cesni.eu\\\/nl\\\/?s={search_term_string}\"},\"query-input\":{\"@type\":\"PropertyValueSpecification\",\"valueRequired\":true,\"valueName\":\"search_term_string\"}}],\"inLanguage\":\"de-DE\"}]}<\/script>\n<!-- \/ Yoast SEO plugin. -->","yoast_head_json":{"title":"SUK-Tagung (2023) - CESNI - Comit\u00e9 Europ\u00e9en pour l\u2019\u00c9laboration de Standards dans le domaine de la Navigation Int\u00e9rieure","robots":{"index":"index","follow":"follow","max-snippet":"max-snippet:-1","max-image-preview":"max-image-preview:large","max-video-preview":"max-video-preview:-1"},"canonical":"https:\/\/www.cesni.eu\/de\/suk-tagung-2023\/","og_locale":"de_DE","og_type":"article","og_title":"SUK-Tagung (2023) - CESNI - Comit\u00e9 Europ\u00e9en pour l\u2019\u00c9laboration de Standards dans le domaine de la Navigation Int\u00e9rieure","og_description":"&nbsp; Vom 26. bis 28. September 2023 fand in Zagreb die vierte gemeinsame Tagung der f\u00fcr die Untersuchung von Binnenschiffen zust\u00e4ndigen Kommissionen statt. Diese Tagung stand unter der Schirmherrschaft des Europ\u00e4ischen Ausschusses zur Ausarbeitung von Standards im Bereich der Binnenschifffahrt (CESNI) und kn\u00fcpfte an die Tagungen in Budapest (2008), Breslau (2012) und Wien (2018) an. [&hellip;]","og_url":"https:\/\/www.cesni.eu\/de\/suk-tagung-2023\/","og_site_name":"CESNI - Comit\u00e9 Europ\u00e9en pour l\u2019\u00c9laboration de Standards dans le domaine de la Navigation Int\u00e9rieure","article_modified_time":"2023-09-29T09:41:50+00:00","og_image":[{"url":"https:\/\/www.cesni.eu\/wp-content\/uploads\/2023\/06\/Bandeau_site-web.jpg","type":"","width":"","height":""}],"twitter_card":"summary_large_image","schema":{"@context":"https:\/\/schema.org","@graph":[{"@type":"WebPage","@id":"https:\/\/www.cesni.eu\/de\/suk-tagung-2023\/","url":"https:\/\/www.cesni.eu\/de\/suk-tagung-2023\/","name":"SUK-Tagung (2023) - CESNI - Comit\u00e9 Europ\u00e9en pour l\u2019\u00c9laboration de Standards dans le domaine de la Navigation Int\u00e9rieure","isPartOf":{"@id":"https:\/\/www.cesni.eu\/nl\/#website"},"primaryImageOfPage":{"@id":"https:\/\/www.cesni.eu\/de\/suk-tagung-2023\/#primaryimage"},"image":{"@id":"https:\/\/www.cesni.eu\/de\/suk-tagung-2023\/#primaryimage"},"thumbnailUrl":"https:\/\/www.cesni.eu\/wp-content\/uploads\/2023\/06\/Bandeau_site-web.jpg","datePublished":"2023-06-09T12:53:16+00:00","dateModified":"2023-09-29T09:41:50+00:00","breadcrumb":{"@id":"https:\/\/www.cesni.eu\/de\/suk-tagung-2023\/#breadcrumb"},"inLanguage":"de-DE","potentialAction":[{"@type":"ReadAction","target":["https:\/\/www.cesni.eu\/de\/suk-tagung-2023\/"]}]},{"@type":"ImageObject","inLanguage":"de-DE","@id":"https:\/\/www.cesni.eu\/de\/suk-tagung-2023\/#primaryimage","url":"https:\/\/www.cesni.eu\/wp-content\/uploads\/2023\/06\/Bandeau_site-web.jpg","contentUrl":"https:\/\/www.cesni.eu\/wp-content\/uploads\/2023\/06\/Bandeau_site-web.jpg"},{"@type":"BreadcrumbList","@id":"https:\/\/www.cesni.eu\/de\/suk-tagung-2023\/#breadcrumb","itemListElement":[{"@type":"ListItem","position":1,"name":"Accueil","item":"https:\/\/www.cesni.eu\/de\/"},{"@type":"ListItem","position":2,"name":"SUK-Tagung (2023)"}]},{"@type":"WebSite","@id":"https:\/\/www.cesni.eu\/nl\/#website","url":"https:\/\/www.cesni.eu\/nl\/","name":"CESNI - Comit\u00e9 Europ\u00e9en pour l\u2019\u00c9laboration de Standards dans le domaine de la Navigation Int\u00e9rieure","description":"","potentialAction":[{"@type":"SearchAction","target":{"@type":"EntryPoint","urlTemplate":"https:\/\/www.cesni.eu\/nl\/?s={search_term_string}"},"query-input":{"@type":"PropertyValueSpecification","valueRequired":true,"valueName":"search_term_string"}}],"inLanguage":"de-DE"}]}},"post_mailing_queue_ids":[],"_links":{"self":[{"href":"https:\/\/www.cesni.eu\/de\/wp-json\/wp\/v2\/pages\/9288","targetHints":{"allow":["GET"]}}],"collection":[{"href":"https:\/\/www.cesni.eu\/de\/wp-json\/wp\/v2\/pages"}],"about":[{"href":"https:\/\/www.cesni.eu\/de\/wp-json\/wp\/v2\/types\/page"}],"author":[{"embeddable":true,"href":"https:\/\/www.cesni.eu\/de\/wp-json\/wp\/v2\/users\/8"}],"replies":[{"embeddable":true,"href":"https:\/\/www.cesni.eu\/de\/wp-json\/wp\/v2\/comments?post=9288"}],"version-history":[{"count":10,"href":"https:\/\/www.cesni.eu\/de\/wp-json\/wp\/v2\/pages\/9288\/revisions"}],"predecessor-version":[{"id":9672,"href":"https:\/\/www.cesni.eu\/de\/wp-json\/wp\/v2\/pages\/9288\/revisions\/9672"}],"wp:attachment":[{"href":"https:\/\/www.cesni.eu\/de\/wp-json\/wp\/v2\/media?parent=9288"}],"curies":[{"name":"wp","href":"https:\/\/api.w.org\/{rel}","templated":true}]}}