{"id":7614,"date":"2022-03-28T14:01:10","date_gmt":"2022-03-28T13:01:10","guid":{"rendered":"https:\/\/www.cesni.eu\/?page_id=7614"},"modified":"2023-03-30T09:15:04","modified_gmt":"2023-03-30T08:15:04","slug":"konsultation-des-cesni-mit-dem-gewerbe-2021","status":"publish","type":"page","link":"https:\/\/www.cesni.eu\/de\/konsultation-des-cesni-mit-dem-gewerbe-2021\/","title":{"rendered":"Konsultationen des CESNI mit dem Gewerbe (2022, 2021)"},"content":{"rendered":"<p><img loading=\"lazy\" decoding=\"async\" class=\"alignnone wp-image-2749 size-full\" src=\"https:\/\/www.cesni.eu\/wp-content\/uploads\/2021\/12\/platina-a-20110812-0043_BDB.jpg\" alt=\"\" width=\"546\" height=\"199\"><br \/>\n&nbsp;<\/p>\n<h2>2022<\/h2>\n<p>Am 14. Dezember 2022 fand die zweite Konsultation mit dem Gewerbe \u00fcber die k\u00fcnftigen europ\u00e4ischen Besatzungsstandards statt, an der mehr als 90 Teilnehmer (Arbeitgeber und Arbeitnehmer) teilnahmen. Die Veranstaltung wurde gemeinsam von EBU\/ESO und der ETF unter der Schirmherrschaft des CESNI organisiert. Zur Diskussion standen wichtige Themen rund um die k\u00fcnftigen europ\u00e4ischen Besatzungsvorschriften wie Betriebsformen, Ruhezeiten, Ruhetage f\u00fcr Partikuliere, Betrieb von Einmannschiffen und Einstiegsebene (Decksmann und Auszubildender).<br \/>\n&nbsp;<br \/>\n<strong>Dokumente<\/strong><br \/>\n&nbsp;<br \/>\n<strong><span style=\"margin-left: 10px; color: #01a9db;\">Pressemitteilung<\/span><\/strong> <a href=\"https:\/\/www.cesni.eu\/de\/actualites\/wichtigste-erkenntnisse-aus-der-konsultation-mit-dem-gewerbe-ueber-die-kuenftigen-europaeischen-besatzungsstandards\/\" target=\"_blank\" class=\"contentdoc download tooltip\" data-title=\"download\"><svg width=\"20\" height=\"17\"><use xlink:href=\"#download\"><\/use><\/svg><span>DE <\/span><\/a><br \/>\n<strong><span style=\"margin-left: 10px; color: #01a9db;\">Wichtigste Ergebnisse der zweiten Konsultation mit dem Gewerbe<\/span><\/strong> <a href=\"https:\/\/www.cesni.eu\/wp-content\/uploads\/2023\/03\/key-takeaways_de.pdf\" target=\"_blank\" class=\"contentdoc download tooltip\" data-title=\"download\"><svg width=\"20\" height=\"17\"><use xlink:href=\"#download\"><\/use><\/svg><span>DE <\/span><\/a><\/p>\n<h2>2021<\/h2>\n<p>Am 14. Dezember 2021 fand eine Konsultation mit dem Gewerbe in Form eines Webinars \u00fcber den Fahrplan f\u00fcr europ\u00e4ische Besatzungsvorschriften statt. Mehr als 80 Personen nahmen an dieser wichtigen Veranstaltung unter der Schirmherrschaft der CESNI-Arbeitsgruppe f\u00fcr Berufsbef\u00e4higungen (CESNI\/QP) teil, um \u00fcber die Entwicklung eines k\u00fcnftigen Rechtsrahmens auf <a href=\"https:\/\/www.ccr-zkr.org\/\">ZKR<\/a>&#8211; (Zentralkommission f\u00fcr die Rheinschifffahrt) und EU-Ebene (Europ\u00e4ische Union) f\u00fcr Besatzungsvorschriften zu diskutieren und zu verschiedenen Fragen Stellung zu nehmen.<br \/>\n&nbsp;<br \/>\n<strong>Dokumente<\/strong><br \/>\n&nbsp;<br \/>\n<strong><span style=\"margin-left: 10px; color: #01a9db;\">Pressemitteilung<\/span><\/strong> <a href=\"https:\/\/www.cesni.eu\/de\/actualites\/konsultation-des-cesni-mit-dem-gewerbe-ein-weiterer-schritt-zu-harmonisierten-europaeischen-besatzungsvorschriften\/\" target=\"_blank\" class=\"contentdoc download tooltip\" data-title=\"download\"><svg width=\"20\" height=\"17\"><use xlink:href=\"#download\"><\/use><\/svg><span>DE <\/span><\/a><br \/>\n<strong><span style=\"margin-left: 10px; color: #01a9db;\">Beitr\u00e4ge aus der Anh\u00f6rung des Gewerbes am 14. Dezember 2021<\/span><\/strong><a href=\"https:\/\/www.cesni.eu\/wp-content\/uploads\/2022\/03\/cesniqp21_114de_crew_corr.pdf\" target=\"_blank\" class=\"contentdoc download tooltip\" data-title=\"download\"><svg width=\"20\" height=\"17\"><use xlink:href=\"#download\"><\/use><\/svg><span>DE <\/span><\/a><br \/>\n<strong><span style=\"margin-left: 10px; color: #01a9db;\">Fahrplan f\u00fcr europ\u00e4ische Besatzungsvorschriften<\/span><\/strong><a href=\"https:\/\/www.cesni.eu\/wp-content\/uploads\/2022\/03\/roadmap_de.pdf\" target=\"_blank\" class=\"contentdoc download tooltip\" data-title=\"download\"><svg width=\"20\" height=\"17\"><use xlink:href=\"#download\"><\/use><\/svg><span>DE <\/span><\/a><br \/>\n&nbsp;<br \/>\n<strong>Pr\u00e4sentationen<\/strong><br \/>\n&nbsp;<br \/>\n<strong><span style=\"margin-left: 10px; color: #01a9db;\">Pr\u00e4sentation \u00fcber Ziele und Inhalt der E-Tools-Initiative und die Verbindung zwischen den Initiativen zu Besatzungsvorschriften und E-Tools<\/span><\/strong><\/p>\n<ul>\n<li>Frau Christelle Rousseau, Europ\u00e4ische Kommission, GD MOVE <a href=\"https:\/\/www.cesni.eu\/wp-content\/uploads\/2022\/03\/Presentation_Ms_Rousseau.pdf\" target=\"_blank\" class=\"contentdoc download tooltip\" data-title=\"download\"><svg width=\"20\" height=\"17\"><use xlink:href=\"#download\"><\/use><\/svg><span>EN <\/span><\/a><\/li>\n<\/ul>\n<p><strong><span style=\"margin-left: 10px; color: #01a9db;\">Vorstellung des Fahrplans unter besonderer Ber\u00fccksichtigung der Punkte, zu denen sich die Sozialpartner \u00e4u\u00dfern sollen \u2013 Kl\u00e4rung des Schwerpunkts des Webinars<\/span><\/strong><\/p>\n<ul>\n<li>Frau Herlinde Li\u00e9geois, De Vlaamse Waterweg nv <a href=\"https:\/\/www.cesni.eu\/wp-content\/uploads\/2022\/03\/Presentation_roadmap_Ms_Liegeois.pdf\" target=\"_blank\" class=\"contentdoc download tooltip\" data-title=\"download\"><svg width=\"20\" height=\"17\"><use xlink:href=\"#download\"><\/use><\/svg><span>EN <\/span><\/a><\/li>\n<\/ul>\n","protected":false},"excerpt":{"rendered":"<p>&nbsp; 2022 Am 14. Dezember 2022 fand die zweite Konsultation mit dem Gewerbe \u00fcber die k\u00fcnftigen europ\u00e4ischen Besatzungsstandards statt, an der mehr als 90 Teilnehmer (Arbeitgeber und Arbeitnehmer) teilnahmen. Die Veranstaltung wurde gemeinsam von EBU\/ESO und der ETF unter der Schirmherrschaft des CESNI organisiert. Zur Diskussion standen wichtige Themen rund um die k\u00fcnftigen europ\u00e4ischen Besatzungsvorschriften [&hellip;]<\/p>\n","protected":false},"author":8,"featured_media":0,"parent":0,"menu_order":0,"comment_status":"closed","ping_status":"closed","template":"","meta":{"_acf_changed":false,"footnotes":""},"class_list":["post-7614","page","type-page","status-publish","hentry"],"acf":[],"yoast_head":"<!-- This site is optimized with the Yoast SEO plugin v27.3 - https:\/\/yoast.com\/product\/yoast-seo-wordpress\/ -->\n<title>Konsultationen des CESNI mit dem Gewerbe (2022, 2021) - CESNI - Comit\u00e9 Europ\u00e9en pour l\u2019\u00c9laboration de Standards dans le domaine de la Navigation Int\u00e9rieure<\/title>\n<meta name=\"robots\" content=\"index, follow, max-snippet:-1, max-image-preview:large, max-video-preview:-1\" \/>\n<link rel=\"canonical\" href=\"https:\/\/www.cesni.eu\/de\/konsultation-des-cesni-mit-dem-gewerbe-2021\/\" \/>\n<meta property=\"og:locale\" content=\"de_DE\" \/>\n<meta property=\"og:type\" content=\"article\" \/>\n<meta property=\"og:title\" content=\"Konsultationen des CESNI mit dem Gewerbe (2022, 2021) - CESNI - Comit\u00e9 Europ\u00e9en pour l\u2019\u00c9laboration de Standards dans le domaine de la Navigation Int\u00e9rieure\" \/>\n<meta property=\"og:description\" content=\"&nbsp; 2022 Am 14. Dezember 2022 fand die zweite Konsultation mit dem Gewerbe \u00fcber die k\u00fcnftigen europ\u00e4ischen Besatzungsstandards statt, an der mehr als 90 Teilnehmer (Arbeitgeber und Arbeitnehmer) teilnahmen. Die Veranstaltung wurde gemeinsam von EBU\/ESO und der ETF unter der Schirmherrschaft des CESNI organisiert. Zur Diskussion standen wichtige Themen rund um die k\u00fcnftigen europ\u00e4ischen Besatzungsvorschriften [&hellip;]\" \/>\n<meta property=\"og:url\" content=\"https:\/\/www.cesni.eu\/de\/konsultation-des-cesni-mit-dem-gewerbe-2021\/\" \/>\n<meta property=\"og:site_name\" content=\"CESNI - Comit\u00e9 Europ\u00e9en pour l\u2019\u00c9laboration de Standards dans le domaine de la Navigation Int\u00e9rieure\" \/>\n<meta property=\"article:modified_time\" content=\"2023-03-30T08:15:04+00:00\" \/>\n<meta property=\"og:image\" content=\"https:\/\/www.cesni.eu\/wp-content\/uploads\/2021\/12\/platina-a-20110812-0043_BDB.jpg\" \/>\n<meta name=\"twitter:card\" content=\"summary_large_image\" \/>\n<meta name=\"twitter:label1\" content=\"Est. reading time\" \/>\n\t<meta name=\"twitter:data1\" content=\"2 minutes\" \/>\n<script type=\"application\/ld+json\" class=\"yoast-schema-graph\">{\"@context\":\"https:\\\/\\\/schema.org\",\"@graph\":[{\"@type\":\"WebPage\",\"@id\":\"https:\\\/\\\/www.cesni.eu\\\/de\\\/konsultation-des-cesni-mit-dem-gewerbe-2021\\\/\",\"url\":\"https:\\\/\\\/www.cesni.eu\\\/de\\\/konsultation-des-cesni-mit-dem-gewerbe-2021\\\/\",\"name\":\"Konsultationen des CESNI mit dem Gewerbe (2022, 2021) - CESNI - Comit\u00e9 Europ\u00e9en pour l\u2019\u00c9laboration de Standards dans le domaine de la Navigation Int\u00e9rieure\",\"isPartOf\":{\"@id\":\"https:\\\/\\\/www.cesni.eu\\\/nl\\\/#website\"},\"primaryImageOfPage\":{\"@id\":\"https:\\\/\\\/www.cesni.eu\\\/de\\\/konsultation-des-cesni-mit-dem-gewerbe-2021\\\/#primaryimage\"},\"image\":{\"@id\":\"https:\\\/\\\/www.cesni.eu\\\/de\\\/konsultation-des-cesni-mit-dem-gewerbe-2021\\\/#primaryimage\"},\"thumbnailUrl\":\"https:\\\/\\\/www.cesni.eu\\\/wp-content\\\/uploads\\\/2021\\\/12\\\/platina-a-20110812-0043_BDB.jpg\",\"datePublished\":\"2022-03-28T13:01:10+00:00\",\"dateModified\":\"2023-03-30T08:15:04+00:00\",\"breadcrumb\":{\"@id\":\"https:\\\/\\\/www.cesni.eu\\\/de\\\/konsultation-des-cesni-mit-dem-gewerbe-2021\\\/#breadcrumb\"},\"inLanguage\":\"de-DE\",\"potentialAction\":[{\"@type\":\"ReadAction\",\"target\":[\"https:\\\/\\\/www.cesni.eu\\\/de\\\/konsultation-des-cesni-mit-dem-gewerbe-2021\\\/\"]}]},{\"@type\":\"ImageObject\",\"inLanguage\":\"de-DE\",\"@id\":\"https:\\\/\\\/www.cesni.eu\\\/de\\\/konsultation-des-cesni-mit-dem-gewerbe-2021\\\/#primaryimage\",\"url\":\"https:\\\/\\\/www.cesni.eu\\\/wp-content\\\/uploads\\\/2021\\\/12\\\/platina-a-20110812-0043_BDB.jpg\",\"contentUrl\":\"https:\\\/\\\/www.cesni.eu\\\/wp-content\\\/uploads\\\/2021\\\/12\\\/platina-a-20110812-0043_BDB.jpg\"},{\"@type\":\"BreadcrumbList\",\"@id\":\"https:\\\/\\\/www.cesni.eu\\\/de\\\/konsultation-des-cesni-mit-dem-gewerbe-2021\\\/#breadcrumb\",\"itemListElement\":[{\"@type\":\"ListItem\",\"position\":1,\"name\":\"Accueil\",\"item\":\"https:\\\/\\\/www.cesni.eu\\\/de\\\/\"},{\"@type\":\"ListItem\",\"position\":2,\"name\":\"Konsultationen des CESNI mit dem Gewerbe (2022, 2021)\"}]},{\"@type\":\"WebSite\",\"@id\":\"https:\\\/\\\/www.cesni.eu\\\/nl\\\/#website\",\"url\":\"https:\\\/\\\/www.cesni.eu\\\/nl\\\/\",\"name\":\"CESNI - Comit\u00e9 Europ\u00e9en pour l\u2019\u00c9laboration de Standards dans le domaine de la Navigation Int\u00e9rieure\",\"description\":\"\",\"potentialAction\":[{\"@type\":\"SearchAction\",\"target\":{\"@type\":\"EntryPoint\",\"urlTemplate\":\"https:\\\/\\\/www.cesni.eu\\\/nl\\\/?s={search_term_string}\"},\"query-input\":{\"@type\":\"PropertyValueSpecification\",\"valueRequired\":true,\"valueName\":\"search_term_string\"}}],\"inLanguage\":\"de-DE\"}]}<\/script>\n<!-- \/ Yoast SEO plugin. -->","yoast_head_json":{"title":"Konsultationen des CESNI mit dem Gewerbe (2022, 2021) - CESNI - Comit\u00e9 Europ\u00e9en pour l\u2019\u00c9laboration de Standards dans le domaine de la Navigation Int\u00e9rieure","robots":{"index":"index","follow":"follow","max-snippet":"max-snippet:-1","max-image-preview":"max-image-preview:large","max-video-preview":"max-video-preview:-1"},"canonical":"https:\/\/www.cesni.eu\/de\/konsultation-des-cesni-mit-dem-gewerbe-2021\/","og_locale":"de_DE","og_type":"article","og_title":"Konsultationen des CESNI mit dem Gewerbe (2022, 2021) - CESNI - Comit\u00e9 Europ\u00e9en pour l\u2019\u00c9laboration de Standards dans le domaine de la Navigation Int\u00e9rieure","og_description":"&nbsp; 2022 Am 14. Dezember 2022 fand die zweite Konsultation mit dem Gewerbe \u00fcber die k\u00fcnftigen europ\u00e4ischen Besatzungsstandards statt, an der mehr als 90 Teilnehmer (Arbeitgeber und Arbeitnehmer) teilnahmen. Die Veranstaltung wurde gemeinsam von EBU\/ESO und der ETF unter der Schirmherrschaft des CESNI organisiert. Zur Diskussion standen wichtige Themen rund um die k\u00fcnftigen europ\u00e4ischen Besatzungsvorschriften [&hellip;]","og_url":"https:\/\/www.cesni.eu\/de\/konsultation-des-cesni-mit-dem-gewerbe-2021\/","og_site_name":"CESNI - Comit\u00e9 Europ\u00e9en pour l\u2019\u00c9laboration de Standards dans le domaine de la Navigation Int\u00e9rieure","article_modified_time":"2023-03-30T08:15:04+00:00","og_image":[{"url":"https:\/\/www.cesni.eu\/wp-content\/uploads\/2021\/12\/platina-a-20110812-0043_BDB.jpg","type":"","width":"","height":""}],"twitter_card":"summary_large_image","twitter_misc":{"Est. reading time":"2 minutes"},"schema":{"@context":"https:\/\/schema.org","@graph":[{"@type":"WebPage","@id":"https:\/\/www.cesni.eu\/de\/konsultation-des-cesni-mit-dem-gewerbe-2021\/","url":"https:\/\/www.cesni.eu\/de\/konsultation-des-cesni-mit-dem-gewerbe-2021\/","name":"Konsultationen des CESNI mit dem Gewerbe (2022, 2021) - CESNI - Comit\u00e9 Europ\u00e9en pour l\u2019\u00c9laboration de Standards dans le domaine de la Navigation Int\u00e9rieure","isPartOf":{"@id":"https:\/\/www.cesni.eu\/nl\/#website"},"primaryImageOfPage":{"@id":"https:\/\/www.cesni.eu\/de\/konsultation-des-cesni-mit-dem-gewerbe-2021\/#primaryimage"},"image":{"@id":"https:\/\/www.cesni.eu\/de\/konsultation-des-cesni-mit-dem-gewerbe-2021\/#primaryimage"},"thumbnailUrl":"https:\/\/www.cesni.eu\/wp-content\/uploads\/2021\/12\/platina-a-20110812-0043_BDB.jpg","datePublished":"2022-03-28T13:01:10+00:00","dateModified":"2023-03-30T08:15:04+00:00","breadcrumb":{"@id":"https:\/\/www.cesni.eu\/de\/konsultation-des-cesni-mit-dem-gewerbe-2021\/#breadcrumb"},"inLanguage":"de-DE","potentialAction":[{"@type":"ReadAction","target":["https:\/\/www.cesni.eu\/de\/konsultation-des-cesni-mit-dem-gewerbe-2021\/"]}]},{"@type":"ImageObject","inLanguage":"de-DE","@id":"https:\/\/www.cesni.eu\/de\/konsultation-des-cesni-mit-dem-gewerbe-2021\/#primaryimage","url":"https:\/\/www.cesni.eu\/wp-content\/uploads\/2021\/12\/platina-a-20110812-0043_BDB.jpg","contentUrl":"https:\/\/www.cesni.eu\/wp-content\/uploads\/2021\/12\/platina-a-20110812-0043_BDB.jpg"},{"@type":"BreadcrumbList","@id":"https:\/\/www.cesni.eu\/de\/konsultation-des-cesni-mit-dem-gewerbe-2021\/#breadcrumb","itemListElement":[{"@type":"ListItem","position":1,"name":"Accueil","item":"https:\/\/www.cesni.eu\/de\/"},{"@type":"ListItem","position":2,"name":"Konsultationen des CESNI mit dem Gewerbe (2022, 2021)"}]},{"@type":"WebSite","@id":"https:\/\/www.cesni.eu\/nl\/#website","url":"https:\/\/www.cesni.eu\/nl\/","name":"CESNI - Comit\u00e9 Europ\u00e9en pour l\u2019\u00c9laboration de Standards dans le domaine de la Navigation Int\u00e9rieure","description":"","potentialAction":[{"@type":"SearchAction","target":{"@type":"EntryPoint","urlTemplate":"https:\/\/www.cesni.eu\/nl\/?s={search_term_string}"},"query-input":{"@type":"PropertyValueSpecification","valueRequired":true,"valueName":"search_term_string"}}],"inLanguage":"de-DE"}]}},"post_mailing_queue_ids":[],"_links":{"self":[{"href":"https:\/\/www.cesni.eu\/de\/wp-json\/wp\/v2\/pages\/7614","targetHints":{"allow":["GET"]}}],"collection":[{"href":"https:\/\/www.cesni.eu\/de\/wp-json\/wp\/v2\/pages"}],"about":[{"href":"https:\/\/www.cesni.eu\/de\/wp-json\/wp\/v2\/types\/page"}],"author":[{"embeddable":true,"href":"https:\/\/www.cesni.eu\/de\/wp-json\/wp\/v2\/users\/8"}],"replies":[{"embeddable":true,"href":"https:\/\/www.cesni.eu\/de\/wp-json\/wp\/v2\/comments?post=7614"}],"version-history":[{"count":6,"href":"https:\/\/www.cesni.eu\/de\/wp-json\/wp\/v2\/pages\/7614\/revisions"}],"predecessor-version":[{"id":8907,"href":"https:\/\/www.cesni.eu\/de\/wp-json\/wp\/v2\/pages\/7614\/revisions\/8907"}],"wp:attachment":[{"href":"https:\/\/www.cesni.eu\/de\/wp-json\/wp\/v2\/media?parent=7614"}],"curies":[{"name":"wp","href":"https:\/\/api.w.org\/{rel}","templated":true}]}}