{"id":7002,"date":"2021-10-22T09:26:18","date_gmt":"2021-10-22T08:26:18","guid":{"rendered":"https:\/\/www.cesni.eu\/?page_id=7002"},"modified":"2021-12-13T09:01:07","modified_gmt":"2021-12-13T08:01:07","slug":"tagung-der-pruefungskommissionen-2021","status":"publish","type":"page","link":"https:\/\/www.cesni.eu\/de\/tagung-der-pruefungskommissionen-2021\/","title":{"rendered":"Zweite gemeinsame Tagung der Pr\u00fcfungskommissionen (2021)"},"content":{"rendered":"<p><img loading=\"lazy\" decoding=\"async\" class=\"alignnone wp-image-2749 size-full\" src=\"https:\/\/www.cesni.eu\/wp-content\/uploads\/2021\/10\/AdobeStock_637680_canal-boat_page.jpg\" alt=\"\" width=\"546\" height=\"199\"><\/p>\n<h2>Hintergrund<\/h2>\n<p>Die <a href=\"https:\/\/www.cesni.eu\/de\/actualites\/erste-gemeinsame-tagung-der-pruefungskommissionen-fuer-berufsbefaehigungen\/\">zweite<\/a> gemeinsame Tagung der Pr\u00fcfungskommissionen der CESNI-Mitgliedstaaten fand am 15. September 2021 statt. Zum ersten Mal nahmen neben Mitgliedern von Pr\u00fcfungskommissionen, die unter der Verantwortung von Verwaltungsbeh\u00f6rden Pr\u00fcfungen durchf\u00fchren, auch Pr\u00fcfer von zugelassenen Ausbildungsprogrammen teil. Die Tagung, die urspr\u00fcnglich auf Einladung der deutschen EU-Ratspr\u00e4sidentschaft 2020 in Berlin h\u00e4tte stattfinden sollen, wurde aufgrund der aktuellen Gesundheitssituation als Online-Veranstaltung durchgef\u00fchrt.<\/p>\n<p>40 Sachverst\u00e4ndige aus 11 CESNI-Mitgliedstaaten, drei Flusskommissionen (<a href=\"https:\/\/www.ccr-zkr.org\/\">Zentralkommission f\u00fcr die Rheinschifffahrt<\/a>, <a href=\"https:\/\/www.danubecommission.org\/dc\/en\/\">Donaukommission<\/a> und <a href=\"https:\/\/www.savacommission.org\/\">Savekommission<\/a>), und die <a href=\"https:\/\/ec.europa.eu\/\">Europ\u00e4ische Kommission<\/a> beteiligten sich an diesem wichtigen Forum.<\/p>\n<p>Im Hinblick auf die k\u00fcnftige Anwendung der neuen Standards f\u00fcr Berufsbef\u00e4higungen ab Januar 2022 sollte die Tagung in erster Linie einen informativen und n\u00fctzlichen Austausch \u00fcber den Europ\u00e4ischen Standard f\u00fcr Qualifikationen in der Binnenschifffahrt (ES-QIN) und insbesondere dessen Standards f\u00fcr Pr\u00fcfungen erm\u00f6glichen.<\/p>\n<h2>Dokumente<\/h2>\n<p><strong><span style=\"margin-left: 10px; color: #01a9db;\">Pressemitteilung<\/span><\/strong> <a href=\"https:\/\/www.cesni.eu\/de\/actualites\/zweite-gemeinsame-tagung-der-pruefungskommissionen\/\" target=\"_blank\" class=\"contentdoc download tooltip\" data-title=\"download\"><svg width=\"20\" height=\"17\"><use xlink:href=\"#download\"><\/use><\/svg><span>DE <\/span><\/a><br \/>\n<strong><span style=\"margin-left: 10px; color: #01a9db;\">Tagesordnung<\/span><\/strong> <a href=\"https:\/\/www.cesni.eu\/wp-content\/uploads\/2021\/10\/1_Agenda_meeting_exam_commissions.pdf\" target=\"_blank\" class=\"contentdoc download tooltip\" data-title=\"download\"><svg width=\"20\" height=\"17\"><use xlink:href=\"#download\"><\/use><\/svg><span>EN <\/span><\/a><br \/>\n<strong><span style=\"margin-left: 10px; color: #01a9db;\">Schlussfolgerungen und Empfehlungen<\/span><\/strong> <a href=\"https:\/\/www.cesni.eu\/wp-content\/uploads\/2021\/12\/cesniqp_15092021_recommendations_de.pdf\" target=\"_blank\" class=\"contentdoc download tooltip\" data-title=\"download\"><svg width=\"20\" height=\"17\"><use xlink:href=\"#download\"><\/use><\/svg><span>DE <\/span><\/a><br \/>\n<strong><span style=\"margin-left: 10px; color: #01a9db;\">In den Niederlanden durchgef\u00fchrte Pr\u00fcfung auf BE mit echten Kandidaten <\/span><\/strong><\/p>\n<ul>\n<li>Frau Katja VAN DEN BELD, CBR\/CCV und Hr. Arjen Mintjes, MAH <a href=\"https:\/\/www.youtube.com\/watch?v=x-6zB6H5Tds\" target=\"_blank\" class=\"contentdoc download tooltip\" data-title=\"download\"><svg width=\"20\" height=\"17\"><use xlink:href=\"#download\"><\/use><\/svg><span>Film <\/span><\/a><\/li>\n<\/ul>\n<h4>Pr\u00e4sentationen<\/h4>\n<p><strong><span style=\"margin-left: 10px; color: #01a9db;\">Vorstellung des rechtlichen Rahmens auf EU-Ebene<\/span><\/strong><\/p>\n<ul>\n<li>Frau Christelle ROUSSEAU, Europ\u00e4ische Kommission, GD MOVE <a href=\"https:\/\/www.cesni.eu\/wp-content\/uploads\/2021\/10\/2_Rousseau_legal_framework.pdf\" target=\"_blank\" class=\"contentdoc download tooltip\" data-title=\"download\"><svg width=\"20\" height=\"17\"><use xlink:href=\"#download\"><\/use><\/svg><span>EN <\/span><\/a><\/li>\n<\/ul>\n<p><strong><span style=\"margin-left: 10px; color: #01a9db;\">Vorstellung des rechtlichen Rahmens auf ZKR-Ebene und Stand der Arbeiten am ES-QIN und im CESNI<\/span><\/strong><\/p>\n<ul>\n<li>Herr J\u00f6rg RUSCHE, ZKR, Verwaltungsrat f\u00fcr Berufsbef\u00e4higungen <a href=\"https:\/\/www.cesni.eu\/wp-content\/uploads\/2021\/10\/3_Rusche_state_of_play.pdf\" target=\"_blank\" class=\"contentdoc download tooltip\" data-title=\"download\"><svg width=\"20\" height=\"17\"><use xlink:href=\"#download\"><\/use><\/svg><span>EN <\/span><\/a><\/li>\n<\/ul>\n<p><strong><span style=\"margin-left: 10px; color: #01a9db;\">Pr\u00fcfung auf Betriebsebene (BE)<\/span><\/strong><\/p>\n<ul>\n<li>Herr J\u00f6rg RUSCHE, ZKR, Verwaltungsrat f\u00fcr Berufsbef\u00e4higungen <a href=\"https:\/\/www.cesni.eu\/wp-content\/uploads\/2021\/10\/4_Rusche_exam_OL.pdf\" target=\"_blank\" class=\"contentdoc download tooltip\" data-title=\"download\"><svg width=\"20\" height=\"17\"><use xlink:href=\"#download\"><\/use><\/svg><span>EN <\/span><\/a><\/li>\n<\/ul>\n<p><strong><span style=\"margin-left: 10px; color: #01a9db;\">Vorstellung und Diskussion der Musterpr\u00fcfung auf BE<\/span><\/strong><\/p>\n<ul>\n<li>Frau Katja VAN DEN BELD und Herr Adri VAN DER HOEVEN, CBR\/CCV <a href=\"https:\/\/www.cesni.eu\/wp-content\/uploads\/2021\/10\/5_van_den_Beld_practical_exam_OL.pdf\" target=\"_blank\" class=\"contentdoc download tooltip\" data-title=\"download\"><svg width=\"20\" height=\"17\"><use xlink:href=\"#download\"><\/use><\/svg><span>EN <\/span><\/a><\/li>\n<\/ul>\n<p><strong><span style=\"margin-left: 10px; color: #01a9db;\">Pr\u00fcfung auf F\u00fchrungsebene (FE)<\/span><\/strong><\/p>\n<ul>\n<li>Herr Bernd BIRKLHUBER, Republik \u00d6sterreich, Bundesministerium f\u00fcr Klimaschutz, Umwelt, Energie, Mobilit\u00e4t, Innovation und Technologie) <a href=\"https:\/\/www.cesni.eu\/wp-content\/uploads\/2021\/10\/6_Birklhuber_exam_ML.pdf\" target=\"_blank\" class=\"contentdoc download tooltip\" data-title=\"download\"><svg width=\"20\" height=\"17\"><use xlink:href=\"#download\"><\/use><\/svg><span>EN <\/span><\/a><\/li>\n<\/ul>\n<p><strong><span style=\"margin-left: 10px; color: #01a9db;\">Vorstellung von acht Szenarien, die in den Niederlanden f\u00fcr die Pr\u00fcfung auf FE zugrunde gelegt werden<\/span><\/strong><\/p>\n<ul>\n<li>Frau Katja VAN DEN BELD und Herr Adri VAN DER HOEVEN, CBR\/CCV <a href=\"https:\/\/www.cesni.eu\/wp-content\/uploads\/2021\/10\/7_van_den_Beld_van_der_Hoeven_8scenarios.pdf\" target=\"_blank\" class=\"contentdoc download tooltip\" data-title=\"download\"><svg width=\"20\" height=\"17\"><use xlink:href=\"#download\"><\/use><\/svg><span>EN <\/span><\/a><\/li>\n<\/ul>\n<p><strong><span style=\"margin-left: 10px; color: #01a9db;\">Pr\u00fcfung f\u00fcr die Bef\u00e4higung f\u00fcr das F\u00fchren von Fahrzeugen unter Radar<\/span><\/strong><\/p>\n<ul>\n<li>Frau Herlinde LI\u00c9GEOIS und Herr Patrick STEENACKER, De Vlaamse Waterweg nv\/ Fl\u00e4mische Pr\u00fcfungskommission <a href=\"https:\/\/www.cesni.eu\/wp-content\/uploads\/2021\/10\/8_Liegeois_radar_exam.pdf\" target=\"_blank\" class=\"contentdoc download tooltip\" data-title=\"download\"><svg width=\"20\" height=\"17\"><use xlink:href=\"#download\"><\/use><\/svg><span>EN <\/span><\/a><\/li>\n<\/ul>\n<p><strong><span style=\"margin-left: 10px; color: #01a9db;\">Pr\u00fcfung f\u00fcr die Bef\u00e4higung f\u00fcr das Befahren von Wasserstra\u00dfen mit maritimem Charakter<\/span><\/strong><\/p>\n<ul>\n<li>Herr Tobias NEHAB, WSV (Wasserstra\u00dfen- und Schifffahrtsverwaltung) <a href=\"https:\/\/www.cesni.eu\/wp-content\/uploads\/2021\/10\/9_Nehab_maritime_exam.pdf\" target=\"_blank\" class=\"contentdoc download tooltip\" data-title=\"download\"><svg width=\"20\" height=\"17\"><use xlink:href=\"#download\"><\/use><\/svg><span>EN <\/span><\/a><\/li>\n<\/ul>\n<p><strong><span style=\"margin-left: 10px; color: #01a9db;\">Pr\u00fcfung f\u00fcr die Bef\u00e4higung als LNG-Sachkundiger<\/span><\/strong><\/p>\n<ul>\n<li>Herr Adri VAN DER HOEVEN, CBR\/CCV <a href=\"https:\/\/www.cesni.eu\/wp-content\/uploads\/2021\/10\/10_van_der_Hoeven_LNG_exam.pdf\" target=\"_blank\" class=\"contentdoc download tooltip\" data-title=\"download\"><svg width=\"20\" height=\"17\"><use xlink:href=\"#download\"><\/use><\/svg><span>EN <\/span><\/a><\/li>\n<\/ul>\n<p><strong><span style=\"margin-left: 10px; color: #01a9db;\">Pr\u00fcfung f\u00fcr die Bef\u00e4higung als Sachkundiger f\u00fcr die Fahrgastschifffahrt<\/span><\/strong><\/p>\n<ul>\n<li>Herr J\u00f6rg RUSCHE, ZKR, Verwaltungsrat f\u00fcr Berufsbef\u00e4higungen <a href=\"https:\/\/www.cesni.eu\/wp-content\/uploads\/2021\/10\/11_Rusche_Passenger_navigation_expert_exam.pdf\" target=\"_blank\" class=\"contentdoc download tooltip\" data-title=\"download\"><svg width=\"20\" height=\"17\"><use xlink:href=\"#download\"><\/use><\/svg><span>EN <\/span><\/a><\/li>\n<\/ul>\n","protected":false},"excerpt":{"rendered":"<p>Hintergrund Die zweite gemeinsame Tagung der Pr\u00fcfungskommissionen der CESNI-Mitgliedstaaten fand am 15. September 2021 statt. Zum ersten Mal nahmen neben Mitgliedern von Pr\u00fcfungskommissionen, die unter der Verantwortung von Verwaltungsbeh\u00f6rden Pr\u00fcfungen durchf\u00fchren, auch Pr\u00fcfer von zugelassenen Ausbildungsprogrammen teil. Die Tagung, die urspr\u00fcnglich auf Einladung der deutschen EU-Ratspr\u00e4sidentschaft 2020 in Berlin h\u00e4tte stattfinden sollen, wurde aufgrund der [&hellip;]<\/p>\n","protected":false},"author":8,"featured_media":0,"parent":0,"menu_order":0,"comment_status":"closed","ping_status":"closed","template":"","meta":{"_acf_changed":false,"footnotes":""},"class_list":["post-7002","page","type-page","status-publish","hentry"],"acf":[],"yoast_head":"<!-- This site is optimized with the Yoast SEO plugin v27.3 - https:\/\/yoast.com\/product\/yoast-seo-wordpress\/ -->\n<title>Zweite gemeinsame Tagung der Pr\u00fcfungskommissionen (2021) - CESNI - Comit\u00e9 Europ\u00e9en pour l\u2019\u00c9laboration de Standards dans le domaine de la Navigation Int\u00e9rieure<\/title>\n<meta name=\"robots\" content=\"index, follow, max-snippet:-1, max-image-preview:large, max-video-preview:-1\" \/>\n<link rel=\"canonical\" href=\"https:\/\/www.cesni.eu\/de\/tagung-der-pruefungskommissionen-2021\/\" \/>\n<meta property=\"og:locale\" content=\"de_DE\" \/>\n<meta property=\"og:type\" content=\"article\" \/>\n<meta property=\"og:title\" content=\"Zweite gemeinsame Tagung der Pr\u00fcfungskommissionen (2021) - CESNI - Comit\u00e9 Europ\u00e9en pour l\u2019\u00c9laboration de Standards dans le domaine de la Navigation Int\u00e9rieure\" \/>\n<meta property=\"og:description\" content=\"Hintergrund Die zweite gemeinsame Tagung der Pr\u00fcfungskommissionen der CESNI-Mitgliedstaaten fand am 15. September 2021 statt. Zum ersten Mal nahmen neben Mitgliedern von Pr\u00fcfungskommissionen, die unter der Verantwortung von Verwaltungsbeh\u00f6rden Pr\u00fcfungen durchf\u00fchren, auch Pr\u00fcfer von zugelassenen Ausbildungsprogrammen teil. Die Tagung, die urspr\u00fcnglich auf Einladung der deutschen EU-Ratspr\u00e4sidentschaft 2020 in Berlin h\u00e4tte stattfinden sollen, wurde aufgrund der [&hellip;]\" \/>\n<meta property=\"og:url\" content=\"https:\/\/www.cesni.eu\/de\/tagung-der-pruefungskommissionen-2021\/\" \/>\n<meta property=\"og:site_name\" content=\"CESNI - Comit\u00e9 Europ\u00e9en pour l\u2019\u00c9laboration de Standards dans le domaine de la Navigation Int\u00e9rieure\" \/>\n<meta property=\"article:modified_time\" content=\"2021-12-13T08:01:07+00:00\" \/>\n<meta property=\"og:image\" content=\"https:\/\/www.cesni.eu\/wp-content\/uploads\/2021\/10\/AdobeStock_637680_canal-boat_page.jpg\" \/>\n<meta name=\"twitter:card\" content=\"summary_large_image\" \/>\n<meta name=\"twitter:label1\" content=\"Est. reading time\" \/>\n\t<meta name=\"twitter:data1\" content=\"2 minutes\" \/>\n<script type=\"application\/ld+json\" class=\"yoast-schema-graph\">{\"@context\":\"https:\\\/\\\/schema.org\",\"@graph\":[{\"@type\":\"WebPage\",\"@id\":\"https:\\\/\\\/www.cesni.eu\\\/de\\\/tagung-der-pruefungskommissionen-2021\\\/\",\"url\":\"https:\\\/\\\/www.cesni.eu\\\/de\\\/tagung-der-pruefungskommissionen-2021\\\/\",\"name\":\"Zweite gemeinsame Tagung der Pr\u00fcfungskommissionen (2021) - CESNI - Comit\u00e9 Europ\u00e9en pour l\u2019\u00c9laboration de Standards dans le domaine de la Navigation Int\u00e9rieure\",\"isPartOf\":{\"@id\":\"https:\\\/\\\/www.cesni.eu\\\/nl\\\/#website\"},\"primaryImageOfPage\":{\"@id\":\"https:\\\/\\\/www.cesni.eu\\\/de\\\/tagung-der-pruefungskommissionen-2021\\\/#primaryimage\"},\"image\":{\"@id\":\"https:\\\/\\\/www.cesni.eu\\\/de\\\/tagung-der-pruefungskommissionen-2021\\\/#primaryimage\"},\"thumbnailUrl\":\"https:\\\/\\\/www.cesni.eu\\\/wp-content\\\/uploads\\\/2021\\\/10\\\/AdobeStock_637680_canal-boat_page.jpg\",\"datePublished\":\"2021-10-22T08:26:18+00:00\",\"dateModified\":\"2021-12-13T08:01:07+00:00\",\"breadcrumb\":{\"@id\":\"https:\\\/\\\/www.cesni.eu\\\/de\\\/tagung-der-pruefungskommissionen-2021\\\/#breadcrumb\"},\"inLanguage\":\"de-DE\",\"potentialAction\":[{\"@type\":\"ReadAction\",\"target\":[\"https:\\\/\\\/www.cesni.eu\\\/de\\\/tagung-der-pruefungskommissionen-2021\\\/\"]}]},{\"@type\":\"ImageObject\",\"inLanguage\":\"de-DE\",\"@id\":\"https:\\\/\\\/www.cesni.eu\\\/de\\\/tagung-der-pruefungskommissionen-2021\\\/#primaryimage\",\"url\":\"https:\\\/\\\/www.cesni.eu\\\/wp-content\\\/uploads\\\/2021\\\/10\\\/AdobeStock_637680_canal-boat_page.jpg\",\"contentUrl\":\"https:\\\/\\\/www.cesni.eu\\\/wp-content\\\/uploads\\\/2021\\\/10\\\/AdobeStock_637680_canal-boat_page.jpg\"},{\"@type\":\"BreadcrumbList\",\"@id\":\"https:\\\/\\\/www.cesni.eu\\\/de\\\/tagung-der-pruefungskommissionen-2021\\\/#breadcrumb\",\"itemListElement\":[{\"@type\":\"ListItem\",\"position\":1,\"name\":\"Accueil\",\"item\":\"https:\\\/\\\/www.cesni.eu\\\/de\\\/\"},{\"@type\":\"ListItem\",\"position\":2,\"name\":\"Zweite gemeinsame Tagung der Pr\u00fcfungskommissionen (2021)\"}]},{\"@type\":\"WebSite\",\"@id\":\"https:\\\/\\\/www.cesni.eu\\\/nl\\\/#website\",\"url\":\"https:\\\/\\\/www.cesni.eu\\\/nl\\\/\",\"name\":\"CESNI - Comit\u00e9 Europ\u00e9en pour l\u2019\u00c9laboration de Standards dans le domaine de la Navigation Int\u00e9rieure\",\"description\":\"\",\"potentialAction\":[{\"@type\":\"SearchAction\",\"target\":{\"@type\":\"EntryPoint\",\"urlTemplate\":\"https:\\\/\\\/www.cesni.eu\\\/nl\\\/?s={search_term_string}\"},\"query-input\":{\"@type\":\"PropertyValueSpecification\",\"valueRequired\":true,\"valueName\":\"search_term_string\"}}],\"inLanguage\":\"de-DE\"}]}<\/script>\n<!-- \/ Yoast SEO plugin. -->","yoast_head_json":{"title":"Zweite gemeinsame Tagung der Pr\u00fcfungskommissionen (2021) - CESNI - Comit\u00e9 Europ\u00e9en pour l\u2019\u00c9laboration de Standards dans le domaine de la Navigation Int\u00e9rieure","robots":{"index":"index","follow":"follow","max-snippet":"max-snippet:-1","max-image-preview":"max-image-preview:large","max-video-preview":"max-video-preview:-1"},"canonical":"https:\/\/www.cesni.eu\/de\/tagung-der-pruefungskommissionen-2021\/","og_locale":"de_DE","og_type":"article","og_title":"Zweite gemeinsame Tagung der Pr\u00fcfungskommissionen (2021) - CESNI - Comit\u00e9 Europ\u00e9en pour l\u2019\u00c9laboration de Standards dans le domaine de la Navigation Int\u00e9rieure","og_description":"Hintergrund Die zweite gemeinsame Tagung der Pr\u00fcfungskommissionen der CESNI-Mitgliedstaaten fand am 15. September 2021 statt. Zum ersten Mal nahmen neben Mitgliedern von Pr\u00fcfungskommissionen, die unter der Verantwortung von Verwaltungsbeh\u00f6rden Pr\u00fcfungen durchf\u00fchren, auch Pr\u00fcfer von zugelassenen Ausbildungsprogrammen teil. Die Tagung, die urspr\u00fcnglich auf Einladung der deutschen EU-Ratspr\u00e4sidentschaft 2020 in Berlin h\u00e4tte stattfinden sollen, wurde aufgrund der [&hellip;]","og_url":"https:\/\/www.cesni.eu\/de\/tagung-der-pruefungskommissionen-2021\/","og_site_name":"CESNI - Comit\u00e9 Europ\u00e9en pour l\u2019\u00c9laboration de Standards dans le domaine de la Navigation Int\u00e9rieure","article_modified_time":"2021-12-13T08:01:07+00:00","og_image":[{"url":"https:\/\/www.cesni.eu\/wp-content\/uploads\/2021\/10\/AdobeStock_637680_canal-boat_page.jpg","type":"","width":"","height":""}],"twitter_card":"summary_large_image","twitter_misc":{"Est. reading time":"2 minutes"},"schema":{"@context":"https:\/\/schema.org","@graph":[{"@type":"WebPage","@id":"https:\/\/www.cesni.eu\/de\/tagung-der-pruefungskommissionen-2021\/","url":"https:\/\/www.cesni.eu\/de\/tagung-der-pruefungskommissionen-2021\/","name":"Zweite gemeinsame Tagung der Pr\u00fcfungskommissionen (2021) - CESNI - Comit\u00e9 Europ\u00e9en pour l\u2019\u00c9laboration de Standards dans le domaine de la Navigation Int\u00e9rieure","isPartOf":{"@id":"https:\/\/www.cesni.eu\/nl\/#website"},"primaryImageOfPage":{"@id":"https:\/\/www.cesni.eu\/de\/tagung-der-pruefungskommissionen-2021\/#primaryimage"},"image":{"@id":"https:\/\/www.cesni.eu\/de\/tagung-der-pruefungskommissionen-2021\/#primaryimage"},"thumbnailUrl":"https:\/\/www.cesni.eu\/wp-content\/uploads\/2021\/10\/AdobeStock_637680_canal-boat_page.jpg","datePublished":"2021-10-22T08:26:18+00:00","dateModified":"2021-12-13T08:01:07+00:00","breadcrumb":{"@id":"https:\/\/www.cesni.eu\/de\/tagung-der-pruefungskommissionen-2021\/#breadcrumb"},"inLanguage":"de-DE","potentialAction":[{"@type":"ReadAction","target":["https:\/\/www.cesni.eu\/de\/tagung-der-pruefungskommissionen-2021\/"]}]},{"@type":"ImageObject","inLanguage":"de-DE","@id":"https:\/\/www.cesni.eu\/de\/tagung-der-pruefungskommissionen-2021\/#primaryimage","url":"https:\/\/www.cesni.eu\/wp-content\/uploads\/2021\/10\/AdobeStock_637680_canal-boat_page.jpg","contentUrl":"https:\/\/www.cesni.eu\/wp-content\/uploads\/2021\/10\/AdobeStock_637680_canal-boat_page.jpg"},{"@type":"BreadcrumbList","@id":"https:\/\/www.cesni.eu\/de\/tagung-der-pruefungskommissionen-2021\/#breadcrumb","itemListElement":[{"@type":"ListItem","position":1,"name":"Accueil","item":"https:\/\/www.cesni.eu\/de\/"},{"@type":"ListItem","position":2,"name":"Zweite gemeinsame Tagung der Pr\u00fcfungskommissionen (2021)"}]},{"@type":"WebSite","@id":"https:\/\/www.cesni.eu\/nl\/#website","url":"https:\/\/www.cesni.eu\/nl\/","name":"CESNI - Comit\u00e9 Europ\u00e9en pour l\u2019\u00c9laboration de Standards dans le domaine de la Navigation Int\u00e9rieure","description":"","potentialAction":[{"@type":"SearchAction","target":{"@type":"EntryPoint","urlTemplate":"https:\/\/www.cesni.eu\/nl\/?s={search_term_string}"},"query-input":{"@type":"PropertyValueSpecification","valueRequired":true,"valueName":"search_term_string"}}],"inLanguage":"de-DE"}]}},"post_mailing_queue_ids":[],"_links":{"self":[{"href":"https:\/\/www.cesni.eu\/de\/wp-json\/wp\/v2\/pages\/7002","targetHints":{"allow":["GET"]}}],"collection":[{"href":"https:\/\/www.cesni.eu\/de\/wp-json\/wp\/v2\/pages"}],"about":[{"href":"https:\/\/www.cesni.eu\/de\/wp-json\/wp\/v2\/types\/page"}],"author":[{"embeddable":true,"href":"https:\/\/www.cesni.eu\/de\/wp-json\/wp\/v2\/users\/8"}],"replies":[{"embeddable":true,"href":"https:\/\/www.cesni.eu\/de\/wp-json\/wp\/v2\/comments?post=7002"}],"version-history":[{"count":9,"href":"https:\/\/www.cesni.eu\/de\/wp-json\/wp\/v2\/pages\/7002\/revisions"}],"predecessor-version":[{"id":7430,"href":"https:\/\/www.cesni.eu\/de\/wp-json\/wp\/v2\/pages\/7002\/revisions\/7430"}],"wp:attachment":[{"href":"https:\/\/www.cesni.eu\/de\/wp-json\/wp\/v2\/media?parent=7002"}],"curies":[{"name":"wp","href":"https:\/\/api.w.org\/{rel}","templated":true}]}}