{"id":6059,"date":"2021-05-20T10:30:05","date_gmt":"2021-05-20T09:30:05","guid":{"rendered":"https:\/\/www.cesni.eu\/?page_id=6059"},"modified":"2021-06-14T10:18:28","modified_gmt":"2021-06-14T09:18:28","slug":"kurzdarstellung-der-dokumente","status":"publish","type":"page","link":"https:\/\/www.cesni.eu\/de\/kurzdarstellung-der-dokumente\/","title":{"rendered":"Kurzdarstellung der Dokumente"},"content":{"rendered":"<p>&nbsp;<br \/>\nDer CESNI ver\u00f6ffentlicht auf seiner Website die folgenden Dokumente:<br \/>\n&nbsp;<br \/>\n<a href=\"https:\/\/www.cesni.eu\/de\/uebersicht-der-dokumente\/arbeitsprogramm\/\">Arbeitsprogramm<\/a><br \/>\nDas Arbeitsprogramm beruht auf den von der Europ\u00e4ischen Kommission (DG MOVE) und dem Sekretariat der Zentralkommission f\u00fcr die Rheinschifffahrt erarbeiteten strategischen Leitlinien und ist das Ergebnis der Diskussionen aller an den Arbeiten des CESNI Beteiligten aus der Binnenschifffahrt. Das Arbeitsprogramm stellt die f\u00fcr die n\u00e4chsten Jahre geplanten Arbeiten vor und bietet einen Ausblick auf k\u00fcnftige Standards und andere Dokumente.<br \/>\n&nbsp;<br \/>\n<a href=\"https:\/\/www.cesni.eu\/de\/beschluesse\/\">Beschl\u00fcsse<\/a><br \/>\nDie Zusammenstellungen der im Rahmen der Ausschusssitzungen angenommenen Beschl\u00fcsse sind auf der Website des CESNI verf\u00fcgbar.<br \/>\n&nbsp;<br \/>\n<a href=\"https:\/\/www.cesni.eu\/de\/standards-und-erlaeuterungen\/\">Standards und Erl\u00e4uterungen<\/a><br \/>\nDer CESNI beschlie\u00dft die Annahme von technischen Standards f\u00fcr verschiedene Bereiche, insbesondere die technischen Vorschriften f\u00fcr Binnenschiffe, Berufsbef\u00e4higungen und Informationstechnologien.<br \/>\nDiese Standards sind nicht unmittelbar verbindlich. Damit sie Anwendung finden, k\u00f6nnen die ZKR, die Europ\u00e4ische Union (EU), andere internationale Organisationen sowie die Mitgliedstaaten von ZKR und EU in ihren jeweiligen Rechtsrahmen auf sie verweisen.<br \/>\nZus\u00e4tzlich ver\u00f6ffentlicht der Ausschuss Erl\u00e4uterungen zu diesen Standards. F\u00fcr einige Standards gibt es neben den offiziellen Fassungen in den Arbeitssprachen des CESNI (Deutsch, Englisch, Franz\u00f6sisch und Niederl\u00e4ndisch) auch inoffizielle \u00dcbersetzungen in andere Sprachen.<br \/>\n&nbsp;<br \/>\n<a href=\"https:\/\/www.cesni.eu\/de\/merkblaetter\/\">Merkbl\u00e4tter<\/a><br \/>\nDer CESNI ver\u00f6ffentlicht au\u00dferdem verschiedene Merkbl\u00e4tter, die die Anwendung der Standards erleichtern.<br \/>\n&nbsp;<br \/>\n<a href=\"https:\/\/www.cesni.eu\/de\/faq\/\">H\u00e4ufig gestellte Fragen (FAQ)<\/a><br \/>\nDurch die Beantwortung h\u00e4ufig gestellter Fragen (FAQ) m\u00f6chte der CESNI zum pr\u00e4ziseren Verst\u00e4ndnis der angenommenen Standards beitragen.<br \/>\n&nbsp;<br \/>\n<a href=\"https:\/\/www.cesni.eu\/de\/studien\/\">Studien<\/a><br \/>\nDie \u00dcberlegungen des CESNI zu m\u00f6glichen k\u00fcnftigen Standards werden durch verschiedene Studien unterst\u00fctzt.<br \/>\n&nbsp;<br \/>\n<a href=\"https:\/\/www.cesni.eu\/de\/andere-websites\/\">Andere Websites<\/a><br \/>\n\u00dcber diesen Link gelangen Sie zu weiteren Websites, die die Arbeiten des CESNI erg\u00e4nzen.<br \/>\n&nbsp;<br \/>\n<a href=\"https:\/\/www.cesni.eu\/de\/uebersicht-der-dokumente\/geschaeftsordnung-und-interne-vorschriften\/\">Gesch\u00e4ftsordnung und interne Vorschriften<\/a><br \/>\nDer CESNI verf\u00fcgt \u00fcber eine Gesch\u00e4ftsordnung und interne Vorschriften, die eine unabh\u00e4ngige und transparente Organisation der Arbeiten des Ausschusses gew\u00e4hrleisten.<\/p>\n","protected":false},"excerpt":{"rendered":"<p>&nbsp; Der CESNI ver\u00f6ffentlicht auf seiner Website die folgenden Dokumente: &nbsp; Arbeitsprogramm Das Arbeitsprogramm beruht auf den von der Europ\u00e4ischen Kommission (DG MOVE) und dem Sekretariat der Zentralkommission f\u00fcr die Rheinschifffahrt erarbeiteten strategischen Leitlinien und ist das Ergebnis der Diskussionen aller an den Arbeiten des CESNI Beteiligten aus der Binnenschifffahrt. Das Arbeitsprogramm stellt die f\u00fcr [&hellip;]<\/p>\n","protected":false},"author":8,"featured_media":0,"parent":0,"menu_order":0,"comment_status":"closed","ping_status":"closed","template":"","meta":{"_acf_changed":false,"footnotes":""},"class_list":["post-6059","page","type-page","status-publish","hentry"],"acf":[],"yoast_head":"<!-- This site is optimized with the Yoast SEO plugin v27.3 - https:\/\/yoast.com\/product\/yoast-seo-wordpress\/ -->\n<title>Kurzdarstellung der Dokumente - CESNI - Comit\u00e9 Europ\u00e9en pour l\u2019\u00c9laboration de Standards dans le domaine de la Navigation Int\u00e9rieure<\/title>\n<meta name=\"robots\" content=\"index, follow, max-snippet:-1, max-image-preview:large, max-video-preview:-1\" \/>\n<link rel=\"canonical\" href=\"https:\/\/www.cesni.eu\/de\/kurzdarstellung-der-dokumente\/\" \/>\n<meta property=\"og:locale\" content=\"de_DE\" \/>\n<meta property=\"og:type\" content=\"article\" \/>\n<meta property=\"og:title\" content=\"Kurzdarstellung der Dokumente - CESNI - Comit\u00e9 Europ\u00e9en pour l\u2019\u00c9laboration de Standards dans le domaine de la Navigation Int\u00e9rieure\" \/>\n<meta property=\"og:description\" content=\"&nbsp; Der CESNI ver\u00f6ffentlicht auf seiner Website die folgenden Dokumente: &nbsp; Arbeitsprogramm Das Arbeitsprogramm beruht auf den von der Europ\u00e4ischen Kommission (DG MOVE) und dem Sekretariat der Zentralkommission f\u00fcr die Rheinschifffahrt erarbeiteten strategischen Leitlinien und ist das Ergebnis der Diskussionen aller an den Arbeiten des CESNI Beteiligten aus der Binnenschifffahrt. Das Arbeitsprogramm stellt die f\u00fcr [&hellip;]\" \/>\n<meta property=\"og:url\" content=\"https:\/\/www.cesni.eu\/de\/kurzdarstellung-der-dokumente\/\" \/>\n<meta property=\"og:site_name\" content=\"CESNI - Comit\u00e9 Europ\u00e9en pour l\u2019\u00c9laboration de Standards dans le domaine de la Navigation Int\u00e9rieure\" \/>\n<meta property=\"article:modified_time\" content=\"2021-06-14T09:18:28+00:00\" \/>\n<meta name=\"twitter:card\" content=\"summary_large_image\" \/>\n<meta name=\"twitter:label1\" content=\"Est. reading time\" \/>\n\t<meta name=\"twitter:data1\" content=\"2 minutes\" \/>\n<script type=\"application\/ld+json\" class=\"yoast-schema-graph\">{\"@context\":\"https:\\\/\\\/schema.org\",\"@graph\":[{\"@type\":\"WebPage\",\"@id\":\"https:\\\/\\\/www.cesni.eu\\\/de\\\/kurzdarstellung-der-dokumente\\\/\",\"url\":\"https:\\\/\\\/www.cesni.eu\\\/de\\\/kurzdarstellung-der-dokumente\\\/\",\"name\":\"Kurzdarstellung der Dokumente - CESNI - Comit\u00e9 Europ\u00e9en pour l\u2019\u00c9laboration de Standards dans le domaine de la Navigation Int\u00e9rieure\",\"isPartOf\":{\"@id\":\"https:\\\/\\\/www.cesni.eu\\\/nl\\\/#website\"},\"datePublished\":\"2021-05-20T09:30:05+00:00\",\"dateModified\":\"2021-06-14T09:18:28+00:00\",\"breadcrumb\":{\"@id\":\"https:\\\/\\\/www.cesni.eu\\\/de\\\/kurzdarstellung-der-dokumente\\\/#breadcrumb\"},\"inLanguage\":\"de-DE\",\"potentialAction\":[{\"@type\":\"ReadAction\",\"target\":[\"https:\\\/\\\/www.cesni.eu\\\/de\\\/kurzdarstellung-der-dokumente\\\/\"]}]},{\"@type\":\"BreadcrumbList\",\"@id\":\"https:\\\/\\\/www.cesni.eu\\\/de\\\/kurzdarstellung-der-dokumente\\\/#breadcrumb\",\"itemListElement\":[{\"@type\":\"ListItem\",\"position\":1,\"name\":\"Accueil\",\"item\":\"https:\\\/\\\/www.cesni.eu\\\/de\\\/\"},{\"@type\":\"ListItem\",\"position\":2,\"name\":\"Kurzdarstellung der Dokumente\"}]},{\"@type\":\"WebSite\",\"@id\":\"https:\\\/\\\/www.cesni.eu\\\/nl\\\/#website\",\"url\":\"https:\\\/\\\/www.cesni.eu\\\/nl\\\/\",\"name\":\"CESNI - Comit\u00e9 Europ\u00e9en pour l\u2019\u00c9laboration de Standards dans le domaine de la Navigation Int\u00e9rieure\",\"description\":\"\",\"potentialAction\":[{\"@type\":\"SearchAction\",\"target\":{\"@type\":\"EntryPoint\",\"urlTemplate\":\"https:\\\/\\\/www.cesni.eu\\\/nl\\\/?s={search_term_string}\"},\"query-input\":{\"@type\":\"PropertyValueSpecification\",\"valueRequired\":true,\"valueName\":\"search_term_string\"}}],\"inLanguage\":\"de-DE\"}]}<\/script>\n<!-- \/ Yoast SEO plugin. -->","yoast_head_json":{"title":"Kurzdarstellung der Dokumente - CESNI - Comit\u00e9 Europ\u00e9en pour l\u2019\u00c9laboration de Standards dans le domaine de la Navigation Int\u00e9rieure","robots":{"index":"index","follow":"follow","max-snippet":"max-snippet:-1","max-image-preview":"max-image-preview:large","max-video-preview":"max-video-preview:-1"},"canonical":"https:\/\/www.cesni.eu\/de\/kurzdarstellung-der-dokumente\/","og_locale":"de_DE","og_type":"article","og_title":"Kurzdarstellung der Dokumente - CESNI - Comit\u00e9 Europ\u00e9en pour l\u2019\u00c9laboration de Standards dans le domaine de la Navigation Int\u00e9rieure","og_description":"&nbsp; Der CESNI ver\u00f6ffentlicht auf seiner Website die folgenden Dokumente: &nbsp; Arbeitsprogramm Das Arbeitsprogramm beruht auf den von der Europ\u00e4ischen Kommission (DG MOVE) und dem Sekretariat der Zentralkommission f\u00fcr die Rheinschifffahrt erarbeiteten strategischen Leitlinien und ist das Ergebnis der Diskussionen aller an den Arbeiten des CESNI Beteiligten aus der Binnenschifffahrt. Das Arbeitsprogramm stellt die f\u00fcr [&hellip;]","og_url":"https:\/\/www.cesni.eu\/de\/kurzdarstellung-der-dokumente\/","og_site_name":"CESNI - Comit\u00e9 Europ\u00e9en pour l\u2019\u00c9laboration de Standards dans le domaine de la Navigation Int\u00e9rieure","article_modified_time":"2021-06-14T09:18:28+00:00","twitter_card":"summary_large_image","twitter_misc":{"Est. reading time":"2 minutes"},"schema":{"@context":"https:\/\/schema.org","@graph":[{"@type":"WebPage","@id":"https:\/\/www.cesni.eu\/de\/kurzdarstellung-der-dokumente\/","url":"https:\/\/www.cesni.eu\/de\/kurzdarstellung-der-dokumente\/","name":"Kurzdarstellung der Dokumente - CESNI - Comit\u00e9 Europ\u00e9en pour l\u2019\u00c9laboration de Standards dans le domaine de la Navigation Int\u00e9rieure","isPartOf":{"@id":"https:\/\/www.cesni.eu\/nl\/#website"},"datePublished":"2021-05-20T09:30:05+00:00","dateModified":"2021-06-14T09:18:28+00:00","breadcrumb":{"@id":"https:\/\/www.cesni.eu\/de\/kurzdarstellung-der-dokumente\/#breadcrumb"},"inLanguage":"de-DE","potentialAction":[{"@type":"ReadAction","target":["https:\/\/www.cesni.eu\/de\/kurzdarstellung-der-dokumente\/"]}]},{"@type":"BreadcrumbList","@id":"https:\/\/www.cesni.eu\/de\/kurzdarstellung-der-dokumente\/#breadcrumb","itemListElement":[{"@type":"ListItem","position":1,"name":"Accueil","item":"https:\/\/www.cesni.eu\/de\/"},{"@type":"ListItem","position":2,"name":"Kurzdarstellung der Dokumente"}]},{"@type":"WebSite","@id":"https:\/\/www.cesni.eu\/nl\/#website","url":"https:\/\/www.cesni.eu\/nl\/","name":"CESNI - Comit\u00e9 Europ\u00e9en pour l\u2019\u00c9laboration de Standards dans le domaine de la Navigation Int\u00e9rieure","description":"","potentialAction":[{"@type":"SearchAction","target":{"@type":"EntryPoint","urlTemplate":"https:\/\/www.cesni.eu\/nl\/?s={search_term_string}"},"query-input":{"@type":"PropertyValueSpecification","valueRequired":true,"valueName":"search_term_string"}}],"inLanguage":"de-DE"}]}},"post_mailing_queue_ids":[],"_links":{"self":[{"href":"https:\/\/www.cesni.eu\/de\/wp-json\/wp\/v2\/pages\/6059","targetHints":{"allow":["GET"]}}],"collection":[{"href":"https:\/\/www.cesni.eu\/de\/wp-json\/wp\/v2\/pages"}],"about":[{"href":"https:\/\/www.cesni.eu\/de\/wp-json\/wp\/v2\/types\/page"}],"author":[{"embeddable":true,"href":"https:\/\/www.cesni.eu\/de\/wp-json\/wp\/v2\/users\/8"}],"replies":[{"embeddable":true,"href":"https:\/\/www.cesni.eu\/de\/wp-json\/wp\/v2\/comments?post=6059"}],"version-history":[{"count":3,"href":"https:\/\/www.cesni.eu\/de\/wp-json\/wp\/v2\/pages\/6059\/revisions"}],"predecessor-version":[{"id":6673,"href":"https:\/\/www.cesni.eu\/de\/wp-json\/wp\/v2\/pages\/6059\/revisions\/6673"}],"wp:attachment":[{"href":"https:\/\/www.cesni.eu\/de\/wp-json\/wp\/v2\/media?parent=6059"}],"curies":[{"name":"wp","href":"https:\/\/api.w.org\/{rel}","templated":true}]}}