{"id":5993,"date":"2021-05-20T10:26:01","date_gmt":"2021-05-20T09:26:01","guid":{"rendered":"https:\/\/www.cesni.eu\/?page_id=5993"},"modified":"2025-05-07T11:16:20","modified_gmt":"2025-05-07T10:16:20","slug":"informationstechnologien","status":"publish","type":"page","link":"https:\/\/www.cesni.eu\/de\/informationstechnologien\/","title":{"rendered":"Informationstechnologien (TI)"},"content":{"rendered":"<ul style=\"background-color: #f9f9f9; padding: 5px 5px 5px 15px;\">\n<li><a href=\"#01\">T\u00e4tigkeiten des CESNI im Bereich Informationstechnologien<\/a><\/li>\n<li><a href=\"#02\">T\u00e4tigkeitsschwerpunkt Binnenschifffahrtsinformationsdienste (RIS)<\/a><\/li>\n<li><a href=\"#03\">ES-RIS \u2013 der Standard f\u00fcr alle technischen Vorschriften f\u00fcr RIS<\/a><\/li>\n<li><a href=\"#04\">Weitere T\u00e4tigkeiten im Bereich Informationstechnologien<\/a><\/li>\n<li><a href=\"#05\">Dokumente<\/a><\/li>\n<\/ul>\n<p>&nbsp;<\/p>\n<p><a name=\"01\"><\/a><\/p>\n<h2><a name=\"01\"><\/a>T\u00e4tigkeiten des CESNI im Bereich Informationstechnologien<\/h2>\n<p>Im Bereich Informationstechnologien (TI) bestehen die T\u00e4tigkeiten des CESNI in der Hauptsache darin,<\/p>\n<ul>\n<li>\n<p style=\"text-align: justify;\">Vorschl\u00e4ge f\u00fcr die Entwicklung und Revision technischer Standards im Bereich der Informationstechnologien, insbesondere f\u00fcr Binnenschifffahrtsinformationsdienste (RIS), zu erarbeiten, einschlie\u00dflich Vorschl\u00e4gen f\u00fcr die Revision der Standards, die aufgrund von EU-Vorschriften verbindlich eingef\u00fchrt wurden;<\/p>\n<\/li>\n<li>\n<p style=\"text-align: justify;\">die ordnungsgem\u00e4\u00dfe Umsetzung der Standards im Bereich der RIS und in anderen Bereichen der Informationstechnologien zu f\u00f6rdern;<\/p>\n<\/li>\n<li>\n<p style=\"text-align: justify;\">Beratung und Analyse bez\u00fcglich Informationstechnologie-Standards (einschlie\u00dflich RIS), insbesondere zur Unterst\u00fctzung politischer Initiativen zu digitalen Instrumenten in der Binnenschifffahrt und zur schrittweisen Einf\u00fchrung elektronischer Dokumente zu leisten.<\/p>\n<\/li>\n<\/ul>\n<p>&nbsp;<br \/>\nDie Aufgaben des CESNI im Bereich Informationstechnologien sind Gegenstand eines Arbeitsprogramms: <a href=\"https:\/\/www.cesni.eu\/de\/ueber-cesni\/arbeitsprogramm\/\"> https:\/\/www.cesni.eu\/de\/ueber-cesni\/arbeitsprogramm\/<\/a><br \/>\n&nbsp;<\/p>\n<p style=\"text-align: justify;\">Mit den T\u00e4tigkeiten im Bereich Informationstechnologien ist die Arbeitsgruppe CESNI\/TI befasst. Sie wurde mit Beschluss 2018-II-16 des CESNI am 5. Dezember 2018 eingesetzt und hat ihre T\u00e4tigkeit am 1. Januar 2019 aufgenommen. Nachdem 2015 die Arbeitsgruppen CESNI\/PT und CESNI\/QP gegr\u00fcndet wurden, erhielt der CESNI damit seine dritte st\u00e4ndige Arbeitsgruppe. Ihr sind vier nichtst\u00e4ndige Arbeitsgruppen zugeordnet (siehe Punkt \u201eES-RIS \u2013 der Standard f\u00fcr alle technischen Vorschriften f\u00fcr RIS\u201c).<\/p>\n<p><a name=\"02\"><\/a><\/p>\n<h2><a name=\"02\"><\/a>T\u00e4tigkeitsschwerpunkt Binnenschifffahrtsinformationsdienste (RIS)<\/h2>\n<p>&nbsp;<br \/>\n<strong>Entstehungsgeschichte<\/strong><br \/>\n&nbsp;<\/p>\n<p style=\"text-align: justify;\">Die Binnenschifffahrtsinformationsdienste (RIS) sind ein Konzept, das es schon vor der Gr\u00fcndung der Arbeitsgruppe CESNI\/TI gab. In seiner heutigen Auspr\u00e4gung entstand es Ende der 90er Jahre ausgehend von dem Gedanken, dass die Binnenschifffahrtsinformationen im Dienst des Transport- und Verkehrsmanagements der Binnenschifffahrt stehen, aber in einer Form standardisiert werden m\u00fcssen, die Interoperabilit\u00e4t erm\u00f6glicht. Dadurch tragen die RIS zur Verbesserung der Sicherheit der Schifffahrt und zu ihrer Wirtschaftlichkeit und dar\u00fcber hinaus dazu bei, die Binnenschifffahrt umweltfreundlicher zu machen.<\/p>\n<p>&nbsp;<br \/>\n<strong>RIS-Ziele<\/strong><br \/>\n&nbsp;<\/p>\n<p style=\"text-align: justify;\">RIS haben im Wesentlichen folgende Ziele:<\/p>\n<p>&nbsp;<\/p>\n<p style=\"text-align: justify;\"><strong>1) Der Verkehr soll sicher sein:<\/strong><\/p>\n<ul>\n<li>\n<p style=\"text-align: justify;\">Minimierung der Verletzungen,<\/p>\n<\/li>\n<li>\n<p style=\"text-align: justify;\">Minimierung von t\u00f6dlichen Unf\u00e4llen,<\/p>\n<\/li>\n<li>\n<p style=\"text-align: justify;\">Minimierung der Unf\u00e4lle w\u00e4hrend der Fahrt;<\/p>\n<\/li>\n<\/ul>\n<p>&nbsp;<\/p>\n<p style=\"text-align: justify;\"><strong>2) Der Verkehr soll wirtschaftlich sein:<\/strong><\/p>\n<ul>\n<li>\n<p style=\"text-align: justify;\">Maximierung des Schiffsdurchgangs oder der effektiven Kapazit\u00e4t von Wasserstra\u00dfen,<\/p>\n<\/li>\n<li>\n<p style=\"text-align: justify;\">Maximierung der Tragf\u00e4higkeit der Schiffe (L\u00e4nge, Breite, Tiefe und H\u00f6he),<\/p>\n<\/li>\n<li>\n<p style=\"text-align: justify;\">Verk\u00fcrzung der Fahrzeit,<\/p>\n<\/li>\n<li>\n<p style=\"text-align: justify;\">Reduzierung der Arbeitsbelastung der RIS-Nutzer,<\/p>\n<\/li>\n<li>\n<p style=\"text-align: justify;\">Verminderung der Transportkosten,<\/p>\n<\/li>\n<li>\n<p style=\"text-align: justify;\">Reduktion des Treibstoffverbrauchs,<\/p>\n<\/li>\n<li>\n<p style=\"text-align: justify;\">effiziente und wirtschaftliche Vernetzung der Verkehrstr\u00e4ger,<\/p>\n<\/li>\n<li>\n<p style=\"text-align: justify;\">effiziente H\u00e4fen und Umschlagsanlagen;<\/p>\n<\/li>\n<\/ul>\n<p>&nbsp;<\/p>\n<p style=\"text-align: justify;\"><strong>3) Der Verkehr soll umweltfreundlich sein:<\/strong><\/p>\n<ul>\n<li>\n<p style=\"text-align: justify;\">Verminderung der Umweltgefahren,<\/p>\n<\/li>\n<li>\n<p style=\"text-align: justify;\">Verminderung von verunreinigenden Emissionen und Freisetzungen durch Unf\u00e4lle, rechtswidrige Handlungen oder ordnungsgem\u00e4\u00dfen Betrieb.<\/p>\n<\/li>\n<\/ul>\n<p>&nbsp;<br \/>\n<strong>Technische Aspekte im Zusammenhang mit RIS<\/strong><br \/>\n&nbsp;<\/p>\n<p style=\"text-align: justify;\">Zur Umsetzung der oben bezeichneten Dienste sind folgende vier Technologien erforderlich:<\/p>\n<ul>\n<li>\n<p style=\"text-align: justify;\">Elektronisches Kartenanzeige und Informationssystem f\u00fcr die Binnenschifffahrt (Inland ECDIS \u2013 Electronic Chart Display and Information System)<\/p>\n<\/li>\n<li>\n<p style=\"text-align: justify;\">Nachrichten f\u00fcr die Binnenschifffahrt (NtS \u2013 Notices to Skippers)<\/p>\n<\/li>\n<li>\n<p style=\"text-align: justify;\">Elektronische Meldungen (ERI \u2013 Electronic Reporting International)<\/p>\n<\/li>\n<li>\n<p style=\"text-align: justify;\">Schiffsverfolgung- und -aufsp\u00fcrung (VTT &#8211; Vessel Tracking and Tracing)<\/p>\n<\/li>\n<\/ul>\n<p>&nbsp;<\/p>\n<p style=\"text-align: justify;\">Die \u201eAIS\u201c-Technologie (Automatic Identification System), bei der \u00fcber Funk die Position, die Geschwindigkeit und andere wichtige Informationen \u00fcbermittelt werden, wird im Rahmen der VTT Technologie behandelt.<\/p>\n<p><a name=\"03\"><\/a><\/p>\n<h2><a name=\"03\"><\/a>ES-RIS \u2013 der Standard f\u00fcr alle technischen Vorschriften f\u00fcr RIS<\/h2>\n<p style=\"text-align: justify;\">Die technischen Vorschriften f\u00fcr die vier genannten Technologien sind im ES-RIS enthalten (European Standard River Information Services \u2013 Europ\u00e4ischer Standard f\u00fcr Binnenschifffahrtsinformationsdienste).<\/p>\n<p style=\"text-align: justify;\">Der ES-RIS enth\u00e4lt des Weiteren Vorschriften, in denen Betriebs- und Leistungsanforderungen, Pr\u00fcfmethoden und geforderte Pr\u00fcfergebnisse festgelegt sind, damit auf abgestimmte Weise gepr\u00fcft werden kann, ob eine Ausr\u00fcstung den Vorschriften entspricht.<\/p>\n<p style=\"text-align: justify;\">Die erste Edition des ES-RIS enth\u00e4lt den Inland AIS Pr\u00fcfstandard. Weitere Pr\u00fcfstandards werden in Zukunft ebenfalls in den ES-RIS aufgenommen.<\/p>\n<p style=\"text-align: justify;\">Die erste Edition des ES-RIS wurde vom CESNI als ES-RIS 2021\/1 im April 2021 verabschiedet.<\/p>\n<p style=\"text-align: justify;\">Die technischen Entwicklungen im Bereich Informationstechnologien sind rasant. Aufgrund dessen werden die technischen Vorschriften, die in eine neue Edition des ES-RIS aufgenommen werden sollen, in den betreffenden Arbeitsgruppen ausgearbeitet und gepr\u00fcft.<\/p>\n<p>&nbsp;<\/p>\n<p style=\"text-align: justify;\">Hierzu wurden vom CESNI vier nichtst\u00e4ndige Arbeitsgruppen eingerichtet und der Arbeitsgruppe CESNI\/TI unterstellt. Sie sind f\u00fcr die vier vorgenannten Technologien zust\u00e4ndig:<\/p>\n<ul>\n<li>\n<p style=\"text-align: justify;\">Nichtst\u00e4ndige Arbeitsgruppe f\u00fcr ein System zur elektronischen Darstellung von Binnenschifffahrtskarten und von damit verbundenen Informationen (CESNI\/TI\/Inland ECDIS)<\/p>\n<\/li>\n<li>\n<p style=\"text-align: justify;\">Nichtst\u00e4ndige Arbeitsgruppe f\u00fcr elektronische Meldungen in der Binnenschifffahrt (CESNI\/TI\/ERI)<\/p>\n<\/li>\n<li>\n<p style=\"text-align: justify;\">Nichtst\u00e4ndige Arbeitsgruppe f\u00fcr Schiffsverfolgung und -aufsp\u00fcrung in der Binnenschifffahrt (CESNI\/TI\/VTT)<\/p>\n<\/li>\n<li>\n<p style=\"text-align: justify;\">Nichtst\u00e4ndige Arbeitsgruppe f\u00fcr Nachrichten f\u00fcr die Binnenschifffahrt (CESNI\/TI\/NtS)<\/p>\n<\/li>\n<\/ul>\n<p>&nbsp;<\/p>\n<p style=\"text-align: justify;\">Eine ausf\u00fchrliche Darstellung der Aufgabenstellungen f\u00fcr die vier nichtst\u00e4ndigen Arbeitsgruppen und ihrer T\u00e4tigkeit findet sich auf der Website <a href=\"https:\/\/ris.cesni.eu\/\">https:\/\/ris.cesni.eu\/<\/a>.<\/p>\n<p><a name=\"04\"><\/a><\/p>\n<h2><a name=\"04\"><\/a>Weitere T\u00e4tigkeiten im Bereich Informationstechnologien<\/h2>\n<p style=\"text-align: justify;\">Au\u00dfer den Arbeiten im Zusammenhang mit RIS sind im Bereich Informationstechnologien folgende T\u00e4tigkeiten zu nennen:<\/p>\n<ul>\n<li>\n<p style=\"text-align: justify;\">Beispielsweise im Bereich Cybersicherheit mit dem Ziel guter Bedingungen f\u00fcr die Digitalisierung der Binnenschifffahrt. Anhand von Leitf\u00e4den oder punktuellen Ma\u00dfnahmen sollen die Akteure auf bew\u00e4hrte Praktiken aufmerksam gemacht werden.<\/p>\n<\/li>\n<li>\n<p style=\"text-align: justify;\">Im Bereich der Digitalisierung der elektronischen Dokumente sollen bew\u00e4hrte Praktiken bekannt gemacht werden.<\/p>\n<\/li>\n<li>\n<p style=\"text-align: justify;\">Zur verst\u00e4rkten Einbindung der Binnenschifffahrt in die Logistikkette werden die Anforderungen an die Schnittstelle Schiff\/Land in den Informationstechnologien herausgearbeitet.<\/p>\n<\/li>\n<li>\n<p style=\"text-align: justify;\">Zur Sensibilisierung f\u00fcr den Datenschutz beim automatisierten Informationsaustausch auf internationaler Ebene.<\/p>\n<\/li>\n<li>\n<p style=\"text-align: justify;\">Zur Entwicklung von Leitlinien zur harmonisierten Nutzung und Pflege der Daten des RIS-Index und anderer gem\u00e4\u00df den RIS-Standards erforderlicher Referenzdaten wie z.B. ERDMS.<\/p>\n<\/li>\n<\/ul>\n<h2>Dokumente<\/h2>\n<p><a name=\"05\"><\/a><\/p>\n<ul>\n<li><a href=\"https:\/\/www.cesni.eu\/de\/standards-und-erlaeuterungen\/\">Standards und Erl\u00e4uterungen<\/a><\/li>\n<li><a href=\"merkblaetter\">Merkbl\u00e4tter und Leitf\u00e4den<\/a><\/li>\n<li><a href=\"https:\/\/www.cesni.eu\/de\/andere-websites\/\">Andere Websites<\/a><\/li>\n<\/ul>\n","protected":false},"excerpt":{"rendered":"<p>T\u00e4tigkeiten des CESNI im Bereich Informationstechnologien T\u00e4tigkeitsschwerpunkt Binnenschifffahrtsinformationsdienste (RIS) ES-RIS \u2013 der Standard f\u00fcr alle technischen Vorschriften f\u00fcr RIS Weitere T\u00e4tigkeiten im Bereich Informationstechnologien Dokumente &nbsp; T\u00e4tigkeiten des CESNI im Bereich Informationstechnologien Im Bereich Informationstechnologien (TI) bestehen die T\u00e4tigkeiten des CESNI in der Hauptsache darin, Vorschl\u00e4ge f\u00fcr die Entwicklung und Revision technischer Standards im Bereich [&hellip;]<\/p>\n","protected":false},"author":8,"featured_media":0,"parent":0,"menu_order":0,"comment_status":"closed","ping_status":"closed","template":"","meta":{"_acf_changed":false,"footnotes":""},"class_list":["post-5993","page","type-page","status-publish","hentry"],"acf":[],"yoast_head":"<!-- This site is optimized with the Yoast SEO plugin v27.3 - https:\/\/yoast.com\/product\/yoast-seo-wordpress\/ -->\n<title>Informationstechnologien (TI) - CESNI - Comit\u00e9 Europ\u00e9en pour l\u2019\u00c9laboration de Standards dans le domaine de la Navigation Int\u00e9rieure<\/title>\n<meta name=\"robots\" content=\"index, follow, max-snippet:-1, max-image-preview:large, max-video-preview:-1\" \/>\n<link rel=\"canonical\" href=\"https:\/\/www.cesni.eu\/de\/informationstechnologien\/\" \/>\n<meta property=\"og:locale\" content=\"de_DE\" \/>\n<meta property=\"og:type\" content=\"article\" \/>\n<meta property=\"og:title\" content=\"Informationstechnologien (TI) - CESNI - Comit\u00e9 Europ\u00e9en pour l\u2019\u00c9laboration de Standards dans le domaine de la Navigation Int\u00e9rieure\" \/>\n<meta property=\"og:description\" content=\"T\u00e4tigkeiten des CESNI im Bereich Informationstechnologien T\u00e4tigkeitsschwerpunkt Binnenschifffahrtsinformationsdienste (RIS) ES-RIS \u2013 der Standard f\u00fcr alle technischen Vorschriften f\u00fcr RIS Weitere T\u00e4tigkeiten im Bereich Informationstechnologien Dokumente &nbsp; T\u00e4tigkeiten des CESNI im Bereich Informationstechnologien Im Bereich Informationstechnologien (TI) bestehen die T\u00e4tigkeiten des CESNI in der Hauptsache darin, Vorschl\u00e4ge f\u00fcr die Entwicklung und Revision technischer Standards im Bereich [&hellip;]\" \/>\n<meta property=\"og:url\" content=\"https:\/\/www.cesni.eu\/de\/informationstechnologien\/\" \/>\n<meta property=\"og:site_name\" content=\"CESNI - Comit\u00e9 Europ\u00e9en pour l\u2019\u00c9laboration de Standards dans le domaine de la Navigation Int\u00e9rieure\" \/>\n<meta property=\"article:modified_time\" content=\"2025-05-07T10:16:20+00:00\" \/>\n<meta name=\"twitter:card\" content=\"summary_large_image\" \/>\n<meta name=\"twitter:label1\" content=\"Est. reading time\" \/>\n\t<meta name=\"twitter:data1\" content=\"5 minutes\" \/>\n<script type=\"application\/ld+json\" class=\"yoast-schema-graph\">{\"@context\":\"https:\\\/\\\/schema.org\",\"@graph\":[{\"@type\":\"WebPage\",\"@id\":\"https:\\\/\\\/www.cesni.eu\\\/de\\\/informationstechnologien\\\/\",\"url\":\"https:\\\/\\\/www.cesni.eu\\\/de\\\/informationstechnologien\\\/\",\"name\":\"Informationstechnologien (TI) - CESNI - Comit\u00e9 Europ\u00e9en pour l\u2019\u00c9laboration de Standards dans le domaine de la Navigation Int\u00e9rieure\",\"isPartOf\":{\"@id\":\"https:\\\/\\\/www.cesni.eu\\\/nl\\\/#website\"},\"datePublished\":\"2021-05-20T09:26:01+00:00\",\"dateModified\":\"2025-05-07T10:16:20+00:00\",\"breadcrumb\":{\"@id\":\"https:\\\/\\\/www.cesni.eu\\\/de\\\/informationstechnologien\\\/#breadcrumb\"},\"inLanguage\":\"de-DE\",\"potentialAction\":[{\"@type\":\"ReadAction\",\"target\":[\"https:\\\/\\\/www.cesni.eu\\\/de\\\/informationstechnologien\\\/\"]}]},{\"@type\":\"BreadcrumbList\",\"@id\":\"https:\\\/\\\/www.cesni.eu\\\/de\\\/informationstechnologien\\\/#breadcrumb\",\"itemListElement\":[{\"@type\":\"ListItem\",\"position\":1,\"name\":\"Accueil\",\"item\":\"https:\\\/\\\/www.cesni.eu\\\/de\\\/\"},{\"@type\":\"ListItem\",\"position\":2,\"name\":\"Informationstechnologien (TI)\"}]},{\"@type\":\"WebSite\",\"@id\":\"https:\\\/\\\/www.cesni.eu\\\/nl\\\/#website\",\"url\":\"https:\\\/\\\/www.cesni.eu\\\/nl\\\/\",\"name\":\"CESNI - Comit\u00e9 Europ\u00e9en pour l\u2019\u00c9laboration de Standards dans le domaine de la Navigation Int\u00e9rieure\",\"description\":\"\",\"potentialAction\":[{\"@type\":\"SearchAction\",\"target\":{\"@type\":\"EntryPoint\",\"urlTemplate\":\"https:\\\/\\\/www.cesni.eu\\\/nl\\\/?s={search_term_string}\"},\"query-input\":{\"@type\":\"PropertyValueSpecification\",\"valueRequired\":true,\"valueName\":\"search_term_string\"}}],\"inLanguage\":\"de-DE\"}]}<\/script>\n<!-- \/ Yoast SEO plugin. -->","yoast_head_json":{"title":"Informationstechnologien (TI) - CESNI - Comit\u00e9 Europ\u00e9en pour l\u2019\u00c9laboration de Standards dans le domaine de la Navigation Int\u00e9rieure","robots":{"index":"index","follow":"follow","max-snippet":"max-snippet:-1","max-image-preview":"max-image-preview:large","max-video-preview":"max-video-preview:-1"},"canonical":"https:\/\/www.cesni.eu\/de\/informationstechnologien\/","og_locale":"de_DE","og_type":"article","og_title":"Informationstechnologien (TI) - CESNI - Comit\u00e9 Europ\u00e9en pour l\u2019\u00c9laboration de Standards dans le domaine de la Navigation Int\u00e9rieure","og_description":"T\u00e4tigkeiten des CESNI im Bereich Informationstechnologien T\u00e4tigkeitsschwerpunkt Binnenschifffahrtsinformationsdienste (RIS) ES-RIS \u2013 der Standard f\u00fcr alle technischen Vorschriften f\u00fcr RIS Weitere T\u00e4tigkeiten im Bereich Informationstechnologien Dokumente &nbsp; T\u00e4tigkeiten des CESNI im Bereich Informationstechnologien Im Bereich Informationstechnologien (TI) bestehen die T\u00e4tigkeiten des CESNI in der Hauptsache darin, Vorschl\u00e4ge f\u00fcr die Entwicklung und Revision technischer Standards im Bereich [&hellip;]","og_url":"https:\/\/www.cesni.eu\/de\/informationstechnologien\/","og_site_name":"CESNI - Comit\u00e9 Europ\u00e9en pour l\u2019\u00c9laboration de Standards dans le domaine de la Navigation Int\u00e9rieure","article_modified_time":"2025-05-07T10:16:20+00:00","twitter_card":"summary_large_image","twitter_misc":{"Est. reading time":"5 minutes"},"schema":{"@context":"https:\/\/schema.org","@graph":[{"@type":"WebPage","@id":"https:\/\/www.cesni.eu\/de\/informationstechnologien\/","url":"https:\/\/www.cesni.eu\/de\/informationstechnologien\/","name":"Informationstechnologien (TI) - CESNI - Comit\u00e9 Europ\u00e9en pour l\u2019\u00c9laboration de Standards dans le domaine de la Navigation Int\u00e9rieure","isPartOf":{"@id":"https:\/\/www.cesni.eu\/nl\/#website"},"datePublished":"2021-05-20T09:26:01+00:00","dateModified":"2025-05-07T10:16:20+00:00","breadcrumb":{"@id":"https:\/\/www.cesni.eu\/de\/informationstechnologien\/#breadcrumb"},"inLanguage":"de-DE","potentialAction":[{"@type":"ReadAction","target":["https:\/\/www.cesni.eu\/de\/informationstechnologien\/"]}]},{"@type":"BreadcrumbList","@id":"https:\/\/www.cesni.eu\/de\/informationstechnologien\/#breadcrumb","itemListElement":[{"@type":"ListItem","position":1,"name":"Accueil","item":"https:\/\/www.cesni.eu\/de\/"},{"@type":"ListItem","position":2,"name":"Informationstechnologien (TI)"}]},{"@type":"WebSite","@id":"https:\/\/www.cesni.eu\/nl\/#website","url":"https:\/\/www.cesni.eu\/nl\/","name":"CESNI - Comit\u00e9 Europ\u00e9en pour l\u2019\u00c9laboration de Standards dans le domaine de la Navigation Int\u00e9rieure","description":"","potentialAction":[{"@type":"SearchAction","target":{"@type":"EntryPoint","urlTemplate":"https:\/\/www.cesni.eu\/nl\/?s={search_term_string}"},"query-input":{"@type":"PropertyValueSpecification","valueRequired":true,"valueName":"search_term_string"}}],"inLanguage":"de-DE"}]}},"post_mailing_queue_ids":[],"_links":{"self":[{"href":"https:\/\/www.cesni.eu\/de\/wp-json\/wp\/v2\/pages\/5993","targetHints":{"allow":["GET"]}}],"collection":[{"href":"https:\/\/www.cesni.eu\/de\/wp-json\/wp\/v2\/pages"}],"about":[{"href":"https:\/\/www.cesni.eu\/de\/wp-json\/wp\/v2\/types\/page"}],"author":[{"embeddable":true,"href":"https:\/\/www.cesni.eu\/de\/wp-json\/wp\/v2\/users\/8"}],"replies":[{"embeddable":true,"href":"https:\/\/www.cesni.eu\/de\/wp-json\/wp\/v2\/comments?post=5993"}],"version-history":[{"count":9,"href":"https:\/\/www.cesni.eu\/de\/wp-json\/wp\/v2\/pages\/5993\/revisions"}],"predecessor-version":[{"id":11578,"href":"https:\/\/www.cesni.eu\/de\/wp-json\/wp\/v2\/pages\/5993\/revisions\/11578"}],"wp:attachment":[{"href":"https:\/\/www.cesni.eu\/de\/wp-json\/wp\/v2\/media?parent=5993"}],"curies":[{"name":"wp","href":"https:\/\/api.w.org\/{rel}","templated":true}]}}