{"id":5876,"date":"2021-05-20T10:37:57","date_gmt":"2021-05-20T09:37:57","guid":{"rendered":"https:\/\/www.cesni.eu\/?page_id=5876"},"modified":"2021-06-11T14:35:03","modified_gmt":"2021-06-11T13:35:03","slug":"andere-websites","status":"publish","type":"page","link":"https:\/\/www.cesni.eu\/de\/andere-websites\/","title":{"rendered":"Andere Websites"},"content":{"rendered":"<ul style=\"background-color: #f9f9f9; padding: 5px 5px 5px 15px; margin: 10px 0px 20px 0px;\">\n<li><a href=\"#01\">Spezielle Website f\u00fcr die Verzeichnisse der Ger\u00e4te und Einbaufirmen<\/a><\/li>\n<li><a href=\"#02\">Datenbank zur Anwendung der technischen Vorschriften f\u00fcr Binnenschiffe<\/a><\/li>\n<li><a href=\"#03\">CESNI Website f\u00fcr die RIS Experten<\/a><\/li>\n<li><a href=\"#04\">Weitere Websites von Interesse<\/a><\/li>\n<\/ul>\n<p>&nbsp;<\/p>\n<h2><a name=\"01\"><\/a>Spezielle Website f\u00fcr die Verzeichnisse der Ger\u00e4te und Einbaufirmen<\/h2>\n<p style=\"text-align: justify;\">Der ES-TRIN enth\u00e4lt Bestimmungen f\u00fcr die Zulassung von Ger\u00e4ten und Einrichtungen sowie die Anerkennung von Einbaufirmen und Technischen Diensten. F\u00fcr diese Zulassungen bzw. Anerkennungen sind nach dem ES-TRIN und dem dazugeh\u00f6renden Rechtsrahmen (d. h. Rheinschiffsuntersuchungsordnung (RheinSchUO) oder Richtlinie (EU) 2016\/1629) die nationalen Beh\u00f6rden zust\u00e4ndig.<\/p>\n<p style=\"text-align: justify;\">CESNI lancierte die Website <a href=\"https:\/\/listes.cesni.eu\" target=\"_blank\" rel=\"noopener noreferrer\">listes.cesni.eu<\/a> mit dem Ziel,<\/p>\n<ul style=\"margin-bottom: 10px;\">\n<li>den Mitgliedern den Austausch von Informationen \u00fcber nationale Zulassungen und Anerkennungen zu erm\u00f6glichen,<\/li>\n<li>die Unterrichtung der \u00d6ffentlichkeit \u00fcber zugelassene Einrichtungen und anerkannte Fachfirmen zu erleichtern und<\/li>\n<li>die Arbeit der Untersuchungskommissionen und Kontrollbeh\u00f6rden zu vereinfachen.<\/li>\n<\/ul>\n<p>Zus\u00e4tzlich enth\u00e4lt diese Website Informationen f\u00fcr die \u00d6ffentlichkeit \u00fcber die Untersuchungskommissionen und zust\u00e4ndigen Beh\u00f6rden im Bereich der technischen Vorschriften f\u00fcr Binnenschiffe.<\/p>\n<h2><a name=\"02\"><\/a>Datenbank zur Anwendung der technischen Vorschriften f\u00fcr Binnenschiffe<\/h2>\n<p style=\"text-align: justify;\">Die Datenbank <a href=\"https:\/\/estrin-faq.cesni.eu\" target=\"_blank\" rel=\"noopener noreferrer\">estrin-faq.cesni.eu<\/a> soll alle Fragen, Anmerkungen und Auslegungen, zu denen in der Arbeitsgruppe f\u00fcr technische Vorschriften (CESNI\/PT) eine einvernehmliche Antwort oder Schlussfolgerung erreicht wurde, zusammenfassen. Die Daten resultieren aus der konkreten Anwendung der technischen Vorschriften des ES-TRIN (oder fr\u00fcherer Texte).<\/p>\n<h2><a name=\"03\"><\/a>CESNI Website f\u00fcr die RIS Experten<\/h2>\n<p style=\"text-align: justify;\">Diese den Binnenschifffahrtsinformationsdiensten (RIS) gewidmete Website bietet Zugang zu einer Wissensdatenbank bez\u00fcglich Informationstechnologien in der Binnenschifffahrt: <a href=\"https:\/\/ris.cesni.eu\/\" target=\"_blank\" rel=\"noopener noreferrer\">ris.cesni.eu<\/a>.<\/p>\n<h2><a name=\"04\"><\/a>Weitere Websites von Interesse<\/h2>\n<p style=\"text-align: justify;\">Eine Definition der wichtigsten Begriffe, die in RIS verwendet werden, finden Sie unter<br \/>\n<a href=\"https:\/\/www.risdefinitions.org\/\" target=\"_blank\" rel=\"noopener noreferrer\">www.risdefinitions.org<\/a>.<\/p>\n","protected":false},"excerpt":{"rendered":"<p>Spezielle Website f\u00fcr die Verzeichnisse der Ger\u00e4te und Einbaufirmen Datenbank zur Anwendung der technischen Vorschriften f\u00fcr Binnenschiffe CESNI Website f\u00fcr die RIS Experten Weitere Websites von Interesse &nbsp; Spezielle Website f\u00fcr die Verzeichnisse der Ger\u00e4te und Einbaufirmen Der ES-TRIN enth\u00e4lt Bestimmungen f\u00fcr die Zulassung von Ger\u00e4ten und Einrichtungen sowie die Anerkennung von Einbaufirmen und Technischen [&hellip;]<\/p>\n","protected":false},"author":3,"featured_media":0,"parent":0,"menu_order":0,"comment_status":"closed","ping_status":"closed","template":"","meta":{"_acf_changed":false,"footnotes":""},"class_list":["post-5876","page","type-page","status-publish","hentry"],"acf":[],"yoast_head":"<!-- This site is optimized with the Yoast SEO plugin v27.3 - https:\/\/yoast.com\/product\/yoast-seo-wordpress\/ -->\n<title>Andere Websites - CESNI - Comit\u00e9 Europ\u00e9en pour l\u2019\u00c9laboration de Standards dans le domaine de la Navigation Int\u00e9rieure<\/title>\n<meta name=\"robots\" content=\"index, follow, max-snippet:-1, max-image-preview:large, max-video-preview:-1\" \/>\n<link rel=\"canonical\" href=\"https:\/\/www.cesni.eu\/de\/andere-websites\/\" \/>\n<meta property=\"og:locale\" content=\"de_DE\" \/>\n<meta property=\"og:type\" content=\"article\" \/>\n<meta property=\"og:title\" content=\"Andere Websites - CESNI - Comit\u00e9 Europ\u00e9en pour l\u2019\u00c9laboration de Standards dans le domaine de la Navigation Int\u00e9rieure\" \/>\n<meta property=\"og:description\" content=\"Spezielle Website f\u00fcr die Verzeichnisse der Ger\u00e4te und Einbaufirmen Datenbank zur Anwendung der technischen Vorschriften f\u00fcr Binnenschiffe CESNI Website f\u00fcr die RIS Experten Weitere Websites von Interesse &nbsp; Spezielle Website f\u00fcr die Verzeichnisse der Ger\u00e4te und Einbaufirmen Der ES-TRIN enth\u00e4lt Bestimmungen f\u00fcr die Zulassung von Ger\u00e4ten und Einrichtungen sowie die Anerkennung von Einbaufirmen und Technischen [&hellip;]\" \/>\n<meta property=\"og:url\" content=\"https:\/\/www.cesni.eu\/de\/andere-websites\/\" \/>\n<meta property=\"og:site_name\" content=\"CESNI - Comit\u00e9 Europ\u00e9en pour l\u2019\u00c9laboration de Standards dans le domaine de la Navigation Int\u00e9rieure\" \/>\n<meta property=\"article:modified_time\" content=\"2021-06-11T13:35:03+00:00\" \/>\n<meta name=\"twitter:card\" content=\"summary_large_image\" \/>\n<meta name=\"twitter:label1\" content=\"Est. reading time\" \/>\n\t<meta name=\"twitter:data1\" content=\"2 minutes\" \/>\n<script type=\"application\/ld+json\" class=\"yoast-schema-graph\">{\"@context\":\"https:\\\/\\\/schema.org\",\"@graph\":[{\"@type\":\"WebPage\",\"@id\":\"https:\\\/\\\/www.cesni.eu\\\/de\\\/andere-websites\\\/\",\"url\":\"https:\\\/\\\/www.cesni.eu\\\/de\\\/andere-websites\\\/\",\"name\":\"Andere Websites - CESNI - Comit\u00e9 Europ\u00e9en pour l\u2019\u00c9laboration de Standards dans le domaine de la Navigation Int\u00e9rieure\",\"isPartOf\":{\"@id\":\"https:\\\/\\\/www.cesni.eu\\\/nl\\\/#website\"},\"datePublished\":\"2021-05-20T09:37:57+00:00\",\"dateModified\":\"2021-06-11T13:35:03+00:00\",\"breadcrumb\":{\"@id\":\"https:\\\/\\\/www.cesni.eu\\\/de\\\/andere-websites\\\/#breadcrumb\"},\"inLanguage\":\"de-DE\",\"potentialAction\":[{\"@type\":\"ReadAction\",\"target\":[\"https:\\\/\\\/www.cesni.eu\\\/de\\\/andere-websites\\\/\"]}]},{\"@type\":\"BreadcrumbList\",\"@id\":\"https:\\\/\\\/www.cesni.eu\\\/de\\\/andere-websites\\\/#breadcrumb\",\"itemListElement\":[{\"@type\":\"ListItem\",\"position\":1,\"name\":\"Accueil\",\"item\":\"https:\\\/\\\/www.cesni.eu\\\/de\\\/\"},{\"@type\":\"ListItem\",\"position\":2,\"name\":\"Andere Websites\"}]},{\"@type\":\"WebSite\",\"@id\":\"https:\\\/\\\/www.cesni.eu\\\/nl\\\/#website\",\"url\":\"https:\\\/\\\/www.cesni.eu\\\/nl\\\/\",\"name\":\"CESNI - Comit\u00e9 Europ\u00e9en pour l\u2019\u00c9laboration de Standards dans le domaine de la Navigation Int\u00e9rieure\",\"description\":\"\",\"potentialAction\":[{\"@type\":\"SearchAction\",\"target\":{\"@type\":\"EntryPoint\",\"urlTemplate\":\"https:\\\/\\\/www.cesni.eu\\\/nl\\\/?s={search_term_string}\"},\"query-input\":{\"@type\":\"PropertyValueSpecification\",\"valueRequired\":true,\"valueName\":\"search_term_string\"}}],\"inLanguage\":\"de-DE\"}]}<\/script>\n<!-- \/ Yoast SEO plugin. -->","yoast_head_json":{"title":"Andere Websites - CESNI - Comit\u00e9 Europ\u00e9en pour l\u2019\u00c9laboration de Standards dans le domaine de la Navigation Int\u00e9rieure","robots":{"index":"index","follow":"follow","max-snippet":"max-snippet:-1","max-image-preview":"max-image-preview:large","max-video-preview":"max-video-preview:-1"},"canonical":"https:\/\/www.cesni.eu\/de\/andere-websites\/","og_locale":"de_DE","og_type":"article","og_title":"Andere Websites - CESNI - Comit\u00e9 Europ\u00e9en pour l\u2019\u00c9laboration de Standards dans le domaine de la Navigation Int\u00e9rieure","og_description":"Spezielle Website f\u00fcr die Verzeichnisse der Ger\u00e4te und Einbaufirmen Datenbank zur Anwendung der technischen Vorschriften f\u00fcr Binnenschiffe CESNI Website f\u00fcr die RIS Experten Weitere Websites von Interesse &nbsp; Spezielle Website f\u00fcr die Verzeichnisse der Ger\u00e4te und Einbaufirmen Der ES-TRIN enth\u00e4lt Bestimmungen f\u00fcr die Zulassung von Ger\u00e4ten und Einrichtungen sowie die Anerkennung von Einbaufirmen und Technischen [&hellip;]","og_url":"https:\/\/www.cesni.eu\/de\/andere-websites\/","og_site_name":"CESNI - Comit\u00e9 Europ\u00e9en pour l\u2019\u00c9laboration de Standards dans le domaine de la Navigation Int\u00e9rieure","article_modified_time":"2021-06-11T13:35:03+00:00","twitter_card":"summary_large_image","twitter_misc":{"Est. reading time":"2 minutes"},"schema":{"@context":"https:\/\/schema.org","@graph":[{"@type":"WebPage","@id":"https:\/\/www.cesni.eu\/de\/andere-websites\/","url":"https:\/\/www.cesni.eu\/de\/andere-websites\/","name":"Andere Websites - CESNI - Comit\u00e9 Europ\u00e9en pour l\u2019\u00c9laboration de Standards dans le domaine de la Navigation Int\u00e9rieure","isPartOf":{"@id":"https:\/\/www.cesni.eu\/nl\/#website"},"datePublished":"2021-05-20T09:37:57+00:00","dateModified":"2021-06-11T13:35:03+00:00","breadcrumb":{"@id":"https:\/\/www.cesni.eu\/de\/andere-websites\/#breadcrumb"},"inLanguage":"de-DE","potentialAction":[{"@type":"ReadAction","target":["https:\/\/www.cesni.eu\/de\/andere-websites\/"]}]},{"@type":"BreadcrumbList","@id":"https:\/\/www.cesni.eu\/de\/andere-websites\/#breadcrumb","itemListElement":[{"@type":"ListItem","position":1,"name":"Accueil","item":"https:\/\/www.cesni.eu\/de\/"},{"@type":"ListItem","position":2,"name":"Andere Websites"}]},{"@type":"WebSite","@id":"https:\/\/www.cesni.eu\/nl\/#website","url":"https:\/\/www.cesni.eu\/nl\/","name":"CESNI - Comit\u00e9 Europ\u00e9en pour l\u2019\u00c9laboration de Standards dans le domaine de la Navigation Int\u00e9rieure","description":"","potentialAction":[{"@type":"SearchAction","target":{"@type":"EntryPoint","urlTemplate":"https:\/\/www.cesni.eu\/nl\/?s={search_term_string}"},"query-input":{"@type":"PropertyValueSpecification","valueRequired":true,"valueName":"search_term_string"}}],"inLanguage":"de-DE"}]}},"post_mailing_queue_ids":[],"_links":{"self":[{"href":"https:\/\/www.cesni.eu\/de\/wp-json\/wp\/v2\/pages\/5876","targetHints":{"allow":["GET"]}}],"collection":[{"href":"https:\/\/www.cesni.eu\/de\/wp-json\/wp\/v2\/pages"}],"about":[{"href":"https:\/\/www.cesni.eu\/de\/wp-json\/wp\/v2\/types\/page"}],"author":[{"embeddable":true,"href":"https:\/\/www.cesni.eu\/de\/wp-json\/wp\/v2\/users\/3"}],"replies":[{"embeddable":true,"href":"https:\/\/www.cesni.eu\/de\/wp-json\/wp\/v2\/comments?post=5876"}],"version-history":[{"count":5,"href":"https:\/\/www.cesni.eu\/de\/wp-json\/wp\/v2\/pages\/5876\/revisions"}],"predecessor-version":[{"id":6645,"href":"https:\/\/www.cesni.eu\/de\/wp-json\/wp\/v2\/pages\/5876\/revisions\/6645"}],"wp:attachment":[{"href":"https:\/\/www.cesni.eu\/de\/wp-json\/wp\/v2\/media?parent=5876"}],"curies":[{"name":"wp","href":"https:\/\/api.w.org\/{rel}","templated":true}]}}