{"id":5870,"date":"2021-05-20T10:37:43","date_gmt":"2021-05-20T09:37:43","guid":{"rendered":"https:\/\/www.cesni.eu\/?page_id=5870"},"modified":"2022-11-30T17:06:18","modified_gmt":"2022-11-30T16:06:18","slug":"studien","status":"publish","type":"page","link":"https:\/\/www.cesni.eu\/de\/studien\/","title":{"rendered":"Studien"},"content":{"rendered":"<ul style=\"background-color: #f9f9f9; padding: 5px 5px 5px 15px; margin: 10px 0px 20px 0px;\">\n<li><a href=\"#01\">Beurteilung des Energiebedarfs von Binnenschiffen mit Hilfe von Energie-Effizienz Indizes<\/a><\/li>\n<li><a href=\"#02\">Bericht \u00fcber die Entwicklung und Umsetzung einer harmonisierten Datenbank f\u00fcr Pr\u00fcfungsaufgaben f\u00fcr Schiffsf\u00fchrer<\/a><\/li>\n<\/ul>\n<p>&nbsp;<\/p>\n<h2><a name=\"01\"><\/a>Beurteilung des Energiebedarfs von Binnenschiffen mit Hilfe von Energie-Effizienz Indizes<\/h2>\n<p style=\"text-align: justify;\">Die Arbeitsgruppe CESNI\/PT hat im Juni 2020 beschlossen, die folgende Evaluierungsstudie zu ver\u00f6ffentlichen, die von der deutschen Delegation im Rahmen der Aufgabe PT-26 des CESNI-Arbeitsprogramms 2019-2021 durchgef\u00fchrt wurde. Dies greift der Entwicklung von politischen Ma\u00dfnahmen durch nationale oder internationale Regulierungsbeh\u00f6rden nicht vor.<\/p>\n<p><a href=\"https:\/\/www.cesni.eu\/wp-content\/uploads\/2021\/03\/cesnipt_energyindex_en.pdf\" target=\"_blank\" class=\"contentdoc download tooltip\" data-title=\"download\"><svg width=\"20\" height=\"17\"><use xlink:href=\"#download\"><\/use><\/svg><span>EN <\/span><\/a><a href=\"https:\/\/www.cesni.eu\/wp-content\/uploads\/2021\/03\/cesnipt_energyindex_de.pdf\" target=\"_blank\" class=\"contentdoc download tooltip\" data-title=\"download\"><svg width=\"20\" height=\"17\"><use xlink:href=\"#download\"><\/use><\/svg><span>DE <\/span><\/a><\/p>\n<h2><a name=\"02\"><\/a>Bericht \u00fcber die Entwicklung und Umsetzung einer harmonisierten Datenbank f\u00fcr Pr\u00fcfungsaufgaben f\u00fcr Schiffsf\u00fchrer<\/h2>\n<p style=\"text-align: justify;\">Der Ausschuss hat im Oktober 2022 die Ver\u00f6ffentlichung des folgenden Berichts, der vom Beratungsunternehmen Cito im Rahmen der Aufgabe QP-18 des CESNI-Arbeitsprogramms 2019-2021 (Entwurf f\u00fcr Standards f\u00fcr die Durchf\u00fchrung theoretischer Pr\u00fcfungen f\u00fcr Kompetenzstandards) durchgef\u00fchrt wurde, genehmigt. Dem Bericht ist eine Liste von Empfehlungen, die von der Arbeitsgruppe CESNI\/QP genehmigt wurden, beigef\u00fcgt.<br \/>\nIm Rahmen des CESNI-Arbeitsprogramms 2022-2024, insbesondere Aufgabe QP-19, erfolgen derzeit \u00dcberlegungen zum Aufbau und zur Unterst\u00fctzung einer europ\u00e4ischen Datenbank mit Multiple-Choice-Fragen f\u00fcr die F\u00fchrungsebene.<br \/>\nDies greift der Entwicklung von politischen Ma\u00dfnahmen durch nationale oder internationale Regulierungsbeh\u00f6rden nicht vor.<\/p>\n<p><a href=\"https:\/\/www.cesni.eu\/wp-content\/uploads\/2022\/11\/Cito-report-on-multiple-choice-database-CESNI-QP.pdf\" target=\"_blank\" class=\"contentdoc download tooltip\" data-title=\"download\"><svg width=\"20\" height=\"17\"><use xlink:href=\"#download\"><\/use><\/svg><span>EN <\/span><\/a><br \/>\n<strong><span style=\"margin-left: 10px; color: #01a9db;\">Empfehlungen der CESNI\/QP Sachverst\u00e4ndigen<\/span><\/strong><br \/>\n<a href=\"https:\/\/www.cesni.eu\/wp-content\/uploads\/2022\/11\/Recommendations_EN.pdf\" target=\"_blank\" class=\"contentdoc download tooltip\" data-title=\"download\"><svg width=\"20\" height=\"17\"><use xlink:href=\"#download\"><\/use><\/svg><span>EN <\/span><\/a><a href=\"https:\/\/www.cesni.eu\/wp-content\/uploads\/2022\/11\/Recommendations_FR.pdf\" target=\"_blank\" class=\"contentdoc download tooltip\" data-title=\"download\"><svg width=\"20\" height=\"17\"><use xlink:href=\"#download\"><\/use><\/svg><span>FR <\/span><\/a><a href=\"https:\/\/www.cesni.eu\/wp-content\/uploads\/2022\/11\/Recommendations_DE.pdf\" target=\"_blank\" class=\"contentdoc download tooltip\" data-title=\"download\"><svg width=\"20\" height=\"17\"><use xlink:href=\"#download\"><\/use><\/svg><span>DE <\/span><\/a><a href=\"https:\/\/www.cesni.eu\/wp-content\/uploads\/2022\/11\/Recommendations_NL.pdf\" target=\"_blank\" class=\"contentdoc download tooltip\" data-title=\"download\"><svg width=\"20\" height=\"17\"><use xlink:href=\"#download\"><\/use><\/svg><span>NL <\/span><\/a><\/p>\n","protected":false},"excerpt":{"rendered":"<p>Beurteilung des Energiebedarfs von Binnenschiffen mit Hilfe von Energie-Effizienz Indizes Bericht \u00fcber die Entwicklung und Umsetzung einer harmonisierten Datenbank f\u00fcr Pr\u00fcfungsaufgaben f\u00fcr Schiffsf\u00fchrer &nbsp; Beurteilung des Energiebedarfs von Binnenschiffen mit Hilfe von Energie-Effizienz Indizes Die Arbeitsgruppe CESNI\/PT hat im Juni 2020 beschlossen, die folgende Evaluierungsstudie zu ver\u00f6ffentlichen, die von der deutschen Delegation im Rahmen der [&hellip;]<\/p>\n","protected":false},"author":3,"featured_media":0,"parent":0,"menu_order":0,"comment_status":"closed","ping_status":"closed","template":"","meta":{"_acf_changed":false,"footnotes":""},"class_list":["post-5870","page","type-page","status-publish","hentry"],"acf":[],"yoast_head":"<!-- This site is optimized with the Yoast SEO plugin v27.3 - https:\/\/yoast.com\/product\/yoast-seo-wordpress\/ -->\n<title>Studien - CESNI - Comit\u00e9 Europ\u00e9en pour l\u2019\u00c9laboration de Standards dans le domaine de la Navigation Int\u00e9rieure<\/title>\n<meta name=\"robots\" content=\"index, follow, max-snippet:-1, max-image-preview:large, max-video-preview:-1\" \/>\n<link rel=\"canonical\" href=\"https:\/\/www.cesni.eu\/de\/studien\/\" \/>\n<meta property=\"og:locale\" content=\"de_DE\" \/>\n<meta property=\"og:type\" content=\"article\" \/>\n<meta property=\"og:title\" content=\"Studien - CESNI - Comit\u00e9 Europ\u00e9en pour l\u2019\u00c9laboration de Standards dans le domaine de la Navigation Int\u00e9rieure\" \/>\n<meta property=\"og:description\" content=\"Beurteilung des Energiebedarfs von Binnenschiffen mit Hilfe von Energie-Effizienz Indizes Bericht \u00fcber die Entwicklung und Umsetzung einer harmonisierten Datenbank f\u00fcr Pr\u00fcfungsaufgaben f\u00fcr Schiffsf\u00fchrer &nbsp; Beurteilung des Energiebedarfs von Binnenschiffen mit Hilfe von Energie-Effizienz Indizes Die Arbeitsgruppe CESNI\/PT hat im Juni 2020 beschlossen, die folgende Evaluierungsstudie zu ver\u00f6ffentlichen, die von der deutschen Delegation im Rahmen der [&hellip;]\" \/>\n<meta property=\"og:url\" content=\"https:\/\/www.cesni.eu\/de\/studien\/\" \/>\n<meta property=\"og:site_name\" content=\"CESNI - Comit\u00e9 Europ\u00e9en pour l\u2019\u00c9laboration de Standards dans le domaine de la Navigation Int\u00e9rieure\" \/>\n<meta property=\"article:modified_time\" content=\"2022-11-30T16:06:18+00:00\" \/>\n<meta name=\"twitter:card\" content=\"summary_large_image\" \/>\n<meta name=\"twitter:label1\" content=\"Est. reading time\" \/>\n\t<meta name=\"twitter:data1\" content=\"2 minutes\" \/>\n<script type=\"application\/ld+json\" class=\"yoast-schema-graph\">{\"@context\":\"https:\\\/\\\/schema.org\",\"@graph\":[{\"@type\":\"WebPage\",\"@id\":\"https:\\\/\\\/www.cesni.eu\\\/de\\\/studien\\\/\",\"url\":\"https:\\\/\\\/www.cesni.eu\\\/de\\\/studien\\\/\",\"name\":\"Studien - CESNI - Comit\u00e9 Europ\u00e9en pour l\u2019\u00c9laboration de Standards dans le domaine de la Navigation Int\u00e9rieure\",\"isPartOf\":{\"@id\":\"https:\\\/\\\/www.cesni.eu\\\/nl\\\/#website\"},\"datePublished\":\"2021-05-20T09:37:43+00:00\",\"dateModified\":\"2022-11-30T16:06:18+00:00\",\"breadcrumb\":{\"@id\":\"https:\\\/\\\/www.cesni.eu\\\/de\\\/studien\\\/#breadcrumb\"},\"inLanguage\":\"de-DE\",\"potentialAction\":[{\"@type\":\"ReadAction\",\"target\":[\"https:\\\/\\\/www.cesni.eu\\\/de\\\/studien\\\/\"]}]},{\"@type\":\"BreadcrumbList\",\"@id\":\"https:\\\/\\\/www.cesni.eu\\\/de\\\/studien\\\/#breadcrumb\",\"itemListElement\":[{\"@type\":\"ListItem\",\"position\":1,\"name\":\"Accueil\",\"item\":\"https:\\\/\\\/www.cesni.eu\\\/de\\\/\"},{\"@type\":\"ListItem\",\"position\":2,\"name\":\"Studien\"}]},{\"@type\":\"WebSite\",\"@id\":\"https:\\\/\\\/www.cesni.eu\\\/nl\\\/#website\",\"url\":\"https:\\\/\\\/www.cesni.eu\\\/nl\\\/\",\"name\":\"CESNI - Comit\u00e9 Europ\u00e9en pour l\u2019\u00c9laboration de Standards dans le domaine de la Navigation Int\u00e9rieure\",\"description\":\"\",\"potentialAction\":[{\"@type\":\"SearchAction\",\"target\":{\"@type\":\"EntryPoint\",\"urlTemplate\":\"https:\\\/\\\/www.cesni.eu\\\/nl\\\/?s={search_term_string}\"},\"query-input\":{\"@type\":\"PropertyValueSpecification\",\"valueRequired\":true,\"valueName\":\"search_term_string\"}}],\"inLanguage\":\"de-DE\"}]}<\/script>\n<!-- \/ Yoast SEO plugin. -->","yoast_head_json":{"title":"Studien - CESNI - Comit\u00e9 Europ\u00e9en pour l\u2019\u00c9laboration de Standards dans le domaine de la Navigation Int\u00e9rieure","robots":{"index":"index","follow":"follow","max-snippet":"max-snippet:-1","max-image-preview":"max-image-preview:large","max-video-preview":"max-video-preview:-1"},"canonical":"https:\/\/www.cesni.eu\/de\/studien\/","og_locale":"de_DE","og_type":"article","og_title":"Studien - CESNI - Comit\u00e9 Europ\u00e9en pour l\u2019\u00c9laboration de Standards dans le domaine de la Navigation Int\u00e9rieure","og_description":"Beurteilung des Energiebedarfs von Binnenschiffen mit Hilfe von Energie-Effizienz Indizes Bericht \u00fcber die Entwicklung und Umsetzung einer harmonisierten Datenbank f\u00fcr Pr\u00fcfungsaufgaben f\u00fcr Schiffsf\u00fchrer &nbsp; Beurteilung des Energiebedarfs von Binnenschiffen mit Hilfe von Energie-Effizienz Indizes Die Arbeitsgruppe CESNI\/PT hat im Juni 2020 beschlossen, die folgende Evaluierungsstudie zu ver\u00f6ffentlichen, die von der deutschen Delegation im Rahmen der [&hellip;]","og_url":"https:\/\/www.cesni.eu\/de\/studien\/","og_site_name":"CESNI - Comit\u00e9 Europ\u00e9en pour l\u2019\u00c9laboration de Standards dans le domaine de la Navigation Int\u00e9rieure","article_modified_time":"2022-11-30T16:06:18+00:00","twitter_card":"summary_large_image","twitter_misc":{"Est. reading time":"2 minutes"},"schema":{"@context":"https:\/\/schema.org","@graph":[{"@type":"WebPage","@id":"https:\/\/www.cesni.eu\/de\/studien\/","url":"https:\/\/www.cesni.eu\/de\/studien\/","name":"Studien - CESNI - Comit\u00e9 Europ\u00e9en pour l\u2019\u00c9laboration de Standards dans le domaine de la Navigation Int\u00e9rieure","isPartOf":{"@id":"https:\/\/www.cesni.eu\/nl\/#website"},"datePublished":"2021-05-20T09:37:43+00:00","dateModified":"2022-11-30T16:06:18+00:00","breadcrumb":{"@id":"https:\/\/www.cesni.eu\/de\/studien\/#breadcrumb"},"inLanguage":"de-DE","potentialAction":[{"@type":"ReadAction","target":["https:\/\/www.cesni.eu\/de\/studien\/"]}]},{"@type":"BreadcrumbList","@id":"https:\/\/www.cesni.eu\/de\/studien\/#breadcrumb","itemListElement":[{"@type":"ListItem","position":1,"name":"Accueil","item":"https:\/\/www.cesni.eu\/de\/"},{"@type":"ListItem","position":2,"name":"Studien"}]},{"@type":"WebSite","@id":"https:\/\/www.cesni.eu\/nl\/#website","url":"https:\/\/www.cesni.eu\/nl\/","name":"CESNI - Comit\u00e9 Europ\u00e9en pour l\u2019\u00c9laboration de Standards dans le domaine de la Navigation Int\u00e9rieure","description":"","potentialAction":[{"@type":"SearchAction","target":{"@type":"EntryPoint","urlTemplate":"https:\/\/www.cesni.eu\/nl\/?s={search_term_string}"},"query-input":{"@type":"PropertyValueSpecification","valueRequired":true,"valueName":"search_term_string"}}],"inLanguage":"de-DE"}]}},"post_mailing_queue_ids":[],"_links":{"self":[{"href":"https:\/\/www.cesni.eu\/de\/wp-json\/wp\/v2\/pages\/5870","targetHints":{"allow":["GET"]}}],"collection":[{"href":"https:\/\/www.cesni.eu\/de\/wp-json\/wp\/v2\/pages"}],"about":[{"href":"https:\/\/www.cesni.eu\/de\/wp-json\/wp\/v2\/types\/page"}],"author":[{"embeddable":true,"href":"https:\/\/www.cesni.eu\/de\/wp-json\/wp\/v2\/users\/3"}],"replies":[{"embeddable":true,"href":"https:\/\/www.cesni.eu\/de\/wp-json\/wp\/v2\/comments?post=5870"}],"version-history":[{"count":4,"href":"https:\/\/www.cesni.eu\/de\/wp-json\/wp\/v2\/pages\/5870\/revisions"}],"predecessor-version":[{"id":8778,"href":"https:\/\/www.cesni.eu\/de\/wp-json\/wp\/v2\/pages\/5870\/revisions\/8778"}],"wp:attachment":[{"href":"https:\/\/www.cesni.eu\/de\/wp-json\/wp\/v2\/media?parent=5870"}],"curies":[{"name":"wp","href":"https:\/\/api.w.org\/{rel}","templated":true}]}}