{"id":5845,"date":"2021-05-31T14:10:33","date_gmt":"2021-05-31T13:10:33","guid":{"rendered":"https:\/\/www.cesni.eu\/?page_id=5845"},"modified":"2026-01-02T10:48:58","modified_gmt":"2026-01-02T09:48:58","slug":"archiv","status":"publish","type":"page","link":"https:\/\/www.cesni.eu\/de\/archiv\/","title":{"rendered":"Vorige Ausgaben"},"content":{"rendered":"<ul style=\"background-color: #f9f9f9; padding: 5px 5px 5px 15px; margin: 10px 0px 20px 0px;\">\n<li><a href=\"#01\">Europ\u00e4ischer Standard der technischen Vorschriften f\u00fcr Binnenschiffe (ES-TRIN)<\/a><\/li>\n<li><a href=\"#02\">Europ\u00e4ischer Standard f\u00fcr Qualifikationen in der Binnenschifffahrt (ES-QIN)<\/a><\/li>\n<li><a href=\"#03\">Europ\u00e4ischer Standard f\u00fcr Binnenschifffahrtsinformationsdienste (ES-RIS)<\/a><\/li>\n<li><a href=\"#04\">Test Standard f\u00fcr Inland AIS (AIS Test)<\/a><\/li>\n<\/ul>\n<p>&nbsp;<\/p>\n<h2><a name=\"01\"><\/a>Europ\u00e4ischer Standard der technischen Vorschriften f\u00fcr Binnenschiffe (ES-TRIN)<\/h2>\n<p><strong><span style=\"margin-left: 10px; color: #01a9db;\">ES-TRIN 2023<br \/>\n<\/span><\/strong><br \/>\n<a href=\"https:\/\/www.cesni.eu\/wp-content\/uploads\/2022\/11\/ES-TRIN23_signed_en.pdf\" target=\"_blank\" class=\"contentdoc download tooltip\" data-title=\"download\"><svg width=\"20\" height=\"17\"><use xlink:href=\"#download\"><\/use><\/svg><span>EN <\/span><\/a><a href=\"https:\/\/www.cesni.eu\/wp-content\/uploads\/2022\/11\/ES-TRIN23_signed_fr.pdf\" target=\"_blank\" class=\"contentdoc download tooltip\" data-title=\"download\"><svg width=\"20\" height=\"17\"><use xlink:href=\"#download\"><\/use><\/svg><span>FR <\/span><\/a><a href=\"https:\/\/www.cesni.eu\/wp-content\/uploads\/2022\/11\/ES-TRIN23_signed_de.pdf\" target=\"_blank\" class=\"contentdoc download tooltip\" data-title=\"download\"><svg width=\"20\" height=\"17\"><use xlink:href=\"#download\"><\/use><\/svg><span>DE <\/span><\/a><a href=\"https:\/\/www.cesni.eu\/wp-content\/uploads\/2025\/01\/ES_TRIN23_signed_nl.pdf\" target=\"_blank\" class=\"contentdoc download tooltip\" data-title=\"download\"><svg width=\"20\" height=\"17\"><use xlink:href=\"#download\"><\/use><\/svg><span>NL <\/span><\/a><\/p>\n<p><strong><span style=\"margin-left: 10px; color: #01a9db;\">ES-TRIN 2021<br \/>\n<\/span><\/strong><br \/>\n<a href=\"https:\/\/www.cesni.eu\/wp-content\/uploads\/2020\/10\/ES_TRIN_2021_en.pdf\" target=\"_blank\" class=\"contentdoc download tooltip\" data-title=\"download\"><svg width=\"20\" height=\"17\"><use xlink:href=\"#download\"><\/use><\/svg><span>EN <\/span><\/a><a href=\"https:\/\/www.cesni.eu\/wp-content\/uploads\/2020\/10\/ES_TRIN_2021_fr.pdf\" target=\"_blank\" class=\"contentdoc download tooltip\" data-title=\"download\"><svg width=\"20\" height=\"17\"><use xlink:href=\"#download\"><\/use><\/svg><span>FR <\/span><\/a><a href=\"https:\/\/www.cesni.eu\/wp-content\/uploads\/2020\/10\/ES_TRIN_2021_de.pdf\" target=\"_blank\" class=\"contentdoc download tooltip\" data-title=\"download\"><svg width=\"20\" height=\"17\"><use xlink:href=\"#download\"><\/use><\/svg><span>DE <\/span><\/a><a href=\"https:\/\/www.cesni.eu\/wp-content\/uploads\/2020\/10\/ES_TRIN_2021_nl.pdf\" target=\"_blank\" class=\"contentdoc download tooltip\" data-title=\"download\"><svg width=\"20\" height=\"17\"><use xlink:href=\"#download\"><\/use><\/svg><span>NL <\/span><\/a><br \/>\n<strong><span style=\"margin-left: 10px; color: #01a9db;\">ES-TRIN 2019 \u2013 Korr. 1<br \/>\n<\/span><\/strong><br \/>\n<strong><a href=\"https:\/\/www.cesni.eu\/wp-content\/uploads\/2019\/11\/ES_TRIN_2019en_corr1.pdf\" target=\"_blank\" class=\"contentdoc download tooltip\" data-title=\"download\"><svg width=\"20\" height=\"17\"><use xlink:href=\"#download\"><\/use><\/svg><span>EN <\/span><\/a><a href=\"https:\/\/www.cesni.eu\/wp-content\/uploads\/2019\/11\/ES_TRIN_2019fr_corr1.pdf\" target=\"_blank\" class=\"contentdoc download tooltip\" data-title=\"download\"><svg width=\"20\" height=\"17\"><use xlink:href=\"#download\"><\/use><\/svg><span>FR <\/span><\/a><a href=\"https:\/\/www.cesni.eu\/wp-content\/uploads\/2019\/11\/ES_TRIN_2019de_corr1.pdf\" target=\"_blank\" class=\"contentdoc download tooltip\" data-title=\"download\"><svg width=\"20\" height=\"17\"><use xlink:href=\"#download\"><\/use><\/svg><span>DE <\/span><\/a><a href=\"https:\/\/www.cesni.eu\/wp-content\/uploads\/2019\/11\/ES_TRIN_2019nl_corr1.pdf\" target=\"_blank\" class=\"contentdoc download tooltip\" data-title=\"download\"><svg width=\"20\" height=\"17\"><use xlink:href=\"#download\"><\/use><\/svg><span>NL <\/span><\/a><\/strong><br \/>\n<strong><span style=\"margin-left: 10px; color: #01a9db;\">ES-TRIN 2019<\/span><\/strong><br \/>\n<a href=\"https:\/\/www.cesni.eu\/wp-content\/uploads\/2018\/05\/ES_TRIN_2019_en.pdf\" target=\"_blank\" class=\"contentdoc download tooltip\" data-title=\"download\"><svg width=\"20\" height=\"17\"><use xlink:href=\"#download\"><\/use><\/svg><span>EN <\/span><\/a><a href=\"https:\/\/www.cesni.eu\/wp-content\/uploads\/2018\/05\/ES_TRIN_2019_fr.pdf\" target=\"_blank\" class=\"contentdoc download tooltip\" data-title=\"download\"><svg width=\"20\" height=\"17\"><use xlink:href=\"#download\"><\/use><\/svg><span>FR <\/span><\/a><a href=\"https:\/\/www.cesni.eu\/wp-content\/uploads\/2018\/05\/ES_TRIN_2019_de.pdf\" target=\"_blank\" class=\"contentdoc download tooltip\" data-title=\"download\"><svg width=\"20\" height=\"17\"><use xlink:href=\"#download\"><\/use><\/svg><span>DE <\/span><\/a><a href=\"https:\/\/www.cesni.eu\/wp-content\/uploads\/2018\/05\/ES_TRIN_2019_nl.pdf\" target=\"_blank\" class=\"contentdoc download tooltip\" data-title=\"download\"><svg width=\"20\" height=\"17\"><use xlink:href=\"#download\"><\/use><\/svg><span>NL <\/span><\/a><br \/>\n<strong><span style=\"margin-left: 10px; color: #01a9db;\">ES-TRIN 2017 \u2013 Korr. 2<\/span><\/strong><br \/>\n<a href=\"https:\/\/www.cesni.eu\/wp-content\/uploads\/2018\/04\/ES_TRIN_2017_en_corr2.pdf\" target=\"_blank\" class=\"contentdoc download tooltip\" data-title=\"download\"><svg width=\"20\" height=\"17\"><use xlink:href=\"#download\"><\/use><\/svg><span>EN <\/span><\/a><a href=\"https:\/\/www.cesni.eu\/wp-content\/uploads\/2018\/04\/ES_TRIN_2017_fr_corr2.pdf\" target=\"_blank\" class=\"contentdoc download tooltip\" data-title=\"download\"><svg width=\"20\" height=\"17\"><use xlink:href=\"#download\"><\/use><\/svg><span>FR <\/span><\/a><a href=\"https:\/\/www.cesni.eu\/wp-content\/uploads\/2018\/04\/ES_TRIN_2017_de_corr2.pdf\" target=\"_blank\" class=\"contentdoc download tooltip\" data-title=\"download\"><svg width=\"20\" height=\"17\"><use xlink:href=\"#download\"><\/use><\/svg><span>DE <\/span><\/a><a href=\"https:\/\/www.cesni.eu\/wp-content\/uploads\/2018\/04\/ES_TRIN_2017_nl_corr2.pdf\" target=\"_blank\" class=\"contentdoc download tooltip\" data-title=\"download\"><svg width=\"20\" height=\"17\"><use xlink:href=\"#download\"><\/use><\/svg><span>NL <\/span><\/a><br \/>\n<strong><span style=\"margin-left: 10px; color: #01a9db;\">ES-TRIN 2017 \u2013 Korr. 1<\/span><\/strong><br \/>\n<a href=\"https:\/\/www.cesni.eu\/wp-content\/uploads\/2018\/02\/ES_TRIN_2017_en_corr1.pdf\" target=\"_blank\" class=\"contentdoc download tooltip\" data-title=\"download\"><svg width=\"20\" height=\"17\"><use xlink:href=\"#download\"><\/use><\/svg><span>EN <\/span><\/a><a href=\"https:\/\/www.cesni.eu\/wp-content\/uploads\/2018\/02\/ES_TRIN_2017_fr_corr1.pdf\" target=\"_blank\" class=\"contentdoc download tooltip\" data-title=\"download\"><svg width=\"20\" height=\"17\"><use xlink:href=\"#download\"><\/use><\/svg><span>FR <\/span><\/a><a href=\"https:\/\/www.cesni.eu\/wp-content\/uploads\/2018\/02\/ES_TRIN_2017_de_corr1.pdf\" target=\"_blank\" class=\"contentdoc download tooltip\" data-title=\"download\"><svg width=\"20\" height=\"17\"><use xlink:href=\"#download\"><\/use><\/svg><span>DE <\/span><\/a><a href=\"https:\/\/www.cesni.eu\/wp-content\/uploads\/2018\/02\/ES_TRIN_2017_nl_corr1.pdf\" target=\"_blank\" class=\"contentdoc download tooltip\" data-title=\"download\"><svg width=\"20\" height=\"17\"><use xlink:href=\"#download\"><\/use><\/svg><span>NL <\/span><\/a><br \/>\n<strong><span style=\"margin-left: 10px; color: #01a9db;\">ES-TRIN 2017<\/span><\/strong><br \/>\n<a href=\"https:\/\/www.cesni.eu\/wp-content\/uploads\/2017\/07\/ES_TRIN_2017_en.pdf\" target=\"_blank\" class=\"contentdoc download tooltip\" data-title=\"download\"><svg width=\"20\" height=\"17\"><use xlink:href=\"#download\"><\/use><\/svg><span>EN <\/span><\/a><a href=\"https:\/\/www.cesni.eu\/wp-content\/uploads\/2017\/07\/ES_TRIN_2017_fr.pdf\" target=\"_blank\" class=\"contentdoc download tooltip\" data-title=\"download\"><svg width=\"20\" height=\"17\"><use xlink:href=\"#download\"><\/use><\/svg><span>FR <\/span><\/a><a href=\"https:\/\/www.cesni.eu\/wp-content\/uploads\/2017\/07\/ES_TRIN_2017_de.pdf\" target=\"_blank\" class=\"contentdoc download tooltip\" data-title=\"download\"><svg width=\"20\" height=\"17\"><use xlink:href=\"#download\"><\/use><\/svg><span>DE <\/span><\/a><a href=\"https:\/\/www.cesni.eu\/wp-content\/uploads\/2017\/07\/ES_TRIN_2017_nl.pdf\" target=\"_blank\" class=\"contentdoc download tooltip\" data-title=\"download\"><svg width=\"20\" height=\"17\"><use xlink:href=\"#download\"><\/use><\/svg><span>NL <\/span><\/a><br \/>\n<strong><span style=\"margin-left: 10px; color: #01a9db;\">ES-TRIN 2015<\/span><\/strong><br \/>\n<a href=\"https:\/\/www.cesni.eu\/wp-content\/uploads\/2016\/06\/ES_TRIN_en.pdf\" target=\"_blank\" class=\"contentdoc download tooltip\" data-title=\"download\"><svg width=\"20\" height=\"17\"><use xlink:href=\"#download\"><\/use><\/svg><span>EN <\/span><\/a><a href=\"https:\/\/www.cesni.eu\/wp-content\/uploads\/2016\/06\/ES_TRIN_fr.pdf\" target=\"_blank\" class=\"contentdoc download tooltip\" data-title=\"download\"><svg width=\"20\" height=\"17\"><use xlink:href=\"#download\"><\/use><\/svg><span>FR <\/span><\/a><a href=\"https:\/\/www.cesni.eu\/wp-content\/uploads\/2016\/06\/ES_TRIN_de.pdf\" target=\"_blank\" class=\"contentdoc download tooltip\" data-title=\"download\"><svg width=\"20\" height=\"17\"><use xlink:href=\"#download\"><\/use><\/svg><span>DE <\/span><\/a><a href=\"https:\/\/www.cesni.eu\/wp-content\/uploads\/2016\/06\/ES_TRIN_nl.pdf\" target=\"_blank\" class=\"contentdoc download tooltip\" data-title=\"download\"><svg width=\"20\" height=\"17\"><use xlink:href=\"#download\"><\/use><\/svg><span>NL <\/span><\/a><\/p>\n<h2><a name=\"02\"><\/a>Europ\u00e4ischer Standard f\u00fcr Qualifikationen in der Binnenschifffahrt (ES-QIN)<\/h2>\n<p><strong><span style=\"margin-left: 10px; color: #01a9db;\">ES-QIN 2018<\/span><\/strong><br \/>\n<a href=\"https:\/\/www.cesni.eu\/wp-content\/uploads\/2019\/03\/Page-de-garde-EN.pdf\" target=\"_blank\" class=\"contentdoc download tooltip\" data-title=\"download\"><svg width=\"20\" height=\"17\"><use xlink:href=\"#download\"><\/use><\/svg><span>EN <\/span><\/a><a href=\"https:\/\/www.cesni.eu\/wp-content\/uploads\/2019\/03\/Page-de-garde-FR.pdf\" target=\"_blank\" class=\"contentdoc download tooltip\" data-title=\"download\"><svg width=\"20\" height=\"17\"><use xlink:href=\"#download\"><\/use><\/svg><span>FR <\/span><\/a><a href=\"https:\/\/www.cesni.eu\/wp-content\/uploads\/2019\/03\/Page-de-garde-DE.pdf\" target=\"_blank\" class=\"contentdoc download tooltip\" data-title=\"download\"><svg width=\"20\" height=\"17\"><use xlink:href=\"#download\"><\/use><\/svg><span>DE <\/span><\/a><a href=\"https:\/\/www.cesni.eu\/wp-content\/uploads\/2019\/03\/Page-de-garde-NL.pdf\" target=\"_blank\" class=\"contentdoc download tooltip\" data-title=\"download\"><svg width=\"20\" height=\"17\"><use xlink:href=\"#download\"><\/use><\/svg><span>NL <\/span><\/a><\/p>\n<h2><a name=\"03\"><\/a>Europ\u00e4ischer Standard f\u00fcr Binnenschifffahrtsinformationsdienste (ES-RIS)<\/h2>\n<p><strong><span style=\"margin-left: 10px; color: #01a9db;\">ES-RIS 2021<\/span><\/strong><br \/>\n<a href=\"https:\/\/www.cesni.eu\/wp-content\/uploads\/2021\/06\/ES_RIS_2021_en.pdf\" target=\"_blank\" class=\"contentdoc download tooltip\" data-title=\"download\"><svg width=\"20\" height=\"17\"><use xlink:href=\"#download\"><\/use><\/svg><span>EN <\/span><\/a><a href=\"https:\/\/www.cesni.eu\/wp-content\/uploads\/2021\/06\/ES_RIS_2021_fr.pdf\" target=\"_blank\" class=\"contentdoc download tooltip\" data-title=\"download\"><svg width=\"20\" height=\"17\"><use xlink:href=\"#download\"><\/use><\/svg><span>FR <\/span><\/a><a href=\"https:\/\/www.cesni.eu\/wp-content\/uploads\/2021\/06\/ES_RIS_2021_de.pdf\" target=\"_blank\" class=\"contentdoc download tooltip\" data-title=\"download\"><svg width=\"20\" height=\"17\"><use xlink:href=\"#download\"><\/use><\/svg><span>DE <\/span><\/a><a href=\"https:\/\/www.cesni.eu\/wp-content\/uploads\/2021\/06\/ES_RIS_2021_nl.pdf\" target=\"_blank\" class=\"contentdoc download tooltip\" data-title=\"download\"><svg width=\"20\" height=\"17\"><use xlink:href=\"#download\"><\/use><\/svg><span>NL <\/span><\/a><br \/>\n<strong><span style=\"margin-left: 10px; color: #01a9db;\">Anlage 1 zu Anhang 1 (Product specifications for Inland ENCS): IENC Feature Catalogue<\/span><\/strong><br \/>\n<a href=\"https:\/\/www.cesni.eu\/wp-content\/uploads\/2021\/06\/cesni21_13en_annex3-2.pdf\" target=\"_blank\" class=\"contentdoc download tooltip\" data-title=\"download\"><svg width=\"20\" height=\"17\"><use xlink:href=\"#download\"><\/use><\/svg><span>EN <\/span><\/a><br \/>\n<strong><span style=\"margin-left: 10px; color: #01a9db;\">Anlage 2 zu Anhang 1 (Product specifications for Inland ENCS): Encoding Guide for Inland ENCS<\/span><\/strong><br \/>\n<a href=\"https:\/\/www.cesni.eu\/wp-content\/uploads\/2021\/06\/cesni21_13en_annex3-3.pdf\" target=\"_blank\" class=\"contentdoc download tooltip\" data-title=\"download\"><svg width=\"20\" height=\"17\"><use xlink:href=\"#download\"><\/use><\/svg><span>EN <\/span><\/a><br \/>\n<strong><span style=\"margin-left: 10px; color: #01a9db;\">Anhang 19: Notices to Skippers Reference Tables<\/span><\/strong><br \/>\n<a href=\"https:\/\/www.cesni.eu\/wp-content\/uploads\/2021\/06\/cesni21_13en_annex3-4.pdf\" target=\"_blank\" class=\"contentdoc download tooltip\" data-title=\"download\"><svg width=\"20\" height=\"17\"><use xlink:href=\"#download\"><\/use><\/svg><span>EN <\/span><\/a><br \/>\n<strong><span style=\"margin-left: 10px; color: #01a9db;\">Symbols of the presentation library for Inland ENCs<\/span><\/strong><br \/>\n<a href=\"https:\/\/www.cesni.eu\/wp-content\/uploads\/2021\/06\/IES_Symbols_2_4.zip\" target=\"_blank\" class=\"contentdoc download tooltip\" data-title=\"download\"><svg width=\"20\" height=\"17\"><use xlink:href=\"#download\"><\/use><\/svg><span>ZIP <\/span><\/a><\/p>\n<h2><a name=\"04\"><\/a>Test Standard f\u00fcr Inland AIS (AIS Test)<\/h2>\n<p><strong><span style=\"margin-left: 10px; color: #01a9db;\">AIS Test 2021<\/span><\/strong><br \/>\n<a href=\"https:\/\/www.cesni.eu\/wp-content\/uploads\/2020\/10\/CESNI_Test_St_Inl_AIS_en-1.pdf\" target=\"_blank\" class=\"contentdoc download tooltip\" data-title=\"download\"><svg width=\"20\" height=\"17\"><use xlink:href=\"#download\"><\/use><\/svg><span>EN <\/span><\/a><a href=\"https:\/\/www.cesni.eu\/wp-content\/uploads\/2020\/10\/CESNI_Test_St_Inl_AIS_fr-1.pdf\" target=\"_blank\" class=\"contentdoc download tooltip\" data-title=\"download\"><svg width=\"20\" height=\"17\"><use xlink:href=\"#download\"><\/use><\/svg><span>FR <\/span><\/a><a href=\"https:\/\/www.cesni.eu\/wp-content\/uploads\/2020\/10\/CESNI_Test_St_Inl_AIS_de-1.pdf\" target=\"_blank\" class=\"contentdoc download tooltip\" data-title=\"download\"><svg width=\"20\" height=\"17\"><use xlink:href=\"#download\"><\/use><\/svg><span>DE <\/span><\/a><a href=\"https:\/\/www.cesni.eu\/wp-content\/uploads\/2020\/10\/CESNI_Test_St_Inl_AIS_nl-1.pdf\" target=\"_blank\" class=\"contentdoc download tooltip\" data-title=\"download\"><svg width=\"20\" height=\"17\"><use xlink:href=\"#download\"><\/use><\/svg><span>NL <\/span><\/a><br \/>\n<strong><span style=\"margin-left: 10px; color: #01a9db;\">AIS Test 2017<\/span><\/strong><br \/>\n<a href=\"https:\/\/www.cesni.eu\/wp-content\/uploads\/2017\/07\/CESNI_Test_Standard_Inland_AIS_en.pdf\" target=\"_blank\" class=\"contentdoc download tooltip\" data-title=\"download\"><svg width=\"20\" height=\"17\"><use xlink:href=\"#download\"><\/use><\/svg><span>EN <\/span><\/a><a href=\"https:\/\/www.cesni.eu\/wp-content\/uploads\/2017\/07\/CESNI_Test_Standard_Inland_AIS_fr.pdf\" target=\"_blank\" class=\"contentdoc download tooltip\" data-title=\"download\"><svg width=\"20\" height=\"17\"><use xlink:href=\"#download\"><\/use><\/svg><span>FR <\/span><\/a><a href=\"https:\/\/www.cesni.eu\/wp-content\/uploads\/2017\/07\/CESNI_Test_Standard_Inland_AIS_de.pdf\" target=\"_blank\" class=\"contentdoc download tooltip\" data-title=\"download\"><svg width=\"20\" height=\"17\"><use xlink:href=\"#download\"><\/use><\/svg><span>DE <\/span><\/a><a href=\"https:\/\/www.cesni.eu\/wp-content\/uploads\/2017\/07\/CESNI_Test_Standard_Inland_AIS_nl.pdf\" target=\"_blank\" class=\"contentdoc download tooltip\" data-title=\"download\"><svg width=\"20\" height=\"17\"><use xlink:href=\"#download\"><\/use><\/svg><span>NL <\/span><\/a><\/p>\n","protected":false},"excerpt":{"rendered":"<p>Europ\u00e4ischer Standard der technischen Vorschriften f\u00fcr Binnenschiffe (ES-TRIN) Europ\u00e4ischer Standard f\u00fcr Qualifikationen in der Binnenschifffahrt (ES-QIN) Europ\u00e4ischer Standard f\u00fcr Binnenschifffahrtsinformationsdienste (ES-RIS) Test Standard f\u00fcr Inland AIS (AIS Test) &nbsp; Europ\u00e4ischer Standard der technischen Vorschriften f\u00fcr Binnenschiffe (ES-TRIN) ES-TRIN 2023 ES-TRIN 2021 ES-TRIN 2019 \u2013 Korr. 1 ES-TRIN 2019 ES-TRIN 2017 \u2013 Korr. 2 ES-TRIN 2017 [&hellip;]<\/p>\n","protected":false},"author":3,"featured_media":0,"parent":0,"menu_order":0,"comment_status":"closed","ping_status":"closed","template":"","meta":{"_acf_changed":false,"footnotes":""},"class_list":["post-5845","page","type-page","status-publish","hentry"],"acf":[],"yoast_head":"<!-- This site is optimized with the Yoast SEO plugin v27.3 - https:\/\/yoast.com\/product\/yoast-seo-wordpress\/ -->\n<title>Vorige Ausgaben - CESNI - Comit\u00e9 Europ\u00e9en pour l\u2019\u00c9laboration de Standards dans le domaine de la Navigation Int\u00e9rieure<\/title>\n<meta name=\"robots\" content=\"index, follow, max-snippet:-1, max-image-preview:large, max-video-preview:-1\" \/>\n<link rel=\"canonical\" href=\"https:\/\/www.cesni.eu\/de\/archiv\/\" \/>\n<meta property=\"og:locale\" content=\"de_DE\" \/>\n<meta property=\"og:type\" content=\"article\" \/>\n<meta property=\"og:title\" content=\"Vorige Ausgaben - CESNI - Comit\u00e9 Europ\u00e9en pour l\u2019\u00c9laboration de Standards dans le domaine de la Navigation Int\u00e9rieure\" \/>\n<meta property=\"og:description\" content=\"Europ\u00e4ischer Standard der technischen Vorschriften f\u00fcr Binnenschiffe (ES-TRIN) Europ\u00e4ischer Standard f\u00fcr Qualifikationen in der Binnenschifffahrt (ES-QIN) Europ\u00e4ischer Standard f\u00fcr Binnenschifffahrtsinformationsdienste (ES-RIS) Test Standard f\u00fcr Inland AIS (AIS Test) &nbsp; Europ\u00e4ischer Standard der technischen Vorschriften f\u00fcr Binnenschiffe (ES-TRIN) ES-TRIN 2023 ES-TRIN 2021 ES-TRIN 2019 \u2013 Korr. 1 ES-TRIN 2019 ES-TRIN 2017 \u2013 Korr. 2 ES-TRIN 2017 [&hellip;]\" \/>\n<meta property=\"og:url\" content=\"https:\/\/www.cesni.eu\/de\/archiv\/\" \/>\n<meta property=\"og:site_name\" content=\"CESNI - Comit\u00e9 Europ\u00e9en pour l\u2019\u00c9laboration de Standards dans le domaine de la Navigation Int\u00e9rieure\" \/>\n<meta property=\"article:modified_time\" content=\"2026-01-02T09:48:58+00:00\" \/>\n<meta name=\"twitter:card\" content=\"summary_large_image\" \/>\n<meta name=\"twitter:label1\" content=\"Est. reading time\" \/>\n\t<meta name=\"twitter:data1\" content=\"2 minutes\" \/>\n<script type=\"application\/ld+json\" class=\"yoast-schema-graph\">{\"@context\":\"https:\\\/\\\/schema.org\",\"@graph\":[{\"@type\":\"WebPage\",\"@id\":\"https:\\\/\\\/www.cesni.eu\\\/de\\\/archiv\\\/\",\"url\":\"https:\\\/\\\/www.cesni.eu\\\/de\\\/archiv\\\/\",\"name\":\"Vorige Ausgaben - CESNI - Comit\u00e9 Europ\u00e9en pour l\u2019\u00c9laboration de Standards dans le domaine de la Navigation Int\u00e9rieure\",\"isPartOf\":{\"@id\":\"https:\\\/\\\/www.cesni.eu\\\/nl\\\/#website\"},\"datePublished\":\"2021-05-31T13:10:33+00:00\",\"dateModified\":\"2026-01-02T09:48:58+00:00\",\"breadcrumb\":{\"@id\":\"https:\\\/\\\/www.cesni.eu\\\/de\\\/archiv\\\/#breadcrumb\"},\"inLanguage\":\"de-DE\",\"potentialAction\":[{\"@type\":\"ReadAction\",\"target\":[\"https:\\\/\\\/www.cesni.eu\\\/de\\\/archiv\\\/\"]}]},{\"@type\":\"BreadcrumbList\",\"@id\":\"https:\\\/\\\/www.cesni.eu\\\/de\\\/archiv\\\/#breadcrumb\",\"itemListElement\":[{\"@type\":\"ListItem\",\"position\":1,\"name\":\"Accueil\",\"item\":\"https:\\\/\\\/www.cesni.eu\\\/de\\\/\"},{\"@type\":\"ListItem\",\"position\":2,\"name\":\"Vorige Ausgaben\"}]},{\"@type\":\"WebSite\",\"@id\":\"https:\\\/\\\/www.cesni.eu\\\/nl\\\/#website\",\"url\":\"https:\\\/\\\/www.cesni.eu\\\/nl\\\/\",\"name\":\"CESNI - Comit\u00e9 Europ\u00e9en pour l\u2019\u00c9laboration de Standards dans le domaine de la Navigation Int\u00e9rieure\",\"description\":\"\",\"potentialAction\":[{\"@type\":\"SearchAction\",\"target\":{\"@type\":\"EntryPoint\",\"urlTemplate\":\"https:\\\/\\\/www.cesni.eu\\\/nl\\\/?s={search_term_string}\"},\"query-input\":{\"@type\":\"PropertyValueSpecification\",\"valueRequired\":true,\"valueName\":\"search_term_string\"}}],\"inLanguage\":\"de-DE\"}]}<\/script>\n<!-- \/ Yoast SEO plugin. -->","yoast_head_json":{"title":"Vorige Ausgaben - CESNI - Comit\u00e9 Europ\u00e9en pour l\u2019\u00c9laboration de Standards dans le domaine de la Navigation Int\u00e9rieure","robots":{"index":"index","follow":"follow","max-snippet":"max-snippet:-1","max-image-preview":"max-image-preview:large","max-video-preview":"max-video-preview:-1"},"canonical":"https:\/\/www.cesni.eu\/de\/archiv\/","og_locale":"de_DE","og_type":"article","og_title":"Vorige Ausgaben - CESNI - Comit\u00e9 Europ\u00e9en pour l\u2019\u00c9laboration de Standards dans le domaine de la Navigation Int\u00e9rieure","og_description":"Europ\u00e4ischer Standard der technischen Vorschriften f\u00fcr Binnenschiffe (ES-TRIN) Europ\u00e4ischer Standard f\u00fcr Qualifikationen in der Binnenschifffahrt (ES-QIN) Europ\u00e4ischer Standard f\u00fcr Binnenschifffahrtsinformationsdienste (ES-RIS) Test Standard f\u00fcr Inland AIS (AIS Test) &nbsp; Europ\u00e4ischer Standard der technischen Vorschriften f\u00fcr Binnenschiffe (ES-TRIN) ES-TRIN 2023 ES-TRIN 2021 ES-TRIN 2019 \u2013 Korr. 1 ES-TRIN 2019 ES-TRIN 2017 \u2013 Korr. 2 ES-TRIN 2017 [&hellip;]","og_url":"https:\/\/www.cesni.eu\/de\/archiv\/","og_site_name":"CESNI - Comit\u00e9 Europ\u00e9en pour l\u2019\u00c9laboration de Standards dans le domaine de la Navigation Int\u00e9rieure","article_modified_time":"2026-01-02T09:48:58+00:00","twitter_card":"summary_large_image","twitter_misc":{"Est. reading time":"2 minutes"},"schema":{"@context":"https:\/\/schema.org","@graph":[{"@type":"WebPage","@id":"https:\/\/www.cesni.eu\/de\/archiv\/","url":"https:\/\/www.cesni.eu\/de\/archiv\/","name":"Vorige Ausgaben - CESNI - Comit\u00e9 Europ\u00e9en pour l\u2019\u00c9laboration de Standards dans le domaine de la Navigation Int\u00e9rieure","isPartOf":{"@id":"https:\/\/www.cesni.eu\/nl\/#website"},"datePublished":"2021-05-31T13:10:33+00:00","dateModified":"2026-01-02T09:48:58+00:00","breadcrumb":{"@id":"https:\/\/www.cesni.eu\/de\/archiv\/#breadcrumb"},"inLanguage":"de-DE","potentialAction":[{"@type":"ReadAction","target":["https:\/\/www.cesni.eu\/de\/archiv\/"]}]},{"@type":"BreadcrumbList","@id":"https:\/\/www.cesni.eu\/de\/archiv\/#breadcrumb","itemListElement":[{"@type":"ListItem","position":1,"name":"Accueil","item":"https:\/\/www.cesni.eu\/de\/"},{"@type":"ListItem","position":2,"name":"Vorige Ausgaben"}]},{"@type":"WebSite","@id":"https:\/\/www.cesni.eu\/nl\/#website","url":"https:\/\/www.cesni.eu\/nl\/","name":"CESNI - Comit\u00e9 Europ\u00e9en pour l\u2019\u00c9laboration de Standards dans le domaine de la Navigation Int\u00e9rieure","description":"","potentialAction":[{"@type":"SearchAction","target":{"@type":"EntryPoint","urlTemplate":"https:\/\/www.cesni.eu\/nl\/?s={search_term_string}"},"query-input":{"@type":"PropertyValueSpecification","valueRequired":true,"valueName":"search_term_string"}}],"inLanguage":"de-DE"}]}},"post_mailing_queue_ids":[],"_links":{"self":[{"href":"https:\/\/www.cesni.eu\/de\/wp-json\/wp\/v2\/pages\/5845","targetHints":{"allow":["GET"]}}],"collection":[{"href":"https:\/\/www.cesni.eu\/de\/wp-json\/wp\/v2\/pages"}],"about":[{"href":"https:\/\/www.cesni.eu\/de\/wp-json\/wp\/v2\/types\/page"}],"author":[{"embeddable":true,"href":"https:\/\/www.cesni.eu\/de\/wp-json\/wp\/v2\/users\/3"}],"replies":[{"embeddable":true,"href":"https:\/\/www.cesni.eu\/de\/wp-json\/wp\/v2\/comments?post=5845"}],"version-history":[{"count":8,"href":"https:\/\/www.cesni.eu\/de\/wp-json\/wp\/v2\/pages\/5845\/revisions"}],"predecessor-version":[{"id":12076,"href":"https:\/\/www.cesni.eu\/de\/wp-json\/wp\/v2\/pages\/5845\/revisions\/12076"}],"wp:attachment":[{"href":"https:\/\/www.cesni.eu\/de\/wp-json\/wp\/v2\/media?parent=5845"}],"curies":[{"name":"wp","href":"https:\/\/api.w.org\/{rel}","templated":true}]}}