{"id":5789,"date":"2021-05-10T15:22:25","date_gmt":"2021-05-10T14:22:25","guid":{"rendered":"https:\/\/www.cesni.eu\/?page_id=5789"},"modified":"2025-03-06T16:31:53","modified_gmt":"2025-03-06T15:31:53","slug":"europaeischer-ausschuss-fuer-die-ausarbeitung-von-standards-im-bereich-der-binnenschifffahrt-cesni","status":"publish","type":"page","link":"https:\/\/www.cesni.eu\/de\/","title":{"rendered":"Europ\u00e4ischer Ausschuss zur Ausarbeitung von Standards im Bereich der Binnenschifffahrt (CESNI)"},"content":{"rendered":"\n<p>Der CESNI wurde 2015 eingerichtet, um in verschiedenen Bereichen, namentlich den Bereichen Binnenschiffe, Besatzung und Informationstechnologie, technische Standards zu erlassen. Die entsprechenden Regelwerke auf europ\u00e4ischer und internationaler Ebene, darunter die der Europ\u00e4ischen Union und der Zentralkommission f\u00fcr die Rheinschifffahrt (ZKR), k\u00f6nnen auf diese Standards mit dem Ziel ihrer Anwendung verweisen.<\/p>\n","protected":false},"excerpt":{"rendered":"<p>Der CESNI wurde 2015 eingerichtet, um in verschiedenen Bereichen, namentlich den Bereichen Binnenschiffe, Besatzung und Informationstechnologie, technische Standards zu erlassen. Die entsprechenden Regelwerke auf europ\u00e4ischer und internationaler Ebene, darunter die der Europ\u00e4ischen Union und der Zentralkommission f\u00fcr die Rheinschifffahrt (ZKR), k\u00f6nnen auf diese Standards mit dem Ziel ihrer Anwendung verweisen.<\/p>\n","protected":false},"author":13,"featured_media":0,"parent":0,"menu_order":0,"comment_status":"closed","ping_status":"closed","template":"","meta":{"_acf_changed":false,"footnotes":""},"class_list":["post-5789","page","type-page","status-publish","hentry"],"acf":[],"yoast_head":"<!-- This site is optimized with the Yoast SEO plugin v27.3 - https:\/\/yoast.com\/product\/yoast-seo-wordpress\/ -->\n<title>Europ\u00e4ischer Ausschuss zur Ausarbeitung von Standards im Bereich der Binnenschifffahrt (CESNI) - CESNI - Comit\u00e9 Europ\u00e9en pour l\u2019\u00c9laboration de Standards dans le domaine de la Navigation Int\u00e9rieure<\/title>\n<meta name=\"robots\" content=\"index, follow, max-snippet:-1, max-image-preview:large, max-video-preview:-1\" \/>\n<link rel=\"canonical\" href=\"https:\/\/www.cesni.eu\/de\/\" \/>\n<meta property=\"og:locale\" content=\"de_DE\" \/>\n<meta property=\"og:type\" content=\"article\" \/>\n<meta property=\"og:title\" content=\"Europ\u00e4ischer Ausschuss zur Ausarbeitung von Standards im Bereich der Binnenschifffahrt (CESNI) - CESNI - Comit\u00e9 Europ\u00e9en pour l\u2019\u00c9laboration de Standards dans le domaine de la Navigation Int\u00e9rieure\" \/>\n<meta property=\"og:description\" content=\"Der CESNI wurde 2015 eingerichtet, um in verschiedenen Bereichen, namentlich den Bereichen Binnenschiffe, Besatzung und Informationstechnologie, technische Standards zu erlassen. Die entsprechenden Regelwerke auf europ\u00e4ischer und internationaler Ebene, darunter die der Europ\u00e4ischen Union und der Zentralkommission f\u00fcr die Rheinschifffahrt (ZKR), k\u00f6nnen auf diese Standards mit dem Ziel ihrer Anwendung verweisen.\" \/>\n<meta property=\"og:url\" content=\"https:\/\/www.cesni.eu\/de\/\" \/>\n<meta property=\"og:site_name\" content=\"CESNI - Comit\u00e9 Europ\u00e9en pour l\u2019\u00c9laboration de Standards dans le domaine de la Navigation Int\u00e9rieure\" \/>\n<meta property=\"article:modified_time\" content=\"2025-03-06T15:31:53+00:00\" \/>\n<meta name=\"twitter:card\" content=\"summary_large_image\" \/>\n<meta name=\"twitter:label1\" content=\"Est. reading time\" \/>\n\t<meta name=\"twitter:data1\" content=\"1 minute\" \/>\n<script type=\"application\/ld+json\" class=\"yoast-schema-graph\">{\"@context\":\"https:\\\/\\\/schema.org\",\"@graph\":[{\"@type\":\"WebPage\",\"@id\":\"https:\\\/\\\/www.cesni.eu\\\/de\\\/\",\"url\":\"https:\\\/\\\/www.cesni.eu\\\/de\\\/\",\"name\":\"Europ\u00e4ischer Ausschuss zur Ausarbeitung von Standards im Bereich der Binnenschifffahrt (CESNI) - CESNI - Comit\u00e9 Europ\u00e9en pour l\u2019\u00c9laboration de Standards dans le domaine de la Navigation Int\u00e9rieure\",\"isPartOf\":{\"@id\":\"https:\\\/\\\/www.cesni.eu\\\/nl\\\/#website\"},\"datePublished\":\"2021-05-10T14:22:25+00:00\",\"dateModified\":\"2025-03-06T15:31:53+00:00\",\"breadcrumb\":{\"@id\":\"https:\\\/\\\/www.cesni.eu\\\/de\\\/#breadcrumb\"},\"inLanguage\":\"de-DE\",\"potentialAction\":[{\"@type\":\"ReadAction\",\"target\":[\"https:\\\/\\\/www.cesni.eu\\\/de\\\/\"]}]},{\"@type\":\"BreadcrumbList\",\"@id\":\"https:\\\/\\\/www.cesni.eu\\\/de\\\/#breadcrumb\",\"itemListElement\":[{\"@type\":\"ListItem\",\"position\":1,\"name\":\"Accueil\",\"item\":\"https:\\\/\\\/www.cesni.eu\\\/de\\\/\"},{\"@type\":\"ListItem\",\"position\":2,\"name\":\"Europ\u00e4ischer Ausschuss zur Ausarbeitung von Standards im Bereich der Binnenschifffahrt (CESNI)\"}]},{\"@type\":\"WebSite\",\"@id\":\"https:\\\/\\\/www.cesni.eu\\\/nl\\\/#website\",\"url\":\"https:\\\/\\\/www.cesni.eu\\\/nl\\\/\",\"name\":\"CESNI - Comit\u00e9 Europ\u00e9en pour l\u2019\u00c9laboration de Standards dans le domaine de la Navigation Int\u00e9rieure\",\"description\":\"\",\"potentialAction\":[{\"@type\":\"SearchAction\",\"target\":{\"@type\":\"EntryPoint\",\"urlTemplate\":\"https:\\\/\\\/www.cesni.eu\\\/nl\\\/?s={search_term_string}\"},\"query-input\":{\"@type\":\"PropertyValueSpecification\",\"valueRequired\":true,\"valueName\":\"search_term_string\"}}],\"inLanguage\":\"de-DE\"}]}<\/script>\n<!-- \/ Yoast SEO plugin. -->","yoast_head_json":{"title":"Europ\u00e4ischer Ausschuss zur Ausarbeitung von Standards im Bereich der Binnenschifffahrt (CESNI) - CESNI - Comit\u00e9 Europ\u00e9en pour l\u2019\u00c9laboration de Standards dans le domaine de la Navigation Int\u00e9rieure","robots":{"index":"index","follow":"follow","max-snippet":"max-snippet:-1","max-image-preview":"max-image-preview:large","max-video-preview":"max-video-preview:-1"},"canonical":"https:\/\/www.cesni.eu\/de\/","og_locale":"de_DE","og_type":"article","og_title":"Europ\u00e4ischer Ausschuss zur Ausarbeitung von Standards im Bereich der Binnenschifffahrt (CESNI) - CESNI - Comit\u00e9 Europ\u00e9en pour l\u2019\u00c9laboration de Standards dans le domaine de la Navigation Int\u00e9rieure","og_description":"Der CESNI wurde 2015 eingerichtet, um in verschiedenen Bereichen, namentlich den Bereichen Binnenschiffe, Besatzung und Informationstechnologie, technische Standards zu erlassen. Die entsprechenden Regelwerke auf europ\u00e4ischer und internationaler Ebene, darunter die der Europ\u00e4ischen Union und der Zentralkommission f\u00fcr die Rheinschifffahrt (ZKR), k\u00f6nnen auf diese Standards mit dem Ziel ihrer Anwendung verweisen.","og_url":"https:\/\/www.cesni.eu\/de\/","og_site_name":"CESNI - Comit\u00e9 Europ\u00e9en pour l\u2019\u00c9laboration de Standards dans le domaine de la Navigation Int\u00e9rieure","article_modified_time":"2025-03-06T15:31:53+00:00","twitter_card":"summary_large_image","twitter_misc":{"Est. reading time":"1 minute"},"schema":{"@context":"https:\/\/schema.org","@graph":[{"@type":"WebPage","@id":"https:\/\/www.cesni.eu\/de\/","url":"https:\/\/www.cesni.eu\/de\/","name":"Europ\u00e4ischer Ausschuss zur Ausarbeitung von Standards im Bereich der Binnenschifffahrt (CESNI) - CESNI - Comit\u00e9 Europ\u00e9en pour l\u2019\u00c9laboration de Standards dans le domaine de la Navigation Int\u00e9rieure","isPartOf":{"@id":"https:\/\/www.cesni.eu\/nl\/#website"},"datePublished":"2021-05-10T14:22:25+00:00","dateModified":"2025-03-06T15:31:53+00:00","breadcrumb":{"@id":"https:\/\/www.cesni.eu\/de\/#breadcrumb"},"inLanguage":"de-DE","potentialAction":[{"@type":"ReadAction","target":["https:\/\/www.cesni.eu\/de\/"]}]},{"@type":"BreadcrumbList","@id":"https:\/\/www.cesni.eu\/de\/#breadcrumb","itemListElement":[{"@type":"ListItem","position":1,"name":"Accueil","item":"https:\/\/www.cesni.eu\/de\/"},{"@type":"ListItem","position":2,"name":"Europ\u00e4ischer Ausschuss zur Ausarbeitung von Standards im Bereich der Binnenschifffahrt (CESNI)"}]},{"@type":"WebSite","@id":"https:\/\/www.cesni.eu\/nl\/#website","url":"https:\/\/www.cesni.eu\/nl\/","name":"CESNI - Comit\u00e9 Europ\u00e9en pour l\u2019\u00c9laboration de Standards dans le domaine de la Navigation Int\u00e9rieure","description":"","potentialAction":[{"@type":"SearchAction","target":{"@type":"EntryPoint","urlTemplate":"https:\/\/www.cesni.eu\/nl\/?s={search_term_string}"},"query-input":{"@type":"PropertyValueSpecification","valueRequired":true,"valueName":"search_term_string"}}],"inLanguage":"de-DE"}]}},"post_mailing_queue_ids":[],"_links":{"self":[{"href":"https:\/\/www.cesni.eu\/de\/wp-json\/wp\/v2\/pages\/5789","targetHints":{"allow":["GET"]}}],"collection":[{"href":"https:\/\/www.cesni.eu\/de\/wp-json\/wp\/v2\/pages"}],"about":[{"href":"https:\/\/www.cesni.eu\/de\/wp-json\/wp\/v2\/types\/page"}],"author":[{"embeddable":true,"href":"https:\/\/www.cesni.eu\/de\/wp-json\/wp\/v2\/users\/13"}],"replies":[{"embeddable":true,"href":"https:\/\/www.cesni.eu\/de\/wp-json\/wp\/v2\/comments?post=5789"}],"version-history":[{"count":12,"href":"https:\/\/www.cesni.eu\/de\/wp-json\/wp\/v2\/pages\/5789\/revisions"}],"predecessor-version":[{"id":11326,"href":"https:\/\/www.cesni.eu\/de\/wp-json\/wp\/v2\/pages\/5789\/revisions\/11326"}],"wp:attachment":[{"href":"https:\/\/www.cesni.eu\/de\/wp-json\/wp\/v2\/media?parent=5789"}],"curies":[{"name":"wp","href":"https:\/\/api.w.org\/{rel}","templated":true}]}}