{"id":5773,"date":"2021-05-20T10:33:25","date_gmt":"2021-05-20T09:33:25","guid":{"rendered":"https:\/\/www.cesni.eu\/?page_id=5773"},"modified":"2021-06-07T14:47:50","modified_gmt":"2021-06-07T13:47:50","slug":"mitgliedstaaten","status":"publish","type":"page","link":"https:\/\/www.cesni.eu\/de\/ueber-cesni\/mitgliedstaaten\/","title":{"rendered":"Mitgliedstaaten"},"content":{"rendered":"\n<p>Der Ausschuss setzt sich aus Sachverst\u00e4ndigen der Mitgliedstaaten der Zentralkommission f\u00fcr die Rheinschifffahrt (ZKR) und der Europ\u00e4ischen Union (EU) zusammen:<\/p>\n\n\n\n<figure class=\"wp-block-table\"><table><tbody><tr><td>Belgien<\/td><td>Malta<\/td><\/tr><tr><td>Bulgarien<\/td><td>Niederlande<\/td><\/tr><tr><td>D\u00e4nemark<\/td><td>\u00d6sterreich<\/td><\/tr><tr><td>Deutschland<\/td><td>Polen<\/td><\/tr><tr><td>Estland<\/td><td>Portugal<\/td><\/tr><tr><td>Finnland<\/td><td>Rum\u00e4nien<\/td><\/tr><tr><td>Frankreich<\/td><td>Schweden<\/td><\/tr><tr><td>Griechenland<\/td><td>Schweiz<\/td><\/tr><tr><td>Irland<\/td><td>Slowakei<\/td><\/tr><tr><td>Italien<\/td><td>Slowenien<\/td><\/tr><tr><td>Kroatien<\/td><td>Spanien<\/td><\/tr><tr><td>Lettland<\/td><td>Tschechien<\/td><\/tr><tr><td>Litauen<\/td><td>Ungarn<\/td><\/tr><tr><td>Luxemburg<\/td><td>Zypern<\/td><\/tr><\/tbody><\/table><\/figure>\n","protected":false},"excerpt":{"rendered":"<p>Der Ausschuss setzt sich aus Sachverst\u00e4ndigen der Mitgliedstaaten der Zentralkommission f\u00fcr die Rheinschifffahrt (ZKR) und der Europ\u00e4ischen Union (EU) zusammen: Belgien Malta Bulgarien Niederlande D\u00e4nemark \u00d6sterreich Deutschland Polen Estland Portugal Finnland Rum\u00e4nien Frankreich Schweden Griechenland Schweiz Irland Slowakei Italien Slowenien Kroatien Spanien Lettland Tschechien Litauen Ungarn Luxemburg Zypern<\/p>\n","protected":false},"author":8,"featured_media":0,"parent":183,"menu_order":3,"comment_status":"closed","ping_status":"closed","template":"","meta":{"_acf_changed":false,"footnotes":""},"class_list":["post-5773","page","type-page","status-publish","hentry"],"acf":[],"yoast_head":"<!-- This site is optimized with the Yoast SEO plugin v27.3 - https:\/\/yoast.com\/product\/yoast-seo-wordpress\/ -->\n<title>Mitgliedstaaten - CESNI - Comit\u00e9 Europ\u00e9en pour l\u2019\u00c9laboration de Standards dans le domaine de la Navigation Int\u00e9rieure<\/title>\n<meta name=\"robots\" content=\"index, follow, max-snippet:-1, max-image-preview:large, max-video-preview:-1\" \/>\n<link rel=\"canonical\" href=\"https:\/\/www.cesni.eu\/de\/ueber-cesni\/mitgliedstaaten\/\" \/>\n<meta property=\"og:locale\" content=\"de_DE\" \/>\n<meta property=\"og:type\" content=\"article\" \/>\n<meta property=\"og:title\" content=\"Mitgliedstaaten - CESNI - Comit\u00e9 Europ\u00e9en pour l\u2019\u00c9laboration de Standards dans le domaine de la Navigation Int\u00e9rieure\" \/>\n<meta property=\"og:description\" content=\"Der Ausschuss setzt sich aus Sachverst\u00e4ndigen der Mitgliedstaaten der Zentralkommission f\u00fcr die Rheinschifffahrt (ZKR) und der Europ\u00e4ischen Union (EU) zusammen: Belgien Malta Bulgarien Niederlande D\u00e4nemark \u00d6sterreich Deutschland Polen Estland Portugal Finnland Rum\u00e4nien Frankreich Schweden Griechenland Schweiz Irland Slowakei Italien Slowenien Kroatien Spanien Lettland Tschechien Litauen Ungarn Luxemburg Zypern\" \/>\n<meta property=\"og:url\" content=\"https:\/\/www.cesni.eu\/de\/ueber-cesni\/mitgliedstaaten\/\" \/>\n<meta property=\"og:site_name\" content=\"CESNI - Comit\u00e9 Europ\u00e9en pour l\u2019\u00c9laboration de Standards dans le domaine de la Navigation Int\u00e9rieure\" \/>\n<meta property=\"article:modified_time\" content=\"2021-06-07T13:47:50+00:00\" \/>\n<meta name=\"twitter:card\" content=\"summary_large_image\" \/>\n<meta name=\"twitter:label1\" content=\"Est. reading time\" \/>\n\t<meta name=\"twitter:data1\" content=\"1 minute\" \/>\n<script type=\"application\/ld+json\" class=\"yoast-schema-graph\">{\"@context\":\"https:\\\/\\\/schema.org\",\"@graph\":[{\"@type\":\"WebPage\",\"@id\":\"https:\\\/\\\/www.cesni.eu\\\/de\\\/ueber-cesni\\\/mitgliedstaaten\\\/\",\"url\":\"https:\\\/\\\/www.cesni.eu\\\/de\\\/ueber-cesni\\\/mitgliedstaaten\\\/\",\"name\":\"Mitgliedstaaten - CESNI - Comit\u00e9 Europ\u00e9en pour l\u2019\u00c9laboration de Standards dans le domaine de la Navigation Int\u00e9rieure\",\"isPartOf\":{\"@id\":\"https:\\\/\\\/www.cesni.eu\\\/nl\\\/#website\"},\"datePublished\":\"2021-05-20T09:33:25+00:00\",\"dateModified\":\"2021-06-07T13:47:50+00:00\",\"breadcrumb\":{\"@id\":\"https:\\\/\\\/www.cesni.eu\\\/de\\\/ueber-cesni\\\/mitgliedstaaten\\\/#breadcrumb\"},\"inLanguage\":\"de-DE\",\"potentialAction\":[{\"@type\":\"ReadAction\",\"target\":[\"https:\\\/\\\/www.cesni.eu\\\/de\\\/ueber-cesni\\\/mitgliedstaaten\\\/\"]}]},{\"@type\":\"BreadcrumbList\",\"@id\":\"https:\\\/\\\/www.cesni.eu\\\/de\\\/ueber-cesni\\\/mitgliedstaaten\\\/#breadcrumb\",\"itemListElement\":[{\"@type\":\"ListItem\",\"position\":1,\"name\":\"Accueil\",\"item\":\"https:\\\/\\\/www.cesni.eu\\\/de\\\/\"},{\"@type\":\"ListItem\",\"position\":2,\"name\":\"\u00dcber CESNI\",\"item\":\"https:\\\/\\\/www.cesni.eu\\\/de\\\/ueber-cesni\\\/\"},{\"@type\":\"ListItem\",\"position\":3,\"name\":\"Mitgliedstaaten\"}]},{\"@type\":\"WebSite\",\"@id\":\"https:\\\/\\\/www.cesni.eu\\\/nl\\\/#website\",\"url\":\"https:\\\/\\\/www.cesni.eu\\\/nl\\\/\",\"name\":\"CESNI - Comit\u00e9 Europ\u00e9en pour l\u2019\u00c9laboration de Standards dans le domaine de la Navigation Int\u00e9rieure\",\"description\":\"\",\"potentialAction\":[{\"@type\":\"SearchAction\",\"target\":{\"@type\":\"EntryPoint\",\"urlTemplate\":\"https:\\\/\\\/www.cesni.eu\\\/nl\\\/?s={search_term_string}\"},\"query-input\":{\"@type\":\"PropertyValueSpecification\",\"valueRequired\":true,\"valueName\":\"search_term_string\"}}],\"inLanguage\":\"de-DE\"}]}<\/script>\n<!-- \/ Yoast SEO plugin. -->","yoast_head_json":{"title":"Mitgliedstaaten - CESNI - Comit\u00e9 Europ\u00e9en pour l\u2019\u00c9laboration de Standards dans le domaine de la Navigation Int\u00e9rieure","robots":{"index":"index","follow":"follow","max-snippet":"max-snippet:-1","max-image-preview":"max-image-preview:large","max-video-preview":"max-video-preview:-1"},"canonical":"https:\/\/www.cesni.eu\/de\/ueber-cesni\/mitgliedstaaten\/","og_locale":"de_DE","og_type":"article","og_title":"Mitgliedstaaten - CESNI - Comit\u00e9 Europ\u00e9en pour l\u2019\u00c9laboration de Standards dans le domaine de la Navigation Int\u00e9rieure","og_description":"Der Ausschuss setzt sich aus Sachverst\u00e4ndigen der Mitgliedstaaten der Zentralkommission f\u00fcr die Rheinschifffahrt (ZKR) und der Europ\u00e4ischen Union (EU) zusammen: Belgien Malta Bulgarien Niederlande D\u00e4nemark \u00d6sterreich Deutschland Polen Estland Portugal Finnland Rum\u00e4nien Frankreich Schweden Griechenland Schweiz Irland Slowakei Italien Slowenien Kroatien Spanien Lettland Tschechien Litauen Ungarn Luxemburg Zypern","og_url":"https:\/\/www.cesni.eu\/de\/ueber-cesni\/mitgliedstaaten\/","og_site_name":"CESNI - Comit\u00e9 Europ\u00e9en pour l\u2019\u00c9laboration de Standards dans le domaine de la Navigation Int\u00e9rieure","article_modified_time":"2021-06-07T13:47:50+00:00","twitter_card":"summary_large_image","twitter_misc":{"Est. reading time":"1 minute"},"schema":{"@context":"https:\/\/schema.org","@graph":[{"@type":"WebPage","@id":"https:\/\/www.cesni.eu\/de\/ueber-cesni\/mitgliedstaaten\/","url":"https:\/\/www.cesni.eu\/de\/ueber-cesni\/mitgliedstaaten\/","name":"Mitgliedstaaten - CESNI - Comit\u00e9 Europ\u00e9en pour l\u2019\u00c9laboration de Standards dans le domaine de la Navigation Int\u00e9rieure","isPartOf":{"@id":"https:\/\/www.cesni.eu\/nl\/#website"},"datePublished":"2021-05-20T09:33:25+00:00","dateModified":"2021-06-07T13:47:50+00:00","breadcrumb":{"@id":"https:\/\/www.cesni.eu\/de\/ueber-cesni\/mitgliedstaaten\/#breadcrumb"},"inLanguage":"de-DE","potentialAction":[{"@type":"ReadAction","target":["https:\/\/www.cesni.eu\/de\/ueber-cesni\/mitgliedstaaten\/"]}]},{"@type":"BreadcrumbList","@id":"https:\/\/www.cesni.eu\/de\/ueber-cesni\/mitgliedstaaten\/#breadcrumb","itemListElement":[{"@type":"ListItem","position":1,"name":"Accueil","item":"https:\/\/www.cesni.eu\/de\/"},{"@type":"ListItem","position":2,"name":"\u00dcber CESNI","item":"https:\/\/www.cesni.eu\/de\/ueber-cesni\/"},{"@type":"ListItem","position":3,"name":"Mitgliedstaaten"}]},{"@type":"WebSite","@id":"https:\/\/www.cesni.eu\/nl\/#website","url":"https:\/\/www.cesni.eu\/nl\/","name":"CESNI - Comit\u00e9 Europ\u00e9en pour l\u2019\u00c9laboration de Standards dans le domaine de la Navigation Int\u00e9rieure","description":"","potentialAction":[{"@type":"SearchAction","target":{"@type":"EntryPoint","urlTemplate":"https:\/\/www.cesni.eu\/nl\/?s={search_term_string}"},"query-input":{"@type":"PropertyValueSpecification","valueRequired":true,"valueName":"search_term_string"}}],"inLanguage":"de-DE"}]}},"post_mailing_queue_ids":[],"_links":{"self":[{"href":"https:\/\/www.cesni.eu\/de\/wp-json\/wp\/v2\/pages\/5773","targetHints":{"allow":["GET"]}}],"collection":[{"href":"https:\/\/www.cesni.eu\/de\/wp-json\/wp\/v2\/pages"}],"about":[{"href":"https:\/\/www.cesni.eu\/de\/wp-json\/wp\/v2\/types\/page"}],"author":[{"embeddable":true,"href":"https:\/\/www.cesni.eu\/de\/wp-json\/wp\/v2\/users\/8"}],"replies":[{"embeddable":true,"href":"https:\/\/www.cesni.eu\/de\/wp-json\/wp\/v2\/comments?post=5773"}],"version-history":[{"count":3,"href":"https:\/\/www.cesni.eu\/de\/wp-json\/wp\/v2\/pages\/5773\/revisions"}],"predecessor-version":[{"id":6307,"href":"https:\/\/www.cesni.eu\/de\/wp-json\/wp\/v2\/pages\/5773\/revisions\/6307"}],"up":[{"embeddable":true,"href":"https:\/\/www.cesni.eu\/de\/wp-json\/wp\/v2\/pages\/183"}],"wp:attachment":[{"href":"https:\/\/www.cesni.eu\/de\/wp-json\/wp\/v2\/media?parent=5773"}],"curies":[{"name":"wp","href":"https:\/\/api.w.org\/{rel}","templated":true}]}}