{"id":506,"date":"2016-08-24T15:35:04","date_gmt":"2016-08-24T14:35:04","guid":{"rendered":"https:\/\/www.cesni.eu\/de\/?page_id=506"},"modified":"2025-01-16T11:05:41","modified_gmt":"2025-01-16T10:05:41","slug":"arbeitsprogramm","status":"publish","type":"page","link":"https:\/\/www.cesni.eu\/de\/kurzdarstellung-der-dokumente\/arbeitsprogramm\/","title":{"rendered":"Arbeitsprogramm"},"content":{"rendered":"<p>Der CESNI verabschiedete am 17. Oktober 2024 sein Arbeitsprogramm f\u00fcr die kommenden drei Jahre. Die im Programm enthaltenen Themen, die entsprechend den drei Schwerpunkten der Arbeit des CESNI in den Bereichen technische Vorschriften, Berufsbef\u00e4higungen und Informationstechnologien angesiedelt sind, waren Gegenstand intensiver Beratungen, die in ein ehrgeiziges Arbeitsprogramm \u00fcber einen mehrj\u00e4hrigen Zeitraum (2025-2027) m\u00fcndeten.<\/p>\n<p>Mit diesem Steuerungsinstrument hat sich der CESNI zur regelm\u00e4\u00dfigen \u00dcberarbeitung bestehender und zur Annahme neuer Standards verpflichtet, um <strong>das hohe Sicherheitsniveau der europ\u00e4ischen Binnenschifffahrt<\/strong>, insbesondere im Hinblick auf technische Vorschriften f\u00fcr Binnenschiffe und berufliche Bef\u00e4higungen, <strong>aufrechtzuerhalten<\/strong> und zu gew\u00e4hrleisten. Weitere Verpflichtungen des Ausschusses im Rahmen dieses Instruments bestehen darin, <strong>mit der technischen Entwicklung Schritt zu halten<\/strong> und <strong>Innovationen<\/strong>, einschlie\u00dflich alternativer Kraftstoffe, Automatisierung und moderner Ausbildungs- und Pr\u00fcfungsinstrumente, <strong>zu f\u00f6rdern<\/strong> und <strong>die Digitalisierung der Binnenschifffahrt zu unterst\u00fctzen<\/strong>. Der CESNI sieht auch verschiedene Ma\u00dfnahmen zur F\u00f6rderung der <strong>ordnungsgem\u00e4\u00dfen Umsetzung der Standards<\/strong> vor, einschlie\u00dflich der Beratung \u00fcber eine einheitliche Auslegung und der Ver\u00f6ffentlichung von Leitlinien. Zudem steht der CESNI bereit, um Beratung und Analyse bez\u00fcglich wichtiger Themen der Sicherheit und Nachhaltigkeit der Binnenschifffahrt im Hinblick auf m\u00f6gliche k\u00fcnftige ordnungspolitische Entwicklungen zu leisten.<\/p>\n<p>Das Arbeitsprogramm ist das Ergebnis der Beratungen zwischen allen die Binnenschifffahrt vertretenden CESNI-Teilnehmern (Mitgliedstaaten der ZKR und der Europ\u00e4ischen Union, Beobachterstaaten, Europ\u00e4ische Kommission, internationale Organisationen einschlie\u00dflich Flusskommissionen sowie nichtstaatliche Vertreterverb\u00e4nde) und baut auf den von der GD MOVE und dem Sekretariat der ZKR erarbeiteten strategischen Leitlinien auf.<\/p>\n<h2>Arbeitsprogramm CESNI 2025-2027<\/h2>\n<p><a href=\"https:\/\/www.cesni.eu\/wp-content\/uploads\/2025\/01\/cesni24_56en_ann3_final.pdf\" target=\"_blank\" class=\"contentdoc download tooltip\" data-title=\"download\"><svg width=\"20\" height=\"17\"><use xlink:href=\"#download\"><\/use><\/svg><span>EN <\/span><\/a><a href=\"https:\/\/www.cesni.eu\/wp-content\/uploads\/2025\/01\/cesni24_56fr_ann3_final.pdf\" target=\"_blank\" class=\"contentdoc download tooltip\" data-title=\"download\"><svg width=\"20\" height=\"17\"><use xlink:href=\"#download\"><\/use><\/svg><span>FR <\/span><\/a><a href=\"https:\/\/www.cesni.eu\/wp-content\/uploads\/2025\/01\/cesni24_56de_ann3_final.pdf\" target=\"_blank\" class=\"contentdoc download tooltip\" data-title=\"download\"><svg width=\"20\" height=\"17\"><use xlink:href=\"#download\"><\/use><\/svg><span>DE <\/span><\/a><a href=\"https:\/\/www.cesni.eu\/wp-content\/uploads\/2025\/01\/cesni24_56nl_ann3_final.pdf\" target=\"_blank\" class=\"contentdoc download tooltip\" data-title=\"download\"><svg width=\"20\" height=\"17\"><use xlink:href=\"#download\"><\/use><\/svg><span>NL <\/span><\/a><\/p>\n<h2>Archiv<\/h2>\n<ul>\n<li><a href=\"https:\/\/www.cesni.eu\/wp-content\/uploads\/2023\/12\/CESNI-work-programme-REV_231213_de.pdf\" target=\"_blank\" rel=\"noopener\">Revidiertes Arbeitsprogramm CESNI 2022-2024<\/a><\/li>\n<li><a href=\"https:\/\/www.cesni.eu\/wp-content\/uploads\/2021\/12\/CESNI_work_prog_22_24_DE-1.pdf\" target=\"_blank\" rel=\"noopener\">Arbeitsprogramm CESNI 2022-2024<\/a><\/li>\n<li><a href=\"https:\/\/www.cesni.eu\/wp-content\/uploads\/2020\/10\/CESNI_work-programme_de.pdf\" target=\"_blank\" rel=\"noopener\">Arbeitsprogramm CESNI 2019-2021<\/a><\/li>\n<li><a href=\"https:\/\/www.cesni.eu\/wp-content\/uploads\/2018\/05\/Revised-work-programme_2016-2018_de.pdf\" target=\"_blank\" rel=\"noopener noreferrer\">Revidiertes Arbeitsprogramm CESNI 2016-2018<\/a><\/li>\n<li><a href=\"https:\/\/www.cesni.eu\/wp-content\/uploads\/2016\/07\/Prog_Tr_CESNI_de.pdf\" target=\"_blank\" rel=\"noopener noreferrer\">Arbeitsprogramm CESNI 2016-2018<\/a><\/li>\n<\/ul>\n","protected":false},"excerpt":{"rendered":"<p>Der CESNI verabschiedete am 17. Oktober 2024 sein Arbeitsprogramm f\u00fcr die kommenden drei Jahre. Die im Programm enthaltenen Themen, die entsprechend den drei Schwerpunkten der Arbeit des CESNI in den Bereichen technische Vorschriften, Berufsbef\u00e4higungen und Informationstechnologien angesiedelt sind, waren Gegenstand intensiver Beratungen, die in ein ehrgeiziges Arbeitsprogramm \u00fcber einen mehrj\u00e4hrigen Zeitraum (2025-2027) m\u00fcndeten. Mit diesem [&hellip;]<\/p>\n","protected":false},"author":8,"featured_media":0,"parent":6059,"menu_order":1,"comment_status":"closed","ping_status":"closed","template":"","meta":{"_acf_changed":false,"footnotes":""},"class_list":["post-506","page","type-page","status-publish","hentry"],"acf":[],"yoast_head":"<!-- This site is optimized with the Yoast SEO plugin v27.0 - https:\/\/yoast.com\/product\/yoast-seo-wordpress\/ -->\n<title>Arbeitsprogramm - CESNI - Comit\u00e9 Europ\u00e9en pour l\u2019\u00c9laboration de Standards dans le domaine de la Navigation Int\u00e9rieure<\/title>\n<meta name=\"robots\" content=\"index, follow, max-snippet:-1, max-image-preview:large, max-video-preview:-1\" \/>\n<link rel=\"canonical\" href=\"https:\/\/www.cesni.eu\/de\/kurzdarstellung-der-dokumente\/arbeitsprogramm\/\" \/>\n<meta property=\"og:locale\" content=\"de_DE\" \/>\n<meta property=\"og:type\" content=\"article\" \/>\n<meta property=\"og:title\" content=\"Arbeitsprogramm - CESNI - Comit\u00e9 Europ\u00e9en pour l\u2019\u00c9laboration de Standards dans le domaine de la Navigation Int\u00e9rieure\" \/>\n<meta property=\"og:description\" content=\"Der CESNI verabschiedete am 17. Oktober 2024 sein Arbeitsprogramm f\u00fcr die kommenden drei Jahre. Die im Programm enthaltenen Themen, die entsprechend den drei Schwerpunkten der Arbeit des CESNI in den Bereichen technische Vorschriften, Berufsbef\u00e4higungen und Informationstechnologien angesiedelt sind, waren Gegenstand intensiver Beratungen, die in ein ehrgeiziges Arbeitsprogramm \u00fcber einen mehrj\u00e4hrigen Zeitraum (2025-2027) m\u00fcndeten. Mit diesem [&hellip;]\" \/>\n<meta property=\"og:url\" content=\"https:\/\/www.cesni.eu\/de\/kurzdarstellung-der-dokumente\/arbeitsprogramm\/\" \/>\n<meta property=\"og:site_name\" content=\"CESNI - Comit\u00e9 Europ\u00e9en pour l\u2019\u00c9laboration de Standards dans le domaine de la Navigation Int\u00e9rieure\" \/>\n<meta property=\"article:modified_time\" content=\"2025-01-16T10:05:41+00:00\" \/>\n<meta name=\"twitter:card\" content=\"summary_large_image\" \/>\n<meta name=\"twitter:label1\" content=\"Est. reading time\" \/>\n\t<meta name=\"twitter:data1\" content=\"2 minutes\" \/>\n<script type=\"application\/ld+json\" class=\"yoast-schema-graph\">{\"@context\":\"https:\/\/schema.org\",\"@graph\":[{\"@type\":\"WebPage\",\"@id\":\"https:\/\/www.cesni.eu\/de\/kurzdarstellung-der-dokumente\/arbeitsprogramm\/\",\"url\":\"https:\/\/www.cesni.eu\/de\/kurzdarstellung-der-dokumente\/arbeitsprogramm\/\",\"name\":\"Arbeitsprogramm - CESNI - Comit\u00e9 Europ\u00e9en pour l\u2019\u00c9laboration de Standards dans le domaine de la Navigation Int\u00e9rieure\",\"isPartOf\":{\"@id\":\"https:\/\/www.cesni.eu\/nl\/#website\"},\"datePublished\":\"2016-08-24T14:35:04+00:00\",\"dateModified\":\"2025-01-16T10:05:41+00:00\",\"breadcrumb\":{\"@id\":\"https:\/\/www.cesni.eu\/de\/kurzdarstellung-der-dokumente\/arbeitsprogramm\/#breadcrumb\"},\"inLanguage\":\"de-DE\",\"potentialAction\":[{\"@type\":\"ReadAction\",\"target\":[\"https:\/\/www.cesni.eu\/de\/kurzdarstellung-der-dokumente\/arbeitsprogramm\/\"]}]},{\"@type\":\"BreadcrumbList\",\"@id\":\"https:\/\/www.cesni.eu\/de\/kurzdarstellung-der-dokumente\/arbeitsprogramm\/#breadcrumb\",\"itemListElement\":[{\"@type\":\"ListItem\",\"position\":1,\"name\":\"Accueil\",\"item\":\"https:\/\/www.cesni.eu\/de\/\"},{\"@type\":\"ListItem\",\"position\":2,\"name\":\"Kurzdarstellung der Dokumente\",\"item\":\"https:\/\/www.cesni.eu\/de\/kurzdarstellung-der-dokumente\/\"},{\"@type\":\"ListItem\",\"position\":3,\"name\":\"Arbeitsprogramm\"}]},{\"@type\":\"WebSite\",\"@id\":\"https:\/\/www.cesni.eu\/nl\/#website\",\"url\":\"https:\/\/www.cesni.eu\/nl\/\",\"name\":\"CESNI - Comit\u00e9 Europ\u00e9en pour l\u2019\u00c9laboration de Standards dans le domaine de la Navigation Int\u00e9rieure\",\"description\":\"\",\"potentialAction\":[{\"@type\":\"SearchAction\",\"target\":{\"@type\":\"EntryPoint\",\"urlTemplate\":\"https:\/\/www.cesni.eu\/nl\/?s={search_term_string}\"},\"query-input\":{\"@type\":\"PropertyValueSpecification\",\"valueRequired\":true,\"valueName\":\"search_term_string\"}}],\"inLanguage\":\"de-DE\"}]}<\/script>\n<!-- \/ Yoast SEO plugin. -->","yoast_head_json":{"title":"Arbeitsprogramm - CESNI - Comit\u00e9 Europ\u00e9en pour l\u2019\u00c9laboration de Standards dans le domaine de la Navigation Int\u00e9rieure","robots":{"index":"index","follow":"follow","max-snippet":"max-snippet:-1","max-image-preview":"max-image-preview:large","max-video-preview":"max-video-preview:-1"},"canonical":"https:\/\/www.cesni.eu\/de\/kurzdarstellung-der-dokumente\/arbeitsprogramm\/","og_locale":"de_DE","og_type":"article","og_title":"Arbeitsprogramm - CESNI - Comit\u00e9 Europ\u00e9en pour l\u2019\u00c9laboration de Standards dans le domaine de la Navigation Int\u00e9rieure","og_description":"Der CESNI verabschiedete am 17. Oktober 2024 sein Arbeitsprogramm f\u00fcr die kommenden drei Jahre. Die im Programm enthaltenen Themen, die entsprechend den drei Schwerpunkten der Arbeit des CESNI in den Bereichen technische Vorschriften, Berufsbef\u00e4higungen und Informationstechnologien angesiedelt sind, waren Gegenstand intensiver Beratungen, die in ein ehrgeiziges Arbeitsprogramm \u00fcber einen mehrj\u00e4hrigen Zeitraum (2025-2027) m\u00fcndeten. Mit diesem [&hellip;]","og_url":"https:\/\/www.cesni.eu\/de\/kurzdarstellung-der-dokumente\/arbeitsprogramm\/","og_site_name":"CESNI - Comit\u00e9 Europ\u00e9en pour l\u2019\u00c9laboration de Standards dans le domaine de la Navigation Int\u00e9rieure","article_modified_time":"2025-01-16T10:05:41+00:00","twitter_card":"summary_large_image","twitter_misc":{"Est. reading time":"2 minutes"},"schema":{"@context":"https:\/\/schema.org","@graph":[{"@type":"WebPage","@id":"https:\/\/www.cesni.eu\/de\/kurzdarstellung-der-dokumente\/arbeitsprogramm\/","url":"https:\/\/www.cesni.eu\/de\/kurzdarstellung-der-dokumente\/arbeitsprogramm\/","name":"Arbeitsprogramm - CESNI - Comit\u00e9 Europ\u00e9en pour l\u2019\u00c9laboration de Standards dans le domaine de la Navigation Int\u00e9rieure","isPartOf":{"@id":"https:\/\/www.cesni.eu\/nl\/#website"},"datePublished":"2016-08-24T14:35:04+00:00","dateModified":"2025-01-16T10:05:41+00:00","breadcrumb":{"@id":"https:\/\/www.cesni.eu\/de\/kurzdarstellung-der-dokumente\/arbeitsprogramm\/#breadcrumb"},"inLanguage":"de-DE","potentialAction":[{"@type":"ReadAction","target":["https:\/\/www.cesni.eu\/de\/kurzdarstellung-der-dokumente\/arbeitsprogramm\/"]}]},{"@type":"BreadcrumbList","@id":"https:\/\/www.cesni.eu\/de\/kurzdarstellung-der-dokumente\/arbeitsprogramm\/#breadcrumb","itemListElement":[{"@type":"ListItem","position":1,"name":"Accueil","item":"https:\/\/www.cesni.eu\/de\/"},{"@type":"ListItem","position":2,"name":"Kurzdarstellung der Dokumente","item":"https:\/\/www.cesni.eu\/de\/kurzdarstellung-der-dokumente\/"},{"@type":"ListItem","position":3,"name":"Arbeitsprogramm"}]},{"@type":"WebSite","@id":"https:\/\/www.cesni.eu\/nl\/#website","url":"https:\/\/www.cesni.eu\/nl\/","name":"CESNI - Comit\u00e9 Europ\u00e9en pour l\u2019\u00c9laboration de Standards dans le domaine de la Navigation Int\u00e9rieure","description":"","potentialAction":[{"@type":"SearchAction","target":{"@type":"EntryPoint","urlTemplate":"https:\/\/www.cesni.eu\/nl\/?s={search_term_string}"},"query-input":{"@type":"PropertyValueSpecification","valueRequired":true,"valueName":"search_term_string"}}],"inLanguage":"de-DE"}]}},"post_mailing_queue_ids":[],"_links":{"self":[{"href":"https:\/\/www.cesni.eu\/de\/wp-json\/wp\/v2\/pages\/506","targetHints":{"allow":["GET"]}}],"collection":[{"href":"https:\/\/www.cesni.eu\/de\/wp-json\/wp\/v2\/pages"}],"about":[{"href":"https:\/\/www.cesni.eu\/de\/wp-json\/wp\/v2\/types\/page"}],"author":[{"embeddable":true,"href":"https:\/\/www.cesni.eu\/de\/wp-json\/wp\/v2\/users\/8"}],"replies":[{"embeddable":true,"href":"https:\/\/www.cesni.eu\/de\/wp-json\/wp\/v2\/comments?post=506"}],"version-history":[{"count":13,"href":"https:\/\/www.cesni.eu\/de\/wp-json\/wp\/v2\/pages\/506\/revisions"}],"predecessor-version":[{"id":11257,"href":"https:\/\/www.cesni.eu\/de\/wp-json\/wp\/v2\/pages\/506\/revisions\/11257"}],"up":[{"embeddable":true,"href":"https:\/\/www.cesni.eu\/de\/wp-json\/wp\/v2\/pages\/6059"}],"wp:attachment":[{"href":"https:\/\/www.cesni.eu\/de\/wp-json\/wp\/v2\/media?parent=506"}],"curies":[{"name":"wp","href":"https:\/\/api.w.org\/{rel}","templated":true}]}}