{"id":485,"date":"2017-04-01T12:00:14","date_gmt":"2017-04-01T11:00:14","guid":{"rendered":"https:\/\/www.cesni.eu\/de\/?page_id=485"},"modified":"2024-05-13T14:45:04","modified_gmt":"2024-05-13T13:45:04","slug":"anerkannte-verbaende","status":"publish","type":"page","link":"https:\/\/www.cesni.eu\/de\/ueber-cesni\/anerkannte-verbaende\/","title":{"rendered":"Anerkannte Verb\u00e4nde"},"content":{"rendered":"<p>Europaweit agierende nichtstaatliche Organisationen, die mit Binnenschifffahrtsfragen befasst sind, k\u00f6nnen den Status eines von CESNI anerkannten nichtstaatlichen Verbandes gem\u00e4\u00df den internen Vorschriften \u00fcber den Status anerkannter nichtstaatlicher Verb\u00e4nde erwerben.<\/p>\n<p>Die anerkannten Verb\u00e4nde k\u00f6nnen an den Arbeitenim Ausschuss und in den Arbeitsgruppen aktiv teilnehmen und haben Zugang zu den Arbeitsdokumenten des CESNI. Die anerkannten Verb\u00e4nde haben zudem die M\u00f6glichkeit, dem Ausschuss \u00fcber das Sekretariat ihnen zweckdienlich erscheinende Informationen und Vorschl\u00e4ge zu unterbreiten.<\/p>\n<h2>Liste der anerkannten Verb\u00e4nde<\/h2>\n<ul>\n<li><a href=\"https:\/\/www.aquapol-police.org\/node?destination=\" target=\"_blank\" rel=\"noopener noreferrer\">AQUAPOL<\/a> : International police cooperation on the water<\/li>\n<li><a href=\"http:\/\/www.cemt.eu\" target=\"_blank\" rel=\"noopener noreferrer\">CEMT<\/a> : Confederation of European Maritime Technology Societies<\/li>\n<li><a href=\"https:\/\/www.cencenelec.eu\" target=\"_blank\" rel=\"noopener noreferrer\">CEN-CENELEC<\/a> : European Committee for Standardization &#8211; European Electrotechnical Committee for Standardization<\/li>\n<li><a href=\"http:\/\/eadins.org\/\" target=\"_blank\" rel=\"noopener noreferrer\">EADINS<\/a> : European Association of Developers of Inland Nautical Software<\/li>\n<li><a href=\"http:\/\/www.eba.eu.com\" target=\"_blank\" rel=\"noopener noreferrer\">EBA<\/a> : Europ\u00e4ischer Sportschiffahrtsverband<\/li>\n<li><a href=\"https:\/\/www.europeanboatingindustry.eu\/\" target=\"_blank\" rel=\"noopener\">EBI<\/a> : European Boating Industry<\/li>\n<li><a href=\"http:\/\/www.ebu-uenf.org\/\" target=\"_blank\" rel=\"noopener noreferrer\">EBU UENF<\/a> : Europ\u00e4ische Binnenschifffahrtsunion<\/li>\n<li><a href=\"http:\/\/www.edinna.eu\/\" target=\"_blank\" rel=\"noopener noreferrer\">EDINNA<\/a> : Education in Inland Navigation<\/li>\n<li><a href=\"https:\/\/emh-org.com\/wp\/\" target=\"_blank\" rel=\"noopener noreferrer\">EMH<\/a>: European Maritime Heritage<\/li>\n<li><a href=\"http:\/\/www.eso-oeb.org\/\" target=\"_blank\" rel=\"noopener noreferrer\">ESO OEB<\/a> : Europ\u00e4ische Schifferorganisation<\/li>\n<li><a href=\"http:\/\/www.etf-europe.org\/\" target=\"_blank\" rel=\"noopener noreferrer\">ETF<\/a> : Europ\u00e4ische Transportarbeiter-F\u00f6deration<\/li>\n<li><a href=\"http:\/\/www.euromot.eu\/\" target=\"_blank\" rel=\"noopener noreferrer\">EUROMOT<\/a> : Europ\u00e4ischer Verband der Hersteller von Verbrennungsmotoren und alternativen Antrieben<\/li>\n<li><a href=\"https:\/\/www.inlandwaterwaytransport.eu\/\" target=\"_blank\" rel=\"noopener\">European IWT Platform:<\/a> Europ\u00e4ische Binnenschifffahrtsplattform<\/li>\n<li><a href=\"https:\/\/www.inlandports.eu\/organisation\" target=\"_blank\" rel=\"noopener noreferrer\">EVB<\/a> : Europ\u00e4ischer Verband der Binnenh\u00e4fen<\/li>\n<li><a href=\"https:\/\/www.femas.info\/\">FEMAS<\/a> : Federation of European Maritime Associations of Surveyors and Consultants<\/li>\n<li><a>GERC<\/a> : Gruppe der anerkannten europ\u00e4ischen Klassifikationsgesellschaften f\u00fcr die Binnenschifffahrt<\/li>\n<li><a href=\"https:\/\/hydrogeneurope.eu\/\">Hydrogen Europe<\/a> : europ\u00e4isches Dachverband zur Vertretung der Wasserstoffindustrie<\/li>\n<li><a href=\"https:\/\/www.ivr-eu.com\/\" target=\"_blank\" rel=\"noopener noreferrer\">IVR<\/a> : Internationale Vereinigung zur Wahrnehmung der gemeinsamen Interessen der Binnenschiffahrtund der Versicherung und zur F\u00fchrung des Binnenschiffsregisters in Europa<\/li>\n<li><a href=\"http:\/\/www.seaeurope.eu\/\" target=\"_blank\" rel=\"noopener noreferrer\">SEA EUROPE<\/a> : Shipyards\u2019 &amp; Maritime Equipment Association<\/li>\n<li><a href=\"http:\/\/www.vbw-ev.de\/\" target=\"_blank\" rel=\"noopener noreferrer\">VBW<\/a> : Verein f\u00fcr europ\u00e4ische Binnenschifffahrt und Wasserstra\u00dfen e.V.<\/li>\n<\/ul>\n<h2>Um ein anerkannter Verband zu werden,<\/h2>\n<p>muss der Verband, der sich um die Anerkennung bewirbt, an das Sekretariat einen schriftlichen Antrag mit folgenden Angaben richten:<\/p>\n<ul>\n<li>Beschreibung des Verbandes, seiner Mitglieder, seiner Zust\u00e4ndigkeiten und seiner Erfahrungen;<\/li>\n<li>Begr\u00fcndung seines Antrags;<\/li>\n<li>Beitrag, den er zu den Arbeiten des Ausschusses zu leisten gedenkt;<\/li>\n<li>Anerkennung der Bestimmungen, die im Ausschuss den Status des anerkannten Verbandes regeln.<\/li>\n<\/ul>\n<p>Weitere Informationen \u00fcber das Verfahren entnehmen Sie bitte den internen Vorschriften \u00fcber den Status anerkannter nichtstaatlicher Verb\u00e4nde: <a href=\"https:\/\/www.cesni.eu\/wp-content\/uploads\/2017\/04\/ROA_fr.pdf\" target=\"_blank\" rel=\"noopener noreferrer\">FR<\/a> \/ <a href=\"https:\/\/www.cesni.eu\/wp-content\/uploads\/2017\/04\/ROA_de.pdf\" target=\"_blank\" rel=\"noopener noreferrer\">DE <\/a>\/ <a href=\"https:\/\/www.cesni.eu\/wp-content\/uploads\/2017\/04\/ROA_nl.pdf\" target=\"_blank\" rel=\"noopener noreferrer\">NL <\/a>\/ <a href=\"https:\/\/www.cesni.eu\/wp-content\/uploads\/2017\/04\/ROA_en.pdf\" target=\"_blank\" rel=\"noopener noreferrer\">EN<\/a><\/p>\n<p>Kontakt: <a href=\"mailto:comite_cesni@cesni.eu\">comite_cesni@cesni.eu<\/a><\/p>\n","protected":false},"excerpt":{"rendered":"<p>Europaweit agierende nichtstaatliche Organisationen, die mit Binnenschifffahrtsfragen befasst sind, k\u00f6nnen den Status eines von CESNI anerkannten nichtstaatlichen Verbandes gem\u00e4\u00df den internen Vorschriften \u00fcber den Status anerkannter nichtstaatlicher Verb\u00e4nde erwerben. Die anerkannten Verb\u00e4nde k\u00f6nnen an den Arbeitenim Ausschuss und in den Arbeitsgruppen aktiv teilnehmen und haben Zugang zu den Arbeitsdokumenten des CESNI. Die anerkannten Verb\u00e4nde haben [&hellip;]<\/p>\n","protected":false},"author":8,"featured_media":0,"parent":183,"menu_order":5,"comment_status":"closed","ping_status":"closed","template":"","meta":{"_acf_changed":false,"footnotes":""},"class_list":["post-485","page","type-page","status-publish","hentry"],"acf":[],"yoast_head":"<!-- This site is optimized with the Yoast SEO plugin v27.3 - https:\/\/yoast.com\/product\/yoast-seo-wordpress\/ -->\n<title>Anerkannte Verb\u00e4nde - CESNI - Comit\u00e9 Europ\u00e9en pour l\u2019\u00c9laboration de Standards dans le domaine de la Navigation Int\u00e9rieure<\/title>\n<meta name=\"robots\" content=\"index, follow, max-snippet:-1, max-image-preview:large, max-video-preview:-1\" \/>\n<link rel=\"canonical\" href=\"https:\/\/www.cesni.eu\/de\/ueber-cesni\/anerkannte-verbaende\/\" \/>\n<meta property=\"og:locale\" content=\"de_DE\" \/>\n<meta property=\"og:type\" content=\"article\" \/>\n<meta property=\"og:title\" content=\"Anerkannte Verb\u00e4nde - CESNI - Comit\u00e9 Europ\u00e9en pour l\u2019\u00c9laboration de Standards dans le domaine de la Navigation Int\u00e9rieure\" \/>\n<meta property=\"og:description\" content=\"Europaweit agierende nichtstaatliche Organisationen, die mit Binnenschifffahrtsfragen befasst sind, k\u00f6nnen den Status eines von CESNI anerkannten nichtstaatlichen Verbandes gem\u00e4\u00df den internen Vorschriften \u00fcber den Status anerkannter nichtstaatlicher Verb\u00e4nde erwerben. Die anerkannten Verb\u00e4nde k\u00f6nnen an den Arbeitenim Ausschuss und in den Arbeitsgruppen aktiv teilnehmen und haben Zugang zu den Arbeitsdokumenten des CESNI. Die anerkannten Verb\u00e4nde haben [&hellip;]\" \/>\n<meta property=\"og:url\" content=\"https:\/\/www.cesni.eu\/de\/ueber-cesni\/anerkannte-verbaende\/\" \/>\n<meta property=\"og:site_name\" content=\"CESNI - Comit\u00e9 Europ\u00e9en pour l\u2019\u00c9laboration de Standards dans le domaine de la Navigation Int\u00e9rieure\" \/>\n<meta property=\"article:modified_time\" content=\"2024-05-13T13:45:04+00:00\" \/>\n<meta name=\"twitter:card\" content=\"summary_large_image\" \/>\n<meta name=\"twitter:label1\" content=\"Est. reading time\" \/>\n\t<meta name=\"twitter:data1\" content=\"2 minutes\" \/>\n<script type=\"application\/ld+json\" class=\"yoast-schema-graph\">{\"@context\":\"https:\\\/\\\/schema.org\",\"@graph\":[{\"@type\":\"WebPage\",\"@id\":\"https:\\\/\\\/www.cesni.eu\\\/de\\\/ueber-cesni\\\/anerkannte-verbaende\\\/\",\"url\":\"https:\\\/\\\/www.cesni.eu\\\/de\\\/ueber-cesni\\\/anerkannte-verbaende\\\/\",\"name\":\"Anerkannte Verb\u00e4nde - CESNI - Comit\u00e9 Europ\u00e9en pour l\u2019\u00c9laboration de Standards dans le domaine de la Navigation Int\u00e9rieure\",\"isPartOf\":{\"@id\":\"https:\\\/\\\/www.cesni.eu\\\/nl\\\/#website\"},\"datePublished\":\"2017-04-01T11:00:14+00:00\",\"dateModified\":\"2024-05-13T13:45:04+00:00\",\"breadcrumb\":{\"@id\":\"https:\\\/\\\/www.cesni.eu\\\/de\\\/ueber-cesni\\\/anerkannte-verbaende\\\/#breadcrumb\"},\"inLanguage\":\"de-DE\",\"potentialAction\":[{\"@type\":\"ReadAction\",\"target\":[\"https:\\\/\\\/www.cesni.eu\\\/de\\\/ueber-cesni\\\/anerkannte-verbaende\\\/\"]}]},{\"@type\":\"BreadcrumbList\",\"@id\":\"https:\\\/\\\/www.cesni.eu\\\/de\\\/ueber-cesni\\\/anerkannte-verbaende\\\/#breadcrumb\",\"itemListElement\":[{\"@type\":\"ListItem\",\"position\":1,\"name\":\"Accueil\",\"item\":\"https:\\\/\\\/www.cesni.eu\\\/de\\\/\"},{\"@type\":\"ListItem\",\"position\":2,\"name\":\"\u00dcber CESNI\",\"item\":\"https:\\\/\\\/www.cesni.eu\\\/de\\\/ueber-cesni\\\/\"},{\"@type\":\"ListItem\",\"position\":3,\"name\":\"Anerkannte Verb\u00e4nde\"}]},{\"@type\":\"WebSite\",\"@id\":\"https:\\\/\\\/www.cesni.eu\\\/nl\\\/#website\",\"url\":\"https:\\\/\\\/www.cesni.eu\\\/nl\\\/\",\"name\":\"CESNI - Comit\u00e9 Europ\u00e9en pour l\u2019\u00c9laboration de Standards dans le domaine de la Navigation Int\u00e9rieure\",\"description\":\"\",\"potentialAction\":[{\"@type\":\"SearchAction\",\"target\":{\"@type\":\"EntryPoint\",\"urlTemplate\":\"https:\\\/\\\/www.cesni.eu\\\/nl\\\/?s={search_term_string}\"},\"query-input\":{\"@type\":\"PropertyValueSpecification\",\"valueRequired\":true,\"valueName\":\"search_term_string\"}}],\"inLanguage\":\"de-DE\"}]}<\/script>\n<!-- \/ Yoast SEO plugin. -->","yoast_head_json":{"title":"Anerkannte Verb\u00e4nde - CESNI - Comit\u00e9 Europ\u00e9en pour l\u2019\u00c9laboration de Standards dans le domaine de la Navigation Int\u00e9rieure","robots":{"index":"index","follow":"follow","max-snippet":"max-snippet:-1","max-image-preview":"max-image-preview:large","max-video-preview":"max-video-preview:-1"},"canonical":"https:\/\/www.cesni.eu\/de\/ueber-cesni\/anerkannte-verbaende\/","og_locale":"de_DE","og_type":"article","og_title":"Anerkannte Verb\u00e4nde - CESNI - Comit\u00e9 Europ\u00e9en pour l\u2019\u00c9laboration de Standards dans le domaine de la Navigation Int\u00e9rieure","og_description":"Europaweit agierende nichtstaatliche Organisationen, die mit Binnenschifffahrtsfragen befasst sind, k\u00f6nnen den Status eines von CESNI anerkannten nichtstaatlichen Verbandes gem\u00e4\u00df den internen Vorschriften \u00fcber den Status anerkannter nichtstaatlicher Verb\u00e4nde erwerben. Die anerkannten Verb\u00e4nde k\u00f6nnen an den Arbeitenim Ausschuss und in den Arbeitsgruppen aktiv teilnehmen und haben Zugang zu den Arbeitsdokumenten des CESNI. Die anerkannten Verb\u00e4nde haben [&hellip;]","og_url":"https:\/\/www.cesni.eu\/de\/ueber-cesni\/anerkannte-verbaende\/","og_site_name":"CESNI - Comit\u00e9 Europ\u00e9en pour l\u2019\u00c9laboration de Standards dans le domaine de la Navigation Int\u00e9rieure","article_modified_time":"2024-05-13T13:45:04+00:00","twitter_card":"summary_large_image","twitter_misc":{"Est. reading time":"2 minutes"},"schema":{"@context":"https:\/\/schema.org","@graph":[{"@type":"WebPage","@id":"https:\/\/www.cesni.eu\/de\/ueber-cesni\/anerkannte-verbaende\/","url":"https:\/\/www.cesni.eu\/de\/ueber-cesni\/anerkannte-verbaende\/","name":"Anerkannte Verb\u00e4nde - CESNI - Comit\u00e9 Europ\u00e9en pour l\u2019\u00c9laboration de Standards dans le domaine de la Navigation Int\u00e9rieure","isPartOf":{"@id":"https:\/\/www.cesni.eu\/nl\/#website"},"datePublished":"2017-04-01T11:00:14+00:00","dateModified":"2024-05-13T13:45:04+00:00","breadcrumb":{"@id":"https:\/\/www.cesni.eu\/de\/ueber-cesni\/anerkannte-verbaende\/#breadcrumb"},"inLanguage":"de-DE","potentialAction":[{"@type":"ReadAction","target":["https:\/\/www.cesni.eu\/de\/ueber-cesni\/anerkannte-verbaende\/"]}]},{"@type":"BreadcrumbList","@id":"https:\/\/www.cesni.eu\/de\/ueber-cesni\/anerkannte-verbaende\/#breadcrumb","itemListElement":[{"@type":"ListItem","position":1,"name":"Accueil","item":"https:\/\/www.cesni.eu\/de\/"},{"@type":"ListItem","position":2,"name":"\u00dcber CESNI","item":"https:\/\/www.cesni.eu\/de\/ueber-cesni\/"},{"@type":"ListItem","position":3,"name":"Anerkannte Verb\u00e4nde"}]},{"@type":"WebSite","@id":"https:\/\/www.cesni.eu\/nl\/#website","url":"https:\/\/www.cesni.eu\/nl\/","name":"CESNI - Comit\u00e9 Europ\u00e9en pour l\u2019\u00c9laboration de Standards dans le domaine de la Navigation Int\u00e9rieure","description":"","potentialAction":[{"@type":"SearchAction","target":{"@type":"EntryPoint","urlTemplate":"https:\/\/www.cesni.eu\/nl\/?s={search_term_string}"},"query-input":{"@type":"PropertyValueSpecification","valueRequired":true,"valueName":"search_term_string"}}],"inLanguage":"de-DE"}]}},"post_mailing_queue_ids":[],"_links":{"self":[{"href":"https:\/\/www.cesni.eu\/de\/wp-json\/wp\/v2\/pages\/485","targetHints":{"allow":["GET"]}}],"collection":[{"href":"https:\/\/www.cesni.eu\/de\/wp-json\/wp\/v2\/pages"}],"about":[{"href":"https:\/\/www.cesni.eu\/de\/wp-json\/wp\/v2\/types\/page"}],"author":[{"embeddable":true,"href":"https:\/\/www.cesni.eu\/de\/wp-json\/wp\/v2\/users\/8"}],"replies":[{"embeddable":true,"href":"https:\/\/www.cesni.eu\/de\/wp-json\/wp\/v2\/comments?post=485"}],"version-history":[{"count":15,"href":"https:\/\/www.cesni.eu\/de\/wp-json\/wp\/v2\/pages\/485\/revisions"}],"predecessor-version":[{"id":10056,"href":"https:\/\/www.cesni.eu\/de\/wp-json\/wp\/v2\/pages\/485\/revisions\/10056"}],"up":[{"embeddable":true,"href":"https:\/\/www.cesni.eu\/de\/wp-json\/wp\/v2\/pages\/183"}],"wp:attachment":[{"href":"https:\/\/www.cesni.eu\/de\/wp-json\/wp\/v2\/media?parent=485"}],"curies":[{"name":"wp","href":"https:\/\/api.w.org\/{rel}","templated":true}]}}