{"id":423,"date":"2016-07-11T08:45:46","date_gmt":"2016-07-11T07:45:46","guid":{"rendered":"https:\/\/dev.cesni.eu\/de\/?page_id=423"},"modified":"2021-06-06T19:11:53","modified_gmt":"2021-06-06T18:11:53","slug":"impressum","status":"publish","type":"page","link":"https:\/\/www.cesni.eu\/de\/impressum\/","title":{"rendered":"Impressum"},"content":{"rendered":"\n<h2>Herausgeber<\/h2>\n\n\n\n<p>Sekretariat der Zentralkommission f\u00fcr die Rheinschifffahrt (ZKR)<br>\nPalais du Rhin<br>\n2, Place de la R\u00e9publique &#8211; CS 10023<br>\nF-67082 Strasbourg cedex<br>\nTelefon: +33 3 88 52 20 10<br>\nTelefax: +33 3 88 32 10 72<br>\nE-Mail : <a href=\"mailto:ccnr@ccr-zkr.org\">ccnr@ccr-zkr.org<\/a><\/p>\n\n\n\n<h2>Nutzungshinweise<\/h2>\n\n\n\n<p style=\"text-align: justify;\">Dieses Internetangebot wurde nach bestem Wissen und Gewissen sorgf\u00e4ltig zusammengestellt.<\/p>\n<p style=\"text-align: justify;\">Die Zentralkommission f\u00fcr die Rheinschifffahrt (ZKR) \u00fcbernimmt jedoch keine Gew\u00e4hr f\u00fcr die Aktualit\u00e4t, Richtigkeit und Vollst\u00e4ndigkeit dieses Internetangebotes. Die ZKR \u00fcbernimmt insbesondere keine Haftung f\u00fcr etwaige Sch\u00e4den aufgrund der Nutzung der hier bereitgestellten Informationen.<\/p>\n<p style=\"text-align: justify;\">Die ZKR \u00fcbernimmt dar\u00fcber hinaus keine Haftung f\u00fcr<\/p>\n<ul style=\"margin-bottom:10px\">\n<li>etwaige technische St\u00f6rungen infolge der Nutzung dieses Internetangebotes aufgrund fehlerhafter Dateien, Formate o.\u00e4.,<\/li>\n<li>Sch\u00e4den, die beim Aufrufen, beim Herunterladen oder der Nutzung von Daten bzw. Software durch Computerviren o.\u00e4. verursacht werden.<\/li>\n<\/ul>\n<p style=\"text-align: justify;\">Dieses Internetangebot enth\u00e4lt Links zu Webseiten anderer Anbieter. Die ZKR \u00fcbernimmt weder Verantwortung noch Haftung f\u00fcr die Inhalte von Webseiten, die \u00fcber Links erreicht werden. Die ZKR distanziert sich ausdr\u00fccklich von allen Inhalten, die m\u00f6glicherweise straf- oder haftungsrechtlich relevant sind oder die gegen die guten Sitten versto\u00dfen.<\/p>\n<p style=\"text-align: justify;\">Die ZKR bittet die Nutzer dieses Internetauftritts um Mitteilung im Falle etwaiger fehlerhafter oder unvollst\u00e4ndiger Inhalte.<\/p>\n\n\n\n<h2>Hosting<\/h2>\n\n\n\n<p>OVH<br>\n2 rue Kellermann<br>\n59100 Roubaix France<br>\n<a href=\"https:\/\/www.ovh.com\/\">www.ovh.com<\/a><br>\nTelefon: +33 (0)8 203 203 63<\/p>\n\n\n\n<h2>Schutz personenbezogener Daten und Cookies<\/h2>\n\n\n\n<p style=\"text-align: justify;\">Die ZKR verpflichtet sich, die personenbezogenen Daten und die Privatsph\u00e4re der Besucher ihrer Website sowie generell s\u00e4mtlicher Personen, die ihre Dienste nutzen, zu sch\u00fctzen.<br>\nGem\u00e4\u00df der Verordnung (EU) 2016\/679 zum Schutz personenbezogener Daten haben Sie das Recht auf Auskunft seitens des Verantwortlichen \u00fcber die betreffenden personenbezogenen Daten sowie auf Berichtigung oder L\u00f6schung oder auf Einschr\u00e4nkung der Verarbeitung Ihrer personenbezogenen Daten.<\/p>\n<p style=\"text-align: justify;\">Weitere Informationen zu Ihren Rechten finden Sie in unserer <a href=\"personenbezogener-daten\">Datenschutz- und Cookie-Erkl\u00e4rung.<\/a><\/p>\n","protected":false},"excerpt":{"rendered":"<p>Herausgeber Sekretariat der Zentralkommission f\u00fcr die Rheinschifffahrt (ZKR) Palais du Rhin 2, Place de la R\u00e9publique &#8211; CS 10023 F-67082 Strasbourg cedex Telefon: +33 3 88 52 20 10 Telefax: +33 3 88 32 10 72 E-Mail : ccnr@ccr-zkr.org Nutzungshinweise Dieses Internetangebot wurde nach bestem Wissen und Gewissen sorgf\u00e4ltig zusammengestellt. Die Zentralkommission f\u00fcr die Rheinschifffahrt [&hellip;]<\/p>\n","protected":false},"author":8,"featured_media":0,"parent":0,"menu_order":0,"comment_status":"closed","ping_status":"closed","template":"","meta":{"_acf_changed":false,"footnotes":""},"class_list":["post-423","page","type-page","status-publish","hentry"],"acf":[],"yoast_head":"<!-- This site is optimized with the Yoast SEO plugin v27.3 - https:\/\/yoast.com\/product\/yoast-seo-wordpress\/ -->\n<title>Impressum - CESNI - Comit\u00e9 Europ\u00e9en pour l\u2019\u00c9laboration de Standards dans le domaine de la Navigation Int\u00e9rieure<\/title>\n<meta name=\"robots\" content=\"index, follow, max-snippet:-1, max-image-preview:large, max-video-preview:-1\" \/>\n<link rel=\"canonical\" href=\"https:\/\/www.cesni.eu\/de\/impressum\/\" \/>\n<meta property=\"og:locale\" content=\"de_DE\" \/>\n<meta property=\"og:type\" content=\"article\" \/>\n<meta property=\"og:title\" content=\"Impressum - CESNI - Comit\u00e9 Europ\u00e9en pour l\u2019\u00c9laboration de Standards dans le domaine de la Navigation Int\u00e9rieure\" \/>\n<meta property=\"og:description\" content=\"Herausgeber Sekretariat der Zentralkommission f\u00fcr die Rheinschifffahrt (ZKR) Palais du Rhin 2, Place de la R\u00e9publique &#8211; CS 10023 F-67082 Strasbourg cedex Telefon: +33 3 88 52 20 10 Telefax: +33 3 88 32 10 72 E-Mail : ccnr@ccr-zkr.org Nutzungshinweise Dieses Internetangebot wurde nach bestem Wissen und Gewissen sorgf\u00e4ltig zusammengestellt. Die Zentralkommission f\u00fcr die Rheinschifffahrt [&hellip;]\" \/>\n<meta property=\"og:url\" content=\"https:\/\/www.cesni.eu\/de\/impressum\/\" \/>\n<meta property=\"og:site_name\" content=\"CESNI - Comit\u00e9 Europ\u00e9en pour l\u2019\u00c9laboration de Standards dans le domaine de la Navigation Int\u00e9rieure\" \/>\n<meta property=\"article:modified_time\" content=\"2021-06-06T18:11:53+00:00\" \/>\n<meta name=\"twitter:card\" content=\"summary_large_image\" \/>\n<meta name=\"twitter:label1\" content=\"Est. reading time\" \/>\n\t<meta name=\"twitter:data1\" content=\"2 minutes\" \/>\n<script type=\"application\/ld+json\" class=\"yoast-schema-graph\">{\"@context\":\"https:\\\/\\\/schema.org\",\"@graph\":[{\"@type\":\"WebPage\",\"@id\":\"https:\\\/\\\/www.cesni.eu\\\/de\\\/impressum\\\/\",\"url\":\"https:\\\/\\\/www.cesni.eu\\\/de\\\/impressum\\\/\",\"name\":\"Impressum - CESNI - Comit\u00e9 Europ\u00e9en pour l\u2019\u00c9laboration de Standards dans le domaine de la Navigation Int\u00e9rieure\",\"isPartOf\":{\"@id\":\"https:\\\/\\\/www.cesni.eu\\\/nl\\\/#website\"},\"datePublished\":\"2016-07-11T07:45:46+00:00\",\"dateModified\":\"2021-06-06T18:11:53+00:00\",\"breadcrumb\":{\"@id\":\"https:\\\/\\\/www.cesni.eu\\\/de\\\/impressum\\\/#breadcrumb\"},\"inLanguage\":\"de-DE\",\"potentialAction\":[{\"@type\":\"ReadAction\",\"target\":[\"https:\\\/\\\/www.cesni.eu\\\/de\\\/impressum\\\/\"]}]},{\"@type\":\"BreadcrumbList\",\"@id\":\"https:\\\/\\\/www.cesni.eu\\\/de\\\/impressum\\\/#breadcrumb\",\"itemListElement\":[{\"@type\":\"ListItem\",\"position\":1,\"name\":\"Accueil\",\"item\":\"https:\\\/\\\/www.cesni.eu\\\/de\\\/\"},{\"@type\":\"ListItem\",\"position\":2,\"name\":\"Impressum\"}]},{\"@type\":\"WebSite\",\"@id\":\"https:\\\/\\\/www.cesni.eu\\\/nl\\\/#website\",\"url\":\"https:\\\/\\\/www.cesni.eu\\\/nl\\\/\",\"name\":\"CESNI - Comit\u00e9 Europ\u00e9en pour l\u2019\u00c9laboration de Standards dans le domaine de la Navigation Int\u00e9rieure\",\"description\":\"\",\"potentialAction\":[{\"@type\":\"SearchAction\",\"target\":{\"@type\":\"EntryPoint\",\"urlTemplate\":\"https:\\\/\\\/www.cesni.eu\\\/nl\\\/?s={search_term_string}\"},\"query-input\":{\"@type\":\"PropertyValueSpecification\",\"valueRequired\":true,\"valueName\":\"search_term_string\"}}],\"inLanguage\":\"de-DE\"}]}<\/script>\n<!-- \/ Yoast SEO plugin. -->","yoast_head_json":{"title":"Impressum - CESNI - Comit\u00e9 Europ\u00e9en pour l\u2019\u00c9laboration de Standards dans le domaine de la Navigation Int\u00e9rieure","robots":{"index":"index","follow":"follow","max-snippet":"max-snippet:-1","max-image-preview":"max-image-preview:large","max-video-preview":"max-video-preview:-1"},"canonical":"https:\/\/www.cesni.eu\/de\/impressum\/","og_locale":"de_DE","og_type":"article","og_title":"Impressum - CESNI - Comit\u00e9 Europ\u00e9en pour l\u2019\u00c9laboration de Standards dans le domaine de la Navigation Int\u00e9rieure","og_description":"Herausgeber Sekretariat der Zentralkommission f\u00fcr die Rheinschifffahrt (ZKR) Palais du Rhin 2, Place de la R\u00e9publique &#8211; CS 10023 F-67082 Strasbourg cedex Telefon: +33 3 88 52 20 10 Telefax: +33 3 88 32 10 72 E-Mail : ccnr@ccr-zkr.org Nutzungshinweise Dieses Internetangebot wurde nach bestem Wissen und Gewissen sorgf\u00e4ltig zusammengestellt. Die Zentralkommission f\u00fcr die Rheinschifffahrt [&hellip;]","og_url":"https:\/\/www.cesni.eu\/de\/impressum\/","og_site_name":"CESNI - Comit\u00e9 Europ\u00e9en pour l\u2019\u00c9laboration de Standards dans le domaine de la Navigation Int\u00e9rieure","article_modified_time":"2021-06-06T18:11:53+00:00","twitter_card":"summary_large_image","twitter_misc":{"Est. reading time":"2 minutes"},"schema":{"@context":"https:\/\/schema.org","@graph":[{"@type":"WebPage","@id":"https:\/\/www.cesni.eu\/de\/impressum\/","url":"https:\/\/www.cesni.eu\/de\/impressum\/","name":"Impressum - CESNI - Comit\u00e9 Europ\u00e9en pour l\u2019\u00c9laboration de Standards dans le domaine de la Navigation Int\u00e9rieure","isPartOf":{"@id":"https:\/\/www.cesni.eu\/nl\/#website"},"datePublished":"2016-07-11T07:45:46+00:00","dateModified":"2021-06-06T18:11:53+00:00","breadcrumb":{"@id":"https:\/\/www.cesni.eu\/de\/impressum\/#breadcrumb"},"inLanguage":"de-DE","potentialAction":[{"@type":"ReadAction","target":["https:\/\/www.cesni.eu\/de\/impressum\/"]}]},{"@type":"BreadcrumbList","@id":"https:\/\/www.cesni.eu\/de\/impressum\/#breadcrumb","itemListElement":[{"@type":"ListItem","position":1,"name":"Accueil","item":"https:\/\/www.cesni.eu\/de\/"},{"@type":"ListItem","position":2,"name":"Impressum"}]},{"@type":"WebSite","@id":"https:\/\/www.cesni.eu\/nl\/#website","url":"https:\/\/www.cesni.eu\/nl\/","name":"CESNI - Comit\u00e9 Europ\u00e9en pour l\u2019\u00c9laboration de Standards dans le domaine de la Navigation Int\u00e9rieure","description":"","potentialAction":[{"@type":"SearchAction","target":{"@type":"EntryPoint","urlTemplate":"https:\/\/www.cesni.eu\/nl\/?s={search_term_string}"},"query-input":{"@type":"PropertyValueSpecification","valueRequired":true,"valueName":"search_term_string"}}],"inLanguage":"de-DE"}]}},"post_mailing_queue_ids":[],"_links":{"self":[{"href":"https:\/\/www.cesni.eu\/de\/wp-json\/wp\/v2\/pages\/423","targetHints":{"allow":["GET"]}}],"collection":[{"href":"https:\/\/www.cesni.eu\/de\/wp-json\/wp\/v2\/pages"}],"about":[{"href":"https:\/\/www.cesni.eu\/de\/wp-json\/wp\/v2\/types\/page"}],"author":[{"embeddable":true,"href":"https:\/\/www.cesni.eu\/de\/wp-json\/wp\/v2\/users\/8"}],"replies":[{"embeddable":true,"href":"https:\/\/www.cesni.eu\/de\/wp-json\/wp\/v2\/comments?post=423"}],"version-history":[{"count":4,"href":"https:\/\/www.cesni.eu\/de\/wp-json\/wp\/v2\/pages\/423\/revisions"}],"predecessor-version":[{"id":6251,"href":"https:\/\/www.cesni.eu\/de\/wp-json\/wp\/v2\/pages\/423\/revisions\/6251"}],"wp:attachment":[{"href":"https:\/\/www.cesni.eu\/de\/wp-json\/wp\/v2\/media?parent=423"}],"curies":[{"name":"wp","href":"https:\/\/api.w.org\/{rel}","templated":true}]}}