{"id":2518,"date":"2019-06-18T13:48:56","date_gmt":"2019-06-18T12:48:56","guid":{"rendered":"https:\/\/www.cesni.eu\/de\/?page_id=2518"},"modified":"2023-05-05T07:41:19","modified_gmt":"2023-05-05T06:41:19","slug":"taetigkeiten","status":"publish","type":"page","link":"https:\/\/www.cesni.eu\/de\/taetigkeiten\/","title":{"rendered":"T\u00e4tigkeiten"},"content":{"rendered":"<p>Die T\u00e4tigkeiten des Europ\u00e4ischen Ausschuss zur Ausarbeitung von Standards im Bereich der Binnenschifffahrt (CESNI) betreffen insbesondere die <a href=\"https:\/\/www.cesni.eu\/de\/technische-vorschriften\/\">technischen Vorschriften f\u00fcr Binnenschiffe (CESNI\/PT)<\/a>, die <a href=\"https:\/\/www.cesni.eu\/de\/berufsqualifikationen\/\">Berufsbef\u00e4higungen des Schiffspersonals (CESNI\/QP)<\/a> und die <a href=\"https:\/\/www.cesni.eu\/de\/informationstechnologien\/\">Informationstechnologien in der Binnenschifffahrt (CESNI\/TI)<\/a>.<\/p>\n<p>\u00a0<\/p>\n<p style=\"text-align: center;\"><strong>STRUKTUR VON CESNI<\/strong><\/p>\n<p><img loading=\"lazy\" decoding=\"async\" class=\"alignnone wp-image-9144 size-medium\" src=\"https:\/\/www.cesni.eu\/wp-content\/uploads\/2023\/05\/structure-CESNI_2023_05_de-800x600.jpg\" alt=\"\" width=\"800\" height=\"600\" srcset=\"https:\/\/www.cesni.eu\/wp-content\/uploads\/2023\/05\/structure-CESNI_2023_05_de-800x600.jpg 800w, https:\/\/www.cesni.eu\/wp-content\/uploads\/2023\/05\/structure-CESNI_2023_05_de.jpg 960w\" sizes=\"auto, (max-width: 800px) 100vw, 800px\" \/><\/p>\n\n\n<p class=\"has-small-font-size\">Nichtst\u00e4ndige Arbeitsgruppen PT: Brennstoffzellen (FC), \u00dcbergangsbestimmungen (DT), Muster des Binnenschiffszeugnisses (MOD)<\/p>\n\n\n\n<p class=\"has-small-font-size\">Nichtst\u00e4ndige Arbeitsgruppen QP: Qualit\u00e4tsmanagement (QM), Besatzungsvorschriften (Crew)<\/p>\n\n\n\n<p class=\"has-small-font-size\">Nichtst\u00e4ndige Arbeitsgruppen TI: elektronische Meldungen in der Binnenschifffahrt (ERI), elektronischen Darstellung von Binnenschifffahrtskarten und von damit verbundenen Informationen (iECDIS), Nachrichten f\u00fcr die Binnenschifffahrt (NtS), Schiffsverfolgung und -aufsp\u00fcrung (VTT)<\/p>\n","protected":false},"excerpt":{"rendered":"<p>Die T\u00e4tigkeiten des Europ\u00e4ischen Ausschuss zur Ausarbeitung von Standards im Bereich der Binnenschifffahrt (CESNI) betreffen insbesondere die technischen Vorschriften f\u00fcr Binnenschiffe (CESNI\/PT), die Berufsbef\u00e4higungen des Schiffspersonals (CESNI\/QP) und die Informationstechnologien in der Binnenschifffahrt (CESNI\/TI). \u00a0 STRUKTUR VON CESNI Nichtst\u00e4ndige Arbeitsgruppen PT: Brennstoffzellen (FC), \u00dcbergangsbestimmungen (DT), Muster des Binnenschiffszeugnisses (MOD) Nichtst\u00e4ndige Arbeitsgruppen QP: Qualit\u00e4tsmanagement (QM), Besatzungsvorschriften [&hellip;]<\/p>\n","protected":false},"author":8,"featured_media":0,"parent":0,"menu_order":0,"comment_status":"closed","ping_status":"closed","template":"","meta":{"_acf_changed":false,"footnotes":""},"class_list":["post-2518","page","type-page","status-publish","hentry"],"acf":[],"yoast_head":"<!-- This site is optimized with the Yoast SEO plugin v27.0 - https:\/\/yoast.com\/product\/yoast-seo-wordpress\/ -->\n<title>T\u00e4tigkeiten - CESNI - Comit\u00e9 Europ\u00e9en pour l\u2019\u00c9laboration de Standards dans le domaine de la Navigation Int\u00e9rieure<\/title>\n<meta name=\"robots\" content=\"index, follow, max-snippet:-1, max-image-preview:large, max-video-preview:-1\" \/>\n<link rel=\"canonical\" href=\"https:\/\/www.cesni.eu\/de\/taetigkeiten\/\" \/>\n<meta property=\"og:locale\" content=\"de_DE\" \/>\n<meta property=\"og:type\" content=\"article\" \/>\n<meta property=\"og:title\" content=\"T\u00e4tigkeiten - CESNI - Comit\u00e9 Europ\u00e9en pour l\u2019\u00c9laboration de Standards dans le domaine de la Navigation Int\u00e9rieure\" \/>\n<meta property=\"og:description\" content=\"Die T\u00e4tigkeiten des Europ\u00e4ischen Ausschuss zur Ausarbeitung von Standards im Bereich der Binnenschifffahrt (CESNI) betreffen insbesondere die technischen Vorschriften f\u00fcr Binnenschiffe (CESNI\/PT), die Berufsbef\u00e4higungen des Schiffspersonals (CESNI\/QP) und die Informationstechnologien in der Binnenschifffahrt (CESNI\/TI). \u00a0 STRUKTUR VON CESNI Nichtst\u00e4ndige Arbeitsgruppen PT: Brennstoffzellen (FC), \u00dcbergangsbestimmungen (DT), Muster des Binnenschiffszeugnisses (MOD) Nichtst\u00e4ndige Arbeitsgruppen QP: Qualit\u00e4tsmanagement (QM), Besatzungsvorschriften [&hellip;]\" \/>\n<meta property=\"og:url\" content=\"https:\/\/www.cesni.eu\/de\/taetigkeiten\/\" \/>\n<meta property=\"og:site_name\" content=\"CESNI - Comit\u00e9 Europ\u00e9en pour l\u2019\u00c9laboration de Standards dans le domaine de la Navigation Int\u00e9rieure\" \/>\n<meta property=\"article:modified_time\" content=\"2023-05-05T06:41:19+00:00\" \/>\n<meta property=\"og:image\" content=\"https:\/\/www.cesni.eu\/wp-content\/uploads\/2023\/05\/structure-CESNI_2023_05_de-800x600.jpg\" \/>\n<meta name=\"twitter:card\" content=\"summary_large_image\" \/>\n<meta name=\"twitter:label1\" content=\"Est. reading time\" \/>\n\t<meta name=\"twitter:data1\" content=\"1 minute\" \/>\n<script type=\"application\/ld+json\" class=\"yoast-schema-graph\">{\"@context\":\"https:\/\/schema.org\",\"@graph\":[{\"@type\":\"WebPage\",\"@id\":\"https:\/\/www.cesni.eu\/de\/taetigkeiten\/\",\"url\":\"https:\/\/www.cesni.eu\/de\/taetigkeiten\/\",\"name\":\"T\u00e4tigkeiten - CESNI - Comit\u00e9 Europ\u00e9en pour l\u2019\u00c9laboration de Standards dans le domaine de la Navigation Int\u00e9rieure\",\"isPartOf\":{\"@id\":\"https:\/\/www.cesni.eu\/nl\/#website\"},\"primaryImageOfPage\":{\"@id\":\"https:\/\/www.cesni.eu\/de\/taetigkeiten\/#primaryimage\"},\"image\":{\"@id\":\"https:\/\/www.cesni.eu\/de\/taetigkeiten\/#primaryimage\"},\"thumbnailUrl\":\"https:\/\/www.cesni.eu\/wp-content\/uploads\/2023\/05\/structure-CESNI_2023_05_de-800x600.jpg\",\"datePublished\":\"2019-06-18T12:48:56+00:00\",\"dateModified\":\"2023-05-05T06:41:19+00:00\",\"breadcrumb\":{\"@id\":\"https:\/\/www.cesni.eu\/de\/taetigkeiten\/#breadcrumb\"},\"inLanguage\":\"de-DE\",\"potentialAction\":[{\"@type\":\"ReadAction\",\"target\":[\"https:\/\/www.cesni.eu\/de\/taetigkeiten\/\"]}]},{\"@type\":\"ImageObject\",\"inLanguage\":\"de-DE\",\"@id\":\"https:\/\/www.cesni.eu\/de\/taetigkeiten\/#primaryimage\",\"url\":\"https:\/\/www.cesni.eu\/wp-content\/uploads\/2023\/05\/structure-CESNI_2023_05_de-800x600.jpg\",\"contentUrl\":\"https:\/\/www.cesni.eu\/wp-content\/uploads\/2023\/05\/structure-CESNI_2023_05_de-800x600.jpg\"},{\"@type\":\"BreadcrumbList\",\"@id\":\"https:\/\/www.cesni.eu\/de\/taetigkeiten\/#breadcrumb\",\"itemListElement\":[{\"@type\":\"ListItem\",\"position\":1,\"name\":\"Accueil\",\"item\":\"https:\/\/www.cesni.eu\/de\/\"},{\"@type\":\"ListItem\",\"position\":2,\"name\":\"T\u00e4tigkeiten\"}]},{\"@type\":\"WebSite\",\"@id\":\"https:\/\/www.cesni.eu\/nl\/#website\",\"url\":\"https:\/\/www.cesni.eu\/nl\/\",\"name\":\"CESNI - Comit\u00e9 Europ\u00e9en pour l\u2019\u00c9laboration de Standards dans le domaine de la Navigation Int\u00e9rieure\",\"description\":\"\",\"potentialAction\":[{\"@type\":\"SearchAction\",\"target\":{\"@type\":\"EntryPoint\",\"urlTemplate\":\"https:\/\/www.cesni.eu\/nl\/?s={search_term_string}\"},\"query-input\":{\"@type\":\"PropertyValueSpecification\",\"valueRequired\":true,\"valueName\":\"search_term_string\"}}],\"inLanguage\":\"de-DE\"}]}<\/script>\n<!-- \/ Yoast SEO plugin. -->","yoast_head_json":{"title":"T\u00e4tigkeiten - CESNI - Comit\u00e9 Europ\u00e9en pour l\u2019\u00c9laboration de Standards dans le domaine de la Navigation Int\u00e9rieure","robots":{"index":"index","follow":"follow","max-snippet":"max-snippet:-1","max-image-preview":"max-image-preview:large","max-video-preview":"max-video-preview:-1"},"canonical":"https:\/\/www.cesni.eu\/de\/taetigkeiten\/","og_locale":"de_DE","og_type":"article","og_title":"T\u00e4tigkeiten - CESNI - Comit\u00e9 Europ\u00e9en pour l\u2019\u00c9laboration de Standards dans le domaine de la Navigation Int\u00e9rieure","og_description":"Die T\u00e4tigkeiten des Europ\u00e4ischen Ausschuss zur Ausarbeitung von Standards im Bereich der Binnenschifffahrt (CESNI) betreffen insbesondere die technischen Vorschriften f\u00fcr Binnenschiffe (CESNI\/PT), die Berufsbef\u00e4higungen des Schiffspersonals (CESNI\/QP) und die Informationstechnologien in der Binnenschifffahrt (CESNI\/TI). \u00a0 STRUKTUR VON CESNI Nichtst\u00e4ndige Arbeitsgruppen PT: Brennstoffzellen (FC), \u00dcbergangsbestimmungen (DT), Muster des Binnenschiffszeugnisses (MOD) Nichtst\u00e4ndige Arbeitsgruppen QP: Qualit\u00e4tsmanagement (QM), Besatzungsvorschriften [&hellip;]","og_url":"https:\/\/www.cesni.eu\/de\/taetigkeiten\/","og_site_name":"CESNI - Comit\u00e9 Europ\u00e9en pour l\u2019\u00c9laboration de Standards dans le domaine de la Navigation Int\u00e9rieure","article_modified_time":"2023-05-05T06:41:19+00:00","og_image":[{"url":"https:\/\/www.cesni.eu\/wp-content\/uploads\/2023\/05\/structure-CESNI_2023_05_de-800x600.jpg","type":"","width":"","height":""}],"twitter_card":"summary_large_image","twitter_misc":{"Est. reading time":"1 minute"},"schema":{"@context":"https:\/\/schema.org","@graph":[{"@type":"WebPage","@id":"https:\/\/www.cesni.eu\/de\/taetigkeiten\/","url":"https:\/\/www.cesni.eu\/de\/taetigkeiten\/","name":"T\u00e4tigkeiten - CESNI - Comit\u00e9 Europ\u00e9en pour l\u2019\u00c9laboration de Standards dans le domaine de la Navigation Int\u00e9rieure","isPartOf":{"@id":"https:\/\/www.cesni.eu\/nl\/#website"},"primaryImageOfPage":{"@id":"https:\/\/www.cesni.eu\/de\/taetigkeiten\/#primaryimage"},"image":{"@id":"https:\/\/www.cesni.eu\/de\/taetigkeiten\/#primaryimage"},"thumbnailUrl":"https:\/\/www.cesni.eu\/wp-content\/uploads\/2023\/05\/structure-CESNI_2023_05_de-800x600.jpg","datePublished":"2019-06-18T12:48:56+00:00","dateModified":"2023-05-05T06:41:19+00:00","breadcrumb":{"@id":"https:\/\/www.cesni.eu\/de\/taetigkeiten\/#breadcrumb"},"inLanguage":"de-DE","potentialAction":[{"@type":"ReadAction","target":["https:\/\/www.cesni.eu\/de\/taetigkeiten\/"]}]},{"@type":"ImageObject","inLanguage":"de-DE","@id":"https:\/\/www.cesni.eu\/de\/taetigkeiten\/#primaryimage","url":"https:\/\/www.cesni.eu\/wp-content\/uploads\/2023\/05\/structure-CESNI_2023_05_de-800x600.jpg","contentUrl":"https:\/\/www.cesni.eu\/wp-content\/uploads\/2023\/05\/structure-CESNI_2023_05_de-800x600.jpg"},{"@type":"BreadcrumbList","@id":"https:\/\/www.cesni.eu\/de\/taetigkeiten\/#breadcrumb","itemListElement":[{"@type":"ListItem","position":1,"name":"Accueil","item":"https:\/\/www.cesni.eu\/de\/"},{"@type":"ListItem","position":2,"name":"T\u00e4tigkeiten"}]},{"@type":"WebSite","@id":"https:\/\/www.cesni.eu\/nl\/#website","url":"https:\/\/www.cesni.eu\/nl\/","name":"CESNI - Comit\u00e9 Europ\u00e9en pour l\u2019\u00c9laboration de Standards dans le domaine de la Navigation Int\u00e9rieure","description":"","potentialAction":[{"@type":"SearchAction","target":{"@type":"EntryPoint","urlTemplate":"https:\/\/www.cesni.eu\/nl\/?s={search_term_string}"},"query-input":{"@type":"PropertyValueSpecification","valueRequired":true,"valueName":"search_term_string"}}],"inLanguage":"de-DE"}]}},"post_mailing_queue_ids":[],"_links":{"self":[{"href":"https:\/\/www.cesni.eu\/de\/wp-json\/wp\/v2\/pages\/2518","targetHints":{"allow":["GET"]}}],"collection":[{"href":"https:\/\/www.cesni.eu\/de\/wp-json\/wp\/v2\/pages"}],"about":[{"href":"https:\/\/www.cesni.eu\/de\/wp-json\/wp\/v2\/types\/page"}],"author":[{"embeddable":true,"href":"https:\/\/www.cesni.eu\/de\/wp-json\/wp\/v2\/users\/8"}],"replies":[{"embeddable":true,"href":"https:\/\/www.cesni.eu\/de\/wp-json\/wp\/v2\/comments?post=2518"}],"version-history":[{"count":7,"href":"https:\/\/www.cesni.eu\/de\/wp-json\/wp\/v2\/pages\/2518\/revisions"}],"predecessor-version":[{"id":9148,"href":"https:\/\/www.cesni.eu\/de\/wp-json\/wp\/v2\/pages\/2518\/revisions\/9148"}],"wp:attachment":[{"href":"https:\/\/www.cesni.eu\/de\/wp-json\/wp\/v2\/media?parent=2518"}],"curies":[{"name":"wp","href":"https:\/\/api.w.org\/{rel}","templated":true}]}}