{"id":204,"date":"2016-03-14T16:04:51","date_gmt":"2016-03-14T15:04:51","guid":{"rendered":"https:\/\/www.cesni.eu\/de\/?page_id=204"},"modified":"2021-06-04T13:21:46","modified_gmt":"2021-06-04T12:21:46","slug":"kontakt","status":"publish","type":"page","link":"https:\/\/www.cesni.eu\/de\/kontakt\/","title":{"rendered":"Kontakt und Anreise"},"content":{"rendered":"\n<h2 class=\"wp-block-heading\">Kontaktformular<\/h2>\n\n\n\n<div class=\"wpcf7 no-js\" id=\"wpcf7-f5295-o1\" lang=\"de-DE\" dir=\"ltr\" data-wpcf7-id=\"5295\">\n<div class=\"screen-reader-response\"><p role=\"status\" aria-live=\"polite\" aria-atomic=\"true\"><\/p> <ul><\/ul><\/div>\n<form action=\"\/de\/wp-json\/wp\/v2\/pages\/204#wpcf7-f5295-o1\" method=\"post\" class=\"wpcf7-form init\" aria-label=\"Contact form\" novalidate=\"novalidate\" data-status=\"init\">\n<fieldset class=\"hidden-fields-container\"><input type=\"hidden\" name=\"_wpcf7\" value=\"5295\" \/><input type=\"hidden\" name=\"_wpcf7_version\" value=\"6.1.5\" \/><input type=\"hidden\" name=\"_wpcf7_locale\" value=\"de_DE\" \/><input type=\"hidden\" name=\"_wpcf7_unit_tag\" value=\"wpcf7-f5295-o1\" \/><input type=\"hidden\" name=\"_wpcf7_container_post\" value=\"0\" \/><input type=\"hidden\" name=\"_wpcf7_posted_data_hash\" value=\"\" \/><input type=\"hidden\" name=\"_wpcf7_recaptcha_response\" value=\"\" \/>\n<\/fieldset>\n<p>Mit <span class=\"text-danger\">*<\/span> gekennzeichnete Felder sind Pflichtfelder.\n<\/p>\n<p><label> Vorname<span class=\"text-danger\">*<\/span><br \/>\n<span class=\"wpcf7-form-control-wrap\" data-name=\"prenom\"><input size=\"40\" maxlength=\"400\" class=\"wpcf7-form-control wpcf7-text wpcf7-validates-as-required\" aria-required=\"true\" aria-invalid=\"false\" value=\"\" type=\"text\" name=\"prenom\" \/><\/span> <\/label>\n<\/p>\n<p><label> Name<span class=\"text-danger\">*<\/span><br \/>\n<span class=\"wpcf7-form-control-wrap\" data-name=\"nom\"><input size=\"40\" maxlength=\"400\" class=\"wpcf7-form-control wpcf7-text wpcf7-validates-as-required\" aria-required=\"true\" aria-invalid=\"false\" value=\"\" type=\"text\" name=\"nom\" \/><\/span> <\/label>\n<\/p>\n<p><label> Organisation<span class=\"text-danger\">*<\/span><br \/>\n<span class=\"wpcf7-form-control-wrap\" data-name=\"organisation\"><input size=\"40\" maxlength=\"400\" class=\"wpcf7-form-control wpcf7-text wpcf7-validates-as-required\" aria-required=\"true\" aria-invalid=\"false\" value=\"\" type=\"text\" name=\"organisation\" \/><\/span> <\/label>\n<\/p>\n<p><label> Staat<span class=\"text-danger\">*<\/span><br \/>\n<span class=\"wpcf7-form-control-wrap\" data-name=\"pays\"><input size=\"40\" maxlength=\"400\" class=\"wpcf7-form-control wpcf7-text wpcf7-validates-as-required\" aria-required=\"true\" aria-invalid=\"false\" value=\"\" type=\"text\" name=\"pays\" \/><\/span> <\/label>\n<\/p>\n<p><label> E-Mail<span class=\"text-danger\">*<\/span><br \/>\n<span class=\"wpcf7-form-control-wrap\" data-name=\"email\"><input size=\"40\" maxlength=\"400\" class=\"wpcf7-form-control wpcf7-email wpcf7-validates-as-required wpcf7-text wpcf7-validates-as-email\" aria-required=\"true\" aria-invalid=\"false\" value=\"\" type=\"email\" name=\"email\" \/><\/span> <\/label>\n<\/p>\n<p><label> Nachricht<span class=\"text-danger\">*<\/span><br \/>\n<span class=\"wpcf7-form-control-wrap\" data-name=\"message\"><textarea cols=\"40\" rows=\"10\" maxlength=\"2000\" class=\"wpcf7-form-control wpcf7-textarea wpcf7-validates-as-required\" aria-required=\"true\" aria-invalid=\"false\" name=\"message\"><\/textarea><\/span> <\/label>\n<\/p>\n<p><span class=\"wpcf7-form-control-wrap\" data-name=\"rgpd\"><span class=\"wpcf7-form-control wpcf7-checkbox wpcf7-validates-as-required\"><span class=\"wpcf7-list-item first last\"><label><input type=\"checkbox\" name=\"rgpd[]\" value=\"Mit dem Ankreuzen dieses K\u00e4stchens und dem Absenden dieses Formulars stimme ich der \u00dcbermittlung der eingegebenen Informationen an das CESNI-Sekretariat zu, damit dieses meine Anfrage bearbeiten und mich kontaktieren kann.\" \/><span class=\"wpcf7-list-item-label\">Mit dem Ankreuzen dieses K\u00e4stchens und dem Absenden dieses Formulars stimme ich der \u00dcbermittlung der eingegebenen Informationen an das CESNI-Sekretariat zu, damit dieses meine Anfrage bearbeiten und mich kontaktieren kann.<\/span><\/label><\/span><\/span><\/span>\n<\/p>\n<p><input class=\"wpcf7-form-control wpcf7-submit has-spinner\" type=\"submit\" value=\"Senden\" \/>\n<\/p><div class=\"wpcf7-response-output\" aria-hidden=\"true\"><\/div>\n<\/form>\n<\/div>\n\n\n\n\n<h2 class=\"wp-block-heading\">Adresse<\/h2>\n\n\n\n<p>Sekretariat des CESNI<br>Palais du Rhin<br>2, place de la R\u00e9publique \u2013 CS10023<br>F-67082 Strasbourg cedex<br>+33 (0)3 88 52 20 10<\/p>\n\n\n\n<iframe src=\"https:\/\/www.google.com\/maps\/embed?pb=!1m18!1m12!1m3!1d2639.163297822553!2d7.750691551933256!3d48.587572079160154!2m3!1f0!2f0!3f0!3m2!1i1024!2i768!4f13.1!3m3!1m2!1s0x4796c9513a86959b%3A0xa0db11a6026026a6!2sCesni!5e0!3m2!1sfr!2sfr!4v1616159460761!5m2!1sfr!2sfr\" style=\"border:0;\" allowfullscreen=\"\" loading=\"lazy\" width=\"100%\" height=\"450\"><\/iframe>\n\n\n\n<h2 class=\"wp-block-heading\">Anfahrt mit \u00f6ffentlichen Verkehrsmitteln<\/h2>\n\n\n\n<p><strong>Anfahrt vom Flughafen<\/strong>&nbsp;(ca. 10 Min.)<br>Pendelzug: Flughafen Entzheim \u2013 Bahnhof Stra\u00dfburg (4-mal st\u00fcndlich)<\/p>\n\n\n\n<p><strong>Anfahrt vom Bahnhof<\/strong>&nbsp;(ca. 10 Min.)<br><strong>Tram C<\/strong>&nbsp;von Strasbourg Gare Centrale Richtung&nbsp;Neuhof, Rodolf Reuss<br>bis Haltestelle&nbsp;R\u00e9publique<\/p>\n\n\n\n<h2 class=\"wp-block-heading\">Weitere praktische Informationen<\/h2>\n\n\n\n<p><strong>Office de Tourisme de Strasbourg<\/strong><br>17, place de la Cath\u00e9drale<br>T\u00e9l. : +33 (0)3 88 52 28 28<br>E-mail :&nbsp;<a href=\"mailto:info@ot-strasbourg.fr\">info@ot-strasbourg.fr<\/a><br>Internet :&nbsp;<a href=\"http:\/\/www.otstrasbourg.fr\/\">www.otstrasbourg.fr<\/a><\/p>\n\n\n\n<p><strong>A\u00e9roport international de Strasbourg \/ Entzheim<\/strong><br>T\u00e9l. : +33 (0)3 88 64 67 67<br>Internet :&nbsp;<a href=\"http:\/\/www.strasbourg.aeroport.fr\/index.php\/informations\/acces-et-plan\/navette-train\">www.strasbourg.aeroport.fr<\/a><\/p>\n\n\n\n<p><strong>Compagnie des Transports Strasbourgeois<\/strong><br>T\u00e9l. : +33 (0)3 88 77 70 70<br>Internet :&nbsp;<a href=\"http:\/\/www.cts-strasbourg.fr\/\">www.cts-strasbourg.fr<\/a><\/p>\n\n\n\n<p><strong>Taxi<\/strong><br>Taxis 13 : +33 (0)3 88 36 13 13<\/p>\n","protected":false},"excerpt":{"rendered":"<p>Kontaktformular Adresse Sekretariat des CESNIPalais du Rhin2, place de la R\u00e9publique \u2013 CS10023F-67082 Strasbourg cedex+33 (0)3 88 52 20 10 Anfahrt mit \u00f6ffentlichen Verkehrsmitteln Anfahrt vom Flughafen&nbsp;(ca. 10 Min.)Pendelzug: Flughafen Entzheim \u2013 Bahnhof Stra\u00dfburg (4-mal st\u00fcndlich) Anfahrt vom Bahnhof&nbsp;(ca. 10 Min.)Tram C&nbsp;von Strasbourg Gare Centrale Richtung&nbsp;Neuhof, Rodolf Reussbis Haltestelle&nbsp;R\u00e9publique Weitere praktische Informationen Office de Tourisme [&hellip;]<\/p>\n","protected":false},"author":8,"featured_media":0,"parent":0,"menu_order":0,"comment_status":"closed","ping_status":"closed","template":"","meta":{"_acf_changed":false,"footnotes":""},"class_list":["post-204","page","type-page","status-publish","hentry"],"acf":[],"yoast_head":"<!-- This site is optimized with the Yoast SEO plugin v27.3 - https:\/\/yoast.com\/product\/yoast-seo-wordpress\/ -->\n<title>Kontakt und Anreise - CESNI - Comit\u00e9 Europ\u00e9en pour l\u2019\u00c9laboration de Standards dans le domaine de la Navigation Int\u00e9rieure<\/title>\n<meta name=\"robots\" content=\"index, follow, max-snippet:-1, max-image-preview:large, max-video-preview:-1\" \/>\n<link rel=\"canonical\" href=\"https:\/\/www.cesni.eu\/de\/kontakt\/\" \/>\n<meta property=\"og:locale\" content=\"de_DE\" \/>\n<meta property=\"og:type\" content=\"article\" \/>\n<meta property=\"og:title\" content=\"Kontakt und Anreise - CESNI - Comit\u00e9 Europ\u00e9en pour l\u2019\u00c9laboration de Standards dans le domaine de la Navigation Int\u00e9rieure\" \/>\n<meta property=\"og:description\" content=\"Kontaktformular Adresse Sekretariat des CESNIPalais du Rhin2, place de la R\u00e9publique \u2013 CS10023F-67082 Strasbourg cedex+33 (0)3 88 52 20 10 Anfahrt mit \u00f6ffentlichen Verkehrsmitteln Anfahrt vom Flughafen&nbsp;(ca. 10 Min.)Pendelzug: Flughafen Entzheim \u2013 Bahnhof Stra\u00dfburg (4-mal st\u00fcndlich) Anfahrt vom Bahnhof&nbsp;(ca. 10 Min.)Tram C&nbsp;von Strasbourg Gare Centrale Richtung&nbsp;Neuhof, Rodolf Reussbis Haltestelle&nbsp;R\u00e9publique Weitere praktische Informationen Office de Tourisme [&hellip;]\" \/>\n<meta property=\"og:url\" content=\"https:\/\/www.cesni.eu\/de\/kontakt\/\" \/>\n<meta property=\"og:site_name\" content=\"CESNI - Comit\u00e9 Europ\u00e9en pour l\u2019\u00c9laboration de Standards dans le domaine de la Navigation Int\u00e9rieure\" \/>\n<meta property=\"article:modified_time\" content=\"2021-06-04T12:21:46+00:00\" \/>\n<meta name=\"twitter:card\" content=\"summary_large_image\" \/>\n<meta name=\"twitter:label1\" content=\"Est. reading time\" \/>\n\t<meta name=\"twitter:data1\" content=\"1 minute\" \/>\n<script type=\"application\/ld+json\" class=\"yoast-schema-graph\">{\"@context\":\"https:\\\/\\\/schema.org\",\"@graph\":[{\"@type\":\"WebPage\",\"@id\":\"https:\\\/\\\/www.cesni.eu\\\/de\\\/kontakt\\\/\",\"url\":\"https:\\\/\\\/www.cesni.eu\\\/de\\\/kontakt\\\/\",\"name\":\"Kontakt und Anreise - CESNI - Comit\u00e9 Europ\u00e9en pour l\u2019\u00c9laboration de Standards dans le domaine de la Navigation Int\u00e9rieure\",\"isPartOf\":{\"@id\":\"https:\\\/\\\/www.cesni.eu\\\/nl\\\/#website\"},\"datePublished\":\"2016-03-14T15:04:51+00:00\",\"dateModified\":\"2021-06-04T12:21:46+00:00\",\"breadcrumb\":{\"@id\":\"https:\\\/\\\/www.cesni.eu\\\/de\\\/kontakt\\\/#breadcrumb\"},\"inLanguage\":\"de-DE\",\"potentialAction\":[{\"@type\":\"ReadAction\",\"target\":[\"https:\\\/\\\/www.cesni.eu\\\/de\\\/kontakt\\\/\"]}]},{\"@type\":\"BreadcrumbList\",\"@id\":\"https:\\\/\\\/www.cesni.eu\\\/de\\\/kontakt\\\/#breadcrumb\",\"itemListElement\":[{\"@type\":\"ListItem\",\"position\":1,\"name\":\"Accueil\",\"item\":\"https:\\\/\\\/www.cesni.eu\\\/de\\\/\"},{\"@type\":\"ListItem\",\"position\":2,\"name\":\"Kontakt und Anreise\"}]},{\"@type\":\"WebSite\",\"@id\":\"https:\\\/\\\/www.cesni.eu\\\/nl\\\/#website\",\"url\":\"https:\\\/\\\/www.cesni.eu\\\/nl\\\/\",\"name\":\"CESNI - Comit\u00e9 Europ\u00e9en pour l\u2019\u00c9laboration de Standards dans le domaine de la Navigation Int\u00e9rieure\",\"description\":\"\",\"potentialAction\":[{\"@type\":\"SearchAction\",\"target\":{\"@type\":\"EntryPoint\",\"urlTemplate\":\"https:\\\/\\\/www.cesni.eu\\\/nl\\\/?s={search_term_string}\"},\"query-input\":{\"@type\":\"PropertyValueSpecification\",\"valueRequired\":true,\"valueName\":\"search_term_string\"}}],\"inLanguage\":\"de-DE\"}]}<\/script>\n<!-- \/ Yoast SEO plugin. -->","yoast_head_json":{"title":"Kontakt und Anreise - CESNI - Comit\u00e9 Europ\u00e9en pour l\u2019\u00c9laboration de Standards dans le domaine de la Navigation Int\u00e9rieure","robots":{"index":"index","follow":"follow","max-snippet":"max-snippet:-1","max-image-preview":"max-image-preview:large","max-video-preview":"max-video-preview:-1"},"canonical":"https:\/\/www.cesni.eu\/de\/kontakt\/","og_locale":"de_DE","og_type":"article","og_title":"Kontakt und Anreise - CESNI - Comit\u00e9 Europ\u00e9en pour l\u2019\u00c9laboration de Standards dans le domaine de la Navigation Int\u00e9rieure","og_description":"Kontaktformular Adresse Sekretariat des CESNIPalais du Rhin2, place de la R\u00e9publique \u2013 CS10023F-67082 Strasbourg cedex+33 (0)3 88 52 20 10 Anfahrt mit \u00f6ffentlichen Verkehrsmitteln Anfahrt vom Flughafen&nbsp;(ca. 10 Min.)Pendelzug: Flughafen Entzheim \u2013 Bahnhof Stra\u00dfburg (4-mal st\u00fcndlich) Anfahrt vom Bahnhof&nbsp;(ca. 10 Min.)Tram C&nbsp;von Strasbourg Gare Centrale Richtung&nbsp;Neuhof, Rodolf Reussbis Haltestelle&nbsp;R\u00e9publique Weitere praktische Informationen Office de Tourisme [&hellip;]","og_url":"https:\/\/www.cesni.eu\/de\/kontakt\/","og_site_name":"CESNI - Comit\u00e9 Europ\u00e9en pour l\u2019\u00c9laboration de Standards dans le domaine de la Navigation Int\u00e9rieure","article_modified_time":"2021-06-04T12:21:46+00:00","twitter_card":"summary_large_image","twitter_misc":{"Est. reading time":"1 minute"},"schema":{"@context":"https:\/\/schema.org","@graph":[{"@type":"WebPage","@id":"https:\/\/www.cesni.eu\/de\/kontakt\/","url":"https:\/\/www.cesni.eu\/de\/kontakt\/","name":"Kontakt und Anreise - CESNI - Comit\u00e9 Europ\u00e9en pour l\u2019\u00c9laboration de Standards dans le domaine de la Navigation Int\u00e9rieure","isPartOf":{"@id":"https:\/\/www.cesni.eu\/nl\/#website"},"datePublished":"2016-03-14T15:04:51+00:00","dateModified":"2021-06-04T12:21:46+00:00","breadcrumb":{"@id":"https:\/\/www.cesni.eu\/de\/kontakt\/#breadcrumb"},"inLanguage":"de-DE","potentialAction":[{"@type":"ReadAction","target":["https:\/\/www.cesni.eu\/de\/kontakt\/"]}]},{"@type":"BreadcrumbList","@id":"https:\/\/www.cesni.eu\/de\/kontakt\/#breadcrumb","itemListElement":[{"@type":"ListItem","position":1,"name":"Accueil","item":"https:\/\/www.cesni.eu\/de\/"},{"@type":"ListItem","position":2,"name":"Kontakt und Anreise"}]},{"@type":"WebSite","@id":"https:\/\/www.cesni.eu\/nl\/#website","url":"https:\/\/www.cesni.eu\/nl\/","name":"CESNI - Comit\u00e9 Europ\u00e9en pour l\u2019\u00c9laboration de Standards dans le domaine de la Navigation Int\u00e9rieure","description":"","potentialAction":[{"@type":"SearchAction","target":{"@type":"EntryPoint","urlTemplate":"https:\/\/www.cesni.eu\/nl\/?s={search_term_string}"},"query-input":{"@type":"PropertyValueSpecification","valueRequired":true,"valueName":"search_term_string"}}],"inLanguage":"de-DE"}]}},"post_mailing_queue_ids":[],"_links":{"self":[{"href":"https:\/\/www.cesni.eu\/de\/wp-json\/wp\/v2\/pages\/204","targetHints":{"allow":["GET"]}}],"collection":[{"href":"https:\/\/www.cesni.eu\/de\/wp-json\/wp\/v2\/pages"}],"about":[{"href":"https:\/\/www.cesni.eu\/de\/wp-json\/wp\/v2\/types\/page"}],"author":[{"embeddable":true,"href":"https:\/\/www.cesni.eu\/de\/wp-json\/wp\/v2\/users\/8"}],"replies":[{"embeddable":true,"href":"https:\/\/www.cesni.eu\/de\/wp-json\/wp\/v2\/comments?post=204"}],"version-history":[{"count":5,"href":"https:\/\/www.cesni.eu\/de\/wp-json\/wp\/v2\/pages\/204\/revisions"}],"predecessor-version":[{"id":5797,"href":"https:\/\/www.cesni.eu\/de\/wp-json\/wp\/v2\/pages\/204\/revisions\/5797"}],"wp:attachment":[{"href":"https:\/\/www.cesni.eu\/de\/wp-json\/wp\/v2\/media?parent=204"}],"curies":[{"name":"wp","href":"https:\/\/api.w.org\/{rel}","templated":true}]}}