{"id":2016,"date":"2018-12-13T12:09:23","date_gmt":"2018-12-13T11:09:23","guid":{"rendered":"https:\/\/www.cesni.eu\/de\/?page_id=2016"},"modified":"2021-06-04T13:20:52","modified_gmt":"2021-06-04T12:20:52","slug":"workshop-wohnungen-2018","status":"publish","type":"page","link":"https:\/\/www.cesni.eu\/de\/workshop-wohnungen-2018\/","title":{"rendered":"Workshop Wohnungen (2018)"},"content":{"rendered":"<p><img loading=\"lazy\" decoding=\"async\" class=\"alignnone size-full wp-image-1976\" src=\"https:\/\/www.cesni.eu\/wp-content\/uploads\/2018\/12\/photo-site-CESNI-002.jpg\" alt=\"\" width=\"546\" height=\"200\"><\/p>\n<p>&nbsp;<\/p>\n<h4>WORKSHOP WOHNUNGEN AUF BINNENSCHIFFEN<br \/>\n(19. November 2018)<\/h4>\n<p>&nbsp;<\/p>\n<p>Die Arbeitsgruppe CESNI\/PT hat festgestellt, dass unterschiedliche Standpunkte hinsichtlich der Notwendigkeit einer Modernisierung der geltenden technischen Vorschriften f\u00fcr Wohnungen (Kapitel 15 ES-TRIN) bestehen.<\/p>\n<p>Es wurde zum jetzigen Zeitpunkt als verfr\u00fcht erachtet, bereits einen \u00c4nderungsentwurf f\u00fcr die technischen Vorschriften zu pr\u00fcfen. Daher hat die Arbeitsgruppe CESNI\/PT am 19. November 2018 einen Workshop zu Wohnungen auf Binnenschiffen veranstaltet, um Erfahrungen bez\u00fcglich der gegenw\u00e4rtigen Praxis zusammenzutragen, festgestellte Probleme zu beschreiben und den entsprechenden Regelungsbedarf zu ermitteln.<\/p>\n<p>Am Workshop nahmen neben den Vertretern von CESNI-Mitgliedern, Beobachterstaaten und anerkannten Verb\u00e4nden auch Angeh\u00f6rige des Schifffahrtsgewerbes und externe Sachverst\u00e4ndige mit speziellen Kenntnissen zu Wohnungen auf Binnenschiffen teil.<\/p>\n<p>&nbsp;<\/p>\n<p><strong>Pr\u00e4sentationen:<\/strong><\/p>\n<h4><span style=\"color: #01a9db;\">Erfahrungen bez\u00fcglich der gegenw\u00e4rtigen Praxis mit Wohnungen<\/span><\/h4>\n<p>&nbsp;<\/p>\n<ul>\n<li>Vermittlung eines realistischen Bilds von Wohnungen im Jahr 2018<br \/>\nEBU\/ESO &#8211; Frau Pater de Groot\/Frau Van Dijk <a href=\"https:\/\/www.cesni.eu\/wp-content\/uploads\/2018\/12\/vanDijk_nl.pdf\" target=\"_blank\" class=\"contentdoc download tooltip\" data-title=\"download\"><svg width=\"20\" height=\"17\"><use xlink:href=\"#download\"><\/use><\/svg><span>NL <\/span><\/a><br \/>\n<a href=\"https:\/\/www.youtube.com\/watch?v=HYX2N-l-d1w\" target=\"_blank\" class=\"contentdoc download tooltip\" data-title=\"download\"><svg width=\"20\" height=\"17\"><use xlink:href=\"#download\"><\/use><\/svg><span>Video Manna <\/span><\/a><br \/>\n<a href=\"https:\/\/www.youtube.com\/watch?v=-IvrgOmwmco\" target=\"_blank\" class=\"contentdoc download tooltip\" data-title=\"download\"><svg width=\"20\" height=\"17\"><use xlink:href=\"#download\"><\/use><\/svg><span>Video Princess, shipowner <\/span><\/a><br \/>\n<a href=\"https:\/\/www.youtube.com\/watch?v=BdVfJ8yMLps\" target=\"_blank\" class=\"contentdoc download tooltip\" data-title=\"download\"><svg width=\"20\" height=\"17\"><use xlink:href=\"#download\"><\/use><\/svg><span>Video Princess, skipper <\/span><\/a><br \/>\n<a href=\"https:\/\/www.youtube.com\/watch?v=6FgNMW9f4mw\" target=\"_blank\" class=\"contentdoc download tooltip\" data-title=\"download\"><svg width=\"20\" height=\"17\"><use xlink:href=\"#download\"><\/use><\/svg><span>Video Lorena <\/span><\/a><\/li>\n<li>Vorstellung der Regeln der neuen Schiffbautechnik<br \/>\nGERC &#8211; Herr Joormann <a href=\"https:\/\/www.cesni.eu\/wp-content\/uploads\/2018\/12\/Joormann_nl.pdf\" target=\"_blank\" class=\"contentdoc download tooltip\" data-title=\"download\"><svg width=\"20\" height=\"17\"><use xlink:href=\"#download\"><\/use><\/svg><span>NL <\/span><\/a><\/li>\n<li>Erl\u00e4uterung von Defiziten bei bestehenden Schiffen<br \/>\nDeutschland &#8211; Herr Dr. F\u00fcngerlings\/Herr Kliche <a href=\"https:\/\/www.cesni.eu\/wp-content\/uploads\/2018\/12\/Fuengerlings_de.pdf\" target=\"_blank\" class=\"contentdoc download tooltip\" data-title=\"download\"><svg width=\"20\" height=\"17\"><use xlink:href=\"#download\"><\/use><\/svg><span>DE <\/span><\/a><\/li>\n<\/ul>\n<h4><span style=\"color: #01a9db;\">Arbeitsdokumente<\/span><\/h4>\n<p>&nbsp;<\/p>\n<ul>\n<li>CESNI\/PT (18) 78 \u2013 Mitt. DE<br \/>\n<a href=\"https:\/\/www.cesni.eu\/wp-content\/uploads\/2018\/12\/cesnipt18_78en.pdf\" target=\"_blank\" class=\"contentdoc download tooltip\" data-title=\"download\"><svg width=\"20\" height=\"17\"><use xlink:href=\"#download\"><\/use><\/svg><span>EN <\/span><\/a> <a href=\"https:\/\/www.cesni.eu\/wp-content\/uploads\/2018\/12\/cesnipt18_78fr.pdf\" target=\"_blank\" class=\"contentdoc download tooltip\" data-title=\"download\"><svg width=\"20\" height=\"17\"><use xlink:href=\"#download\"><\/use><\/svg><span>FR <\/span><\/a> <a href=\"https:\/\/www.cesni.eu\/wp-content\/uploads\/2018\/12\/cesnipt18_78de.pdf\" target=\"_blank\" class=\"contentdoc download tooltip\" data-title=\"download\"><svg width=\"20\" height=\"17\"><use xlink:href=\"#download\"><\/use><\/svg><span>DE <\/span><\/a> <a href=\"https:\/\/www.cesni.eu\/wp-content\/uploads\/2018\/12\/cesnipt18_78nl.pdf\" target=\"_blank\" class=\"contentdoc download tooltip\" data-title=\"download\"><svg width=\"20\" height=\"17\"><use xlink:href=\"#download\"><\/use><\/svg><span>NL <\/span><\/a><\/li>\n<li>CESNI\/PT (18) 101 \u2013 Mitt. ETF<br \/>\n<a href=\"https:\/\/www.cesni.eu\/wp-content\/uploads\/2018\/12\/cesnipt18_101en.pdf\" target=\"_blank\" class=\"contentdoc download tooltip\" data-title=\"download\"><svg width=\"20\" height=\"17\"><use xlink:href=\"#download\"><\/use><\/svg><span>EN <\/span><\/a> <a href=\"https:\/\/www.cesni.eu\/wp-content\/uploads\/2018\/12\/cesnipt18_101fr.pdf\" target=\"_blank\" class=\"contentdoc download tooltip\" data-title=\"download\"><svg width=\"20\" height=\"17\"><use xlink:href=\"#download\"><\/use><\/svg><span>FR <\/span><\/a> <a href=\"https:\/\/www.cesni.eu\/wp-content\/uploads\/2018\/12\/cesnipt18_101de.pdf\" target=\"_blank\" class=\"contentdoc download tooltip\" data-title=\"download\"><svg width=\"20\" height=\"17\"><use xlink:href=\"#download\"><\/use><\/svg><span>DE <\/span><\/a> <a href=\"https:\/\/www.cesni.eu\/wp-content\/uploads\/2018\/12\/cesnipt18_101nl.pdf\" target=\"_blank\" class=\"contentdoc download tooltip\" data-title=\"download\"><svg width=\"20\" height=\"17\"><use xlink:href=\"#download\"><\/use><\/svg><span>NL <\/span><\/a><\/li>\n<\/ul>\n<h4><span style=\"color: #01a9db;\">Niederschrift des Workshops<\/span><\/h4>\n<p>&nbsp;<\/p>\n<ul>\n<li>CESNI\/PT (18) 106<br \/>\n<a href=\"https:\/\/www.cesni.eu\/wp-content\/uploads\/2019\/03\/cesnipt18_106en_m_final.pdf\" target=\"_blank\" class=\"contentdoc download tooltip\" data-title=\"download\"><svg width=\"20\" height=\"17\"><use xlink:href=\"#download\"><\/use><\/svg><span>EN <\/span><\/a> <a href=\"https:\/\/www.cesni.eu\/wp-content\/uploads\/2019\/03\/cesnipt18_106fr_m_final.pdf\" target=\"_blank\" class=\"contentdoc download tooltip\" data-title=\"download\"><svg width=\"20\" height=\"17\"><use xlink:href=\"#download\"><\/use><\/svg><span>FR <\/span><\/a> <a href=\"https:\/\/www.cesni.eu\/wp-content\/uploads\/2019\/03\/cesnipt18_106de_m_final.pdf\" target=\"_blank\" class=\"contentdoc download tooltip\" data-title=\"download\"><svg width=\"20\" height=\"17\"><use xlink:href=\"#download\"><\/use><\/svg><span>DE <\/span><\/a> <a href=\"https:\/\/www.cesni.eu\/wp-content\/uploads\/2019\/03\/cesnipt18_106nl_m_final.pdf\" target=\"_blank\" class=\"contentdoc download tooltip\" data-title=\"download\"><svg width=\"20\" height=\"17\"><use xlink:href=\"#download\"><\/use><\/svg><span>NL <\/span><\/a><\/li>\n<\/ul>\n","protected":false},"excerpt":{"rendered":"<p>&nbsp; WORKSHOP WOHNUNGEN AUF BINNENSCHIFFEN (19. November 2018) &nbsp; Die Arbeitsgruppe CESNI\/PT hat festgestellt, dass unterschiedliche Standpunkte hinsichtlich der Notwendigkeit einer Modernisierung der geltenden technischen Vorschriften f\u00fcr Wohnungen (Kapitel 15 ES-TRIN) bestehen. Es wurde zum jetzigen Zeitpunkt als verfr\u00fcht erachtet, bereits einen \u00c4nderungsentwurf f\u00fcr die technischen Vorschriften zu pr\u00fcfen. Daher hat die Arbeitsgruppe CESNI\/PT am [&hellip;]<\/p>\n","protected":false},"author":3,"featured_media":0,"parent":0,"menu_order":0,"comment_status":"closed","ping_status":"closed","template":"","meta":{"_acf_changed":false,"footnotes":""},"class_list":["post-2016","page","type-page","status-publish","hentry"],"acf":[],"yoast_head":"<!-- This site is optimized with the Yoast SEO plugin v27.3 - https:\/\/yoast.com\/product\/yoast-seo-wordpress\/ -->\n<title>Workshop Wohnungen (2018) - CESNI - Comit\u00e9 Europ\u00e9en pour l\u2019\u00c9laboration de Standards dans le domaine de la Navigation Int\u00e9rieure<\/title>\n<meta name=\"robots\" content=\"index, follow, max-snippet:-1, max-image-preview:large, max-video-preview:-1\" \/>\n<link rel=\"canonical\" href=\"https:\/\/www.cesni.eu\/de\/workshop-wohnungen-2018\/\" \/>\n<meta property=\"og:locale\" content=\"de_DE\" \/>\n<meta property=\"og:type\" content=\"article\" \/>\n<meta property=\"og:title\" content=\"Workshop Wohnungen (2018) - CESNI - Comit\u00e9 Europ\u00e9en pour l\u2019\u00c9laboration de Standards dans le domaine de la Navigation Int\u00e9rieure\" \/>\n<meta property=\"og:description\" content=\"&nbsp; WORKSHOP WOHNUNGEN AUF BINNENSCHIFFEN (19. November 2018) &nbsp; Die Arbeitsgruppe CESNI\/PT hat festgestellt, dass unterschiedliche Standpunkte hinsichtlich der Notwendigkeit einer Modernisierung der geltenden technischen Vorschriften f\u00fcr Wohnungen (Kapitel 15 ES-TRIN) bestehen. Es wurde zum jetzigen Zeitpunkt als verfr\u00fcht erachtet, bereits einen \u00c4nderungsentwurf f\u00fcr die technischen Vorschriften zu pr\u00fcfen. Daher hat die Arbeitsgruppe CESNI\/PT am [&hellip;]\" \/>\n<meta property=\"og:url\" content=\"https:\/\/www.cesni.eu\/de\/workshop-wohnungen-2018\/\" \/>\n<meta property=\"og:site_name\" content=\"CESNI - Comit\u00e9 Europ\u00e9en pour l\u2019\u00c9laboration de Standards dans le domaine de la Navigation Int\u00e9rieure\" \/>\n<meta property=\"article:modified_time\" content=\"2021-06-04T12:20:52+00:00\" \/>\n<meta property=\"og:image\" content=\"https:\/\/www.cesni.eu\/wp-content\/uploads\/2018\/12\/photo-site-CESNI-002.jpg\" \/>\n<meta name=\"twitter:card\" content=\"summary_large_image\" \/>\n<meta name=\"twitter:label1\" content=\"Est. reading time\" \/>\n\t<meta name=\"twitter:data1\" content=\"2 minutes\" \/>\n<script type=\"application\/ld+json\" class=\"yoast-schema-graph\">{\"@context\":\"https:\\\/\\\/schema.org\",\"@graph\":[{\"@type\":\"WebPage\",\"@id\":\"https:\\\/\\\/www.cesni.eu\\\/de\\\/workshop-wohnungen-2018\\\/\",\"url\":\"https:\\\/\\\/www.cesni.eu\\\/de\\\/workshop-wohnungen-2018\\\/\",\"name\":\"Workshop Wohnungen (2018) - CESNI - Comit\u00e9 Europ\u00e9en pour l\u2019\u00c9laboration de Standards dans le domaine de la Navigation Int\u00e9rieure\",\"isPartOf\":{\"@id\":\"https:\\\/\\\/www.cesni.eu\\\/nl\\\/#website\"},\"primaryImageOfPage\":{\"@id\":\"https:\\\/\\\/www.cesni.eu\\\/de\\\/workshop-wohnungen-2018\\\/#primaryimage\"},\"image\":{\"@id\":\"https:\\\/\\\/www.cesni.eu\\\/de\\\/workshop-wohnungen-2018\\\/#primaryimage\"},\"thumbnailUrl\":\"https:\\\/\\\/www.cesni.eu\\\/wp-content\\\/uploads\\\/2018\\\/12\\\/photo-site-CESNI-002.jpg\",\"datePublished\":\"2018-12-13T11:09:23+00:00\",\"dateModified\":\"2021-06-04T12:20:52+00:00\",\"breadcrumb\":{\"@id\":\"https:\\\/\\\/www.cesni.eu\\\/de\\\/workshop-wohnungen-2018\\\/#breadcrumb\"},\"inLanguage\":\"de-DE\",\"potentialAction\":[{\"@type\":\"ReadAction\",\"target\":[\"https:\\\/\\\/www.cesni.eu\\\/de\\\/workshop-wohnungen-2018\\\/\"]}]},{\"@type\":\"ImageObject\",\"inLanguage\":\"de-DE\",\"@id\":\"https:\\\/\\\/www.cesni.eu\\\/de\\\/workshop-wohnungen-2018\\\/#primaryimage\",\"url\":\"https:\\\/\\\/www.cesni.eu\\\/wp-content\\\/uploads\\\/2018\\\/12\\\/photo-site-CESNI-002.jpg\",\"contentUrl\":\"https:\\\/\\\/www.cesni.eu\\\/wp-content\\\/uploads\\\/2018\\\/12\\\/photo-site-CESNI-002.jpg\"},{\"@type\":\"BreadcrumbList\",\"@id\":\"https:\\\/\\\/www.cesni.eu\\\/de\\\/workshop-wohnungen-2018\\\/#breadcrumb\",\"itemListElement\":[{\"@type\":\"ListItem\",\"position\":1,\"name\":\"Accueil\",\"item\":\"https:\\\/\\\/www.cesni.eu\\\/de\\\/\"},{\"@type\":\"ListItem\",\"position\":2,\"name\":\"Workshop Wohnungen (2018)\"}]},{\"@type\":\"WebSite\",\"@id\":\"https:\\\/\\\/www.cesni.eu\\\/nl\\\/#website\",\"url\":\"https:\\\/\\\/www.cesni.eu\\\/nl\\\/\",\"name\":\"CESNI - Comit\u00e9 Europ\u00e9en pour l\u2019\u00c9laboration de Standards dans le domaine de la Navigation Int\u00e9rieure\",\"description\":\"\",\"potentialAction\":[{\"@type\":\"SearchAction\",\"target\":{\"@type\":\"EntryPoint\",\"urlTemplate\":\"https:\\\/\\\/www.cesni.eu\\\/nl\\\/?s={search_term_string}\"},\"query-input\":{\"@type\":\"PropertyValueSpecification\",\"valueRequired\":true,\"valueName\":\"search_term_string\"}}],\"inLanguage\":\"de-DE\"}]}<\/script>\n<!-- \/ Yoast SEO plugin. -->","yoast_head_json":{"title":"Workshop Wohnungen (2018) - CESNI - Comit\u00e9 Europ\u00e9en pour l\u2019\u00c9laboration de Standards dans le domaine de la Navigation Int\u00e9rieure","robots":{"index":"index","follow":"follow","max-snippet":"max-snippet:-1","max-image-preview":"max-image-preview:large","max-video-preview":"max-video-preview:-1"},"canonical":"https:\/\/www.cesni.eu\/de\/workshop-wohnungen-2018\/","og_locale":"de_DE","og_type":"article","og_title":"Workshop Wohnungen (2018) - CESNI - Comit\u00e9 Europ\u00e9en pour l\u2019\u00c9laboration de Standards dans le domaine de la Navigation Int\u00e9rieure","og_description":"&nbsp; WORKSHOP WOHNUNGEN AUF BINNENSCHIFFEN (19. November 2018) &nbsp; Die Arbeitsgruppe CESNI\/PT hat festgestellt, dass unterschiedliche Standpunkte hinsichtlich der Notwendigkeit einer Modernisierung der geltenden technischen Vorschriften f\u00fcr Wohnungen (Kapitel 15 ES-TRIN) bestehen. Es wurde zum jetzigen Zeitpunkt als verfr\u00fcht erachtet, bereits einen \u00c4nderungsentwurf f\u00fcr die technischen Vorschriften zu pr\u00fcfen. Daher hat die Arbeitsgruppe CESNI\/PT am [&hellip;]","og_url":"https:\/\/www.cesni.eu\/de\/workshop-wohnungen-2018\/","og_site_name":"CESNI - Comit\u00e9 Europ\u00e9en pour l\u2019\u00c9laboration de Standards dans le domaine de la Navigation Int\u00e9rieure","article_modified_time":"2021-06-04T12:20:52+00:00","og_image":[{"url":"https:\/\/www.cesni.eu\/wp-content\/uploads\/2018\/12\/photo-site-CESNI-002.jpg","type":"","width":"","height":""}],"twitter_card":"summary_large_image","twitter_misc":{"Est. reading time":"2 minutes"},"schema":{"@context":"https:\/\/schema.org","@graph":[{"@type":"WebPage","@id":"https:\/\/www.cesni.eu\/de\/workshop-wohnungen-2018\/","url":"https:\/\/www.cesni.eu\/de\/workshop-wohnungen-2018\/","name":"Workshop Wohnungen (2018) - CESNI - Comit\u00e9 Europ\u00e9en pour l\u2019\u00c9laboration de Standards dans le domaine de la Navigation Int\u00e9rieure","isPartOf":{"@id":"https:\/\/www.cesni.eu\/nl\/#website"},"primaryImageOfPage":{"@id":"https:\/\/www.cesni.eu\/de\/workshop-wohnungen-2018\/#primaryimage"},"image":{"@id":"https:\/\/www.cesni.eu\/de\/workshop-wohnungen-2018\/#primaryimage"},"thumbnailUrl":"https:\/\/www.cesni.eu\/wp-content\/uploads\/2018\/12\/photo-site-CESNI-002.jpg","datePublished":"2018-12-13T11:09:23+00:00","dateModified":"2021-06-04T12:20:52+00:00","breadcrumb":{"@id":"https:\/\/www.cesni.eu\/de\/workshop-wohnungen-2018\/#breadcrumb"},"inLanguage":"de-DE","potentialAction":[{"@type":"ReadAction","target":["https:\/\/www.cesni.eu\/de\/workshop-wohnungen-2018\/"]}]},{"@type":"ImageObject","inLanguage":"de-DE","@id":"https:\/\/www.cesni.eu\/de\/workshop-wohnungen-2018\/#primaryimage","url":"https:\/\/www.cesni.eu\/wp-content\/uploads\/2018\/12\/photo-site-CESNI-002.jpg","contentUrl":"https:\/\/www.cesni.eu\/wp-content\/uploads\/2018\/12\/photo-site-CESNI-002.jpg"},{"@type":"BreadcrumbList","@id":"https:\/\/www.cesni.eu\/de\/workshop-wohnungen-2018\/#breadcrumb","itemListElement":[{"@type":"ListItem","position":1,"name":"Accueil","item":"https:\/\/www.cesni.eu\/de\/"},{"@type":"ListItem","position":2,"name":"Workshop Wohnungen (2018)"}]},{"@type":"WebSite","@id":"https:\/\/www.cesni.eu\/nl\/#website","url":"https:\/\/www.cesni.eu\/nl\/","name":"CESNI - Comit\u00e9 Europ\u00e9en pour l\u2019\u00c9laboration de Standards dans le domaine de la Navigation Int\u00e9rieure","description":"","potentialAction":[{"@type":"SearchAction","target":{"@type":"EntryPoint","urlTemplate":"https:\/\/www.cesni.eu\/nl\/?s={search_term_string}"},"query-input":{"@type":"PropertyValueSpecification","valueRequired":true,"valueName":"search_term_string"}}],"inLanguage":"de-DE"}]}},"post_mailing_queue_ids":[],"_links":{"self":[{"href":"https:\/\/www.cesni.eu\/de\/wp-json\/wp\/v2\/pages\/2016","targetHints":{"allow":["GET"]}}],"collection":[{"href":"https:\/\/www.cesni.eu\/de\/wp-json\/wp\/v2\/pages"}],"about":[{"href":"https:\/\/www.cesni.eu\/de\/wp-json\/wp\/v2\/types\/page"}],"author":[{"embeddable":true,"href":"https:\/\/www.cesni.eu\/de\/wp-json\/wp\/v2\/users\/3"}],"replies":[{"embeddable":true,"href":"https:\/\/www.cesni.eu\/de\/wp-json\/wp\/v2\/comments?post=2016"}],"version-history":[{"count":5,"href":"https:\/\/www.cesni.eu\/de\/wp-json\/wp\/v2\/pages\/2016\/revisions"}],"predecessor-version":[{"id":6109,"href":"https:\/\/www.cesni.eu\/de\/wp-json\/wp\/v2\/pages\/2016\/revisions\/6109"}],"wp:attachment":[{"href":"https:\/\/www.cesni.eu\/de\/wp-json\/wp\/v2\/media?parent=2016"}],"curies":[{"name":"wp","href":"https:\/\/api.w.org\/{rel}","templated":true}]}}