{"id":189,"date":"2016-04-29T13:42:33","date_gmt":"2016-04-29T12:42:33","guid":{"rendered":"https:\/\/www.cesni.eu\/de\/?page_id=189"},"modified":"2026-02-23T11:58:45","modified_gmt":"2026-02-23T10:58:45","slug":"vorsitz-und-sekretariat","status":"publish","type":"page","link":"https:\/\/www.cesni.eu\/de\/ueber-cesni\/vorsitz-und-sekretariat\/","title":{"rendered":"Vorsitz und Sekretariat"},"content":{"rendered":"\n<h2 class=\"wp-block-heading\"><strong>VORSITZ UND STELLVERTRETENDER VORSITZ \u2013 2026-2027<\/strong><\/h2>\n\n\n\n<p>Der CESNI-Ausschuss w\u00e4hlt seinen Vorsitzenden und stellvertretenden Vorsitzenden. Der Vorsitz und der stellvertretende Vorsitz werden f\u00fcr eine Amtsdauer von jeweils zwei Jahren durch Sachverst\u00e4ndige aus einem Mitgliedsland wahrgenommen. Ist der Vorsitzende verhindert oder das Amt vakant, \u00fcbernimmt den Vorsitz der stellvertretende Vorsitzende.<\/p>\n\n\n\n<p>In seiner Sitzung vom 28. Oktober 2025 hat der CESNI-Ausschuss seinen Vorsitzenden und stellvertretenden Vorsitzenden f\u00fcr den Zeitraum 2026-2027 gew\u00e4hlt.<\/p>\n\n\n\n<div class=\"wp-block-columns is-layout-flex wp-container-core-columns-is-layout-28f84493 wp-block-columns-is-layout-flex\">\n<div class=\"wp-block-column is-layout-flow wp-block-column-is-layout-flow\" style=\"flex-basis:155px\">\n<figure class=\"wp-block-image size-large\"><img loading=\"lazy\" decoding=\"async\" width=\"981\" height=\"1200\" src=\"https:\/\/www.cesni.eu\/wp-content\/uploads\/2024\/02\/Florian-Roethlinghoefer-981x1200.jpg\" alt=\"\" class=\"wp-image-9887\" style=\"object-fit:cover\" srcset=\"https:\/\/www.cesni.eu\/wp-content\/uploads\/2024\/02\/Florian-Roethlinghoefer-981x1200.jpg 981w, https:\/\/www.cesni.eu\/wp-content\/uploads\/2024\/02\/Florian-Roethlinghoefer-491x600.jpg 491w, https:\/\/www.cesni.eu\/wp-content\/uploads\/2024\/02\/Florian-Roethlinghoefer-1256x1536.jpg 1256w, https:\/\/www.cesni.eu\/wp-content\/uploads\/2024\/02\/Florian-Roethlinghoefer-1674x2048.jpg 1674w\" sizes=\"auto, (max-width: 981px) 100vw, 981px\" \/><\/figure>\n<\/div>\n\n\n\n<div class=\"wp-block-column is-layout-flow wp-block-column-is-layout-flow\">\n<h3 class=\"wp-block-heading\" style=\"text-transform:uppercase\">Vorsitzender<\/h3>\n\n\n\n<h4 class=\"wp-block-heading\">Herr Florian R\u00f6thlingsh\u00f6fer<\/h4>\n\n\n\n<p>Direktor der Schweizerischen Rheinh\u00e4fen<br><strong>SCHWEIZ<\/strong><\/p>\n<\/div>\n<\/div>\n\n\n\n\n\n<div class=\"wp-block-columns is-layout-flex wp-container-core-columns-is-layout-28f84493 wp-block-columns-is-layout-flex\">\n<div class=\"wp-block-column is-layout-flow wp-block-column-is-layout-flow\" style=\"flex-basis:155px\">\n<figure class=\"wp-block-image size-full\"><img loading=\"lazy\" decoding=\"async\" width=\"300\" height=\"300\" src=\"https:\/\/www.cesni.eu\/wp-content\/uploads\/2026\/01\/Monika-Niemec-Butryn.jpg\" alt=\"\" class=\"wp-image-12092\" style=\"object-fit:cover\"\/><\/figure>\n<\/div>\n\n\n\n\n<div class=\"wp-block-column is-layout-flow wp-block-column-is-layout-flow\">\n<h3 class=\"wp-block-heading\" style=\"text-transform:uppercase\">Stellvertrender Vorsitzender<\/h3>\n\n\n\n<h4 class=\"wp-block-heading\">Frau Monika Niemec Butryn<\/h4>\n\n\n\n<p>Direktorin der Abteilung f\u00fcr Meereswirtschaft und Binnenschifffahrt des polnischen Ministeriums f\u00fcr Infrastruktur.<br><strong>POLEN<\/strong><\/p>\n<\/div>\n<\/div>\n\n\n\n<h2 class=\"wp-block-heading\"><strong>SEKRETARIAT VON CESNI<\/strong><\/h2>\n\n\n\n<p>Das Sekretariat des CESNI-Ausschusses und seiner Arbeitsgruppen wird vom Sekretariat der Zentralkommission f\u00fcr die Rheinschifffahrt (ZKR) wahrgenommen.<\/p>\n\n\n\n<p><strong><span style=\"color: #01a9db;\">Nachstehend finden Sie die passenden Ansprechpartner f\u00fcr die Beantwortung der spezifischen Fragen im Zusammenhang mit CESNI<\/span><\/strong><\/p>\n\n\n\n<div class=\"wp-block-columns is-layout-flex wp-container-core-columns-is-layout-28f84493 wp-block-columns-is-layout-flex\">\n<div class=\"wp-block-column is-layout-flow wp-block-column-is-layout-flow\" style=\"flex-basis:155px\"><div class=\"wp-block-image\">\n<figure class=\"alignleft\"><img decoding=\"async\" src=\"https:\/\/www.cesni.eu\/wp-content\/uploads\/2026\/01\/Hester-Duursema-2.jpg\" alt=\"Hester Duursema\" class=\"wp-image-267\" style=\"object-fit:cover\"\/><\/figure>\n<\/div><\/div>\n\n\n\n<div class=\"wp-block-column is-layout-flow wp-block-column-is-layout-flow\">\n<h4 class=\"wp-block-heading\">Frau Hester Duursema<\/h4>\n\n\n\n<p>Generalsekret\u00e4rin der Zentralkommission f\u00fcr die Rheinschifffahrt<br><a href=\"mailto:comite_cesni@cesni.eu\">comite_cesni@cesni.eu<\/a><\/p>\n<\/div>\n<\/div>\n\n\n\n<div class=\"wp-block-columns is-layout-flex wp-container-core-columns-is-layout-28f84493 wp-block-columns-is-layout-flex\">\n<div class=\"wp-block-column is-layout-flow wp-block-column-is-layout-flow\" style=\"flex-basis:155px\"><div class=\"wp-block-image\">\n<figure class=\"alignleft size-large\"><img loading=\"lazy\" decoding=\"async\" width=\"982\" height=\"1200\" src=\"https:\/\/www.cesni.eu\/wp-content\/uploads\/2026\/01\/AK-982x1200.jpg\" alt=\"\" class=\"wp-image-12088\" style=\"object-fit:cover\" srcset=\"https:\/\/www.cesni.eu\/wp-content\/uploads\/2026\/01\/AK-982x1200.jpg 982w, https:\/\/www.cesni.eu\/wp-content\/uploads\/2026\/01\/AK-491x600.jpg 491w, https:\/\/www.cesni.eu\/wp-content\/uploads\/2026\/01\/AK.jpg 1063w\" sizes=\"auto, (max-width: 982px) 100vw, 982px\" \/><\/figure>\n<\/div><\/div>\n\n\n\n<div class=\"wp-block-column is-layout-flow wp-block-column-is-layout-flow\">\n<h4 class=\"wp-block-heading\">Frau Anne Kaelbel<\/h4>\n\n\n\n<p>Fragen zur Koordinierung des CESNI<br><a href=\"mailto:comite_cesni@cesni.eu\">comite_cesni@cesni.eu<\/a><\/p>\n<\/div>\n<\/div>\n\n\n\n<div class=\"wp-block-columns is-layout-flex wp-container-core-columns-is-layout-28f84493 wp-block-columns-is-layout-flex\">\n<div class=\"wp-block-column is-layout-flow wp-block-column-is-layout-flow\" style=\"flex-basis:155px\"><div class=\"wp-block-image\">\n<figure class=\"alignleft size-full\"><img loading=\"lazy\" decoding=\"async\" width=\"400\" height=\"600\" src=\"https:\/\/www.cesni.eu\/wp-content\/uploads\/2023\/03\/B_Boyer_1.jpg\" alt=\"\" class=\"wp-image-8923\" style=\"object-fit:cover\"\/><\/figure>\n<\/div><\/div>\n\n\n\n<div class=\"wp-block-column is-layout-flow wp-block-column-is-layout-flow\">\n<h4 class=\"wp-block-heading\">Herr Benjamin Boyer<\/h4>\n\n\n\n<p>Fragen zu technischen Vorschriften (CESNI\/PT)<br><a href=\"mailto:pt_cesni@cesni.eu\">pt_cesni@cesni.eu<\/a><\/p>\n<\/div>\n<\/div>\n\n\n\n<div class=\"wp-block-columns is-layout-flex wp-container-core-columns-is-layout-28f84493 wp-block-columns-is-layout-flex\">\n<div class=\"wp-block-column is-layout-flow wp-block-column-is-layout-flow\" style=\"flex-basis:155px\"><div class=\"wp-block-image\">\n<figure class=\"alignleft size-full\"><img loading=\"lazy\" decoding=\"async\" width=\"155\" height=\"206\" src=\"https:\/\/www.cesni.eu\/wp-content\/uploads\/2022\/10\/C_Daloze_1.jpg\" alt=\"\" class=\"wp-image-8472\" style=\"object-fit:cover\"\/><\/figure>\n<\/div><\/div>\n\n\n\n<div class=\"wp-block-column is-layout-flow wp-block-column-is-layout-flow\">\n<h4 class=\"wp-block-heading\">Frau Charline Daloze<\/h4>\n\n\n\n<p>Fragen zu Berufsbef\u00e4higungen (CESNI\/QP)<br><a href=\"mailto:qp_cesni@cesni.eu\">qp_cesni@cesni.eu<\/a><\/p>\n<\/div>\n<\/div>\n\n\n\n<div class=\"wp-block-columns is-layout-flex wp-container-core-columns-is-layout-28f84493 wp-block-columns-is-layout-flex\">\n<div class=\"wp-block-column is-layout-flow wp-block-column-is-layout-flow\" style=\"flex-basis:155px\"><div class=\"wp-block-image\">\n<figure class=\"alignleft size-full\"><img loading=\"lazy\" decoding=\"async\" width=\"400\" height=\"600\" src=\"https:\/\/www.cesni.eu\/wp-content\/uploads\/2023\/03\/R_Le-Guillou_2.jpg\" alt=\"\" class=\"wp-image-8919\" style=\"object-fit:cover\"\/><\/figure>\n<\/div><\/div>\n\n\n\n<div class=\"wp-block-column is-layout-flow wp-block-column-is-layout-flow\">\n<h4 class=\"wp-block-heading\">Herr Rapha\u00ebl Le Guillou<\/h4>\n\n\n\n<p>Fragen zu Informationstechnologien (CESNI\/TI)<br><a href=\"mailto:ti_cesni@cesni.eu\">ti_cesni@cesni.eu<\/a><\/p>\n<\/div>\n<\/div>\n\n\n\n<div class=\"wp-block-columns is-layout-flex wp-container-core-columns-is-layout-28f84493 wp-block-columns-is-layout-flex\">\n<div class=\"wp-block-column is-layout-flow wp-block-column-is-layout-flow\" style=\"flex-basis:155px\"><div class=\"wp-block-image\">\n<figure class=\"alignleft\"><img decoding=\"async\" src=\"https:\/\/www.cesni.eu\/wp-content\/uploads\/2023\/03\/L_Fahrner_1.jpg\" alt=\"LF\" class=\"wp-image-625\"\/><\/figure>\n<\/div><\/div>\n\n\n\n<div class=\"wp-block-column is-layout-flow wp-block-column-is-layout-flow\">\n<h4 class=\"wp-block-heading\">Frau Lucie Fahrner<\/h4>\n\n\n\n<p>Fragen zur Kommunikation<br><a href=\"mailto:info@cesni.eu\">info@cesni.eu<\/a><\/p>\n<\/div>\n<\/div>\n\n\n\n<h2 class=\"wp-block-heading\"><strong>Fr\u00fchere Vorsitze<\/strong><\/h2>\n\n\n\n<h4 class=\"wp-block-heading\" style=\"margin-bottom:0px\">2016-2017<br>Herr Max Nilles<\/h4>\n\n\n\n<p>Berater der Direktion<br>Direktion f\u00fcr Binnenschifffahrt und Logistik<br>Abteilung Verkehr<br>Ministerium f\u00fcr nachhaltige Entwicklung und Infrastruktur<br><strong>LUXEMBURG<\/strong>\n\n\n\n<h4 class=\"wp-block-heading\" style=\"margin-bottom:0px\">2018-2019<br>Frau Lucia Luijten<\/h4>\n\n\n\n<p>Direktorin der Einheit Binnenschifffahrt und Wasserstra\u00dfen<br>Ministerium f\u00fcr Infrastruktur und Umwelt<br><strong>NIEDERLANDE<\/strong><\/p>\n\n\n\n<h4 class=\"wp-block-heading\" style=\"margin-bottom:0px\">2020-2021<br>Herr Vojtech Dabrowski<\/h4>\n\n\n\n<p>Leiter der Binnenschifffahrtseinheit<br>Abteilung f\u00fcr Schienen- und Schiffsverkehr<br>Verkehrsministerium<br><strong>TSCHECHIEN<\/strong><\/p>\n\n\n\n<h4 class=\"wp-block-heading\" style=\"margin-bottom:0px\">2022-2023<br>Frau Marleen Coenen<\/h4>\n\n\n\n<p>Leiterin des Bereichs Wasserstra\u00dfen und Binnenschifffahrt im Ministerium f\u00fcr Mobilit\u00e4t und \u00f6ffentliche Arbeiten Flandern<br><strong>BELGIEN<\/strong><\/p>\n\n\n\n<h4 class=\"wp-block-heading\" style=\"margin-bottom:0px\">2024-2025<br>Herr Ivan Bili\u0107-Prci\u0107<\/h4>\n\n\n\n<p>Schiffbauingenieur und Leiter der Abteilung Binnenschifffahrt beim kroatischen Schiffsregister<br><strong>KROATIEN<\/strong><\/p>\n","protected":false},"excerpt":{"rendered":"<p>VORSITZ UND STELLVERTRETENDER VORSITZ \u2013 2026-2027 Der CESNI-Ausschuss w\u00e4hlt seinen Vorsitzenden und stellvertretenden Vorsitzenden. Der Vorsitz und der stellvertretende Vorsitz werden f\u00fcr eine Amtsdauer von jeweils zwei Jahren durch Sachverst\u00e4ndige aus einem Mitgliedsland wahrgenommen. Ist der Vorsitzende verhindert oder das Amt vakant, \u00fcbernimmt den Vorsitz der stellvertretende Vorsitzende. In seiner Sitzung vom 28. Oktober 2025 [&hellip;]<\/p>\n","protected":false},"author":8,"featured_media":0,"parent":183,"menu_order":1,"comment_status":"closed","ping_status":"closed","template":"","meta":{"_acf_changed":false,"footnotes":""},"class_list":["post-189","page","type-page","status-publish","hentry"],"acf":[],"yoast_head":"<!-- This site is optimized with the Yoast SEO plugin v27.3 - https:\/\/yoast.com\/product\/yoast-seo-wordpress\/ -->\n<title>Vorsitz und Sekretariat - CESNI - Comit\u00e9 Europ\u00e9en pour l\u2019\u00c9laboration de Standards dans le domaine de la Navigation Int\u00e9rieure<\/title>\n<meta name=\"robots\" content=\"index, follow, max-snippet:-1, max-image-preview:large, max-video-preview:-1\" \/>\n<link rel=\"canonical\" href=\"https:\/\/www.cesni.eu\/de\/ueber-cesni\/vorsitz-und-sekretariat\/\" \/>\n<meta property=\"og:locale\" content=\"de_DE\" \/>\n<meta property=\"og:type\" content=\"article\" \/>\n<meta property=\"og:title\" content=\"Vorsitz und Sekretariat - CESNI - Comit\u00e9 Europ\u00e9en pour l\u2019\u00c9laboration de Standards dans le domaine de la Navigation Int\u00e9rieure\" \/>\n<meta property=\"og:description\" content=\"VORSITZ UND STELLVERTRETENDER VORSITZ \u2013 2026-2027 Der CESNI-Ausschuss w\u00e4hlt seinen Vorsitzenden und stellvertretenden Vorsitzenden. Der Vorsitz und der stellvertretende Vorsitz werden f\u00fcr eine Amtsdauer von jeweils zwei Jahren durch Sachverst\u00e4ndige aus einem Mitgliedsland wahrgenommen. Ist der Vorsitzende verhindert oder das Amt vakant, \u00fcbernimmt den Vorsitz der stellvertretende Vorsitzende. In seiner Sitzung vom 28. Oktober 2025 [&hellip;]\" \/>\n<meta property=\"og:url\" content=\"https:\/\/www.cesni.eu\/de\/ueber-cesni\/vorsitz-und-sekretariat\/\" \/>\n<meta property=\"og:site_name\" content=\"CESNI - Comit\u00e9 Europ\u00e9en pour l\u2019\u00c9laboration de Standards dans le domaine de la Navigation Int\u00e9rieure\" \/>\n<meta property=\"article:modified_time\" content=\"2026-02-23T10:58:45+00:00\" \/>\n<meta property=\"og:image\" content=\"https:\/\/www.cesni.eu\/wp-content\/uploads\/2024\/02\/Florian-Roethlinghoefer.jpg\" \/>\n\t<meta property=\"og:image:width\" content=\"2093\" \/>\n\t<meta property=\"og:image:height\" content=\"2560\" \/>\n\t<meta property=\"og:image:type\" content=\"image\/jpeg\" \/>\n<meta name=\"twitter:card\" content=\"summary_large_image\" \/>\n<meta name=\"twitter:label1\" content=\"Est. reading time\" \/>\n\t<meta name=\"twitter:data1\" content=\"3 minutes\" \/>\n<script type=\"application\/ld+json\" class=\"yoast-schema-graph\">{\"@context\":\"https:\\\/\\\/schema.org\",\"@graph\":[{\"@type\":\"WebPage\",\"@id\":\"https:\\\/\\\/www.cesni.eu\\\/de\\\/ueber-cesni\\\/vorsitz-und-sekretariat\\\/\",\"url\":\"https:\\\/\\\/www.cesni.eu\\\/de\\\/ueber-cesni\\\/vorsitz-und-sekretariat\\\/\",\"name\":\"Vorsitz und Sekretariat - CESNI - Comit\u00e9 Europ\u00e9en pour l\u2019\u00c9laboration de Standards dans le domaine de la Navigation Int\u00e9rieure\",\"isPartOf\":{\"@id\":\"https:\\\/\\\/www.cesni.eu\\\/nl\\\/#website\"},\"primaryImageOfPage\":{\"@id\":\"https:\\\/\\\/www.cesni.eu\\\/de\\\/ueber-cesni\\\/vorsitz-und-sekretariat\\\/#primaryimage\"},\"image\":{\"@id\":\"https:\\\/\\\/www.cesni.eu\\\/de\\\/ueber-cesni\\\/vorsitz-und-sekretariat\\\/#primaryimage\"},\"thumbnailUrl\":\"https:\\\/\\\/www.cesni.eu\\\/wp-content\\\/uploads\\\/2024\\\/02\\\/Florian-Roethlinghoefer-981x1200.jpg\",\"datePublished\":\"2016-04-29T12:42:33+00:00\",\"dateModified\":\"2026-02-23T10:58:45+00:00\",\"breadcrumb\":{\"@id\":\"https:\\\/\\\/www.cesni.eu\\\/de\\\/ueber-cesni\\\/vorsitz-und-sekretariat\\\/#breadcrumb\"},\"inLanguage\":\"de-DE\",\"potentialAction\":[{\"@type\":\"ReadAction\",\"target\":[\"https:\\\/\\\/www.cesni.eu\\\/de\\\/ueber-cesni\\\/vorsitz-und-sekretariat\\\/\"]}]},{\"@type\":\"ImageObject\",\"inLanguage\":\"de-DE\",\"@id\":\"https:\\\/\\\/www.cesni.eu\\\/de\\\/ueber-cesni\\\/vorsitz-und-sekretariat\\\/#primaryimage\",\"url\":\"https:\\\/\\\/www.cesni.eu\\\/wp-content\\\/uploads\\\/2024\\\/02\\\/Florian-Roethlinghoefer-981x1200.jpg\",\"contentUrl\":\"https:\\\/\\\/www.cesni.eu\\\/wp-content\\\/uploads\\\/2024\\\/02\\\/Florian-Roethlinghoefer-981x1200.jpg\"},{\"@type\":\"BreadcrumbList\",\"@id\":\"https:\\\/\\\/www.cesni.eu\\\/de\\\/ueber-cesni\\\/vorsitz-und-sekretariat\\\/#breadcrumb\",\"itemListElement\":[{\"@type\":\"ListItem\",\"position\":1,\"name\":\"Accueil\",\"item\":\"https:\\\/\\\/www.cesni.eu\\\/de\\\/\"},{\"@type\":\"ListItem\",\"position\":2,\"name\":\"\u00dcber CESNI\",\"item\":\"https:\\\/\\\/www.cesni.eu\\\/de\\\/ueber-cesni\\\/\"},{\"@type\":\"ListItem\",\"position\":3,\"name\":\"Vorsitz und Sekretariat\"}]},{\"@type\":\"WebSite\",\"@id\":\"https:\\\/\\\/www.cesni.eu\\\/nl\\\/#website\",\"url\":\"https:\\\/\\\/www.cesni.eu\\\/nl\\\/\",\"name\":\"CESNI - Comit\u00e9 Europ\u00e9en pour l\u2019\u00c9laboration de Standards dans le domaine de la Navigation Int\u00e9rieure\",\"description\":\"\",\"potentialAction\":[{\"@type\":\"SearchAction\",\"target\":{\"@type\":\"EntryPoint\",\"urlTemplate\":\"https:\\\/\\\/www.cesni.eu\\\/nl\\\/?s={search_term_string}\"},\"query-input\":{\"@type\":\"PropertyValueSpecification\",\"valueRequired\":true,\"valueName\":\"search_term_string\"}}],\"inLanguage\":\"de-DE\"}]}<\/script>\n<!-- \/ Yoast SEO plugin. -->","yoast_head_json":{"title":"Vorsitz und Sekretariat - CESNI - Comit\u00e9 Europ\u00e9en pour l\u2019\u00c9laboration de Standards dans le domaine de la Navigation Int\u00e9rieure","robots":{"index":"index","follow":"follow","max-snippet":"max-snippet:-1","max-image-preview":"max-image-preview:large","max-video-preview":"max-video-preview:-1"},"canonical":"https:\/\/www.cesni.eu\/de\/ueber-cesni\/vorsitz-und-sekretariat\/","og_locale":"de_DE","og_type":"article","og_title":"Vorsitz und Sekretariat - CESNI - Comit\u00e9 Europ\u00e9en pour l\u2019\u00c9laboration de Standards dans le domaine de la Navigation Int\u00e9rieure","og_description":"VORSITZ UND STELLVERTRETENDER VORSITZ \u2013 2026-2027 Der CESNI-Ausschuss w\u00e4hlt seinen Vorsitzenden und stellvertretenden Vorsitzenden. Der Vorsitz und der stellvertretende Vorsitz werden f\u00fcr eine Amtsdauer von jeweils zwei Jahren durch Sachverst\u00e4ndige aus einem Mitgliedsland wahrgenommen. Ist der Vorsitzende verhindert oder das Amt vakant, \u00fcbernimmt den Vorsitz der stellvertretende Vorsitzende. In seiner Sitzung vom 28. Oktober 2025 [&hellip;]","og_url":"https:\/\/www.cesni.eu\/de\/ueber-cesni\/vorsitz-und-sekretariat\/","og_site_name":"CESNI - Comit\u00e9 Europ\u00e9en pour l\u2019\u00c9laboration de Standards dans le domaine de la Navigation Int\u00e9rieure","article_modified_time":"2026-02-23T10:58:45+00:00","og_image":[{"width":2093,"height":2560,"url":"https:\/\/www.cesni.eu\/wp-content\/uploads\/2024\/02\/Florian-Roethlinghoefer.jpg","type":"image\/jpeg"}],"twitter_card":"summary_large_image","twitter_misc":{"Est. reading time":"3 minutes"},"schema":{"@context":"https:\/\/schema.org","@graph":[{"@type":"WebPage","@id":"https:\/\/www.cesni.eu\/de\/ueber-cesni\/vorsitz-und-sekretariat\/","url":"https:\/\/www.cesni.eu\/de\/ueber-cesni\/vorsitz-und-sekretariat\/","name":"Vorsitz und Sekretariat - CESNI - Comit\u00e9 Europ\u00e9en pour l\u2019\u00c9laboration de Standards dans le domaine de la Navigation Int\u00e9rieure","isPartOf":{"@id":"https:\/\/www.cesni.eu\/nl\/#website"},"primaryImageOfPage":{"@id":"https:\/\/www.cesni.eu\/de\/ueber-cesni\/vorsitz-und-sekretariat\/#primaryimage"},"image":{"@id":"https:\/\/www.cesni.eu\/de\/ueber-cesni\/vorsitz-und-sekretariat\/#primaryimage"},"thumbnailUrl":"https:\/\/www.cesni.eu\/wp-content\/uploads\/2024\/02\/Florian-Roethlinghoefer-981x1200.jpg","datePublished":"2016-04-29T12:42:33+00:00","dateModified":"2026-02-23T10:58:45+00:00","breadcrumb":{"@id":"https:\/\/www.cesni.eu\/de\/ueber-cesni\/vorsitz-und-sekretariat\/#breadcrumb"},"inLanguage":"de-DE","potentialAction":[{"@type":"ReadAction","target":["https:\/\/www.cesni.eu\/de\/ueber-cesni\/vorsitz-und-sekretariat\/"]}]},{"@type":"ImageObject","inLanguage":"de-DE","@id":"https:\/\/www.cesni.eu\/de\/ueber-cesni\/vorsitz-und-sekretariat\/#primaryimage","url":"https:\/\/www.cesni.eu\/wp-content\/uploads\/2024\/02\/Florian-Roethlinghoefer-981x1200.jpg","contentUrl":"https:\/\/www.cesni.eu\/wp-content\/uploads\/2024\/02\/Florian-Roethlinghoefer-981x1200.jpg"},{"@type":"BreadcrumbList","@id":"https:\/\/www.cesni.eu\/de\/ueber-cesni\/vorsitz-und-sekretariat\/#breadcrumb","itemListElement":[{"@type":"ListItem","position":1,"name":"Accueil","item":"https:\/\/www.cesni.eu\/de\/"},{"@type":"ListItem","position":2,"name":"\u00dcber CESNI","item":"https:\/\/www.cesni.eu\/de\/ueber-cesni\/"},{"@type":"ListItem","position":3,"name":"Vorsitz und Sekretariat"}]},{"@type":"WebSite","@id":"https:\/\/www.cesni.eu\/nl\/#website","url":"https:\/\/www.cesni.eu\/nl\/","name":"CESNI - Comit\u00e9 Europ\u00e9en pour l\u2019\u00c9laboration de Standards dans le domaine de la Navigation Int\u00e9rieure","description":"","potentialAction":[{"@type":"SearchAction","target":{"@type":"EntryPoint","urlTemplate":"https:\/\/www.cesni.eu\/nl\/?s={search_term_string}"},"query-input":{"@type":"PropertyValueSpecification","valueRequired":true,"valueName":"search_term_string"}}],"inLanguage":"de-DE"}]}},"post_mailing_queue_ids":[],"_links":{"self":[{"href":"https:\/\/www.cesni.eu\/de\/wp-json\/wp\/v2\/pages\/189","targetHints":{"allow":["GET"]}}],"collection":[{"href":"https:\/\/www.cesni.eu\/de\/wp-json\/wp\/v2\/pages"}],"about":[{"href":"https:\/\/www.cesni.eu\/de\/wp-json\/wp\/v2\/types\/page"}],"author":[{"embeddable":true,"href":"https:\/\/www.cesni.eu\/de\/wp-json\/wp\/v2\/users\/8"}],"replies":[{"embeddable":true,"href":"https:\/\/www.cesni.eu\/de\/wp-json\/wp\/v2\/comments?post=189"}],"version-history":[{"count":42,"href":"https:\/\/www.cesni.eu\/de\/wp-json\/wp\/v2\/pages\/189\/revisions"}],"predecessor-version":[{"id":12328,"href":"https:\/\/www.cesni.eu\/de\/wp-json\/wp\/v2\/pages\/189\/revisions\/12328"}],"up":[{"embeddable":true,"href":"https:\/\/www.cesni.eu\/de\/wp-json\/wp\/v2\/pages\/183"}],"wp:attachment":[{"href":"https:\/\/www.cesni.eu\/de\/wp-json\/wp\/v2\/media?parent=189"}],"curies":[{"name":"wp","href":"https:\/\/api.w.org\/{rel}","templated":true}]}}