{"id":183,"date":"2016-03-10T13:39:21","date_gmt":"2016-03-10T12:39:21","guid":{"rendered":"https:\/\/www.cesni.eu\/de\/?page_id=183"},"modified":"2023-01-27T11:43:51","modified_gmt":"2023-01-27T10:43:51","slug":"ueber-cesni","status":"publish","type":"page","link":"https:\/\/www.cesni.eu\/de\/ueber-cesni\/","title":{"rendered":"\u00dcber CESNI"},"content":{"rendered":"<p>&nbsp;<br \/>\nBei der Fr\u00fchjahrsplenartagung im Juni 2015 in Rotterdam wurde ein Europ\u00e4ischer Ausschuss zur Ausarbeitung von Standards im Bereich der Binnenschifffahrt (\u201eCESNI\u201c) durch einen Beschluss der Zentralkommission f\u00fcr die Rheinschifffahrt (ZKR \u2013 <a href=\"https:\/\/www.ccr-zkr.org\/\">https:\/\/www.ccr-zkr.org\/<\/a>) eingerichtet. Dieser Beschluss bringt die Entwicklung einheitlicher, moderner und anwenderfreundlicher Vorschriften voran und tr\u00e4gt so der \u201eVision 2018\u201c der ZKR f\u00fcr eine nachhaltige Entwicklung der Binnenschifffahrt Rechnung.<br \/>\n&nbsp;<br \/>\nDie Schaffung des neuen Arbeitsgremiums spiegelt den gemeinsamen Willen von Zentralkommission und Europ\u00e4ischer Union wider, auf europ\u00e4ischer Ebene die F\u00e4den der politischen Steuerung, insbesondere im Bereich der Binnenschifffahrtsgesetzgebung, enger zusammen laufen zu lassen.<br \/>\n&nbsp;<br \/>\nIn diesen Ausschuss werden Sachverst\u00e4ndige der Mitgliedstaaten der Europ\u00e4ischen Union und der Zentralkommission sowie Vertreter der internationalen Organisationen der Binnenschifffahrt berufen. Eine wichtige Rolle werden die Vertreter der einzelnen Binnenschifffahrtsakteure und -branchen spielen. Durch die Schaffung dieses Ausschusses m\u00f6chte die Europ\u00e4ische Kommission sowie die ZKR die Gesetzgebungsprozesse f\u00fcr die Binnenschifffahrt vereinfachen, damit die Erfahrungen der ZKR allen institutionellen Partnern und betroffenen Akteuren zugute kommen k\u00f6nnen.<br \/>\n&nbsp;<\/p>\n<h2><strong>Hauptaufgaben von CESNI<\/strong><\/h2>\n<p>&nbsp;<br \/>\nDer Europ\u00e4ische Ausschuss zur Ausarbeitung technischer Standards im Bereich der Binnenschifffahrt hat insbesondere folgende Aufgaben:<\/p>\n<ul>\n<li>in verschiedenen Bereichen, namentlich in den Bereichen Binnenschiffe, Informationstechnologie und Besatzung, technische Standards zu erlassen, auf welche die entsprechenden Regelwerke auf europ\u00e4ischer und internationaler Ebene, darunter die der Europ\u00e4ischen Union und der ZKR, mit dem Ziel ihrer Anwendung verweisen k\u00f6nnen;<\/li>\n<li>\u00fcber die einheitliche Auslegung und Anwendung dieser Standards, die Modalit\u00e4ten der Anwendung und Durchf\u00fchrung der entsprechenden Verfahren, die Verfahren f\u00fcr den Informationsaustausch und die \u00dcberwachungsmechanismen zwischen den Mitgliedstaaten zu beraten;<\/li>\n<li>\u00fcber Abweichungen und Gleichwertigkeiten in Bezug auf die technischen Vorschriften f\u00fcr ein bestimmtes Fahrzeug zu beraten;<\/li>\n<li>\u00fcber wichtige Themen der Sicherheit der Schifffahrt, des Umweltschutzes und anderer Bereiche der Binnenschifffahrt zu beraten.<\/li>\n<\/ul>\n","protected":false},"excerpt":{"rendered":"<p>&nbsp; Bei der Fr\u00fchjahrsplenartagung im Juni 2015 in Rotterdam wurde ein Europ\u00e4ischer Ausschuss zur Ausarbeitung von Standards im Bereich der Binnenschifffahrt (\u201eCESNI\u201c) durch einen Beschluss der Zentralkommission f\u00fcr die Rheinschifffahrt (ZKR \u2013 https:\/\/www.ccr-zkr.org\/) eingerichtet. Dieser Beschluss bringt die Entwicklung einheitlicher, moderner und anwenderfreundlicher Vorschriften voran und tr\u00e4gt so der \u201eVision 2018\u201c der ZKR f\u00fcr eine [&hellip;]<\/p>\n","protected":false},"author":8,"featured_media":0,"parent":0,"menu_order":0,"comment_status":"open","ping_status":"closed","template":"","meta":{"_acf_changed":false,"footnotes":""},"class_list":["post-183","page","type-page","status-publish","hentry"],"acf":[],"yoast_head":"<!-- This site is optimized with the Yoast SEO plugin v27.3 - https:\/\/yoast.com\/product\/yoast-seo-wordpress\/ -->\n<title>\u00dcber CESNI - CESNI - Comit\u00e9 Europ\u00e9en pour l\u2019\u00c9laboration de Standards dans le domaine de la Navigation Int\u00e9rieure<\/title>\n<meta name=\"robots\" content=\"index, follow, max-snippet:-1, max-image-preview:large, max-video-preview:-1\" \/>\n<link rel=\"canonical\" href=\"https:\/\/www.cesni.eu\/de\/ueber-cesni\/\" \/>\n<meta property=\"og:locale\" content=\"de_DE\" \/>\n<meta property=\"og:type\" content=\"article\" \/>\n<meta property=\"og:title\" content=\"\u00dcber CESNI - CESNI - Comit\u00e9 Europ\u00e9en pour l\u2019\u00c9laboration de Standards dans le domaine de la Navigation Int\u00e9rieure\" \/>\n<meta property=\"og:description\" content=\"&nbsp; Bei der Fr\u00fchjahrsplenartagung im Juni 2015 in Rotterdam wurde ein Europ\u00e4ischer Ausschuss zur Ausarbeitung von Standards im Bereich der Binnenschifffahrt (\u201eCESNI\u201c) durch einen Beschluss der Zentralkommission f\u00fcr die Rheinschifffahrt (ZKR \u2013 https:\/\/www.ccr-zkr.org\/) eingerichtet. Dieser Beschluss bringt die Entwicklung einheitlicher, moderner und anwenderfreundlicher Vorschriften voran und tr\u00e4gt so der \u201eVision 2018\u201c der ZKR f\u00fcr eine [&hellip;]\" \/>\n<meta property=\"og:url\" content=\"https:\/\/www.cesni.eu\/de\/ueber-cesni\/\" \/>\n<meta property=\"og:site_name\" content=\"CESNI - Comit\u00e9 Europ\u00e9en pour l\u2019\u00c9laboration de Standards dans le domaine de la Navigation Int\u00e9rieure\" \/>\n<meta property=\"article:modified_time\" content=\"2023-01-27T10:43:51+00:00\" \/>\n<meta name=\"twitter:card\" content=\"summary_large_image\" \/>\n<meta name=\"twitter:label1\" content=\"Est. reading time\" \/>\n\t<meta name=\"twitter:data1\" content=\"2 minutes\" \/>\n<script type=\"application\/ld+json\" class=\"yoast-schema-graph\">{\"@context\":\"https:\\\/\\\/schema.org\",\"@graph\":[{\"@type\":\"WebPage\",\"@id\":\"https:\\\/\\\/www.cesni.eu\\\/de\\\/ueber-cesni\\\/\",\"url\":\"https:\\\/\\\/www.cesni.eu\\\/de\\\/ueber-cesni\\\/\",\"name\":\"\u00dcber CESNI - CESNI - Comit\u00e9 Europ\u00e9en pour l\u2019\u00c9laboration de Standards dans le domaine de la Navigation Int\u00e9rieure\",\"isPartOf\":{\"@id\":\"https:\\\/\\\/www.cesni.eu\\\/nl\\\/#website\"},\"datePublished\":\"2016-03-10T12:39:21+00:00\",\"dateModified\":\"2023-01-27T10:43:51+00:00\",\"breadcrumb\":{\"@id\":\"https:\\\/\\\/www.cesni.eu\\\/de\\\/ueber-cesni\\\/#breadcrumb\"},\"inLanguage\":\"de-DE\",\"potentialAction\":[{\"@type\":\"ReadAction\",\"target\":[\"https:\\\/\\\/www.cesni.eu\\\/de\\\/ueber-cesni\\\/\"]}]},{\"@type\":\"BreadcrumbList\",\"@id\":\"https:\\\/\\\/www.cesni.eu\\\/de\\\/ueber-cesni\\\/#breadcrumb\",\"itemListElement\":[{\"@type\":\"ListItem\",\"position\":1,\"name\":\"Accueil\",\"item\":\"https:\\\/\\\/www.cesni.eu\\\/de\\\/\"},{\"@type\":\"ListItem\",\"position\":2,\"name\":\"\u00dcber CESNI\"}]},{\"@type\":\"WebSite\",\"@id\":\"https:\\\/\\\/www.cesni.eu\\\/nl\\\/#website\",\"url\":\"https:\\\/\\\/www.cesni.eu\\\/nl\\\/\",\"name\":\"CESNI - Comit\u00e9 Europ\u00e9en pour l\u2019\u00c9laboration de Standards dans le domaine de la Navigation Int\u00e9rieure\",\"description\":\"\",\"potentialAction\":[{\"@type\":\"SearchAction\",\"target\":{\"@type\":\"EntryPoint\",\"urlTemplate\":\"https:\\\/\\\/www.cesni.eu\\\/nl\\\/?s={search_term_string}\"},\"query-input\":{\"@type\":\"PropertyValueSpecification\",\"valueRequired\":true,\"valueName\":\"search_term_string\"}}],\"inLanguage\":\"de-DE\"}]}<\/script>\n<!-- \/ Yoast SEO plugin. -->","yoast_head_json":{"title":"\u00dcber CESNI - CESNI - Comit\u00e9 Europ\u00e9en pour l\u2019\u00c9laboration de Standards dans le domaine de la Navigation Int\u00e9rieure","robots":{"index":"index","follow":"follow","max-snippet":"max-snippet:-1","max-image-preview":"max-image-preview:large","max-video-preview":"max-video-preview:-1"},"canonical":"https:\/\/www.cesni.eu\/de\/ueber-cesni\/","og_locale":"de_DE","og_type":"article","og_title":"\u00dcber CESNI - CESNI - Comit\u00e9 Europ\u00e9en pour l\u2019\u00c9laboration de Standards dans le domaine de la Navigation Int\u00e9rieure","og_description":"&nbsp; Bei der Fr\u00fchjahrsplenartagung im Juni 2015 in Rotterdam wurde ein Europ\u00e4ischer Ausschuss zur Ausarbeitung von Standards im Bereich der Binnenschifffahrt (\u201eCESNI\u201c) durch einen Beschluss der Zentralkommission f\u00fcr die Rheinschifffahrt (ZKR \u2013 https:\/\/www.ccr-zkr.org\/) eingerichtet. Dieser Beschluss bringt die Entwicklung einheitlicher, moderner und anwenderfreundlicher Vorschriften voran und tr\u00e4gt so der \u201eVision 2018\u201c der ZKR f\u00fcr eine [&hellip;]","og_url":"https:\/\/www.cesni.eu\/de\/ueber-cesni\/","og_site_name":"CESNI - Comit\u00e9 Europ\u00e9en pour l\u2019\u00c9laboration de Standards dans le domaine de la Navigation Int\u00e9rieure","article_modified_time":"2023-01-27T10:43:51+00:00","twitter_card":"summary_large_image","twitter_misc":{"Est. reading time":"2 minutes"},"schema":{"@context":"https:\/\/schema.org","@graph":[{"@type":"WebPage","@id":"https:\/\/www.cesni.eu\/de\/ueber-cesni\/","url":"https:\/\/www.cesni.eu\/de\/ueber-cesni\/","name":"\u00dcber CESNI - CESNI - Comit\u00e9 Europ\u00e9en pour l\u2019\u00c9laboration de Standards dans le domaine de la Navigation Int\u00e9rieure","isPartOf":{"@id":"https:\/\/www.cesni.eu\/nl\/#website"},"datePublished":"2016-03-10T12:39:21+00:00","dateModified":"2023-01-27T10:43:51+00:00","breadcrumb":{"@id":"https:\/\/www.cesni.eu\/de\/ueber-cesni\/#breadcrumb"},"inLanguage":"de-DE","potentialAction":[{"@type":"ReadAction","target":["https:\/\/www.cesni.eu\/de\/ueber-cesni\/"]}]},{"@type":"BreadcrumbList","@id":"https:\/\/www.cesni.eu\/de\/ueber-cesni\/#breadcrumb","itemListElement":[{"@type":"ListItem","position":1,"name":"Accueil","item":"https:\/\/www.cesni.eu\/de\/"},{"@type":"ListItem","position":2,"name":"\u00dcber CESNI"}]},{"@type":"WebSite","@id":"https:\/\/www.cesni.eu\/nl\/#website","url":"https:\/\/www.cesni.eu\/nl\/","name":"CESNI - Comit\u00e9 Europ\u00e9en pour l\u2019\u00c9laboration de Standards dans le domaine de la Navigation Int\u00e9rieure","description":"","potentialAction":[{"@type":"SearchAction","target":{"@type":"EntryPoint","urlTemplate":"https:\/\/www.cesni.eu\/nl\/?s={search_term_string}"},"query-input":{"@type":"PropertyValueSpecification","valueRequired":true,"valueName":"search_term_string"}}],"inLanguage":"de-DE"}]}},"post_mailing_queue_ids":[],"_links":{"self":[{"href":"https:\/\/www.cesni.eu\/de\/wp-json\/wp\/v2\/pages\/183","targetHints":{"allow":["GET"]}}],"collection":[{"href":"https:\/\/www.cesni.eu\/de\/wp-json\/wp\/v2\/pages"}],"about":[{"href":"https:\/\/www.cesni.eu\/de\/wp-json\/wp\/v2\/types\/page"}],"author":[{"embeddable":true,"href":"https:\/\/www.cesni.eu\/de\/wp-json\/wp\/v2\/users\/8"}],"replies":[{"embeddable":true,"href":"https:\/\/www.cesni.eu\/de\/wp-json\/wp\/v2\/comments?post=183"}],"version-history":[{"count":6,"href":"https:\/\/www.cesni.eu\/de\/wp-json\/wp\/v2\/pages\/183\/revisions"}],"predecessor-version":[{"id":8819,"href":"https:\/\/www.cesni.eu\/de\/wp-json\/wp\/v2\/pages\/183\/revisions\/8819"}],"wp:attachment":[{"href":"https:\/\/www.cesni.eu\/de\/wp-json\/wp\/v2\/media?parent=183"}],"curies":[{"name":"wp","href":"https:\/\/api.w.org\/{rel}","templated":true}]}}