{"id":1504,"date":"2018-04-26T11:04:49","date_gmt":"2018-04-26T10:04:49","guid":{"rendered":"https:\/\/www.cesni.eu.dev.groupe-com.com\/de\/?page_id=1504"},"modified":"2021-06-04T13:26:16","modified_gmt":"2021-06-04T12:26:16","slug":"suk-tagung-2018","status":"publish","type":"page","link":"https:\/\/www.cesni.eu\/de\/suk-tagung-2018\/","title":{"rendered":"SUK-Tagung (2018)"},"content":{"rendered":"<p><img loading=\"lazy\" decoding=\"async\" class=\"alignnone wp-image-1182\" src=\"https:\/\/www.cesni.eu\/wp-content\/uploads\/2018\/05\/SUK_tagung_banner.jpg\" alt=\"\" width=\"546\" height=\"189\"><br \/>\n<!--\n\n\n<h2><strong>GEMEINSAME TAGUNG DER SCHIFFSUNTERSUCHUNGSKOMMISSIONEN<\/strong><\/h2>\n\n\n--><\/p>\n<p>&nbsp;<\/p>\n<p>Vom 24. bis 26. April 2018 fand in Wien die dritte Gemeinsame Tagung der f\u00fcr die Untersuchung von Binnenschiffen zust\u00e4ndigen Kommissionen statt. Diese Tagung stand unter der Schirmherrschaft des Europ\u00e4ischen Ausschusses zur Ausarbeitung von Standards in der Binnenschifffahrt (CESNI) und kn\u00fcpfte an die Tagungen in Budapest (2008) und Breslau (2012) an.<\/p>\n<p>Fast 80 Sachverst\u00e4ndige aus 12 Mitgliedstaaten des CESNI sowie von Klassifikationsgesellschaften und Flusskommissionen beantworteten eine Vielzahl von Fragen zur praktischen Anwendung der technischen Vorschriften f\u00fcr Binnenschiffe und f\u00fchrten in mehreren Diskussionsrunden einen intensiven Meinungs- und Erfahrungsaustausch.<\/p>\n<a href=\"https:\/\/www.cesni.eu\/de\/actualites\/internationale-zusammenarbeit-bei-der-untersuchung-von-binnenschiffen\/\" target=\"_blank\" class=\"contentdoc download tooltip\" data-title=\"download\"><svg width=\"20\" height=\"17\"><use xlink:href=\"#download\"><\/use><\/svg><span>Pressemitteilung <\/span><\/a>\n<p>&nbsp;<\/p>\n<h4>Er\u00f6ffnungsansprachen, Dienstag 24. April<\/h4>\n<p>&nbsp;<\/p>\n<ul>\n<li>Vera Hofbauer, \u00d6sterreichisches Bundesministerium f\u00fcr Verkehr, Innovation und Technologie [Keine Vortragsunterlagen]<\/li>\n<li>Bruno Georges, ZKR, Generalsekret\u00e4r <a href=\"https:\/\/www.cesni.eu\/wp-content\/uploads\/2018\/05\/1_Georges_CCNR_SUKTagung.pdf\" target=\"_blank\" class=\"contentdoc download tooltip\" data-title=\"download\"><svg width=\"20\" height=\"17\"><use xlink:href=\"#download\"><\/use><\/svg><span>EN <\/span><\/a><\/li>\n<li>Petar Margi\u0107, Donaukommission, Generaldirektor <a href=\"https:\/\/www.cesni.eu\/wp-content\/uploads\/2018\/05\/2_Margic_DanubeCommission_SUKTagung.pdf\" target=\"_blank\" class=\"contentdoc download tooltip\" data-title=\"download\"><svg width=\"20\" height=\"17\"><use xlink:href=\"#download\"><\/use><\/svg><span>EN <\/span><\/a><\/li>\n<li>Dragan Zeljko, Savakommission, Sekret\u00e4r <a href=\"https:\/\/www.cesni.eu\/wp-content\/uploads\/2018\/05\/3_Zeljko_SavaCommission_SUKTagung.pdf\" target=\"_blank\" class=\"contentdoc download tooltip\" data-title=\"download\"><svg width=\"20\" height=\"17\"><use xlink:href=\"#download\"><\/use><\/svg><span>EN <\/span><\/a><\/li>\n<li>Marta Wolska, Europ\u00e4ische Kommission, GD MOVE <a href=\"https:\/\/www.cesni.eu\/wp-content\/uploads\/2018\/05\/4_Wolska_SUKTagung.pdf\" target=\"_blank\" class=\"contentdoc download tooltip\" data-title=\"download\"><svg width=\"20\" height=\"17\"><use xlink:href=\"#download\"><\/use><\/svg><span>EN <\/span><\/a><\/li>\n<\/ul>\n<p>&nbsp;<\/p>\n<h4>Pr\u00e4sentationen, Mittwoch 25. April<\/h4>\n<p>&nbsp;<\/p>\n<ul>\n<li>Neue Anforderungen des ES-TRIN 2017\/1 und Datenbank zu den Auslegungen, Benjamin Boyer, Sekretariat des CESNI <a href=\"https:\/\/www.cesni.eu\/wp-content\/uploads\/2018\/05\/5_Boyer_SUKTagung\" target=\"_blank\" class=\"contentdoc download tooltip\" data-title=\"download\"><svg width=\"20\" height=\"17\"><use xlink:href=\"#download\"><\/use><\/svg><span>EN <\/span><\/a>&#8211; <a href=\"http:\/\/estrin-faq.cesni.eu\" target=\"_blank\" class=\"contentdoc download tooltip\" data-title=\"download\"><svg width=\"20\" height=\"17\"><use xlink:href=\"#download\"><\/use><\/svg><span>ES-TRIN-faq <\/span><\/a><\/li>\n<li>Koppelbare Pontons, Aren Jumelet, Niederlande <a href=\"https:\/\/www.cesni.eu\/wp-content\/uploads\/2018\/05\/6_Jumelet_SUKTagung.pdf\" target=\"_blank\" class=\"contentdoc download tooltip\" data-title=\"download\"><svg width=\"20\" height=\"17\"><use xlink:href=\"#download\"><\/use><\/svg><span>EN <\/span><\/a>&#8211; <a href=\"https:\/\/www.cesni.eu\/wp-content\/uploads\/2018\/05\/6_Jumelet_SUKTagung_2.mp4\" target=\"_blank\" class=\"contentdoc download tooltip\" data-title=\"download\"><svg width=\"20\" height=\"17\"><use xlink:href=\"#download\"><\/use><\/svg><span>Video <\/span><\/a><\/li>\n<li>Instrumente f\u00fcr Berechnungen gem\u00e4\u00df ES-TRIN, Ivan Bili\u0107 Prci\u0107, Kroatien <a href=\"https:\/\/www.cesni.eu\/wp-content\/uploads\/2018\/05\/7_Bilic_SUKTagung.pdf\" target=\"_blank\" class=\"contentdoc download tooltip\" data-title=\"download\"><svg width=\"20\" height=\"17\"><use xlink:href=\"#download\"><\/use><\/svg><span>EN <\/span><\/a><\/li>\n<\/ul>\n<p>&nbsp;<\/p>\n<h4>Austausch der Ergebnisse der kleinen Arbeitsgruppen und Diskussion<\/h4>\n<a href=\"https:\/\/www.cesni.eu\/wp-content\/uploads\/2018\/05\/8_pooling_results_SUKTagung.pdf\" target=\"_blank\" class=\"contentdoc download tooltip\" data-title=\"download\"><svg width=\"20\" height=\"17\"><use xlink:href=\"#download\"><\/use><\/svg><span>EN <\/span><\/a>\n<p>&nbsp;<\/p>\n<h4>Niederschrift der Sitzung<\/h4>\n<p><a href=\"https:\/\/www.cesni.eu\/wp-content\/uploads\/2018\/08\/cesnipt18_41en_m_final.pdf\" target=\"_blank\" class=\"contentdoc download tooltip\" data-title=\"download\"><svg width=\"20\" height=\"17\"><use xlink:href=\"#download\"><\/use><\/svg><span>EN <\/span><\/a> <a href=\"https:\/\/www.cesni.eu\/wp-content\/uploads\/2018\/08\/cesnipt18_41fr_m_final.pdf\" target=\"_blank\" class=\"contentdoc download tooltip\" data-title=\"download\"><svg width=\"20\" height=\"17\"><use xlink:href=\"#download\"><\/use><\/svg><span>FR <\/span><\/a> <a href=\"https:\/\/www.cesni.eu\/wp-content\/uploads\/2018\/08\/cesnipt18_41de_m_final.pdf\" target=\"_blank\" class=\"contentdoc download tooltip\" data-title=\"download\"><svg width=\"20\" height=\"17\"><use xlink:href=\"#download\"><\/use><\/svg><span>DE <\/span><\/a> <a href=\"https:\/\/www.cesni.eu\/wp-content\/uploads\/2018\/08\/cesnipt18_41nl_m_final.pdf\" target=\"_blank\" class=\"contentdoc download tooltip\" data-title=\"download\"><svg width=\"20\" height=\"17\"><use xlink:href=\"#download\"><\/use><\/svg><span>NL <\/span><\/a><\/p>\n","protected":false},"excerpt":{"rendered":"<p>&nbsp; Vom 24. bis 26. April 2018 fand in Wien die dritte Gemeinsame Tagung der f\u00fcr die Untersuchung von Binnenschiffen zust\u00e4ndigen Kommissionen statt. Diese Tagung stand unter der Schirmherrschaft des Europ\u00e4ischen Ausschusses zur Ausarbeitung von Standards in der Binnenschifffahrt (CESNI) und kn\u00fcpfte an die Tagungen in Budapest (2008) und Breslau (2012) an. Fast 80 Sachverst\u00e4ndige [&hellip;]<\/p>\n","protected":false},"author":3,"featured_media":0,"parent":0,"menu_order":0,"comment_status":"closed","ping_status":"closed","template":"","meta":{"_acf_changed":false,"footnotes":""},"class_list":["post-1504","page","type-page","status-publish","hentry"],"acf":[],"yoast_head":"<!-- This site is optimized with the Yoast SEO plugin v27.3 - https:\/\/yoast.com\/product\/yoast-seo-wordpress\/ -->\n<title>SUK-Tagung (2018) - CESNI - Comit\u00e9 Europ\u00e9en pour l\u2019\u00c9laboration de Standards dans le domaine de la Navigation Int\u00e9rieure<\/title>\n<meta name=\"robots\" content=\"index, follow, max-snippet:-1, max-image-preview:large, max-video-preview:-1\" \/>\n<link rel=\"canonical\" href=\"https:\/\/www.cesni.eu\/de\/suk-tagung-2018\/\" \/>\n<meta property=\"og:locale\" content=\"de_DE\" \/>\n<meta property=\"og:type\" content=\"article\" \/>\n<meta property=\"og:title\" content=\"SUK-Tagung (2018) - CESNI - Comit\u00e9 Europ\u00e9en pour l\u2019\u00c9laboration de Standards dans le domaine de la Navigation Int\u00e9rieure\" \/>\n<meta property=\"og:description\" content=\"&nbsp; Vom 24. bis 26. April 2018 fand in Wien die dritte Gemeinsame Tagung der f\u00fcr die Untersuchung von Binnenschiffen zust\u00e4ndigen Kommissionen statt. Diese Tagung stand unter der Schirmherrschaft des Europ\u00e4ischen Ausschusses zur Ausarbeitung von Standards in der Binnenschifffahrt (CESNI) und kn\u00fcpfte an die Tagungen in Budapest (2008) und Breslau (2012) an. Fast 80 Sachverst\u00e4ndige [&hellip;]\" \/>\n<meta property=\"og:url\" content=\"https:\/\/www.cesni.eu\/de\/suk-tagung-2018\/\" \/>\n<meta property=\"og:site_name\" content=\"CESNI - Comit\u00e9 Europ\u00e9en pour l\u2019\u00c9laboration de Standards dans le domaine de la Navigation Int\u00e9rieure\" \/>\n<meta property=\"article:modified_time\" content=\"2021-06-04T12:26:16+00:00\" \/>\n<meta property=\"og:image\" content=\"https:\/\/www.cesni.eu\/wp-content\/uploads\/2018\/05\/SUK_tagung_banner.jpg\" \/>\n<meta name=\"twitter:card\" content=\"summary_large_image\" \/>\n<meta name=\"twitter:label1\" content=\"Est. reading time\" \/>\n\t<meta name=\"twitter:data1\" content=\"2 minutes\" \/>\n<script type=\"application\/ld+json\" class=\"yoast-schema-graph\">{\"@context\":\"https:\\\/\\\/schema.org\",\"@graph\":[{\"@type\":\"WebPage\",\"@id\":\"https:\\\/\\\/www.cesni.eu\\\/de\\\/suk-tagung-2018\\\/\",\"url\":\"https:\\\/\\\/www.cesni.eu\\\/de\\\/suk-tagung-2018\\\/\",\"name\":\"SUK-Tagung (2018) - CESNI - Comit\u00e9 Europ\u00e9en pour l\u2019\u00c9laboration de Standards dans le domaine de la Navigation Int\u00e9rieure\",\"isPartOf\":{\"@id\":\"https:\\\/\\\/www.cesni.eu\\\/nl\\\/#website\"},\"primaryImageOfPage\":{\"@id\":\"https:\\\/\\\/www.cesni.eu\\\/de\\\/suk-tagung-2018\\\/#primaryimage\"},\"image\":{\"@id\":\"https:\\\/\\\/www.cesni.eu\\\/de\\\/suk-tagung-2018\\\/#primaryimage\"},\"thumbnailUrl\":\"https:\\\/\\\/www.cesni.eu\\\/wp-content\\\/uploads\\\/2018\\\/05\\\/SUK_tagung_banner.jpg\",\"datePublished\":\"2018-04-26T10:04:49+00:00\",\"dateModified\":\"2021-06-04T12:26:16+00:00\",\"breadcrumb\":{\"@id\":\"https:\\\/\\\/www.cesni.eu\\\/de\\\/suk-tagung-2018\\\/#breadcrumb\"},\"inLanguage\":\"de-DE\",\"potentialAction\":[{\"@type\":\"ReadAction\",\"target\":[\"https:\\\/\\\/www.cesni.eu\\\/de\\\/suk-tagung-2018\\\/\"]}]},{\"@type\":\"ImageObject\",\"inLanguage\":\"de-DE\",\"@id\":\"https:\\\/\\\/www.cesni.eu\\\/de\\\/suk-tagung-2018\\\/#primaryimage\",\"url\":\"https:\\\/\\\/www.cesni.eu\\\/wp-content\\\/uploads\\\/2018\\\/05\\\/SUK_tagung_banner.jpg\",\"contentUrl\":\"https:\\\/\\\/www.cesni.eu\\\/wp-content\\\/uploads\\\/2018\\\/05\\\/SUK_tagung_banner.jpg\"},{\"@type\":\"BreadcrumbList\",\"@id\":\"https:\\\/\\\/www.cesni.eu\\\/de\\\/suk-tagung-2018\\\/#breadcrumb\",\"itemListElement\":[{\"@type\":\"ListItem\",\"position\":1,\"name\":\"Accueil\",\"item\":\"https:\\\/\\\/www.cesni.eu\\\/de\\\/\"},{\"@type\":\"ListItem\",\"position\":2,\"name\":\"SUK-Tagung (2018)\"}]},{\"@type\":\"WebSite\",\"@id\":\"https:\\\/\\\/www.cesni.eu\\\/nl\\\/#website\",\"url\":\"https:\\\/\\\/www.cesni.eu\\\/nl\\\/\",\"name\":\"CESNI - Comit\u00e9 Europ\u00e9en pour l\u2019\u00c9laboration de Standards dans le domaine de la Navigation Int\u00e9rieure\",\"description\":\"\",\"potentialAction\":[{\"@type\":\"SearchAction\",\"target\":{\"@type\":\"EntryPoint\",\"urlTemplate\":\"https:\\\/\\\/www.cesni.eu\\\/nl\\\/?s={search_term_string}\"},\"query-input\":{\"@type\":\"PropertyValueSpecification\",\"valueRequired\":true,\"valueName\":\"search_term_string\"}}],\"inLanguage\":\"de-DE\"}]}<\/script>\n<!-- \/ Yoast SEO plugin. -->","yoast_head_json":{"title":"SUK-Tagung (2018) - CESNI - Comit\u00e9 Europ\u00e9en pour l\u2019\u00c9laboration de Standards dans le domaine de la Navigation Int\u00e9rieure","robots":{"index":"index","follow":"follow","max-snippet":"max-snippet:-1","max-image-preview":"max-image-preview:large","max-video-preview":"max-video-preview:-1"},"canonical":"https:\/\/www.cesni.eu\/de\/suk-tagung-2018\/","og_locale":"de_DE","og_type":"article","og_title":"SUK-Tagung (2018) - CESNI - Comit\u00e9 Europ\u00e9en pour l\u2019\u00c9laboration de Standards dans le domaine de la Navigation Int\u00e9rieure","og_description":"&nbsp; Vom 24. bis 26. April 2018 fand in Wien die dritte Gemeinsame Tagung der f\u00fcr die Untersuchung von Binnenschiffen zust\u00e4ndigen Kommissionen statt. Diese Tagung stand unter der Schirmherrschaft des Europ\u00e4ischen Ausschusses zur Ausarbeitung von Standards in der Binnenschifffahrt (CESNI) und kn\u00fcpfte an die Tagungen in Budapest (2008) und Breslau (2012) an. Fast 80 Sachverst\u00e4ndige [&hellip;]","og_url":"https:\/\/www.cesni.eu\/de\/suk-tagung-2018\/","og_site_name":"CESNI - Comit\u00e9 Europ\u00e9en pour l\u2019\u00c9laboration de Standards dans le domaine de la Navigation Int\u00e9rieure","article_modified_time":"2021-06-04T12:26:16+00:00","og_image":[{"url":"https:\/\/www.cesni.eu\/wp-content\/uploads\/2018\/05\/SUK_tagung_banner.jpg","type":"","width":"","height":""}],"twitter_card":"summary_large_image","twitter_misc":{"Est. reading time":"2 minutes"},"schema":{"@context":"https:\/\/schema.org","@graph":[{"@type":"WebPage","@id":"https:\/\/www.cesni.eu\/de\/suk-tagung-2018\/","url":"https:\/\/www.cesni.eu\/de\/suk-tagung-2018\/","name":"SUK-Tagung (2018) - CESNI - Comit\u00e9 Europ\u00e9en pour l\u2019\u00c9laboration de Standards dans le domaine de la Navigation Int\u00e9rieure","isPartOf":{"@id":"https:\/\/www.cesni.eu\/nl\/#website"},"primaryImageOfPage":{"@id":"https:\/\/www.cesni.eu\/de\/suk-tagung-2018\/#primaryimage"},"image":{"@id":"https:\/\/www.cesni.eu\/de\/suk-tagung-2018\/#primaryimage"},"thumbnailUrl":"https:\/\/www.cesni.eu\/wp-content\/uploads\/2018\/05\/SUK_tagung_banner.jpg","datePublished":"2018-04-26T10:04:49+00:00","dateModified":"2021-06-04T12:26:16+00:00","breadcrumb":{"@id":"https:\/\/www.cesni.eu\/de\/suk-tagung-2018\/#breadcrumb"},"inLanguage":"de-DE","potentialAction":[{"@type":"ReadAction","target":["https:\/\/www.cesni.eu\/de\/suk-tagung-2018\/"]}]},{"@type":"ImageObject","inLanguage":"de-DE","@id":"https:\/\/www.cesni.eu\/de\/suk-tagung-2018\/#primaryimage","url":"https:\/\/www.cesni.eu\/wp-content\/uploads\/2018\/05\/SUK_tagung_banner.jpg","contentUrl":"https:\/\/www.cesni.eu\/wp-content\/uploads\/2018\/05\/SUK_tagung_banner.jpg"},{"@type":"BreadcrumbList","@id":"https:\/\/www.cesni.eu\/de\/suk-tagung-2018\/#breadcrumb","itemListElement":[{"@type":"ListItem","position":1,"name":"Accueil","item":"https:\/\/www.cesni.eu\/de\/"},{"@type":"ListItem","position":2,"name":"SUK-Tagung (2018)"}]},{"@type":"WebSite","@id":"https:\/\/www.cesni.eu\/nl\/#website","url":"https:\/\/www.cesni.eu\/nl\/","name":"CESNI - Comit\u00e9 Europ\u00e9en pour l\u2019\u00c9laboration de Standards dans le domaine de la Navigation Int\u00e9rieure","description":"","potentialAction":[{"@type":"SearchAction","target":{"@type":"EntryPoint","urlTemplate":"https:\/\/www.cesni.eu\/nl\/?s={search_term_string}"},"query-input":{"@type":"PropertyValueSpecification","valueRequired":true,"valueName":"search_term_string"}}],"inLanguage":"de-DE"}]}},"post_mailing_queue_ids":[],"_links":{"self":[{"href":"https:\/\/www.cesni.eu\/de\/wp-json\/wp\/v2\/pages\/1504","targetHints":{"allow":["GET"]}}],"collection":[{"href":"https:\/\/www.cesni.eu\/de\/wp-json\/wp\/v2\/pages"}],"about":[{"href":"https:\/\/www.cesni.eu\/de\/wp-json\/wp\/v2\/types\/page"}],"author":[{"embeddable":true,"href":"https:\/\/www.cesni.eu\/de\/wp-json\/wp\/v2\/users\/3"}],"replies":[{"embeddable":true,"href":"https:\/\/www.cesni.eu\/de\/wp-json\/wp\/v2\/comments?post=1504"}],"version-history":[{"count":5,"href":"https:\/\/www.cesni.eu\/de\/wp-json\/wp\/v2\/pages\/1504\/revisions"}],"predecessor-version":[{"id":6118,"href":"https:\/\/www.cesni.eu\/de\/wp-json\/wp\/v2\/pages\/1504\/revisions\/6118"}],"wp:attachment":[{"href":"https:\/\/www.cesni.eu\/de\/wp-json\/wp\/v2\/media?parent=1504"}],"curies":[{"name":"wp","href":"https:\/\/api.w.org\/{rel}","templated":true}]}}