{"id":11999,"date":"2025-11-14T17:22:49","date_gmt":"2025-11-14T16:22:49","guid":{"rendered":"https:\/\/www.cesni.eu\/?page_id=11999"},"modified":"2025-11-14T18:15:29","modified_gmt":"2025-11-14T17:15:29","slug":"symposium-10-jahre-cesni","status":"publish","type":"page","link":"https:\/\/www.cesni.eu\/de\/symposium-10-jahre-cesni\/","title":{"rendered":"Symposium: 10 Jahre CESNI (2025)"},"content":{"rendered":"<p><img decoding=\"async\" class=\"alignnone wp-image-2749 size-full\" src=\"https:\/\/www.cesni.eu\/wp-content\/uploads\/2025\/11\/Banniere-10-ans-CESNI.jpg\" alt=\"\" width=\"\" height=\"\"><\/p>\n<h2>Hintergrund<\/h2>\n<p>Am Rande der Sitzung des Europ\u00e4ischen Ausschusses zur Ausarbeitung von Standards im Bereich der Binnenschifffahrt (CESNI) am 28. Oktober in Den Haag fand am 29. Oktober im Wereldmuseum in Rotterdam das Symposium \u00ab Navigating the future of IWT \u00bb statt. Ziel der Veranstaltung war es, das 10-j\u00e4hrige Bestehen des CESNI zu feiern und die wichtigsten Akteure der Binnenschifffahrt in Europa zusammenzubringen. Die Redner und Teilnehmer konnten sich \u00fcber die bisherigen Fortschritte und die k\u00fcnftigen Herausforderungen austauschen.<\/p>\n<h2>Dokumente<\/h2>\n<p><strong><span style=\"margin-left: 10px; color: #01a9db;\">Pressemitteilung<\/span><\/strong> <a href=\"https:\/\/www.cesni.eu\/de\/actualites\/symposium-10-jahre-cesni-navigating-the-future-of-iwt\/\" target=\"_blank\" class=\"contentdoc download tooltip\" data-title=\"download\"><svg width=\"20\" height=\"17\"><use xlink:href=\"#download\"><\/use><\/svg><span>DE <\/span><\/a><br \/>\n<strong><span style=\"margin-left: 10px; color: #01a9db;\">Programm<\/span><\/strong> <a href=\"https:\/\/www.cesni.eu\/wp-content\/uploads\/2025\/11\/Programme-and-speakers_Final.pdf\" target=\"_blank\" class=\"contentdoc download tooltip\" data-title=\"download\"><svg width=\"20\" height=\"17\"><use xlink:href=\"#download\"><\/use><\/svg><span>EN <\/span><\/a><\/p>\n<h4>Ansprachen und Pr\u00e4sentationen<\/h4>\n<p><strong><span style=\"margin-left: 10px; color: #01a9db;\">Er\u00f6ffnungsansprachen<\/span><\/strong><\/p>\n<ul>\n<li>Michiel van Kruiningen, niederl\u00e4ndisches Ministerium f\u00fcr Infrastruktur und Wasserwirtschaft <a href=\"https:\/\/www.cesni.eu\/wp-content\/uploads\/2025\/11\/01_Speech_Michiel-van-Kruiningen.pdf\" target=\"_blank\" class=\"contentdoc download tooltip\" data-title=\"download\"><svg width=\"20\" height=\"17\"><use xlink:href=\"#download\"><\/use><\/svg><span>EN <\/span><\/a><\/li>\n<li>Lucia Luijten, Zentralkommission f\u00fcr die Rheinschifffahrt (ZKR) <a href=\"https:\/\/www.cesni.eu\/wp-content\/uploads\/2025\/11\/02_Speech_Lucia-Luijten2.pdf\" target=\"_blank\" class=\"contentdoc download tooltip\" data-title=\"download\"><svg width=\"20\" height=\"17\"><use xlink:href=\"#download\"><\/use><\/svg><span>EN <\/span><\/a><\/li>\n<\/ul>\n<p><strong><span style=\"margin-left: 10px; color: #01a9db;\">Herausforderungen f\u00fcr die Binnenschifffahrt und die Wasserwirtschaft<\/span><\/strong><\/p>\n<ul>\n<li>Future proof waterways, Martin Wijnen, Rijkswaterstaat (RWS) <a href=\"https:\/\/www.cesni.eu\/wp-content\/uploads\/2025\/11\/03_Speech_Martin-Wijnen.pdf\" target=\"_blank\" class=\"contentdoc download tooltip\" data-title=\"download\"><svg width=\"20\" height=\"17\"><use xlink:href=\"#download\"><\/use><\/svg><span>EN <\/span><\/a><\/li>\n<li>The inland shipping fleet of the future, Bart Kuipers, Erasmus Centre for Urban, Port and Transport Economics <a href=\"https:\/\/www.cesni.eu\/wp-content\/uploads\/2025\/11\/04_Presentation_Bart-Kuipers.pdf\" target=\"_blank\" class=\"contentdoc download tooltip\" data-title=\"download\"><svg width=\"20\" height=\"17\"><use xlink:href=\"#download\"><\/use><\/svg><span>EN <\/span><\/a><\/li>\n<\/ul>\n<p><strong><span style=\"margin-left: 10px; color: #01a9db;\">Governance und internationale Zusammenarbeit<\/span><\/strong><\/p>\n<ul>\n<li>Beyond the Rhine: IWT in a broader European perspective, Manfred Seitz, Donaukommission <a href=\"https:\/\/www.cesni.eu\/wp-content\/uploads\/2025\/11\/05_Presentation_Manfred-Seitz.pdf\" target=\"_blank\" class=\"contentdoc download tooltip\" data-title=\"download\"><svg width=\"20\" height=\"17\"><use xlink:href=\"#download\"><\/use><\/svg><span>EN <\/span><\/a><\/li>\n<\/ul>\n<p><strong><span style=\"margin-left: 10px; color: #01a9db;\">Schlussfolgerungen<\/span><\/strong><\/p>\n<ul>\n<li>Ivan Bili\u0107-Prci\u0107, Vorsitzender des CESNI <a href=\"https:\/\/www.cesni.eu\/wp-content\/uploads\/2025\/11\/06_Speech_Ivan-Bilic-Prcic.pdf\" target=\"_blank\" class=\"contentdoc download tooltip\" data-title=\"download\"><svg width=\"20\" height=\"17\"><use xlink:href=\"#download\"><\/use><\/svg><span>EN <\/span><\/a><\/li>\n<\/ul>\n","protected":false},"excerpt":{"rendered":"<p>Hintergrund Am Rande der Sitzung des Europ\u00e4ischen Ausschusses zur Ausarbeitung von Standards im Bereich der Binnenschifffahrt (CESNI) am 28. Oktober in Den Haag fand am 29. Oktober im Wereldmuseum in Rotterdam das Symposium \u00ab Navigating the future of IWT \u00bb statt. Ziel der Veranstaltung war es, das 10-j\u00e4hrige Bestehen des CESNI zu feiern und die [&hellip;]<\/p>\n","protected":false},"author":8,"featured_media":0,"parent":0,"menu_order":0,"comment_status":"closed","ping_status":"closed","template":"","meta":{"_acf_changed":false,"footnotes":""},"class_list":["post-11999","page","type-page","status-publish","hentry"],"acf":[],"yoast_head":"<!-- This site is optimized with the Yoast SEO plugin v27.3 - https:\/\/yoast.com\/product\/yoast-seo-wordpress\/ -->\n<title>Symposium: 10 Jahre CESNI (2025) - CESNI - Comit\u00e9 Europ\u00e9en pour l\u2019\u00c9laboration de Standards dans le domaine de la Navigation Int\u00e9rieure<\/title>\n<meta name=\"robots\" content=\"index, follow, max-snippet:-1, max-image-preview:large, max-video-preview:-1\" \/>\n<link rel=\"canonical\" href=\"https:\/\/www.cesni.eu\/de\/symposium-10-jahre-cesni\/\" \/>\n<meta property=\"og:locale\" content=\"de_DE\" \/>\n<meta property=\"og:type\" content=\"article\" \/>\n<meta property=\"og:title\" content=\"Symposium: 10 Jahre CESNI (2025) - CESNI - Comit\u00e9 Europ\u00e9en pour l\u2019\u00c9laboration de Standards dans le domaine de la Navigation Int\u00e9rieure\" \/>\n<meta property=\"og:description\" content=\"Hintergrund Am Rande der Sitzung des Europ\u00e4ischen Ausschusses zur Ausarbeitung von Standards im Bereich der Binnenschifffahrt (CESNI) am 28. Oktober in Den Haag fand am 29. Oktober im Wereldmuseum in Rotterdam das Symposium \u00ab Navigating the future of IWT \u00bb statt. Ziel der Veranstaltung war es, das 10-j\u00e4hrige Bestehen des CESNI zu feiern und die [&hellip;]\" \/>\n<meta property=\"og:url\" content=\"https:\/\/www.cesni.eu\/de\/symposium-10-jahre-cesni\/\" \/>\n<meta property=\"og:site_name\" content=\"CESNI - Comit\u00e9 Europ\u00e9en pour l\u2019\u00c9laboration de Standards dans le domaine de la Navigation Int\u00e9rieure\" \/>\n<meta property=\"article:modified_time\" content=\"2025-11-14T17:15:29+00:00\" \/>\n<meta property=\"og:image\" content=\"https:\/\/www.cesni.eu\/wp-content\/uploads\/2019\/09\/AdobeStock_112155054_Duisburg-Haus-Knipp-Eisenbahnbr\u00fccke_Workshop.jpg\" \/>\n\t<meta property=\"og:image:width\" content=\"546\" \/>\n\t<meta property=\"og:image:height\" content=\"199\" \/>\n\t<meta property=\"og:image:type\" content=\"image\/jpeg\" \/>\n<meta name=\"twitter:card\" content=\"summary_large_image\" \/>\n<meta name=\"twitter:label1\" content=\"Est. reading time\" \/>\n\t<meta name=\"twitter:data1\" content=\"2 minutes\" \/>\n<script type=\"application\/ld+json\" class=\"yoast-schema-graph\">{\"@context\":\"https:\\\/\\\/schema.org\",\"@graph\":[{\"@type\":\"WebPage\",\"@id\":\"https:\\\/\\\/www.cesni.eu\\\/de\\\/symposium-10-jahre-cesni\\\/\",\"url\":\"https:\\\/\\\/www.cesni.eu\\\/de\\\/symposium-10-jahre-cesni\\\/\",\"name\":\"Symposium: 10 Jahre CESNI (2025) - CESNI - Comit\u00e9 Europ\u00e9en pour l\u2019\u00c9laboration de Standards dans le domaine de la Navigation Int\u00e9rieure\",\"isPartOf\":{\"@id\":\"https:\\\/\\\/www.cesni.eu\\\/nl\\\/#website\"},\"primaryImageOfPage\":{\"@id\":\"https:\\\/\\\/www.cesni.eu\\\/de\\\/symposium-10-jahre-cesni\\\/#primaryimage\"},\"image\":{\"@id\":\"https:\\\/\\\/www.cesni.eu\\\/de\\\/symposium-10-jahre-cesni\\\/#primaryimage\"},\"thumbnailUrl\":\"https:\\\/\\\/www.cesni.eu\\\/wp-content\\\/uploads\\\/2025\\\/11\\\/Banniere-10-ans-CESNI.jpg\",\"datePublished\":\"2025-11-14T16:22:49+00:00\",\"dateModified\":\"2025-11-14T17:15:29+00:00\",\"breadcrumb\":{\"@id\":\"https:\\\/\\\/www.cesni.eu\\\/de\\\/symposium-10-jahre-cesni\\\/#breadcrumb\"},\"inLanguage\":\"de-DE\",\"potentialAction\":[{\"@type\":\"ReadAction\",\"target\":[\"https:\\\/\\\/www.cesni.eu\\\/de\\\/symposium-10-jahre-cesni\\\/\"]}]},{\"@type\":\"ImageObject\",\"inLanguage\":\"de-DE\",\"@id\":\"https:\\\/\\\/www.cesni.eu\\\/de\\\/symposium-10-jahre-cesni\\\/#primaryimage\",\"url\":\"https:\\\/\\\/www.cesni.eu\\\/wp-content\\\/uploads\\\/2025\\\/11\\\/Banniere-10-ans-CESNI.jpg\",\"contentUrl\":\"https:\\\/\\\/www.cesni.eu\\\/wp-content\\\/uploads\\\/2025\\\/11\\\/Banniere-10-ans-CESNI.jpg\"},{\"@type\":\"BreadcrumbList\",\"@id\":\"https:\\\/\\\/www.cesni.eu\\\/de\\\/symposium-10-jahre-cesni\\\/#breadcrumb\",\"itemListElement\":[{\"@type\":\"ListItem\",\"position\":1,\"name\":\"Accueil\",\"item\":\"https:\\\/\\\/www.cesni.eu\\\/de\\\/\"},{\"@type\":\"ListItem\",\"position\":2,\"name\":\"Symposium: 10 Jahre CESNI (2025)\"}]},{\"@type\":\"WebSite\",\"@id\":\"https:\\\/\\\/www.cesni.eu\\\/nl\\\/#website\",\"url\":\"https:\\\/\\\/www.cesni.eu\\\/nl\\\/\",\"name\":\"CESNI - Comit\u00e9 Europ\u00e9en pour l\u2019\u00c9laboration de Standards dans le domaine de la Navigation Int\u00e9rieure\",\"description\":\"\",\"potentialAction\":[{\"@type\":\"SearchAction\",\"target\":{\"@type\":\"EntryPoint\",\"urlTemplate\":\"https:\\\/\\\/www.cesni.eu\\\/nl\\\/?s={search_term_string}\"},\"query-input\":{\"@type\":\"PropertyValueSpecification\",\"valueRequired\":true,\"valueName\":\"search_term_string\"}}],\"inLanguage\":\"de-DE\"}]}<\/script>\n<!-- \/ Yoast SEO plugin. -->","yoast_head_json":{"title":"Symposium: 10 Jahre CESNI (2025) - CESNI - Comit\u00e9 Europ\u00e9en pour l\u2019\u00c9laboration de Standards dans le domaine de la Navigation Int\u00e9rieure","robots":{"index":"index","follow":"follow","max-snippet":"max-snippet:-1","max-image-preview":"max-image-preview:large","max-video-preview":"max-video-preview:-1"},"canonical":"https:\/\/www.cesni.eu\/de\/symposium-10-jahre-cesni\/","og_locale":"de_DE","og_type":"article","og_title":"Symposium: 10 Jahre CESNI (2025) - CESNI - Comit\u00e9 Europ\u00e9en pour l\u2019\u00c9laboration de Standards dans le domaine de la Navigation Int\u00e9rieure","og_description":"Hintergrund Am Rande der Sitzung des Europ\u00e4ischen Ausschusses zur Ausarbeitung von Standards im Bereich der Binnenschifffahrt (CESNI) am 28. Oktober in Den Haag fand am 29. Oktober im Wereldmuseum in Rotterdam das Symposium \u00ab Navigating the future of IWT \u00bb statt. Ziel der Veranstaltung war es, das 10-j\u00e4hrige Bestehen des CESNI zu feiern und die [&hellip;]","og_url":"https:\/\/www.cesni.eu\/de\/symposium-10-jahre-cesni\/","og_site_name":"CESNI - Comit\u00e9 Europ\u00e9en pour l\u2019\u00c9laboration de Standards dans le domaine de la Navigation Int\u00e9rieure","article_modified_time":"2025-11-14T17:15:29+00:00","og_image":[{"width":546,"height":199,"url":"https:\/\/www.cesni.eu\/wp-content\/uploads\/2019\/09\/AdobeStock_112155054_Duisburg-Haus-Knipp-Eisenbahnbr\u00fccke_Workshop.jpg","type":"image\/jpeg"}],"twitter_card":"summary_large_image","twitter_misc":{"Est. reading time":"2 minutes"},"schema":{"@context":"https:\/\/schema.org","@graph":[{"@type":"WebPage","@id":"https:\/\/www.cesni.eu\/de\/symposium-10-jahre-cesni\/","url":"https:\/\/www.cesni.eu\/de\/symposium-10-jahre-cesni\/","name":"Symposium: 10 Jahre CESNI (2025) - CESNI - Comit\u00e9 Europ\u00e9en pour l\u2019\u00c9laboration de Standards dans le domaine de la Navigation Int\u00e9rieure","isPartOf":{"@id":"https:\/\/www.cesni.eu\/nl\/#website"},"primaryImageOfPage":{"@id":"https:\/\/www.cesni.eu\/de\/symposium-10-jahre-cesni\/#primaryimage"},"image":{"@id":"https:\/\/www.cesni.eu\/de\/symposium-10-jahre-cesni\/#primaryimage"},"thumbnailUrl":"https:\/\/www.cesni.eu\/wp-content\/uploads\/2025\/11\/Banniere-10-ans-CESNI.jpg","datePublished":"2025-11-14T16:22:49+00:00","dateModified":"2025-11-14T17:15:29+00:00","breadcrumb":{"@id":"https:\/\/www.cesni.eu\/de\/symposium-10-jahre-cesni\/#breadcrumb"},"inLanguage":"de-DE","potentialAction":[{"@type":"ReadAction","target":["https:\/\/www.cesni.eu\/de\/symposium-10-jahre-cesni\/"]}]},{"@type":"ImageObject","inLanguage":"de-DE","@id":"https:\/\/www.cesni.eu\/de\/symposium-10-jahre-cesni\/#primaryimage","url":"https:\/\/www.cesni.eu\/wp-content\/uploads\/2025\/11\/Banniere-10-ans-CESNI.jpg","contentUrl":"https:\/\/www.cesni.eu\/wp-content\/uploads\/2025\/11\/Banniere-10-ans-CESNI.jpg"},{"@type":"BreadcrumbList","@id":"https:\/\/www.cesni.eu\/de\/symposium-10-jahre-cesni\/#breadcrumb","itemListElement":[{"@type":"ListItem","position":1,"name":"Accueil","item":"https:\/\/www.cesni.eu\/de\/"},{"@type":"ListItem","position":2,"name":"Symposium: 10 Jahre CESNI (2025)"}]},{"@type":"WebSite","@id":"https:\/\/www.cesni.eu\/nl\/#website","url":"https:\/\/www.cesni.eu\/nl\/","name":"CESNI - Comit\u00e9 Europ\u00e9en pour l\u2019\u00c9laboration de Standards dans le domaine de la Navigation Int\u00e9rieure","description":"","potentialAction":[{"@type":"SearchAction","target":{"@type":"EntryPoint","urlTemplate":"https:\/\/www.cesni.eu\/nl\/?s={search_term_string}"},"query-input":{"@type":"PropertyValueSpecification","valueRequired":true,"valueName":"search_term_string"}}],"inLanguage":"de-DE"}]}},"post_mailing_queue_ids":[],"_links":{"self":[{"href":"https:\/\/www.cesni.eu\/de\/wp-json\/wp\/v2\/pages\/11999","targetHints":{"allow":["GET"]}}],"collection":[{"href":"https:\/\/www.cesni.eu\/de\/wp-json\/wp\/v2\/pages"}],"about":[{"href":"https:\/\/www.cesni.eu\/de\/wp-json\/wp\/v2\/types\/page"}],"author":[{"embeddable":true,"href":"https:\/\/www.cesni.eu\/de\/wp-json\/wp\/v2\/users\/8"}],"replies":[{"embeddable":true,"href":"https:\/\/www.cesni.eu\/de\/wp-json\/wp\/v2\/comments?post=11999"}],"version-history":[{"count":4,"href":"https:\/\/www.cesni.eu\/de\/wp-json\/wp\/v2\/pages\/11999\/revisions"}],"predecessor-version":[{"id":12013,"href":"https:\/\/www.cesni.eu\/de\/wp-json\/wp\/v2\/pages\/11999\/revisions\/12013"}],"wp:attachment":[{"href":"https:\/\/www.cesni.eu\/de\/wp-json\/wp\/v2\/media?parent=11999"}],"curies":[{"name":"wp","href":"https:\/\/api.w.org\/{rel}","templated":true}]}}