{"id":1018,"date":"2017-05-12T12:40:21","date_gmt":"2017-05-12T11:40:21","guid":{"rendered":"https:\/\/www.cesni.eu.dev.groupe-com.com\/de\/ueber-cesni\/reglement-interieur-regles-internes\/"},"modified":"2021-06-14T10:08:36","modified_gmt":"2021-06-14T09:08:36","slug":"geschaeftsordnung-und-interne-vorschriften","status":"publish","type":"page","link":"https:\/\/www.cesni.eu\/de\/kurzdarstellung-der-dokumente\/geschaeftsordnung-und-interne-vorschriften\/","title":{"rendered":"Gesch\u00e4ftsordnung und Interne Vorschriften"},"content":{"rendered":"<p>Bei seiner Einrichtung wurde f\u00fcr den CESNI eine Gesch\u00e4ftsordnung erlassen (Beschluss ZKR 2015-I-3). Der CESNI hat sein internes Regelwerk anschlie\u00dfend gem\u00e4\u00df Artikel 12 Absatz 2 der Gesch\u00e4ftsordnung durch f\u00f6rmliche Verabschiedung interner Vorschriften zur Gew\u00e4hrleistung einer unabh\u00e4ngigen und transparenten Organisation der Ausschussarbeiten erg\u00e4nzt.<\/p>\n<p>Die internen Vorschriften \u00fcber den Status der anerkannten Verb\u00e4nde regeln die Mitwirkung nichtstaatlicher Vertreterorganisationen mit internationalem Charakter. Die internen Vorschriften betreffend die Arbeitsgruppen flankieren die Arbeiten der st\u00e4ndigen und nichtst\u00e4ndigen Arbeitsgruppen, welche die dem Ausschuss zur Annahme zu unterbreitenden Standards ausarbeiten bzw. vorbereiten.<\/p>\n<p>Der CESNI hat zudem interne Vorschriften \u00fcber den Status eines Beobachterstaates erlassen und damit den Antr\u00e4gen von Drittstaaten, Nichtmitgliedstaaten der EU oder der ZKR, auf eine Beteiligung an den Arbeiten des Ausschusses und seiner Arbeitsgruppen entsprochen.<\/p>\n<a href=\"https:\/\/www.cesni.eu\/wp-content\/uploads\/2020\/10\/CESNI-RI_2020_de.pdf\" target=\"_blank\" class=\"contentdoc download tooltip\" data-title=\"download\"><svg width=\"20\" height=\"17\"><use xlink:href=\"#download\"><\/use><\/svg><span>Gesch\u00e4ftsordnung und Interne Vorschriften <\/span><\/a>\n<a href=\"https:\/\/www.cesni.eu\/wp-content\/uploads\/2016\/04\/Resolution2015-I-3_de.pdf\" target=\"_blank\" class=\"contentdoc download tooltip\" data-title=\"download\"><svg width=\"20\" height=\"17\"><use xlink:href=\"#download\"><\/use><\/svg><span>ZKR-Beschluss 2015-I-3 <\/span>\u00fcber die Einrichtung und Arbeitsweise des Europ\u00e4ischen Ausschusses zur Ausarbeitung technischer Standards im Bereich der Binnenschifffahrt<\/a>\n","protected":false},"excerpt":{"rendered":"<p>Bei seiner Einrichtung wurde f\u00fcr den CESNI eine Gesch\u00e4ftsordnung erlassen (Beschluss ZKR 2015-I-3). Der CESNI hat sein internes Regelwerk anschlie\u00dfend gem\u00e4\u00df Artikel 12 Absatz 2 der Gesch\u00e4ftsordnung durch f\u00f6rmliche Verabschiedung interner Vorschriften zur Gew\u00e4hrleistung einer unabh\u00e4ngigen und transparenten Organisation der Ausschussarbeiten erg\u00e4nzt. Die internen Vorschriften \u00fcber den Status der anerkannten Verb\u00e4nde regeln die Mitwirkung nichtstaatlicher [&hellip;]<\/p>\n","protected":false},"author":3,"featured_media":0,"parent":6059,"menu_order":8,"comment_status":"closed","ping_status":"closed","template":"","meta":{"_acf_changed":false,"footnotes":""},"class_list":["post-1018","page","type-page","status-publish","hentry"],"acf":[],"yoast_head":"<!-- This site is optimized with the Yoast SEO plugin v27.3 - https:\/\/yoast.com\/product\/yoast-seo-wordpress\/ -->\n<title>Gesch\u00e4ftsordnung und Interne Vorschriften - CESNI - Comit\u00e9 Europ\u00e9en pour l\u2019\u00c9laboration de Standards dans le domaine de la Navigation Int\u00e9rieure<\/title>\n<meta name=\"robots\" content=\"index, follow, max-snippet:-1, max-image-preview:large, max-video-preview:-1\" \/>\n<link rel=\"canonical\" href=\"https:\/\/www.cesni.eu\/de\/kurzdarstellung-der-dokumente\/geschaeftsordnung-und-interne-vorschriften\/\" \/>\n<meta property=\"og:locale\" content=\"de_DE\" \/>\n<meta property=\"og:type\" content=\"article\" \/>\n<meta property=\"og:title\" content=\"Gesch\u00e4ftsordnung und Interne Vorschriften - CESNI - Comit\u00e9 Europ\u00e9en pour l\u2019\u00c9laboration de Standards dans le domaine de la Navigation Int\u00e9rieure\" \/>\n<meta property=\"og:description\" content=\"Bei seiner Einrichtung wurde f\u00fcr den CESNI eine Gesch\u00e4ftsordnung erlassen (Beschluss ZKR 2015-I-3). Der CESNI hat sein internes Regelwerk anschlie\u00dfend gem\u00e4\u00df Artikel 12 Absatz 2 der Gesch\u00e4ftsordnung durch f\u00f6rmliche Verabschiedung interner Vorschriften zur Gew\u00e4hrleistung einer unabh\u00e4ngigen und transparenten Organisation der Ausschussarbeiten erg\u00e4nzt. Die internen Vorschriften \u00fcber den Status der anerkannten Verb\u00e4nde regeln die Mitwirkung nichtstaatlicher [&hellip;]\" \/>\n<meta property=\"og:url\" content=\"https:\/\/www.cesni.eu\/de\/kurzdarstellung-der-dokumente\/geschaeftsordnung-und-interne-vorschriften\/\" \/>\n<meta property=\"og:site_name\" content=\"CESNI - Comit\u00e9 Europ\u00e9en pour l\u2019\u00c9laboration de Standards dans le domaine de la Navigation Int\u00e9rieure\" \/>\n<meta property=\"article:modified_time\" content=\"2021-06-14T09:08:36+00:00\" \/>\n<meta name=\"twitter:card\" content=\"summary_large_image\" \/>\n<meta name=\"twitter:label1\" content=\"Est. reading time\" \/>\n\t<meta name=\"twitter:data1\" content=\"1 minute\" \/>\n<script type=\"application\/ld+json\" class=\"yoast-schema-graph\">{\"@context\":\"https:\\\/\\\/schema.org\",\"@graph\":[{\"@type\":\"WebPage\",\"@id\":\"https:\\\/\\\/www.cesni.eu\\\/de\\\/kurzdarstellung-der-dokumente\\\/geschaeftsordnung-und-interne-vorschriften\\\/\",\"url\":\"https:\\\/\\\/www.cesni.eu\\\/de\\\/kurzdarstellung-der-dokumente\\\/geschaeftsordnung-und-interne-vorschriften\\\/\",\"name\":\"Gesch\u00e4ftsordnung und Interne Vorschriften - CESNI - Comit\u00e9 Europ\u00e9en pour l\u2019\u00c9laboration de Standards dans le domaine de la Navigation Int\u00e9rieure\",\"isPartOf\":{\"@id\":\"https:\\\/\\\/www.cesni.eu\\\/nl\\\/#website\"},\"datePublished\":\"2017-05-12T11:40:21+00:00\",\"dateModified\":\"2021-06-14T09:08:36+00:00\",\"breadcrumb\":{\"@id\":\"https:\\\/\\\/www.cesni.eu\\\/de\\\/kurzdarstellung-der-dokumente\\\/geschaeftsordnung-und-interne-vorschriften\\\/#breadcrumb\"},\"inLanguage\":\"de-DE\",\"potentialAction\":[{\"@type\":\"ReadAction\",\"target\":[\"https:\\\/\\\/www.cesni.eu\\\/de\\\/kurzdarstellung-der-dokumente\\\/geschaeftsordnung-und-interne-vorschriften\\\/\"]}]},{\"@type\":\"BreadcrumbList\",\"@id\":\"https:\\\/\\\/www.cesni.eu\\\/de\\\/kurzdarstellung-der-dokumente\\\/geschaeftsordnung-und-interne-vorschriften\\\/#breadcrumb\",\"itemListElement\":[{\"@type\":\"ListItem\",\"position\":1,\"name\":\"Accueil\",\"item\":\"https:\\\/\\\/www.cesni.eu\\\/de\\\/\"},{\"@type\":\"ListItem\",\"position\":2,\"name\":\"Kurzdarstellung der Dokumente\",\"item\":\"https:\\\/\\\/www.cesni.eu\\\/de\\\/kurzdarstellung-der-dokumente\\\/\"},{\"@type\":\"ListItem\",\"position\":3,\"name\":\"Gesch\u00e4ftsordnung und Interne Vorschriften\"}]},{\"@type\":\"WebSite\",\"@id\":\"https:\\\/\\\/www.cesni.eu\\\/nl\\\/#website\",\"url\":\"https:\\\/\\\/www.cesni.eu\\\/nl\\\/\",\"name\":\"CESNI - Comit\u00e9 Europ\u00e9en pour l\u2019\u00c9laboration de Standards dans le domaine de la Navigation Int\u00e9rieure\",\"description\":\"\",\"potentialAction\":[{\"@type\":\"SearchAction\",\"target\":{\"@type\":\"EntryPoint\",\"urlTemplate\":\"https:\\\/\\\/www.cesni.eu\\\/nl\\\/?s={search_term_string}\"},\"query-input\":{\"@type\":\"PropertyValueSpecification\",\"valueRequired\":true,\"valueName\":\"search_term_string\"}}],\"inLanguage\":\"de-DE\"}]}<\/script>\n<!-- \/ Yoast SEO plugin. -->","yoast_head_json":{"title":"Gesch\u00e4ftsordnung und Interne Vorschriften - CESNI - Comit\u00e9 Europ\u00e9en pour l\u2019\u00c9laboration de Standards dans le domaine de la Navigation Int\u00e9rieure","robots":{"index":"index","follow":"follow","max-snippet":"max-snippet:-1","max-image-preview":"max-image-preview:large","max-video-preview":"max-video-preview:-1"},"canonical":"https:\/\/www.cesni.eu\/de\/kurzdarstellung-der-dokumente\/geschaeftsordnung-und-interne-vorschriften\/","og_locale":"de_DE","og_type":"article","og_title":"Gesch\u00e4ftsordnung und Interne Vorschriften - CESNI - Comit\u00e9 Europ\u00e9en pour l\u2019\u00c9laboration de Standards dans le domaine de la Navigation Int\u00e9rieure","og_description":"Bei seiner Einrichtung wurde f\u00fcr den CESNI eine Gesch\u00e4ftsordnung erlassen (Beschluss ZKR 2015-I-3). Der CESNI hat sein internes Regelwerk anschlie\u00dfend gem\u00e4\u00df Artikel 12 Absatz 2 der Gesch\u00e4ftsordnung durch f\u00f6rmliche Verabschiedung interner Vorschriften zur Gew\u00e4hrleistung einer unabh\u00e4ngigen und transparenten Organisation der Ausschussarbeiten erg\u00e4nzt. Die internen Vorschriften \u00fcber den Status der anerkannten Verb\u00e4nde regeln die Mitwirkung nichtstaatlicher [&hellip;]","og_url":"https:\/\/www.cesni.eu\/de\/kurzdarstellung-der-dokumente\/geschaeftsordnung-und-interne-vorschriften\/","og_site_name":"CESNI - Comit\u00e9 Europ\u00e9en pour l\u2019\u00c9laboration de Standards dans le domaine de la Navigation Int\u00e9rieure","article_modified_time":"2021-06-14T09:08:36+00:00","twitter_card":"summary_large_image","twitter_misc":{"Est. reading time":"1 minute"},"schema":{"@context":"https:\/\/schema.org","@graph":[{"@type":"WebPage","@id":"https:\/\/www.cesni.eu\/de\/kurzdarstellung-der-dokumente\/geschaeftsordnung-und-interne-vorschriften\/","url":"https:\/\/www.cesni.eu\/de\/kurzdarstellung-der-dokumente\/geschaeftsordnung-und-interne-vorschriften\/","name":"Gesch\u00e4ftsordnung und Interne Vorschriften - CESNI - Comit\u00e9 Europ\u00e9en pour l\u2019\u00c9laboration de Standards dans le domaine de la Navigation Int\u00e9rieure","isPartOf":{"@id":"https:\/\/www.cesni.eu\/nl\/#website"},"datePublished":"2017-05-12T11:40:21+00:00","dateModified":"2021-06-14T09:08:36+00:00","breadcrumb":{"@id":"https:\/\/www.cesni.eu\/de\/kurzdarstellung-der-dokumente\/geschaeftsordnung-und-interne-vorschriften\/#breadcrumb"},"inLanguage":"de-DE","potentialAction":[{"@type":"ReadAction","target":["https:\/\/www.cesni.eu\/de\/kurzdarstellung-der-dokumente\/geschaeftsordnung-und-interne-vorschriften\/"]}]},{"@type":"BreadcrumbList","@id":"https:\/\/www.cesni.eu\/de\/kurzdarstellung-der-dokumente\/geschaeftsordnung-und-interne-vorschriften\/#breadcrumb","itemListElement":[{"@type":"ListItem","position":1,"name":"Accueil","item":"https:\/\/www.cesni.eu\/de\/"},{"@type":"ListItem","position":2,"name":"Kurzdarstellung der Dokumente","item":"https:\/\/www.cesni.eu\/de\/kurzdarstellung-der-dokumente\/"},{"@type":"ListItem","position":3,"name":"Gesch\u00e4ftsordnung und Interne Vorschriften"}]},{"@type":"WebSite","@id":"https:\/\/www.cesni.eu\/nl\/#website","url":"https:\/\/www.cesni.eu\/nl\/","name":"CESNI - Comit\u00e9 Europ\u00e9en pour l\u2019\u00c9laboration de Standards dans le domaine de la Navigation Int\u00e9rieure","description":"","potentialAction":[{"@type":"SearchAction","target":{"@type":"EntryPoint","urlTemplate":"https:\/\/www.cesni.eu\/nl\/?s={search_term_string}"},"query-input":{"@type":"PropertyValueSpecification","valueRequired":true,"valueName":"search_term_string"}}],"inLanguage":"de-DE"}]}},"post_mailing_queue_ids":[],"_links":{"self":[{"href":"https:\/\/www.cesni.eu\/de\/wp-json\/wp\/v2\/pages\/1018","targetHints":{"allow":["GET"]}}],"collection":[{"href":"https:\/\/www.cesni.eu\/de\/wp-json\/wp\/v2\/pages"}],"about":[{"href":"https:\/\/www.cesni.eu\/de\/wp-json\/wp\/v2\/types\/page"}],"author":[{"embeddable":true,"href":"https:\/\/www.cesni.eu\/de\/wp-json\/wp\/v2\/users\/3"}],"replies":[{"embeddable":true,"href":"https:\/\/www.cesni.eu\/de\/wp-json\/wp\/v2\/comments?post=1018"}],"version-history":[{"count":5,"href":"https:\/\/www.cesni.eu\/de\/wp-json\/wp\/v2\/pages\/1018\/revisions"}],"predecessor-version":[{"id":6669,"href":"https:\/\/www.cesni.eu\/de\/wp-json\/wp\/v2\/pages\/1018\/revisions\/6669"}],"up":[{"embeddable":true,"href":"https:\/\/www.cesni.eu\/de\/wp-json\/wp\/v2\/pages\/6059"}],"wp:attachment":[{"href":"https:\/\/www.cesni.eu\/de\/wp-json\/wp\/v2\/media?parent=1018"}],"curies":[{"name":"wp","href":"https:\/\/api.w.org\/{rel}","templated":true}]}}